{"id":38018,"date":"2015-05-12T05:28:33","date_gmt":"2015-05-12T10:28:33","guid":{"rendered":"https:\/\/www.generalkinematics.com\/product\/vibra-mill-trommel-kontinuierliche-flussvibrations-sandwiederaufbereitung\/"},"modified":"2018-08-31T08:19:14","modified_gmt":"2018-08-31T13:19:14","slug":"kontinuierliche-flussvibrations-sandwiederaufbereitung","status":"publish","type":"product","link":"https:\/\/www.generalkinematics.com\/de\/produkt\/kontinuierliche-flussvibrations-sandwiederaufbereitung\/","title":{"rendered":"VIBRA-MILL\u00ae-Trommel: Kontinuierliche Flussvibrations-Sandwiederaufbereitung"},"content":{"rendered":"<p>Die <strong>VIBRA-MILL\u00ae-Trommel-Wiederaufbereitungsanlage mit kontinuierlichem Sanddurchlauf<\/strong> wurde f\u00fcr die kontinuierliche und effiziente Zerkleinerung von No Bake oder chemisch gebundenem Sand konzipiert. Die VIBRA-MILL\u00ae-Trommel kombiniert Vibration, Bewegung, Taumeln, Schleifen und Schrubben f\u00fcr die vollst\u00e4ndige und kontinuierliche Reduzierung von Klumpen auf die urspr\u00fcngliche Korngr\u00f6\u00dfe. Ergebnisse im Betrieb zeigen, dass Sand zu 100 % auf unter 20 Maschen pro Zoll mit der urspr\u00fcnglichen Korngr\u00f6\u00dfenverteilung und der entsprechenden Verringerung von L.O.I. zerkleinert wird.<\/p>\n<h2>Eigenschaften:<\/h2>\n<ul>\n<li>Entwickelt f\u00fcr die kontinuierliche Sand-Reibungsm\u00fchle.<\/li>\n<li>Zwei-Massen-Antrieb mit geringer Leistung.<\/li>\n<li>In ma\u00dfgeschneiderten Gr\u00f6\u00dfen erh\u00e4ltlich, um Ihrem Durchsatz am besten zu entsprechen.<\/li>\n<\/ul>\n","protected":false},"excerpt":{"rendered":"<p>Die VIBRA-MILL\u00ae-Trommel-Wiederaufbereitungsanlage mit kontinuierlichem Sanddurchlauf wurde f\u00fcr die kontinuierliche und effiziente Zerkleinerung von No Bake oder chemisch gebundenem Sand konzipiert. Die VIBRA-MILL\u00ae-Trommel kombiniert Vibration, Bewegung, Taumeln, Schleifen und Schrubben f\u00fcr die vollst\u00e4ndige und kontinuierliche Reduzierung von Klumpen auf die urspr\u00fcngliche Korngr\u00f6\u00dfe. Ergebnisse im Betrieb zeigen, dass Sand zu 100 % auf unter 20 Maschen pro [&hellip;]<\/p>\n","protected":false},"featured_media":23403,"comment_status":"closed","ping_status":"closed","template":"","meta":{"_acf_changed":false,"om_disable_all_campaigns":false,"ep_exclude_from_search":false},"product_brand":[],"product_cat":[1769,1779,1780],"product_tag":[],"class_list":{"0":"post-38018","1":"product","2":"type-product","3":"status-publish","4":"has-post-thumbnail","6":"product_cat-lordungen-fuer-giesserei-und-metallguss","7":"product_cat-sandsysteme-sandaufbereitung","8":"product_cat-sandzerkleinerer","10":"first","11":"instock","12":"taxable","13":"shipping-taxable","14":"product-type-simple"},"acf":[],"yoast_head":"<!-- This site is optimized with the Yoast SEO plugin v27.2 - https:\/\/yoast.com\/product\/yoast-seo-wordpress\/ -->\n<title>VIBRA-MILL\u00ae-Trommel: Kontinuierliche Flussvibrations-Sandwiederaufbereitung | General Kinematics<\/title>\n<meta name=\"robots\" content=\"index, follow, max-snippet:-1, max-image-preview:large, max-video-preview:-1\" \/>\n<link rel=\"canonical\" href=\"https:\/\/www.generalkinematics.com\/de\/produkt\/kontinuierliche-flussvibrations-sandwiederaufbereitung\/\" \/>\n<meta property=\"og:locale\" content=\"de_DE\" \/>\n<meta property=\"og:type\" content=\"article\" \/>\n<meta property=\"og:title\" content=\"VIBRA-MILL\u00ae-Trommel: Kontinuierliche Flussvibrations-Sandwiederaufbereitung | General Kinematics\" \/>\n<meta property=\"og:description\" content=\"Die VIBRA-MILL\u00ae-Trommel-Wiederaufbereitungsanlage mit kontinuierlichem Sanddurchlauf wurde f\u00fcr die kontinuierliche und effiziente Zerkleinerung von No Bake oder chemisch gebundenem Sand konzipiert. Die VIBRA-MILL\u00ae-Trommel kombiniert Vibration, Bewegung, Taumeln, Schleifen und Schrubben f\u00fcr die vollst\u00e4ndige und kontinuierliche Reduzierung von Klumpen auf die urspr\u00fcngliche Korngr\u00f6\u00dfe. Ergebnisse im Betrieb zeigen, dass Sand zu 100 % auf unter 20 Maschen pro [&hellip;]\" \/>\n<meta property=\"og:url\" content=\"https:\/\/www.generalkinematics.com\/de\/produkt\/kontinuierliche-flussvibrations-sandwiederaufbereitung\/\" \/>\n<meta property=\"og:site_name\" content=\"General Kinematics\" \/>\n<meta property=\"article:publisher\" content=\"https:\/\/www.facebook.com\/generalkinematics\" \/>\n<meta property=\"article:modified_time\" content=\"2018-08-31T13:19:14+00:00\" \/>\n<meta property=\"og:image\" content=\"https:\/\/media.generalkinematics.com\/wp-content\/uploads\/2015\/05\/DSC03168-2.jpg\" \/>\n\t<meta property=\"og:image:width\" content=\"1500\" \/>\n\t<meta property=\"og:image:height\" content=\"1125\" \/>\n\t<meta property=\"og:image:type\" content=\"image\/jpeg\" \/>\n<meta name=\"twitter:card\" content=\"summary_large_image\" \/>\n<meta name=\"twitter:site\" content=\"@gkvibrating\" \/>\n<meta name=\"twitter:label1\" content=\"Gesch\u00e4tzte Lesezeit\" \/>\n\t<meta name=\"twitter:data1\" content=\"1 Minute\" \/>\n<!-- \/ Yoast SEO plugin. -->","yoast_head_json":{"title":"VIBRA-MILL\u00ae-Trommel: Kontinuierliche Flussvibrations-Sandwiederaufbereitung | General Kinematics","robots":{"index":"index","follow":"follow","max-snippet":"max-snippet:-1","max-image-preview":"max-image-preview:large","max-video-preview":"max-video-preview:-1"},"canonical":"https:\/\/www.generalkinematics.com\/de\/produkt\/kontinuierliche-flussvibrations-sandwiederaufbereitung\/","og_locale":"de_DE","og_type":"article","og_title":"VIBRA-MILL\u00ae-Trommel: Kontinuierliche Flussvibrations-Sandwiederaufbereitung | General Kinematics","og_description":"Die VIBRA-MILL\u00ae-Trommel-Wiederaufbereitungsanlage mit kontinuierlichem Sanddurchlauf wurde f\u00fcr die kontinuierliche und effiziente Zerkleinerung von No Bake oder chemisch gebundenem Sand konzipiert. Die VIBRA-MILL\u00ae-Trommel kombiniert Vibration, Bewegung, Taumeln, Schleifen und Schrubben f\u00fcr die vollst\u00e4ndige und kontinuierliche Reduzierung von Klumpen auf die urspr\u00fcngliche Korngr\u00f6\u00dfe. Ergebnisse im Betrieb zeigen, dass Sand zu 100 % auf unter 20 Maschen pro [&hellip;]","og_url":"https:\/\/www.generalkinematics.com\/de\/produkt\/kontinuierliche-flussvibrations-sandwiederaufbereitung\/","og_site_name":"General Kinematics","article_publisher":"https:\/\/www.facebook.com\/generalkinematics","article_modified_time":"2018-08-31T13:19:14+00:00","og_image":[{"width":1500,"height":1125,"url":"https:\/\/media.generalkinematics.com\/wp-content\/uploads\/2015\/05\/DSC03168-2.jpg","type":"image\/jpeg"}],"twitter_card":"summary_large_image","twitter_site":"@gkvibrating","twitter_misc":{"Gesch\u00e4tzte Lesezeit":"1 Minute"},"schema":{"@context":"https:\/\/schema.org","@graph":[{"@type":"WebPage","@id":"https:\/\/www.generalkinematics.com\/de\/produkt\/kontinuierliche-flussvibrations-sandwiederaufbereitung\/","url":"https:\/\/www.generalkinematics.com\/de\/produkt\/kontinuierliche-flussvibrations-sandwiederaufbereitung\/","name":"VIBRA-MILL\u00ae-Trommel: Kontinuierliche Flussvibrations-Sandwiederaufbereitung | General Kinematics","isPartOf":{"@id":"https:\/\/www.generalkinematics.com\/de\/#website"},"primaryImageOfPage":{"@id":"https:\/\/www.generalkinematics.com\/de\/produkt\/kontinuierliche-flussvibrations-sandwiederaufbereitung\/#primaryimage"},"image":{"@id":"https:\/\/www.generalkinematics.com\/de\/produkt\/kontinuierliche-flussvibrations-sandwiederaufbereitung\/#primaryimage"},"thumbnailUrl":"https:\/\/media.generalkinematics.com\/wp-content\/uploads\/2015\/05\/DSC03168-2.jpg","datePublished":"2015-05-12T10:28:33+00:00","dateModified":"2018-08-31T13:19:14+00:00","breadcrumb":{"@id":"https:\/\/www.generalkinematics.com\/de\/produkt\/kontinuierliche-flussvibrations-sandwiederaufbereitung\/#breadcrumb"},"inLanguage":"de-DE","potentialAction":[{"@type":"ReadAction","target":["https:\/\/www.generalkinematics.com\/de\/produkt\/kontinuierliche-flussvibrations-sandwiederaufbereitung\/"]}]},{"@type":"ImageObject","inLanguage":"de-DE","@id":"https:\/\/www.generalkinematics.com\/de\/produkt\/kontinuierliche-flussvibrations-sandwiederaufbereitung\/#primaryimage","url":"https:\/\/media.generalkinematics.com\/wp-content\/uploads\/2015\/05\/DSC03168-2.jpg","contentUrl":"https:\/\/media.generalkinematics.com\/wp-content\/uploads\/2015\/05\/DSC03168-2.jpg","width":1500,"height":1125,"caption":"General Kinematics Vibra-Mill-Trommel kontinuierliche Flussvibrations-Sandwiederaufbereitung"},{"@type":"BreadcrumbList","@id":"https:\/\/www.generalkinematics.com\/de\/produkt\/kontinuierliche-flussvibrations-sandwiederaufbereitung\/#breadcrumb","itemListElement":[{"@type":"ListItem","position":1,"name":"GK Home","item":"https:\/\/www.generalkinematics.com\/de\/"},{"@type":"ListItem","position":2,"name":"Shop","item":"https:\/\/www.generalkinematics.com\/shop\/"},{"@type":"ListItem","position":3,"name":"VIBRA-MILL\u00ae-Trommel: Kontinuierliche Flussvibrations-Sandwiederaufbereitung"}]},{"@type":"WebSite","@id":"https:\/\/www.generalkinematics.com\/de\/#website","url":"https:\/\/www.generalkinematics.com\/de\/","name":"General Kinematics","description":"","publisher":{"@id":"https:\/\/www.generalkinematics.com\/de\/#organization"},"potentialAction":[{"@type":"SearchAction","target":{"@type":"EntryPoint","urlTemplate":"https:\/\/www.generalkinematics.com\/de\/?s={search_term_string}"},"query-input":{"@type":"PropertyValueSpecification","valueRequired":true,"valueName":"search_term_string"}}],"inLanguage":"de-DE"},{"@type":"Organization","@id":"https:\/\/www.generalkinematics.com\/de\/#organization","name":"General Kinematics","url":"https:\/\/www.generalkinematics.com\/de\/","logo":{"@type":"ImageObject","inLanguage":"de-DE","@id":"https:\/\/www.generalkinematics.com\/de\/#\/schema\/logo\/image\/","url":"https:\/\/media.generalkinematics.com\/wp-content\/uploads\/2018\/03\/logo.png","contentUrl":"https:\/\/media.generalkinematics.com\/wp-content\/uploads\/2018\/03\/logo.png","width":313,"height":100,"caption":"General Kinematics"},"image":{"@id":"https:\/\/www.generalkinematics.com\/de\/#\/schema\/logo\/image\/"},"sameAs":["https:\/\/www.facebook.com\/generalkinematics","https:\/\/x.com\/gkvibrating"]}]}},"_links":{"self":[{"href":"https:\/\/www.generalkinematics.com\/de\/wp-json\/wp\/v2\/product\/38018","targetHints":{"allow":["GET"]}}],"collection":[{"href":"https:\/\/www.generalkinematics.com\/de\/wp-json\/wp\/v2\/product"}],"about":[{"href":"https:\/\/www.generalkinematics.com\/de\/wp-json\/wp\/v2\/types\/product"}],"replies":[{"embeddable":true,"href":"https:\/\/www.generalkinematics.com\/de\/wp-json\/wp\/v2\/comments?post=38018"}],"wp:featuredmedia":[{"embeddable":true,"href":"https:\/\/www.generalkinematics.com\/de\/wp-json\/wp\/v2\/media\/23403"}],"wp:attachment":[{"href":"https:\/\/www.generalkinematics.com\/de\/wp-json\/wp\/v2\/media?parent=38018"}],"wp:term":[{"taxonomy":"product_brand","embeddable":true,"href":"https:\/\/www.generalkinematics.com\/de\/wp-json\/wp\/v2\/product_brand?post=38018"},{"taxonomy":"product_cat","embeddable":true,"href":"https:\/\/www.generalkinematics.com\/de\/wp-json\/wp\/v2\/product_cat?post=38018"},{"taxonomy":"product_tag","embeddable":true,"href":"https:\/\/www.generalkinematics.com\/de\/wp-json\/wp\/v2\/product_tag?post=38018"}],"curies":[{"name":"wp","href":"https:\/\/api.w.org\/{rel}","templated":true}]}}