{"id":38054,"date":"2015-05-12T06:48:29","date_gmt":"2015-05-12T11:48:29","guid":{"rendered":"https:\/\/www.generalkinematics.com\/product\/v2-variable-vektor-wirbelschicht-verarbeitungsanlagen\/"},"modified":"2018-08-31T10:20:41","modified_gmt":"2018-08-31T15:20:41","slug":"v2-variable-vektor-wirbelschicht-verarbeitungsanlagen","status":"publish","type":"product","link":"https:\/\/www.generalkinematics.com\/de\/produkt\/v2-variable-vektor-wirbelschicht-verarbeitungsanlagen\/","title":{"rendered":"V2 Variable Vektor-Wirbelschicht-Verarbeitungsanlagen"},"content":{"rendered":"<p>General Kinematics <strong>V2 Variable Vektor-Wirbelschicht-Verarbeitungsanlagen<\/strong> bringt die Materialverarbeitung auf ein neues Niveau. Mit der V2 Variablen Vektor-Technologie k\u00f6nnen Sie die Produktverweilzeit schnell anpassen um den Kontakt mit dem Prozessluftstrom zu maximieren. Die einfach zu programmierende Steuerung erm\u00f6glicht die Einstellung einzelner Tasten oder kann in bestehende Steuerungssysteme f\u00fcr die automatische Prozesssteuerung eingebunden werden.<\/p>\n<h2>Eigenschaften:<\/h2>\n<ul>\n<li>Das einfach zu bedienende Steuerungssystem erm\u00f6glicht die Anpassung der Materialverweilzeit<\/li>\n<li>Kann bei vorhandenen, direkt angetriebenen Verarbeitungsanlagen nachger\u00fcstet werden, um den bestehenden Betrieb zu verbessern<\/li>\n<li>\u00dcberwacht die Maschinenleistung f\u00fcr eine pr\u00e4zise Steuerung und Geschwindigkeitseinstellung<\/li>\n<\/ul>\n","protected":false},"excerpt":{"rendered":"<p>General Kinematics V2 Variable Vektor-Wirbelschicht-Verarbeitungsanlagen bringt die Materialverarbeitung auf ein neues Niveau. Mit der V2 Variablen Vektor-Technologie k\u00f6nnen Sie die Produktverweilzeit schnell anpassen um den Kontakt mit dem Prozessluftstrom zu maximieren. Die einfach zu programmierende Steuerung erm\u00f6glicht die Einstellung einzelner Tasten oder kann in bestehende Steuerungssysteme f\u00fcr die automatische Prozesssteuerung eingebunden werden. Eigenschaften: Das einfach [&hellip;]<\/p>\n","protected":false},"featured_media":25251,"comment_status":"closed","ping_status":"closed","template":"","meta":{"_acf_changed":false,"om_disable_all_campaigns":false,"ep_exclude_from_search":false},"product_brand":[],"product_cat":[1762,1761],"product_tag":[],"class_list":{"0":"post-38054","1":"product","2":"type-product","3":"status-publish","4":"has-post-thumbnail","6":"product_cat-gk-wirbelschichtloesungen","7":"product_cat-loesungen-fuer-schuettgutverarbeitung","9":"first","10":"instock","11":"taxable","12":"shipping-taxable","13":"product-type-simple"},"acf":[],"yoast_head":"<!-- This site is optimized with the Yoast SEO plugin v27.2 - https:\/\/yoast.com\/product\/yoast-seo-wordpress\/ -->\n<title>V2 Variable Vektor-Wirbelschicht-Verarbeitungsanlagen | General Kinematics<\/title>\n<meta name=\"robots\" content=\"index, follow, max-snippet:-1, max-image-preview:large, max-video-preview:-1\" \/>\n<link rel=\"canonical\" href=\"https:\/\/www.generalkinematics.com\/de\/produkt\/v2-variable-vektor-wirbelschicht-verarbeitungsanlagen\/\" \/>\n<meta property=\"og:locale\" content=\"de_DE\" \/>\n<meta property=\"og:type\" content=\"article\" \/>\n<meta property=\"og:title\" content=\"V2 Variable Vektor-Wirbelschicht-Verarbeitungsanlagen | General Kinematics\" \/>\n<meta property=\"og:description\" content=\"General Kinematics V2 Variable Vektor-Wirbelschicht-Verarbeitungsanlagen bringt die Materialverarbeitung auf ein neues Niveau. Mit der V2 Variablen Vektor-Technologie k\u00f6nnen Sie die Produktverweilzeit schnell anpassen um den Kontakt mit dem Prozessluftstrom zu maximieren. Die einfach zu programmierende Steuerung erm\u00f6glicht die Einstellung einzelner Tasten oder kann in bestehende Steuerungssysteme f\u00fcr die automatische Prozesssteuerung eingebunden werden. Eigenschaften: Das einfach [&hellip;]\" \/>\n<meta property=\"og:url\" content=\"https:\/\/www.generalkinematics.com\/de\/produkt\/v2-variable-vektor-wirbelschicht-verarbeitungsanlagen\/\" \/>\n<meta property=\"og:site_name\" content=\"General Kinematics\" \/>\n<meta property=\"article:publisher\" content=\"https:\/\/www.facebook.com\/generalkinematics\" \/>\n<meta property=\"article:modified_time\" content=\"2018-08-31T15:20:41+00:00\" \/>\n<meta property=\"og:image\" content=\"https:\/\/www.generalkinematics.com\/wp-content\/uploads\/2015\/05\/v2fb2.jpg\" \/>\n\t<meta property=\"og:image:width\" content=\"2000\" \/>\n\t<meta property=\"og:image:height\" content=\"1500\" \/>\n\t<meta property=\"og:image:type\" content=\"image\/jpeg\" \/>\n<meta name=\"twitter:card\" content=\"summary_large_image\" \/>\n<meta name=\"twitter:site\" content=\"@gkvibrating\" \/>\n<!-- \/ Yoast SEO plugin. -->","yoast_head_json":{"title":"V2 Variable Vektor-Wirbelschicht-Verarbeitungsanlagen | General Kinematics","robots":{"index":"index","follow":"follow","max-snippet":"max-snippet:-1","max-image-preview":"max-image-preview:large","max-video-preview":"max-video-preview:-1"},"canonical":"https:\/\/www.generalkinematics.com\/de\/produkt\/v2-variable-vektor-wirbelschicht-verarbeitungsanlagen\/","og_locale":"de_DE","og_type":"article","og_title":"V2 Variable Vektor-Wirbelschicht-Verarbeitungsanlagen | General Kinematics","og_description":"General Kinematics V2 Variable Vektor-Wirbelschicht-Verarbeitungsanlagen bringt die Materialverarbeitung auf ein neues Niveau. Mit der V2 Variablen Vektor-Technologie k\u00f6nnen Sie die Produktverweilzeit schnell anpassen um den Kontakt mit dem Prozessluftstrom zu maximieren. Die einfach zu programmierende Steuerung erm\u00f6glicht die Einstellung einzelner Tasten oder kann in bestehende Steuerungssysteme f\u00fcr die automatische Prozesssteuerung eingebunden werden. Eigenschaften: Das einfach [&hellip;]","og_url":"https:\/\/www.generalkinematics.com\/de\/produkt\/v2-variable-vektor-wirbelschicht-verarbeitungsanlagen\/","og_site_name":"General Kinematics","article_publisher":"https:\/\/www.facebook.com\/generalkinematics","article_modified_time":"2018-08-31T15:20:41+00:00","og_image":[{"width":2000,"height":1500,"url":"https:\/\/www.generalkinematics.com\/wp-content\/uploads\/2015\/05\/v2fb2.jpg","type":"image\/jpeg"}],"twitter_card":"summary_large_image","twitter_site":"@gkvibrating","schema":{"@context":"https:\/\/schema.org","@graph":[{"@type":"WebPage","@id":"https:\/\/www.generalkinematics.com\/de\/produkt\/v2-variable-vektor-wirbelschicht-verarbeitungsanlagen\/","url":"https:\/\/www.generalkinematics.com\/de\/produkt\/v2-variable-vektor-wirbelschicht-verarbeitungsanlagen\/","name":"V2 Variable Vektor-Wirbelschicht-Verarbeitungsanlagen | General Kinematics","isPartOf":{"@id":"https:\/\/www.generalkinematics.com\/de\/#website"},"primaryImageOfPage":{"@id":"https:\/\/www.generalkinematics.com\/de\/produkt\/v2-variable-vektor-wirbelschicht-verarbeitungsanlagen\/#primaryimage"},"image":{"@id":"https:\/\/www.generalkinematics.com\/de\/produkt\/v2-variable-vektor-wirbelschicht-verarbeitungsanlagen\/#primaryimage"},"thumbnailUrl":"https:\/\/media.generalkinematics.com\/wp-content\/uploads\/2015\/05\/v2fb2.jpg","datePublished":"2015-05-12T11:48:29+00:00","dateModified":"2018-08-31T15:20:41+00:00","breadcrumb":{"@id":"https:\/\/www.generalkinematics.com\/de\/produkt\/v2-variable-vektor-wirbelschicht-verarbeitungsanlagen\/#breadcrumb"},"inLanguage":"de-DE","potentialAction":[{"@type":"ReadAction","target":["https:\/\/www.generalkinematics.com\/de\/produkt\/v2-variable-vektor-wirbelschicht-verarbeitungsanlagen\/"]}]},{"@type":"ImageObject","inLanguage":"de-DE","@id":"https:\/\/www.generalkinematics.com\/de\/produkt\/v2-variable-vektor-wirbelschicht-verarbeitungsanlagen\/#primaryimage","url":"https:\/\/media.generalkinematics.com\/wp-content\/uploads\/2015\/05\/v2fb2.jpg","contentUrl":"https:\/\/media.generalkinematics.com\/wp-content\/uploads\/2015\/05\/v2fb2.jpg","width":2000,"height":1500,"caption":"general-kinematics-render"},{"@type":"BreadcrumbList","@id":"https:\/\/www.generalkinematics.com\/de\/produkt\/v2-variable-vektor-wirbelschicht-verarbeitungsanlagen\/#breadcrumb","itemListElement":[{"@type":"ListItem","position":1,"name":"GK Home","item":"https:\/\/www.generalkinematics.com\/de\/"},{"@type":"ListItem","position":2,"name":"Shop","item":"https:\/\/www.generalkinematics.com\/shop\/"},{"@type":"ListItem","position":3,"name":"V2 Variable Vektor-Wirbelschicht-Verarbeitungsanlagen"}]},{"@type":"WebSite","@id":"https:\/\/www.generalkinematics.com\/de\/#website","url":"https:\/\/www.generalkinematics.com\/de\/","name":"General Kinematics","description":"","publisher":{"@id":"https:\/\/www.generalkinematics.com\/de\/#organization"},"potentialAction":[{"@type":"SearchAction","target":{"@type":"EntryPoint","urlTemplate":"https:\/\/www.generalkinematics.com\/de\/?s={search_term_string}"},"query-input":{"@type":"PropertyValueSpecification","valueRequired":true,"valueName":"search_term_string"}}],"inLanguage":"de-DE"},{"@type":"Organization","@id":"https:\/\/www.generalkinematics.com\/de\/#organization","name":"General Kinematics","url":"https:\/\/www.generalkinematics.com\/de\/","logo":{"@type":"ImageObject","inLanguage":"de-DE","@id":"https:\/\/www.generalkinematics.com\/de\/#\/schema\/logo\/image\/","url":"https:\/\/media.generalkinematics.com\/wp-content\/uploads\/2018\/03\/logo.png","contentUrl":"https:\/\/media.generalkinematics.com\/wp-content\/uploads\/2018\/03\/logo.png","width":313,"height":100,"caption":"General Kinematics"},"image":{"@id":"https:\/\/www.generalkinematics.com\/de\/#\/schema\/logo\/image\/"},"sameAs":["https:\/\/www.facebook.com\/generalkinematics","https:\/\/x.com\/gkvibrating"]}]}},"_links":{"self":[{"href":"https:\/\/www.generalkinematics.com\/de\/wp-json\/wp\/v2\/product\/38054","targetHints":{"allow":["GET"]}}],"collection":[{"href":"https:\/\/www.generalkinematics.com\/de\/wp-json\/wp\/v2\/product"}],"about":[{"href":"https:\/\/www.generalkinematics.com\/de\/wp-json\/wp\/v2\/types\/product"}],"replies":[{"embeddable":true,"href":"https:\/\/www.generalkinematics.com\/de\/wp-json\/wp\/v2\/comments?post=38054"}],"wp:featuredmedia":[{"embeddable":true,"href":"https:\/\/www.generalkinematics.com\/de\/wp-json\/wp\/v2\/media\/25251"}],"wp:attachment":[{"href":"https:\/\/www.generalkinematics.com\/de\/wp-json\/wp\/v2\/media?parent=38054"}],"wp:term":[{"taxonomy":"product_brand","embeddable":true,"href":"https:\/\/www.generalkinematics.com\/de\/wp-json\/wp\/v2\/product_brand?post=38054"},{"taxonomy":"product_cat","embeddable":true,"href":"https:\/\/www.generalkinematics.com\/de\/wp-json\/wp\/v2\/product_cat?post=38054"},{"taxonomy":"product_tag","embeddable":true,"href":"https:\/\/www.generalkinematics.com\/de\/wp-json\/wp\/v2\/product_tag?post=38054"}],"curies":[{"name":"wp","href":"https:\/\/api.w.org\/{rel}","templated":true}]}}