{"id":38061,"date":"2015-05-12T06:52:59","date_gmt":"2015-05-12T11:52:59","guid":{"rendered":"https:\/\/www.generalkinematics.com\/product\/vibrierende-abschlammvorrichtungen\/"},"modified":"2018-08-31T10:21:03","modified_gmt":"2018-08-31T15:21:03","slug":"vibrierende-abschlammvorrichtungen","status":"publish","type":"product","link":"https:\/\/www.generalkinematics.com\/de\/produkt\/vibrierende-abschlammvorrichtungen\/","title":{"rendered":"Vibrierende Abschl\u00e4mmvorrichtungen"},"content":{"rendered":"<p>General Kinematics <strong>Vibrierende Abschl\u00e4mmvorrichtungen<\/strong> kombinieren f\u00fcr die Trennung von Materialien unterschiedliche Dichte durch Vibration mit Luftklassifizierung. Die Sammlungsleistung von General Kinematics-Abschl\u00e4mmvorrichtungen wird durch die Verwendung von Vibrationsenergie, die das Produkt schichtet und durch den Prozess transportiert, maximiert. Sobald es geschichtet ist, steigt das Material mit der geringeren Dichte nat\u00fcrlich nach oben auf den Materialstrom und wird nach oben in die Abzugshaube der Maschine ausgesto\u00dfen.<\/p>\n<p>GKs Vibrierende Abschl\u00e4mmvorrichtungen k\u00f6nnen je nach Ihren Prozessanforderungen in einer Wirbelschichtausf\u00fchrung mit geradem F\u00f6rderer oder in speziellen Wendelf\u00f6rderer-Anordnungen konfiguriert werden. <a href=\"https:\/\/www.generalkinematics.com\/de\/kontakt-general-kinematics\/\" target=\"_blank\" rel=\"noopener\">Wenden Sie sich an General Kinematics<\/a> f\u00fcr spezifische Informationen zu Abschl\u00e4mmvorrichtungen und anderen Luftklassifizierungstechnologien.<\/p>\n<h2>Eigenschaften:<\/h2>\n<ul>\n<li>Trennt Materialien unterschiedlicher Dichte durch Luft- und Vibrations-Wirbelschichtverfahren.<\/li>\n<li>Ma\u00dfgeschneidert f\u00fcr Ihre Anwendung.<\/li>\n<li>Erh\u00e4ltlich in geradlinigen oder spiralf\u00f6rmigen Ausf\u00fchrungen.<\/li>\n<li>Komplette Luftbehandlungs- und Prozesspakete verf\u00fcgbar.<\/li>\n<\/ul>\n","protected":false},"excerpt":{"rendered":"<p>General Kinematics Vibrierende Abschl\u00e4mmvorrichtungen kombinieren f\u00fcr die Trennung von Materialien unterschiedliche Dichte durch Vibration mit Luftklassifizierung. Die Sammlungsleistung von General Kinematics-Abschl\u00e4mmvorrichtungen wird durch die Verwendung von Vibrationsenergie, die das Produkt schichtet und durch den Prozess transportiert, maximiert. Sobald es geschichtet ist, steigt das Material mit der geringeren Dichte nat\u00fcrlich nach oben auf den Materialstrom und [&hellip;]<\/p>\n","protected":false},"featured_media":25231,"comment_status":"closed","ping_status":"closed","template":"","meta":{"_acf_changed":false,"om_disable_all_campaigns":false,"ep_exclude_from_search":false},"product_brand":[],"product_cat":[1762,1761],"product_tag":[],"class_list":{"0":"post-38061","1":"product","2":"type-product","3":"status-publish","4":"has-post-thumbnail","6":"casestudytag-elutriation-unit-de","7":"product_cat-gk-wirbelschichtloesungen","8":"product_cat-loesungen-fuer-schuettgutverarbeitung","10":"first","11":"instock","12":"taxable","13":"shipping-taxable","14":"product-type-simple"},"acf":[],"yoast_head":"<!-- This site is optimized with the Yoast SEO plugin v27.2 - https:\/\/yoast.com\/product\/yoast-seo-wordpress\/ -->\n<title>Vibrierende Abschl\u00e4mmvorrichtungen | General Kinematics<\/title>\n<meta name=\"robots\" content=\"index, follow, max-snippet:-1, max-image-preview:large, max-video-preview:-1\" \/>\n<link rel=\"canonical\" href=\"https:\/\/www.generalkinematics.com\/de\/produkt\/vibrierende-abschlammvorrichtungen\/\" \/>\n<meta property=\"og:locale\" content=\"de_DE\" \/>\n<meta property=\"og:type\" content=\"article\" \/>\n<meta property=\"og:title\" content=\"Vibrierende Abschl\u00e4mmvorrichtungen | General Kinematics\" \/>\n<meta property=\"og:description\" content=\"General Kinematics Vibrierende Abschl\u00e4mmvorrichtungen kombinieren f\u00fcr die Trennung von Materialien unterschiedliche Dichte durch Vibration mit Luftklassifizierung. Die Sammlungsleistung von General Kinematics-Abschl\u00e4mmvorrichtungen wird durch die Verwendung von Vibrationsenergie, die das Produkt schichtet und durch den Prozess transportiert, maximiert. Sobald es geschichtet ist, steigt das Material mit der geringeren Dichte nat\u00fcrlich nach oben auf den Materialstrom und [&hellip;]\" \/>\n<meta property=\"og:url\" content=\"https:\/\/www.generalkinematics.com\/de\/produkt\/vibrierende-abschlammvorrichtungen\/\" \/>\n<meta property=\"og:site_name\" content=\"General Kinematics\" \/>\n<meta property=\"article:publisher\" content=\"https:\/\/www.facebook.com\/generalkinematics\" \/>\n<meta property=\"article:modified_time\" content=\"2018-08-31T15:21:03+00:00\" \/>\n<meta property=\"og:image\" content=\"https:\/\/www.generalkinematics.com\/wp-content\/uploads\/2015\/05\/Elutriator.jpg\" \/>\n\t<meta property=\"og:image:width\" content=\"625\" \/>\n\t<meta property=\"og:image:height\" content=\"300\" \/>\n\t<meta property=\"og:image:type\" content=\"image\/jpeg\" \/>\n<meta name=\"twitter:card\" content=\"summary_large_image\" \/>\n<meta name=\"twitter:site\" content=\"@gkvibrating\" \/>\n<meta name=\"twitter:label1\" content=\"Gesch\u00e4tzte Lesezeit\" \/>\n\t<meta name=\"twitter:data1\" content=\"1 Minute\" \/>\n<!-- \/ Yoast SEO plugin. -->","yoast_head_json":{"title":"Vibrierende Abschl\u00e4mmvorrichtungen | General Kinematics","robots":{"index":"index","follow":"follow","max-snippet":"max-snippet:-1","max-image-preview":"max-image-preview:large","max-video-preview":"max-video-preview:-1"},"canonical":"https:\/\/www.generalkinematics.com\/de\/produkt\/vibrierende-abschlammvorrichtungen\/","og_locale":"de_DE","og_type":"article","og_title":"Vibrierende Abschl\u00e4mmvorrichtungen | General Kinematics","og_description":"General Kinematics Vibrierende Abschl\u00e4mmvorrichtungen kombinieren f\u00fcr die Trennung von Materialien unterschiedliche Dichte durch Vibration mit Luftklassifizierung. Die Sammlungsleistung von General Kinematics-Abschl\u00e4mmvorrichtungen wird durch die Verwendung von Vibrationsenergie, die das Produkt schichtet und durch den Prozess transportiert, maximiert. Sobald es geschichtet ist, steigt das Material mit der geringeren Dichte nat\u00fcrlich nach oben auf den Materialstrom und [&hellip;]","og_url":"https:\/\/www.generalkinematics.com\/de\/produkt\/vibrierende-abschlammvorrichtungen\/","og_site_name":"General Kinematics","article_publisher":"https:\/\/www.facebook.com\/generalkinematics","article_modified_time":"2018-08-31T15:21:03+00:00","og_image":[{"width":625,"height":300,"url":"https:\/\/www.generalkinematics.com\/wp-content\/uploads\/2015\/05\/Elutriator.jpg","type":"image\/jpeg"}],"twitter_card":"summary_large_image","twitter_site":"@gkvibrating","twitter_misc":{"Gesch\u00e4tzte Lesezeit":"1 Minute"},"schema":{"@context":"https:\/\/schema.org","@graph":[{"@type":"WebPage","@id":"https:\/\/www.generalkinematics.com\/de\/produkt\/vibrierende-abschlammvorrichtungen\/","url":"https:\/\/www.generalkinematics.com\/de\/produkt\/vibrierende-abschlammvorrichtungen\/","name":"Vibrierende Abschl\u00e4mmvorrichtungen | General Kinematics","isPartOf":{"@id":"https:\/\/www.generalkinematics.com\/de\/#website"},"primaryImageOfPage":{"@id":"https:\/\/www.generalkinematics.com\/de\/produkt\/vibrierende-abschlammvorrichtungen\/#primaryimage"},"image":{"@id":"https:\/\/www.generalkinematics.com\/de\/produkt\/vibrierende-abschlammvorrichtungen\/#primaryimage"},"thumbnailUrl":"https:\/\/media.generalkinematics.com\/wp-content\/uploads\/2015\/05\/Elutriator.jpg","datePublished":"2015-05-12T11:52:59+00:00","dateModified":"2018-08-31T15:21:03+00:00","breadcrumb":{"@id":"https:\/\/www.generalkinematics.com\/de\/produkt\/vibrierende-abschlammvorrichtungen\/#breadcrumb"},"inLanguage":"de-DE","potentialAction":[{"@type":"ReadAction","target":["https:\/\/www.generalkinematics.com\/de\/produkt\/vibrierende-abschlammvorrichtungen\/"]}]},{"@type":"ImageObject","inLanguage":"de-DE","@id":"https:\/\/www.generalkinematics.com\/de\/produkt\/vibrierende-abschlammvorrichtungen\/#primaryimage","url":"https:\/\/media.generalkinematics.com\/wp-content\/uploads\/2015\/05\/Elutriator.jpg","contentUrl":"https:\/\/media.generalkinematics.com\/wp-content\/uploads\/2015\/05\/Elutriator.jpg","width":625,"height":300,"caption":"general-kinematics-vibratory-elutriator"},{"@type":"BreadcrumbList","@id":"https:\/\/www.generalkinematics.com\/de\/produkt\/vibrierende-abschlammvorrichtungen\/#breadcrumb","itemListElement":[{"@type":"ListItem","position":1,"name":"GK Home","item":"https:\/\/www.generalkinematics.com\/de\/"},{"@type":"ListItem","position":2,"name":"Shop","item":"https:\/\/www.generalkinematics.com\/shop\/"},{"@type":"ListItem","position":3,"name":"Vibrierende Abschl\u00e4mmvorrichtungen"}]},{"@type":"WebSite","@id":"https:\/\/www.generalkinematics.com\/de\/#website","url":"https:\/\/www.generalkinematics.com\/de\/","name":"General Kinematics","description":"","publisher":{"@id":"https:\/\/www.generalkinematics.com\/de\/#organization"},"potentialAction":[{"@type":"SearchAction","target":{"@type":"EntryPoint","urlTemplate":"https:\/\/www.generalkinematics.com\/de\/?s={search_term_string}"},"query-input":{"@type":"PropertyValueSpecification","valueRequired":true,"valueName":"search_term_string"}}],"inLanguage":"de-DE"},{"@type":"Organization","@id":"https:\/\/www.generalkinematics.com\/de\/#organization","name":"General Kinematics","url":"https:\/\/www.generalkinematics.com\/de\/","logo":{"@type":"ImageObject","inLanguage":"de-DE","@id":"https:\/\/www.generalkinematics.com\/de\/#\/schema\/logo\/image\/","url":"https:\/\/media.generalkinematics.com\/wp-content\/uploads\/2018\/03\/logo.png","contentUrl":"https:\/\/media.generalkinematics.com\/wp-content\/uploads\/2018\/03\/logo.png","width":313,"height":100,"caption":"General Kinematics"},"image":{"@id":"https:\/\/www.generalkinematics.com\/de\/#\/schema\/logo\/image\/"},"sameAs":["https:\/\/www.facebook.com\/generalkinematics","https:\/\/x.com\/gkvibrating"]}]}},"_links":{"self":[{"href":"https:\/\/www.generalkinematics.com\/de\/wp-json\/wp\/v2\/product\/38061","targetHints":{"allow":["GET"]}}],"collection":[{"href":"https:\/\/www.generalkinematics.com\/de\/wp-json\/wp\/v2\/product"}],"about":[{"href":"https:\/\/www.generalkinematics.com\/de\/wp-json\/wp\/v2\/types\/product"}],"replies":[{"embeddable":true,"href":"https:\/\/www.generalkinematics.com\/de\/wp-json\/wp\/v2\/comments?post=38061"}],"wp:featuredmedia":[{"embeddable":true,"href":"https:\/\/www.generalkinematics.com\/de\/wp-json\/wp\/v2\/media\/25231"}],"wp:attachment":[{"href":"https:\/\/www.generalkinematics.com\/de\/wp-json\/wp\/v2\/media?parent=38061"}],"wp:term":[{"taxonomy":"product_brand","embeddable":true,"href":"https:\/\/www.generalkinematics.com\/de\/wp-json\/wp\/v2\/product_brand?post=38061"},{"taxonomy":"product_cat","embeddable":true,"href":"https:\/\/www.generalkinematics.com\/de\/wp-json\/wp\/v2\/product_cat?post=38061"},{"taxonomy":"product_tag","embeddable":true,"href":"https:\/\/www.generalkinematics.com\/de\/wp-json\/wp\/v2\/product_tag?post=38061"}],"curies":[{"name":"wp","href":"https:\/\/api.w.org\/{rel}","templated":true}]}}