{"id":38069,"date":"2015-05-12T06:55:09","date_gmt":"2015-05-12T11:55:09","guid":{"rendered":"https:\/\/www.generalkinematics.com\/product\/vibrations-wirbelschicht-sandkuhler\/"},"modified":"2019-02-05T22:01:21","modified_gmt":"2019-02-06T04:01:21","slug":"vibrations-wirbelschicht-sandkuhler","status":"publish","type":"product","link":"https:\/\/www.generalkinematics.com\/de\/produkt\/vibrations-wirbelschicht-sandkuhler\/","title":{"rendered":"Vibrations-Wirbelschicht-Sandk\u00fchler"},"content":{"rendered":"<p>General Kinematics <strong>Vibrations-Wirbelschicht-Sandk\u00fchler<\/strong> sind speziell f\u00fcr die Verdunstungsk\u00fchlung oder Trocknung von Gie\u00dfereisand ausgelegt. Die Luftverteilerdecks sind so ausgef\u00fchrt, dass sie die Luftstr\u00f6mung vollst\u00e4ndig kontrollieren und so eine au\u00dfergew\u00f6hnliche Leistung bei der Trocknung oder K\u00fchlung bieten.<\/p>\n<h2>Optionen:<\/h2>\n<ul>\n<li><a href=\"https:\/\/www.generalkinematics.com\/de\/produkt\/water-addition-systems-de\/\" target=\"_blank\" rel=\"noopener\">SPRAYCOOL\u2122-Wasserzufuhrsysteme<\/a><\/li>\n<li>Zuluftgebl\u00e4se und Steuerungen<\/li>\n<li>Beheizte Zuluft-Systeme<\/li>\n<li>Abluftsysteme<\/li>\n<li>Stauklappen-Baugruppen<\/li>\n<\/ul>\n<p>&nbsp;<\/p>\n<h2>Eigenschaften:<\/h2>\n<ul>\n<li>Auswahl von Vibrationsausgleichsarten oder isolierten Konstruktionen f\u00fcr spezifische Installationsanforderungen f\u00fcr Fundamente oder Tragwerke.<\/li>\n<li>Ma\u00dfgeschneidert, um Ihren Sandk\u00fchlungsdurchsatz von 500 Tonnen oder mehr zu erreichen.<\/li>\n<li>Stufenlos einstellbare Steuerungen bieten variable Verweilzeiten und eine verbesserte Prozesseffizienz.<\/li>\n<li>Zuluftverteiler minimieren kostspielige station\u00e4re Leitungen und Halterungen.<\/li>\n<li>Hoher Wirkungsgrad, Zwei-Massen-Antrieb mit geringer Leistung reduziert den Energiebedarf.<\/li>\n<\/ul>\n","protected":false},"excerpt":{"rendered":"<p>General Kinematics Vibrations-Wirbelschicht-Sandk\u00fchler sind speziell f\u00fcr die Verdunstungsk\u00fchlung oder Trocknung von Gie\u00dfereisand ausgelegt. Die Luftverteilerdecks sind so ausgef\u00fchrt, dass sie die Luftstr\u00f6mung vollst\u00e4ndig kontrollieren und so eine au\u00dfergew\u00f6hnliche Leistung bei der Trocknung oder K\u00fchlung bieten. Optionen: SPRAYCOOL\u2122-Wasserzufuhrsysteme Zuluftgebl\u00e4se und Steuerungen Beheizte Zuluft-Systeme Abluftsysteme Stauklappen-Baugruppen &nbsp; Eigenschaften: Auswahl von Vibrationsausgleichsarten oder isolierten Konstruktionen f\u00fcr spezifische Installationsanforderungen [&hellip;]<\/p>\n","protected":false},"featured_media":23483,"comment_status":"closed","ping_status":"closed","template":"","meta":{"_acf_changed":false,"om_disable_all_campaigns":false,"ep_exclude_from_search":false},"product_brand":[],"product_cat":[1762,1791,1769,1761,1782,1783,1779],"product_tag":[],"class_list":{"0":"post-38069","1":"product","2":"type-product","3":"status-publish","4":"has-post-thumbnail","6":"product_cat-gk-wirbelschichtloesungen","7":"product_cat-gruensandgiesserei","8":"product_cat-lordungen-fuer-giesserei-und-metallguss","9":"product_cat-loesungen-fuer-schuettgutverarbeitung","10":"product_cat-sand-verarbeitung-und-handhabung","11":"product_cat-sandkuehler","12":"product_cat-sandsysteme-sandaufbereitung","14":"first","15":"instock","16":"taxable","17":"shipping-taxable","18":"product-type-simple"},"acf":[],"yoast_head":"<!-- This site is optimized with the Yoast SEO plugin v27.5 - https:\/\/yoast.com\/product\/yoast-seo-wordpress\/ -->\n<title>Vibrations-Wirbelschicht-Sandk\u00fchler | General Kinematics<\/title>\n<meta name=\"robots\" content=\"index, follow, max-snippet:-1, max-image-preview:large, max-video-preview:-1\" \/>\n<link rel=\"canonical\" href=\"https:\/\/www.generalkinematics.com\/de\/produkt\/vibrations-wirbelschicht-sandkuhler\/\" \/>\n<meta property=\"og:locale\" content=\"de_DE\" \/>\n<meta property=\"og:type\" content=\"article\" \/>\n<meta property=\"og:title\" content=\"Vibrations-Wirbelschicht-Sandk\u00fchler | General Kinematics\" \/>\n<meta property=\"og:description\" content=\"General Kinematics Vibrations-Wirbelschicht-Sandk\u00fchler sind speziell f\u00fcr die Verdunstungsk\u00fchlung oder Trocknung von Gie\u00dfereisand ausgelegt. Die Luftverteilerdecks sind so ausgef\u00fchrt, dass sie die Luftstr\u00f6mung vollst\u00e4ndig kontrollieren und so eine au\u00dfergew\u00f6hnliche Leistung bei der Trocknung oder K\u00fchlung bieten. Optionen: SPRAYCOOL\u2122-Wasserzufuhrsysteme Zuluftgebl\u00e4se und Steuerungen Beheizte Zuluft-Systeme Abluftsysteme Stauklappen-Baugruppen &nbsp; Eigenschaften: Auswahl von Vibrationsausgleichsarten oder isolierten Konstruktionen f\u00fcr spezifische Installationsanforderungen [&hellip;]\" \/>\n<meta property=\"og:url\" content=\"https:\/\/www.generalkinematics.com\/de\/produkt\/vibrations-wirbelschicht-sandkuhler\/\" \/>\n<meta property=\"og:site_name\" content=\"General Kinematics\" \/>\n<meta property=\"article:publisher\" content=\"https:\/\/www.facebook.com\/generalkinematics\" \/>\n<meta property=\"article:modified_time\" content=\"2019-02-06T04:01:21+00:00\" \/>\n<meta property=\"og:image\" content=\"https:\/\/media.generalkinematics.com\/wp-content\/uploads\/2015\/05\/Fluid-bed-sand-cooler.jpg\" \/>\n\t<meta property=\"og:image:width\" content=\"1287\" \/>\n\t<meta property=\"og:image:height\" content=\"849\" \/>\n\t<meta property=\"og:image:type\" content=\"image\/jpeg\" \/>\n<meta name=\"twitter:card\" content=\"summary_large_image\" \/>\n<meta name=\"twitter:site\" content=\"@gkvibrating\" \/>\n<meta name=\"twitter:label1\" content=\"Gesch\u00e4tzte Lesezeit\" \/>\n\t<meta name=\"twitter:data1\" content=\"1 Minute\" \/>\n<!-- \/ Yoast SEO plugin. -->","yoast_head_json":{"title":"Vibrations-Wirbelschicht-Sandk\u00fchler | General Kinematics","robots":{"index":"index","follow":"follow","max-snippet":"max-snippet:-1","max-image-preview":"max-image-preview:large","max-video-preview":"max-video-preview:-1"},"canonical":"https:\/\/www.generalkinematics.com\/de\/produkt\/vibrations-wirbelschicht-sandkuhler\/","og_locale":"de_DE","og_type":"article","og_title":"Vibrations-Wirbelschicht-Sandk\u00fchler | General Kinematics","og_description":"General Kinematics Vibrations-Wirbelschicht-Sandk\u00fchler sind speziell f\u00fcr die Verdunstungsk\u00fchlung oder Trocknung von Gie\u00dfereisand ausgelegt. Die Luftverteilerdecks sind so ausgef\u00fchrt, dass sie die Luftstr\u00f6mung vollst\u00e4ndig kontrollieren und so eine au\u00dfergew\u00f6hnliche Leistung bei der Trocknung oder K\u00fchlung bieten. Optionen: SPRAYCOOL\u2122-Wasserzufuhrsysteme Zuluftgebl\u00e4se und Steuerungen Beheizte Zuluft-Systeme Abluftsysteme Stauklappen-Baugruppen &nbsp; Eigenschaften: Auswahl von Vibrationsausgleichsarten oder isolierten Konstruktionen f\u00fcr spezifische Installationsanforderungen [&hellip;]","og_url":"https:\/\/www.generalkinematics.com\/de\/produkt\/vibrations-wirbelschicht-sandkuhler\/","og_site_name":"General Kinematics","article_publisher":"https:\/\/www.facebook.com\/generalkinematics","article_modified_time":"2019-02-06T04:01:21+00:00","og_image":[{"width":1287,"height":849,"url":"https:\/\/media.generalkinematics.com\/wp-content\/uploads\/2015\/05\/Fluid-bed-sand-cooler.jpg","type":"image\/jpeg"}],"twitter_card":"summary_large_image","twitter_site":"@gkvibrating","twitter_misc":{"Gesch\u00e4tzte Lesezeit":"1 Minute"},"schema":{"@context":"https:\/\/schema.org","@graph":[{"@type":"WebPage","@id":"https:\/\/www.generalkinematics.com\/de\/produkt\/vibrations-wirbelschicht-sandkuhler\/","url":"https:\/\/www.generalkinematics.com\/de\/produkt\/vibrations-wirbelschicht-sandkuhler\/","name":"Vibrations-Wirbelschicht-Sandk\u00fchler | General Kinematics","isPartOf":{"@id":"https:\/\/www.generalkinematics.com\/de\/#website"},"primaryImageOfPage":{"@id":"https:\/\/www.generalkinematics.com\/de\/produkt\/vibrations-wirbelschicht-sandkuhler\/#primaryimage"},"image":{"@id":"https:\/\/www.generalkinematics.com\/de\/produkt\/vibrations-wirbelschicht-sandkuhler\/#primaryimage"},"thumbnailUrl":"https:\/\/media.generalkinematics.com\/wp-content\/uploads\/2015\/05\/Fluid-bed-sand-cooler.jpg","datePublished":"2015-05-12T11:55:09+00:00","dateModified":"2019-02-06T04:01:21+00:00","breadcrumb":{"@id":"https:\/\/www.generalkinematics.com\/de\/produkt\/vibrations-wirbelschicht-sandkuhler\/#breadcrumb"},"inLanguage":"de-DE","potentialAction":[{"@type":"ReadAction","target":["https:\/\/www.generalkinematics.com\/de\/produkt\/vibrations-wirbelschicht-sandkuhler\/"]}]},{"@type":"ImageObject","inLanguage":"de-DE","@id":"https:\/\/www.generalkinematics.com\/de\/produkt\/vibrations-wirbelschicht-sandkuhler\/#primaryimage","url":"https:\/\/media.generalkinematics.com\/wp-content\/uploads\/2015\/05\/Fluid-bed-sand-cooler.jpg","contentUrl":"https:\/\/media.generalkinematics.com\/wp-content\/uploads\/2015\/05\/Fluid-bed-sand-cooler.jpg","width":1287,"height":849,"caption":"general-kinematics-fluid-bed-sand-cooler"},{"@type":"BreadcrumbList","@id":"https:\/\/www.generalkinematics.com\/de\/produkt\/vibrations-wirbelschicht-sandkuhler\/#breadcrumb","itemListElement":[{"@type":"ListItem","position":1,"name":"GK Home","item":"https:\/\/www.generalkinematics.com\/de\/"},{"@type":"ListItem","position":2,"name":"Shop","item":"https:\/\/www.generalkinematics.com\/shop\/"},{"@type":"ListItem","position":3,"name":"Vibrations-Wirbelschicht-Sandk\u00fchler"}]},{"@type":"WebSite","@id":"https:\/\/www.generalkinematics.com\/de\/#website","url":"https:\/\/www.generalkinematics.com\/de\/","name":"General Kinematics","description":"","publisher":{"@id":"https:\/\/www.generalkinematics.com\/de\/#organization"},"potentialAction":[{"@type":"SearchAction","target":{"@type":"EntryPoint","urlTemplate":"https:\/\/www.generalkinematics.com\/de\/?s={search_term_string}"},"query-input":{"@type":"PropertyValueSpecification","valueRequired":true,"valueName":"search_term_string"}}],"inLanguage":"de-DE"},{"@type":"Organization","@id":"https:\/\/www.generalkinematics.com\/de\/#organization","name":"General Kinematics","url":"https:\/\/www.generalkinematics.com\/de\/","logo":{"@type":"ImageObject","inLanguage":"de-DE","@id":"https:\/\/www.generalkinematics.com\/de\/#\/schema\/logo\/image\/","url":"https:\/\/media.generalkinematics.com\/wp-content\/uploads\/2018\/03\/logo.png","contentUrl":"https:\/\/media.generalkinematics.com\/wp-content\/uploads\/2018\/03\/logo.png","width":313,"height":100,"caption":"General Kinematics"},"image":{"@id":"https:\/\/www.generalkinematics.com\/de\/#\/schema\/logo\/image\/"},"sameAs":["https:\/\/www.facebook.com\/generalkinematics","https:\/\/x.com\/gkvibrating"]}]}},"_links":{"self":[{"href":"https:\/\/www.generalkinematics.com\/de\/wp-json\/wp\/v2\/product\/38069","targetHints":{"allow":["GET"]}}],"collection":[{"href":"https:\/\/www.generalkinematics.com\/de\/wp-json\/wp\/v2\/product"}],"about":[{"href":"https:\/\/www.generalkinematics.com\/de\/wp-json\/wp\/v2\/types\/product"}],"replies":[{"embeddable":true,"href":"https:\/\/www.generalkinematics.com\/de\/wp-json\/wp\/v2\/comments?post=38069"}],"wp:featuredmedia":[{"embeddable":true,"href":"https:\/\/www.generalkinematics.com\/de\/wp-json\/wp\/v2\/media\/23483"}],"wp:attachment":[{"href":"https:\/\/www.generalkinematics.com\/de\/wp-json\/wp\/v2\/media?parent=38069"}],"wp:term":[{"taxonomy":"product_brand","embeddable":true,"href":"https:\/\/www.generalkinematics.com\/de\/wp-json\/wp\/v2\/product_brand?post=38069"},{"taxonomy":"product_cat","embeddable":true,"href":"https:\/\/www.generalkinematics.com\/de\/wp-json\/wp\/v2\/product_cat?post=38069"},{"taxonomy":"product_tag","embeddable":true,"href":"https:\/\/www.generalkinematics.com\/de\/wp-json\/wp\/v2\/product_tag?post=38069"}],"curies":[{"name":"wp","href":"https:\/\/api.w.org\/{rel}","templated":true}]}}