{"id":38498,"date":"2015-05-12T07:00:22","date_gmt":"2015-05-12T12:00:22","guid":{"rendered":"https:\/\/www.generalkinematics.com\/product\/syncro-coil-vibrationsforderer\/"},"modified":"2018-08-31T10:28:27","modified_gmt":"2018-08-31T15:28:27","slug":"syncro-coil-vibrationsforderer-2","status":"publish","type":"product","link":"https:\/\/www.generalkinematics.com\/de\/produkt\/syncro-coil-vibrationsforderer-2\/","title":{"rendered":"SYNCRO-COIL\u00ae-Vibrationsf\u00f6rderer"},"content":{"rendered":"<p>General Kinematics <strong>SYNCRO-COIL\u00ae-F\u00f6rderer<\/strong> sind f\u00fcr Anwendungen mit gro\u00dfen Materialladungen bei hoher oder mittlerer Belastung ausgelegt. Sie sind mit robusten, langlebigen Schraubenfedern aus einer Legierung ausgestattet und eignen sich ideal f\u00fcr Anwendungen mit Heavy Duty-Trogkonstruktionen, gro\u00dfen Materialladungen oder in staubigen oder schwierigen Umgebungen.<\/p>\n<p><u><strong>SYNCRO-CUSHION\u2122-Schraubenfederantrieb<\/strong><\/u><\/p>\n<p>Unser bew\u00e4hrter SYNCRO-CUSHION\u2122-Schraubenfederantrieb vereint die Vorteile der Eigenfrequenz-Schwingungswirkung mit einer robusten Antriebs- und Trogverbindung. Das Ergebnis ist au\u00dfergew\u00f6hnliche Leistung bei hoher Belastung oder widrigen Betriebsbedingungen.<\/p>\n<p><u><strong>Eine Ausgleichsvorrichtung f\u00fcr jede Anwendung<\/strong><\/u><\/p>\n<p>In vielen Anlagen muss die \u00dcbertragung von Kr\u00e4ften auf die umgebenden St\u00fctzen oder Baust\u00e4hle auf ein Minimum reduziert werden. General Kinematics bietet viele Arten von Gegengewichten zur Adsorption oder Isolierung von Reaktionskr\u00e4ften. <a href=\"\/technical-center-gk-vibrating\/vibratory-balancing\/\">Erfahren Sie hier mehr \u00fcber GK-Ausgleichsvorrichtungen.<\/a><\/p>\n<h2>Eigenschaften:<\/h2>\n<ul>\n<li><strong>Vielseitige Ausf\u00fchrungsoptionen<\/strong> &#8211; Leichte und robuste Bauweise und abh\u00e4ngig von Ihrer Anwendung unterschiedliche Isolierungs- und Antriebskonfigurationen.<\/li>\n<li><strong>SYNCRO-CUSHION\u2122-Schraubenfederantrieb<\/strong> &#8211; Die Schraubenfederverbindung zum Trog bietet Schutz f\u00fcr Antriebskomponenten bei \u00dcberlastung.<\/li>\n<li><strong>Aluminium-Rocker Legs<\/strong> &#8211; Aluminiumbeine bieten die Festigkeit von Stahl und reduzieren das Vibrationsgewicht der Maschine erheblich. Aluminium leitet die W\u00e4rme schnell von den Buchsen ab. Weniger Gewicht und weniger Hitze bedeuten weniger Verschlei\u00df an Komponenten und mehr Betriebszeit f\u00fcr Ihr Equipment.<\/li>\n<li><strong>Balancierte und isolierte Ausf\u00fchrungen<\/strong> &#8211; In vielen Anlagen ist die \u00dcbertragung von Kr\u00e4ften auf umgebende Tr\u00e4ger oder Stahlkonstruktionen nicht gew\u00fcnscht. General Kinematics bietet viele Arten von Gegengewichten zur Adsorption oder Isolierung von Reaktionskr\u00e4ften. Dazu geh\u00f6ren doppelte Trog-Antriebseinheiten, unterirdische Federsysteme und eine positiv angetriebene Balancemasse, die sich um 180 Grad phasenverschoben bewegt, um nur einige zu nennen. GK wird mit Ihnen zusammenarbeiten, um zu bestimmen, welches Design am besten zu Ihrer Prozessanwendung passt.<\/li>\n<\/ul>\n","protected":false},"excerpt":{"rendered":"<p>General Kinematics SYNCRO-COIL\u00ae-F\u00f6rderer sind f\u00fcr Anwendungen mit gro\u00dfen Materialladungen bei hoher oder mittlerer Belastung ausgelegt. Sie sind mit robusten, langlebigen Schraubenfedern aus einer Legierung ausgestattet und eignen sich ideal f\u00fcr Anwendungen mit Heavy Duty-Trogkonstruktionen, gro\u00dfen Materialladungen oder in staubigen oder schwierigen Umgebungen. SYNCRO-CUSHION\u2122-Schraubenfederantrieb Unser bew\u00e4hrter SYNCRO-CUSHION\u2122-Schraubenfederantrieb vereint die Vorteile der Eigenfrequenz-Schwingungswirkung mit einer robusten Antriebs- [&hellip;]<\/p>\n","protected":false},"featured_media":21767,"comment_status":"closed","ping_status":"closed","template":"","meta":{"_acf_changed":false,"om_disable_all_campaigns":false,"ep_exclude_from_search":false},"product_brand":[],"product_cat":[1761,1766],"product_tag":[],"class_list":{"0":"post-38498","1":"product","2":"type-product","3":"status-publish","4":"has-post-thumbnail","6":"casestudytag-conveyors-de","7":"product_cat-loesungen-fuer-schuettgutverarbeitung","8":"product_cat-vibrierende-foerdererrinne","10":"first","11":"instock","12":"taxable","13":"shipping-taxable","14":"product-type-simple"},"acf":[],"yoast_head":"<!-- This site is optimized with the Yoast SEO plugin v27.2 - https:\/\/yoast.com\/product\/yoast-seo-wordpress\/ -->\n<title>SYNCRO-COIL\u00ae-Vibrationsf\u00f6rderer | General Kinematics<\/title>\n<meta name=\"robots\" content=\"index, follow, max-snippet:-1, max-image-preview:large, max-video-preview:-1\" \/>\n<link rel=\"canonical\" href=\"https:\/\/www.generalkinematics.com\/de\/produkt\/syncro-coil-vibrationsforderer-2\/\" \/>\n<meta property=\"og:locale\" content=\"de_DE\" \/>\n<meta property=\"og:type\" content=\"article\" \/>\n<meta property=\"og:title\" content=\"SYNCRO-COIL\u00ae-Vibrationsf\u00f6rderer | General Kinematics\" \/>\n<meta property=\"og:description\" content=\"General Kinematics SYNCRO-COIL\u00ae-F\u00f6rderer sind f\u00fcr Anwendungen mit gro\u00dfen Materialladungen bei hoher oder mittlerer Belastung ausgelegt. Sie sind mit robusten, langlebigen Schraubenfedern aus einer Legierung ausgestattet und eignen sich ideal f\u00fcr Anwendungen mit Heavy Duty-Trogkonstruktionen, gro\u00dfen Materialladungen oder in staubigen oder schwierigen Umgebungen. SYNCRO-CUSHION\u2122-Schraubenfederantrieb Unser bew\u00e4hrter SYNCRO-CUSHION\u2122-Schraubenfederantrieb vereint die Vorteile der Eigenfrequenz-Schwingungswirkung mit einer robusten Antriebs- [&hellip;]\" \/>\n<meta property=\"og:url\" content=\"https:\/\/www.generalkinematics.com\/de\/produkt\/syncro-coil-vibrationsforderer-2\/\" \/>\n<meta property=\"og:site_name\" content=\"General Kinematics\" \/>\n<meta property=\"article:publisher\" content=\"https:\/\/www.facebook.com\/generalkinematics\" \/>\n<meta property=\"article:modified_time\" content=\"2018-08-31T15:28:27+00:00\" \/>\n<meta property=\"og:image\" content=\"https:\/\/www.generalkinematics.com\/wp-content\/uploads\/2015\/07\/syncrocoil3-1.png\" \/>\n\t<meta property=\"og:image:width\" content=\"600\" \/>\n\t<meta property=\"og:image:height\" content=\"450\" \/>\n\t<meta property=\"og:image:type\" content=\"image\/jpeg\" \/>\n<meta name=\"twitter:card\" content=\"summary_large_image\" \/>\n<meta name=\"twitter:site\" content=\"@gkvibrating\" \/>\n<meta name=\"twitter:label1\" content=\"Gesch\u00e4tzte Lesezeit\" \/>\n\t<meta name=\"twitter:data1\" content=\"1 Minute\" \/>\n<!-- \/ Yoast SEO plugin. -->","yoast_head_json":{"title":"SYNCRO-COIL\u00ae-Vibrationsf\u00f6rderer | General Kinematics","robots":{"index":"index","follow":"follow","max-snippet":"max-snippet:-1","max-image-preview":"max-image-preview:large","max-video-preview":"max-video-preview:-1"},"canonical":"https:\/\/www.generalkinematics.com\/de\/produkt\/syncro-coil-vibrationsforderer-2\/","og_locale":"de_DE","og_type":"article","og_title":"SYNCRO-COIL\u00ae-Vibrationsf\u00f6rderer | General Kinematics","og_description":"General Kinematics SYNCRO-COIL\u00ae-F\u00f6rderer sind f\u00fcr Anwendungen mit gro\u00dfen Materialladungen bei hoher oder mittlerer Belastung ausgelegt. Sie sind mit robusten, langlebigen Schraubenfedern aus einer Legierung ausgestattet und eignen sich ideal f\u00fcr Anwendungen mit Heavy Duty-Trogkonstruktionen, gro\u00dfen Materialladungen oder in staubigen oder schwierigen Umgebungen. SYNCRO-CUSHION\u2122-Schraubenfederantrieb Unser bew\u00e4hrter SYNCRO-CUSHION\u2122-Schraubenfederantrieb vereint die Vorteile der Eigenfrequenz-Schwingungswirkung mit einer robusten Antriebs- [&hellip;]","og_url":"https:\/\/www.generalkinematics.com\/de\/produkt\/syncro-coil-vibrationsforderer-2\/","og_site_name":"General Kinematics","article_publisher":"https:\/\/www.facebook.com\/generalkinematics","article_modified_time":"2018-08-31T15:28:27+00:00","og_image":[{"width":600,"height":450,"url":"https:\/\/www.generalkinematics.com\/wp-content\/uploads\/2015\/07\/syncrocoil3-1.png","type":"image\/jpeg"}],"twitter_card":"summary_large_image","twitter_site":"@gkvibrating","twitter_misc":{"Gesch\u00e4tzte Lesezeit":"1 Minute"},"schema":{"@context":"https:\/\/schema.org","@graph":[{"@type":"WebPage","@id":"https:\/\/www.generalkinematics.com\/de\/produkt\/syncro-coil-vibrationsforderer-2\/","url":"https:\/\/www.generalkinematics.com\/de\/produkt\/syncro-coil-vibrationsforderer-2\/","name":"SYNCRO-COIL\u00ae-Vibrationsf\u00f6rderer | General Kinematics","isPartOf":{"@id":"https:\/\/www.generalkinematics.com\/de\/#website"},"primaryImageOfPage":{"@id":"https:\/\/www.generalkinematics.com\/de\/produkt\/syncro-coil-vibrationsforderer-2\/#primaryimage"},"image":{"@id":"https:\/\/www.generalkinematics.com\/de\/produkt\/syncro-coil-vibrationsforderer-2\/#primaryimage"},"thumbnailUrl":"https:\/\/media.generalkinematics.com\/wp-content\/uploads\/2015\/07\/syncrocoil3-1.png","datePublished":"2015-05-12T12:00:22+00:00","dateModified":"2018-08-31T15:28:27+00:00","breadcrumb":{"@id":"https:\/\/www.generalkinematics.com\/de\/produkt\/syncro-coil-vibrationsforderer-2\/#breadcrumb"},"inLanguage":"de-DE","potentialAction":[{"@type":"ReadAction","target":["https:\/\/www.generalkinematics.com\/de\/produkt\/syncro-coil-vibrationsforderer-2\/"]}]},{"@type":"ImageObject","inLanguage":"de-DE","@id":"https:\/\/www.generalkinematics.com\/de\/produkt\/syncro-coil-vibrationsforderer-2\/#primaryimage","url":"https:\/\/media.generalkinematics.com\/wp-content\/uploads\/2015\/07\/syncrocoil3-1.png","contentUrl":"https:\/\/media.generalkinematics.com\/wp-content\/uploads\/2015\/07\/syncrocoil3-1.png","width":600,"height":450,"caption":"SYNCRO-COIL\u00ae-Vibrationsf\u00f6rderer"},{"@type":"BreadcrumbList","@id":"https:\/\/www.generalkinematics.com\/de\/produkt\/syncro-coil-vibrationsforderer-2\/#breadcrumb","itemListElement":[{"@type":"ListItem","position":1,"name":"GK Home","item":"https:\/\/www.generalkinematics.com\/de\/"},{"@type":"ListItem","position":2,"name":"Shop","item":"https:\/\/www.generalkinematics.com\/shop\/"},{"@type":"ListItem","position":3,"name":"SYNCRO-COIL\u00ae-Vibrationsf\u00f6rderer"}]},{"@type":"WebSite","@id":"https:\/\/www.generalkinematics.com\/de\/#website","url":"https:\/\/www.generalkinematics.com\/de\/","name":"General Kinematics","description":"","publisher":{"@id":"https:\/\/www.generalkinematics.com\/de\/#organization"},"potentialAction":[{"@type":"SearchAction","target":{"@type":"EntryPoint","urlTemplate":"https:\/\/www.generalkinematics.com\/de\/?s={search_term_string}"},"query-input":{"@type":"PropertyValueSpecification","valueRequired":true,"valueName":"search_term_string"}}],"inLanguage":"de-DE"},{"@type":"Organization","@id":"https:\/\/www.generalkinematics.com\/de\/#organization","name":"General Kinematics","url":"https:\/\/www.generalkinematics.com\/de\/","logo":{"@type":"ImageObject","inLanguage":"de-DE","@id":"https:\/\/www.generalkinematics.com\/de\/#\/schema\/logo\/image\/","url":"https:\/\/media.generalkinematics.com\/wp-content\/uploads\/2018\/03\/logo.png","contentUrl":"https:\/\/media.generalkinematics.com\/wp-content\/uploads\/2018\/03\/logo.png","width":313,"height":100,"caption":"General Kinematics"},"image":{"@id":"https:\/\/www.generalkinematics.com\/de\/#\/schema\/logo\/image\/"},"sameAs":["https:\/\/www.facebook.com\/generalkinematics","https:\/\/x.com\/gkvibrating"]}]}},"_links":{"self":[{"href":"https:\/\/www.generalkinematics.com\/de\/wp-json\/wp\/v2\/product\/38498","targetHints":{"allow":["GET"]}}],"collection":[{"href":"https:\/\/www.generalkinematics.com\/de\/wp-json\/wp\/v2\/product"}],"about":[{"href":"https:\/\/www.generalkinematics.com\/de\/wp-json\/wp\/v2\/types\/product"}],"replies":[{"embeddable":true,"href":"https:\/\/www.generalkinematics.com\/de\/wp-json\/wp\/v2\/comments?post=38498"}],"wp:featuredmedia":[{"embeddable":true,"href":"https:\/\/www.generalkinematics.com\/de\/wp-json\/wp\/v2\/media\/21767"}],"wp:attachment":[{"href":"https:\/\/www.generalkinematics.com\/de\/wp-json\/wp\/v2\/media?parent=38498"}],"wp:term":[{"taxonomy":"product_brand","embeddable":true,"href":"https:\/\/www.generalkinematics.com\/de\/wp-json\/wp\/v2\/product_brand?post=38498"},{"taxonomy":"product_cat","embeddable":true,"href":"https:\/\/www.generalkinematics.com\/de\/wp-json\/wp\/v2\/product_cat?post=38498"},{"taxonomy":"product_tag","embeddable":true,"href":"https:\/\/www.generalkinematics.com\/de\/wp-json\/wp\/v2\/product_tag?post=38498"}],"curies":[{"name":"wp","href":"https:\/\/api.w.org\/{rel}","templated":true}]}}