{"id":38527,"date":"2015-05-12T07:08:54","date_gmt":"2015-05-12T12:08:54","guid":{"rendered":"https:\/\/www.generalkinematics.com\/product\/vibrations-transferforderer\/"},"modified":"2018-08-31T10:29:26","modified_gmt":"2018-08-31T15:29:26","slug":"vibrations-transferforderer","status":"publish","type":"product","link":"https:\/\/www.generalkinematics.com\/de\/produkt\/vibrations-transferforderer\/","title":{"rendered":"Vibrations-Transferf\u00f6rderer"},"content":{"rendered":"<p>Leichte <strong>Vibrations-Transferf\u00f6rderer<\/strong> sind ideal zum Bewegen einer Vielzahl von freiflie\u00dfenden Materialien in der Lebensmittel- und chemischen Verarbeitung. Der F\u00f6rderer mit Eigenfrequenz verbraucht zum effizienten Bewegen des Materials weniger Energie. Mit mehr als 40 Jahren Erfahrung in der Entwicklung von Vibrations-Prozess-Equipment ist General Kinematics einzigartig qualifiziert, um Ihre Anwendungsanforderungen zu erf\u00fcllen.<\/p>\n<h2>Eigenschaften:<\/h2>\n<ul>\n<li>Wirtschaftlicher Motorantrieb mit niedriger Leistung &#8211; CL I und CL II &#8211; erh\u00e4ltlich.<\/li>\n<li>Leicht zu reinigende GFK-Blattfedern.<\/li>\n<li>Tr\u00f6ge aus Edelstahl 304 oder 316 mit Abdeckungen verf\u00fcgbar.<\/li>\n<li>Isolierter Sockel mit Schraubenfedern f\u00fcr geringe dynamische Reaktion.<\/li>\n<li>Die Standardausf\u00fchrungen k\u00f6nnen leicht an Ihre Anwendungsanforderungen angepasst werden.<\/li>\n<\/ul>\n","protected":false},"excerpt":{"rendered":"<p>Leichte Vibrations-Transferf\u00f6rderer sind ideal zum Bewegen einer Vielzahl von freiflie\u00dfenden Materialien in der Lebensmittel- und chemischen Verarbeitung. Der F\u00f6rderer mit Eigenfrequenz verbraucht zum effizienten Bewegen des Materials weniger Energie. Mit mehr als 40 Jahren Erfahrung in der Entwicklung von Vibrations-Prozess-Equipment ist General Kinematics einzigartig qualifiziert, um Ihre Anwendungsanforderungen zu erf\u00fcllen. Eigenschaften: Wirtschaftlicher Motorantrieb mit niedriger [&hellip;]<\/p>\n","protected":false},"featured_media":26047,"comment_status":"closed","ping_status":"closed","template":"","meta":{"_acf_changed":false,"om_disable_all_campaigns":false,"ep_exclude_from_search":false},"product_brand":[],"product_cat":[1761,1766],"product_tag":[],"class_list":{"0":"post-38527","1":"product","2":"type-product","3":"status-publish","4":"has-post-thumbnail","6":"product_cat-loesungen-fuer-schuettgutverarbeitung","7":"product_cat-vibrierende-foerdererrinne","9":"first","10":"instock","11":"taxable","12":"shipping-taxable","13":"product-type-simple"},"acf":[],"yoast_head":"<!-- This site is optimized with the Yoast SEO plugin v27.5 - https:\/\/yoast.com\/product\/yoast-seo-wordpress\/ -->\n<title>Vibrations-Transferf\u00f6rderer | General Kinematics<\/title>\n<meta name=\"robots\" content=\"index, follow, max-snippet:-1, max-image-preview:large, max-video-preview:-1\" \/>\n<link rel=\"canonical\" href=\"https:\/\/www.generalkinematics.com\/de\/produkt\/vibrations-transferforderer\/\" \/>\n<meta property=\"og:locale\" content=\"de_DE\" \/>\n<meta property=\"og:type\" content=\"article\" \/>\n<meta property=\"og:title\" content=\"Vibrations-Transferf\u00f6rderer | General Kinematics\" \/>\n<meta property=\"og:description\" content=\"Leichte Vibrations-Transferf\u00f6rderer sind ideal zum Bewegen einer Vielzahl von freiflie\u00dfenden Materialien in der Lebensmittel- und chemischen Verarbeitung. Der F\u00f6rderer mit Eigenfrequenz verbraucht zum effizienten Bewegen des Materials weniger Energie. Mit mehr als 40 Jahren Erfahrung in der Entwicklung von Vibrations-Prozess-Equipment ist General Kinematics einzigartig qualifiziert, um Ihre Anwendungsanforderungen zu erf\u00fcllen. Eigenschaften: Wirtschaftlicher Motorantrieb mit niedriger [&hellip;]\" \/>\n<meta property=\"og:url\" content=\"https:\/\/www.generalkinematics.com\/de\/produkt\/vibrations-transferforderer\/\" \/>\n<meta property=\"og:site_name\" content=\"General Kinematics\" \/>\n<meta property=\"article:publisher\" content=\"https:\/\/www.facebook.com\/generalkinematics\" \/>\n<meta property=\"article:modified_time\" content=\"2018-08-31T15:29:26+00:00\" \/>\n<meta property=\"og:image\" content=\"https:\/\/www.generalkinematics.com\/wp-content\/uploads\/2015\/05\/Powder-ad-transfer-conveyor.jpg\" \/>\n\t<meta property=\"og:image:width\" content=\"1600\" \/>\n\t<meta property=\"og:image:height\" content=\"1200\" \/>\n\t<meta property=\"og:image:type\" content=\"image\/jpeg\" \/>\n<meta name=\"twitter:card\" content=\"summary_large_image\" \/>\n<meta name=\"twitter:site\" content=\"@gkvibrating\" \/>\n<meta name=\"twitter:label1\" content=\"Gesch\u00e4tzte Lesezeit\" \/>\n\t<meta name=\"twitter:data1\" content=\"1 Minute\" \/>\n<!-- \/ Yoast SEO plugin. -->","yoast_head_json":{"title":"Vibrations-Transferf\u00f6rderer | General Kinematics","robots":{"index":"index","follow":"follow","max-snippet":"max-snippet:-1","max-image-preview":"max-image-preview:large","max-video-preview":"max-video-preview:-1"},"canonical":"https:\/\/www.generalkinematics.com\/de\/produkt\/vibrations-transferforderer\/","og_locale":"de_DE","og_type":"article","og_title":"Vibrations-Transferf\u00f6rderer | General Kinematics","og_description":"Leichte Vibrations-Transferf\u00f6rderer sind ideal zum Bewegen einer Vielzahl von freiflie\u00dfenden Materialien in der Lebensmittel- und chemischen Verarbeitung. Der F\u00f6rderer mit Eigenfrequenz verbraucht zum effizienten Bewegen des Materials weniger Energie. Mit mehr als 40 Jahren Erfahrung in der Entwicklung von Vibrations-Prozess-Equipment ist General Kinematics einzigartig qualifiziert, um Ihre Anwendungsanforderungen zu erf\u00fcllen. Eigenschaften: Wirtschaftlicher Motorantrieb mit niedriger [&hellip;]","og_url":"https:\/\/www.generalkinematics.com\/de\/produkt\/vibrations-transferforderer\/","og_site_name":"General Kinematics","article_publisher":"https:\/\/www.facebook.com\/generalkinematics","article_modified_time":"2018-08-31T15:29:26+00:00","og_image":[{"width":1600,"height":1200,"url":"https:\/\/www.generalkinematics.com\/wp-content\/uploads\/2015\/05\/Powder-ad-transfer-conveyor.jpg","type":"image\/jpeg"}],"twitter_card":"summary_large_image","twitter_site":"@gkvibrating","twitter_misc":{"Gesch\u00e4tzte Lesezeit":"1 Minute"},"schema":{"@context":"https:\/\/schema.org","@graph":[{"@type":"WebPage","@id":"https:\/\/www.generalkinematics.com\/de\/produkt\/vibrations-transferforderer\/","url":"https:\/\/www.generalkinematics.com\/de\/produkt\/vibrations-transferforderer\/","name":"Vibrations-Transferf\u00f6rderer | General Kinematics","isPartOf":{"@id":"https:\/\/www.generalkinematics.com\/de\/#website"},"primaryImageOfPage":{"@id":"https:\/\/www.generalkinematics.com\/de\/produkt\/vibrations-transferforderer\/#primaryimage"},"image":{"@id":"https:\/\/www.generalkinematics.com\/de\/produkt\/vibrations-transferforderer\/#primaryimage"},"thumbnailUrl":"https:\/\/media.generalkinematics.com\/wp-content\/uploads\/2015\/05\/Powder-ad-transfer-conveyor.jpg","datePublished":"2015-05-12T12:08:54+00:00","dateModified":"2018-08-31T15:29:26+00:00","breadcrumb":{"@id":"https:\/\/www.generalkinematics.com\/de\/produkt\/vibrations-transferforderer\/#breadcrumb"},"inLanguage":"de-DE","potentialAction":[{"@type":"ReadAction","target":["https:\/\/www.generalkinematics.com\/de\/produkt\/vibrations-transferforderer\/"]}]},{"@type":"ImageObject","inLanguage":"de-DE","@id":"https:\/\/www.generalkinematics.com\/de\/produkt\/vibrations-transferforderer\/#primaryimage","url":"https:\/\/media.generalkinematics.com\/wp-content\/uploads\/2015\/05\/Powder-ad-transfer-conveyor.jpg","contentUrl":"https:\/\/media.generalkinematics.com\/wp-content\/uploads\/2015\/05\/Powder-ad-transfer-conveyor.jpg","width":1600,"height":1200,"caption":"general-kinematics-powder-ad-transfer-conveyor"},{"@type":"BreadcrumbList","@id":"https:\/\/www.generalkinematics.com\/de\/produkt\/vibrations-transferforderer\/#breadcrumb","itemListElement":[{"@type":"ListItem","position":1,"name":"GK Home","item":"https:\/\/www.generalkinematics.com\/de\/"},{"@type":"ListItem","position":2,"name":"Shop","item":"https:\/\/www.generalkinematics.com\/shop\/"},{"@type":"ListItem","position":3,"name":"Vibrations-Transferf\u00f6rderer"}]},{"@type":"WebSite","@id":"https:\/\/www.generalkinematics.com\/de\/#website","url":"https:\/\/www.generalkinematics.com\/de\/","name":"General Kinematics","description":"","publisher":{"@id":"https:\/\/www.generalkinematics.com\/de\/#organization"},"potentialAction":[{"@type":"SearchAction","target":{"@type":"EntryPoint","urlTemplate":"https:\/\/www.generalkinematics.com\/de\/?s={search_term_string}"},"query-input":{"@type":"PropertyValueSpecification","valueRequired":true,"valueName":"search_term_string"}}],"inLanguage":"de-DE"},{"@type":"Organization","@id":"https:\/\/www.generalkinematics.com\/de\/#organization","name":"General Kinematics","url":"https:\/\/www.generalkinematics.com\/de\/","logo":{"@type":"ImageObject","inLanguage":"de-DE","@id":"https:\/\/www.generalkinematics.com\/de\/#\/schema\/logo\/image\/","url":"https:\/\/media.generalkinematics.com\/wp-content\/uploads\/2018\/03\/logo.png","contentUrl":"https:\/\/media.generalkinematics.com\/wp-content\/uploads\/2018\/03\/logo.png","width":313,"height":100,"caption":"General Kinematics"},"image":{"@id":"https:\/\/www.generalkinematics.com\/de\/#\/schema\/logo\/image\/"},"sameAs":["https:\/\/www.facebook.com\/generalkinematics","https:\/\/x.com\/gkvibrating"]}]}},"_links":{"self":[{"href":"https:\/\/www.generalkinematics.com\/de\/wp-json\/wp\/v2\/product\/38527","targetHints":{"allow":["GET"]}}],"collection":[{"href":"https:\/\/www.generalkinematics.com\/de\/wp-json\/wp\/v2\/product"}],"about":[{"href":"https:\/\/www.generalkinematics.com\/de\/wp-json\/wp\/v2\/types\/product"}],"replies":[{"embeddable":true,"href":"https:\/\/www.generalkinematics.com\/de\/wp-json\/wp\/v2\/comments?post=38527"}],"wp:featuredmedia":[{"embeddable":true,"href":"https:\/\/www.generalkinematics.com\/de\/wp-json\/wp\/v2\/media\/26047"}],"wp:attachment":[{"href":"https:\/\/www.generalkinematics.com\/de\/wp-json\/wp\/v2\/media?parent=38527"}],"wp:term":[{"taxonomy":"product_brand","embeddable":true,"href":"https:\/\/www.generalkinematics.com\/de\/wp-json\/wp\/v2\/product_brand?post=38527"},{"taxonomy":"product_cat","embeddable":true,"href":"https:\/\/www.generalkinematics.com\/de\/wp-json\/wp\/v2\/product_cat?post=38527"},{"taxonomy":"product_tag","embeddable":true,"href":"https:\/\/www.generalkinematics.com\/de\/wp-json\/wp\/v2\/product_tag?post=38527"}],"curies":[{"name":"wp","href":"https:\/\/api.w.org\/{rel}","templated":true}]}}