{"id":38535,"date":"2015-05-12T07:10:38","date_gmt":"2015-05-12T12:10:38","guid":{"rendered":"https:\/\/www.generalkinematics.com\/product\/rosterforderer\/"},"modified":"2018-08-31T10:28:48","modified_gmt":"2018-08-31T15:28:48","slug":"rosterforderer","status":"publish","type":"product","link":"https:\/\/www.generalkinematics.com\/de\/produkt\/rosterforderer\/","title":{"rendered":"R\u00f6sterf\u00f6rderer"},"content":{"rendered":"<p>General Kinematics <strong>F\u00f6rderer<\/strong> zur Montage unter R\u00f6ster, Trockner und K\u00fchler werden aus hochfestem Edelstahl hergestellt, um den Auswirkungen von Hitze standzuhalten. Um ein gleichm\u00e4\u00dfiges R\u00f6sten zu gew\u00e4hrleisten, verf\u00fcgen alle Pfannen \u00fcber eine Ebenheit mit engen Toleranzen. Die F\u00f6rderer werden exakt ausbalanciert, um die Notwendigkeit f\u00fcr kostspielige Fundamente zu minimieren und jede seitliche Bewegung in der Pfanne zu erh\u00f6hen, was eine enge Verbindung zwischen dem F\u00f6rderer und der Verarbeitungseinheit erm\u00f6glicht.<\/p>\n<p>Als Federsystem f\u00fcr die hitzebest\u00e4ndigen Lamellen wird Verbundwerkstoff von General Kinematics verwendet. Diese Lamellen wurden speziell entwickelt, um den typischen Temperaturen von R\u00f6stern standzuhalten. Lamellen und Schraubenfedern aus Stahl sind ebenfalls erh\u00e4ltlich.<\/p>\n<p>Mit den vielen, bei Kunden im Einsatz befindlichen F\u00f6rderern kennt General Kinematics Ihre Anforderungen f\u00fcr zuverl\u00e4ssiges Equipment, das mit wenig Wartung auskommt. Das langlebige SYNCRO-COIL\u00ae-Antriebssystem gibt Kunden die Sicherheit f\u00fcr den Betrieb rund um die Uhr.<\/p>\n<h2>Eigenschaften:<\/h2>\n<p>Die General Kinematics R\u00f6sterf\u00f6rderer k\u00f6nnen so ausgef\u00fchrt werden, dass sie Folgendes beinhalten:<\/p>\n<ul>\n<li>Abnehmbare Zufuhr- und Entladestrecken.<\/li>\n<li>Zufuhrzwischenraum und Ventilator.<\/li>\n<li>Frequenzumrichter.<\/li>\n<li>\u00dcberwachung der Wellendrehzahl<\/li>\n<li>Hubmonitor.<\/li>\n<li>W\u00e4rmeisolierende Decks.<\/li>\n<li>Komplette Edelstahlfabrikation.<\/li>\n<\/ul>\n","protected":false},"excerpt":{"rendered":"<p>General Kinematics F\u00f6rderer zur Montage unter R\u00f6ster, Trockner und K\u00fchler werden aus hochfestem Edelstahl hergestellt, um den Auswirkungen von Hitze standzuhalten. Um ein gleichm\u00e4\u00dfiges R\u00f6sten zu gew\u00e4hrleisten, verf\u00fcgen alle Pfannen \u00fcber eine Ebenheit mit engen Toleranzen. Die F\u00f6rderer werden exakt ausbalanciert, um die Notwendigkeit f\u00fcr kostspielige Fundamente zu minimieren und jede seitliche Bewegung in der [&hellip;]<\/p>\n","protected":false},"featured_media":28347,"comment_status":"closed","ping_status":"closed","template":"","meta":{"_acf_changed":false,"om_disable_all_campaigns":false,"ep_exclude_from_search":false},"product_brand":[],"product_cat":[1761,1766],"product_tag":[],"class_list":{"0":"post-38535","1":"product","2":"type-product","3":"status-publish","4":"has-post-thumbnail","6":"product_cat-loesungen-fuer-schuettgutverarbeitung","7":"product_cat-vibrierende-foerdererrinne","9":"first","10":"instock","11":"taxable","12":"shipping-taxable","13":"product-type-simple"},"acf":[],"yoast_head":"<!-- This site is optimized with the Yoast SEO plugin v27.2 - https:\/\/yoast.com\/product\/yoast-seo-wordpress\/ -->\n<title>R\u00f6sterf\u00f6rderer | General Kinematics<\/title>\n<meta name=\"robots\" content=\"index, follow, max-snippet:-1, max-image-preview:large, max-video-preview:-1\" \/>\n<link rel=\"canonical\" href=\"https:\/\/www.generalkinematics.com\/de\/produkt\/rosterforderer\/\" \/>\n<meta property=\"og:locale\" content=\"de_DE\" \/>\n<meta property=\"og:type\" content=\"article\" \/>\n<meta property=\"og:title\" content=\"R\u00f6sterf\u00f6rderer | General Kinematics\" \/>\n<meta property=\"og:description\" content=\"General Kinematics F\u00f6rderer zur Montage unter R\u00f6ster, Trockner und K\u00fchler werden aus hochfestem Edelstahl hergestellt, um den Auswirkungen von Hitze standzuhalten. Um ein gleichm\u00e4\u00dfiges R\u00f6sten zu gew\u00e4hrleisten, verf\u00fcgen alle Pfannen \u00fcber eine Ebenheit mit engen Toleranzen. Die F\u00f6rderer werden exakt ausbalanciert, um die Notwendigkeit f\u00fcr kostspielige Fundamente zu minimieren und jede seitliche Bewegung in der [&hellip;]\" \/>\n<meta property=\"og:url\" content=\"https:\/\/www.generalkinematics.com\/de\/produkt\/rosterforderer\/\" \/>\n<meta property=\"og:site_name\" content=\"General Kinematics\" \/>\n<meta property=\"article:publisher\" content=\"https:\/\/www.facebook.com\/generalkinematics\" \/>\n<meta property=\"article:modified_time\" content=\"2018-08-31T15:28:48+00:00\" \/>\n<meta property=\"og:image\" content=\"https:\/\/media.generalkinematics.com\/wp-content\/uploads\/2015\/05\/IMG_3700.jpg\" \/>\n\t<meta property=\"og:image:width\" content=\"3072\" \/>\n\t<meta property=\"og:image:height\" content=\"2304\" \/>\n\t<meta property=\"og:image:type\" content=\"image\/jpeg\" \/>\n<meta name=\"twitter:card\" content=\"summary_large_image\" \/>\n<meta name=\"twitter:site\" content=\"@gkvibrating\" \/>\n<meta name=\"twitter:label1\" content=\"Gesch\u00e4tzte Lesezeit\" \/>\n\t<meta name=\"twitter:data1\" content=\"1 Minute\" \/>\n<!-- \/ Yoast SEO plugin. -->","yoast_head_json":{"title":"R\u00f6sterf\u00f6rderer | General Kinematics","robots":{"index":"index","follow":"follow","max-snippet":"max-snippet:-1","max-image-preview":"max-image-preview:large","max-video-preview":"max-video-preview:-1"},"canonical":"https:\/\/www.generalkinematics.com\/de\/produkt\/rosterforderer\/","og_locale":"de_DE","og_type":"article","og_title":"R\u00f6sterf\u00f6rderer | General Kinematics","og_description":"General Kinematics F\u00f6rderer zur Montage unter R\u00f6ster, Trockner und K\u00fchler werden aus hochfestem Edelstahl hergestellt, um den Auswirkungen von Hitze standzuhalten. Um ein gleichm\u00e4\u00dfiges R\u00f6sten zu gew\u00e4hrleisten, verf\u00fcgen alle Pfannen \u00fcber eine Ebenheit mit engen Toleranzen. Die F\u00f6rderer werden exakt ausbalanciert, um die Notwendigkeit f\u00fcr kostspielige Fundamente zu minimieren und jede seitliche Bewegung in der [&hellip;]","og_url":"https:\/\/www.generalkinematics.com\/de\/produkt\/rosterforderer\/","og_site_name":"General Kinematics","article_publisher":"https:\/\/www.facebook.com\/generalkinematics","article_modified_time":"2018-08-31T15:28:48+00:00","og_image":[{"width":3072,"height":2304,"url":"https:\/\/media.generalkinematics.com\/wp-content\/uploads\/2015\/05\/IMG_3700.jpg","type":"image\/jpeg"}],"twitter_card":"summary_large_image","twitter_site":"@gkvibrating","twitter_misc":{"Gesch\u00e4tzte Lesezeit":"1 Minute"},"schema":{"@context":"https:\/\/schema.org","@graph":[{"@type":"WebPage","@id":"https:\/\/www.generalkinematics.com\/de\/produkt\/rosterforderer\/","url":"https:\/\/www.generalkinematics.com\/de\/produkt\/rosterforderer\/","name":"R\u00f6sterf\u00f6rderer | General Kinematics","isPartOf":{"@id":"https:\/\/www.generalkinematics.com\/de\/#website"},"primaryImageOfPage":{"@id":"https:\/\/www.generalkinematics.com\/de\/produkt\/rosterforderer\/#primaryimage"},"image":{"@id":"https:\/\/www.generalkinematics.com\/de\/produkt\/rosterforderer\/#primaryimage"},"thumbnailUrl":"https:\/\/media.generalkinematics.com\/wp-content\/uploads\/2015\/05\/IMG_3700.jpg","datePublished":"2015-05-12T12:10:38+00:00","dateModified":"2018-08-31T15:28:48+00:00","breadcrumb":{"@id":"https:\/\/www.generalkinematics.com\/de\/produkt\/rosterforderer\/#breadcrumb"},"inLanguage":"de-DE","potentialAction":[{"@type":"ReadAction","target":["https:\/\/www.generalkinematics.com\/de\/produkt\/rosterforderer\/"]}]},{"@type":"ImageObject","inLanguage":"de-DE","@id":"https:\/\/www.generalkinematics.com\/de\/produkt\/rosterforderer\/#primaryimage","url":"https:\/\/media.generalkinematics.com\/wp-content\/uploads\/2015\/05\/IMG_3700.jpg","contentUrl":"https:\/\/media.generalkinematics.com\/wp-content\/uploads\/2015\/05\/IMG_3700.jpg","width":3072,"height":2304,"caption":"general-kinematics-toaster-conveyor"},{"@type":"BreadcrumbList","@id":"https:\/\/www.generalkinematics.com\/de\/produkt\/rosterforderer\/#breadcrumb","itemListElement":[{"@type":"ListItem","position":1,"name":"GK Home","item":"https:\/\/www.generalkinematics.com\/de\/"},{"@type":"ListItem","position":2,"name":"Shop","item":"https:\/\/www.generalkinematics.com\/shop\/"},{"@type":"ListItem","position":3,"name":"R\u00f6sterf\u00f6rderer"}]},{"@type":"WebSite","@id":"https:\/\/www.generalkinematics.com\/de\/#website","url":"https:\/\/www.generalkinematics.com\/de\/","name":"General Kinematics","description":"","publisher":{"@id":"https:\/\/www.generalkinematics.com\/de\/#organization"},"potentialAction":[{"@type":"SearchAction","target":{"@type":"EntryPoint","urlTemplate":"https:\/\/www.generalkinematics.com\/de\/?s={search_term_string}"},"query-input":{"@type":"PropertyValueSpecification","valueRequired":true,"valueName":"search_term_string"}}],"inLanguage":"de-DE"},{"@type":"Organization","@id":"https:\/\/www.generalkinematics.com\/de\/#organization","name":"General Kinematics","url":"https:\/\/www.generalkinematics.com\/de\/","logo":{"@type":"ImageObject","inLanguage":"de-DE","@id":"https:\/\/www.generalkinematics.com\/de\/#\/schema\/logo\/image\/","url":"https:\/\/media.generalkinematics.com\/wp-content\/uploads\/2018\/03\/logo.png","contentUrl":"https:\/\/media.generalkinematics.com\/wp-content\/uploads\/2018\/03\/logo.png","width":313,"height":100,"caption":"General Kinematics"},"image":{"@id":"https:\/\/www.generalkinematics.com\/de\/#\/schema\/logo\/image\/"},"sameAs":["https:\/\/www.facebook.com\/generalkinematics","https:\/\/x.com\/gkvibrating"]}]}},"_links":{"self":[{"href":"https:\/\/www.generalkinematics.com\/de\/wp-json\/wp\/v2\/product\/38535","targetHints":{"allow":["GET"]}}],"collection":[{"href":"https:\/\/www.generalkinematics.com\/de\/wp-json\/wp\/v2\/product"}],"about":[{"href":"https:\/\/www.generalkinematics.com\/de\/wp-json\/wp\/v2\/types\/product"}],"replies":[{"embeddable":true,"href":"https:\/\/www.generalkinematics.com\/de\/wp-json\/wp\/v2\/comments?post=38535"}],"wp:featuredmedia":[{"embeddable":true,"href":"https:\/\/www.generalkinematics.com\/de\/wp-json\/wp\/v2\/media\/28347"}],"wp:attachment":[{"href":"https:\/\/www.generalkinematics.com\/de\/wp-json\/wp\/v2\/media?parent=38535"}],"wp:term":[{"taxonomy":"product_brand","embeddable":true,"href":"https:\/\/www.generalkinematics.com\/de\/wp-json\/wp\/v2\/product_brand?post=38535"},{"taxonomy":"product_cat","embeddable":true,"href":"https:\/\/www.generalkinematics.com\/de\/wp-json\/wp\/v2\/product_cat?post=38535"},{"taxonomy":"product_tag","embeddable":true,"href":"https:\/\/www.generalkinematics.com\/de\/wp-json\/wp\/v2\/product_tag?post=38535"}],"curies":[{"name":"wp","href":"https:\/\/api.w.org\/{rel}","templated":true}]}}