{"id":38552,"date":"2015-05-12T07:25:06","date_gmt":"2015-05-12T12:25:06","guid":{"rendered":"https:\/\/www.generalkinematics.com\/product\/s-serie-standard-serien-vibrations-beschickungsanlagen\/"},"modified":"2018-08-31T10:35:21","modified_gmt":"2018-08-31T15:35:21","slug":"s-serie-standard-serien-vibrations-beschickungsanlagen","status":"publish","type":"product","link":"https:\/\/www.generalkinematics.com\/de\/produkt\/s-serie-standard-serien-vibrations-beschickungsanlagen\/","title":{"rendered":"S-SERIE Standard Serien-Vibrations-Beschickungsanlagen"},"content":{"rendered":"<p>Die General Kinematics <strong>Standard Serien-Vibrations-Beschickungsanlagen der S-SERIE<\/strong> sind ideal f\u00fcr die Handhabung einer breiten Palette von leichten, freiflie\u00dfenden Produkten, wie Lebensmittel, Zutaten und Chemikalien. Die Beschickungsanlagen k\u00f6nnen mit elektromechanischen Antriebssystemen mit zwei Massen oder f\u00fcr Schwerstlast oder mit pneumatischen Antrieben angetrieben werden. Andere Modelle in Edelstahl und geschlossene sind verf\u00fcgbar, um Ihre speziellen Prozessflussanforderungen zu erf\u00fcllen. <a href=\"https:\/\/www.generalkinematics.com\/de\/kontakt-general-kinematics\/\" target=\"_blank\" rel=\"noopener\">Kontaktieren Sie uns noch heute<\/a> f\u00fcr umfassende Unterst\u00fctzung bez\u00fcglich Ausf\u00fchrungen und Anwendungen.<\/p>\n<p><a href=\"https:\/\/www.generalkinematics.com\/de\/grosentabellen-serie-s\/\">F\u00fcr Abmessungen und Gr\u00f6\u00dfen klicken Sie bitte hier.<\/a><\/p>\n<h2>Eigenschaften:<\/h2>\n<ul>\n<li>Gro\u00dfe Auswahl an Gr\u00f6\u00dfen f\u00fcr verschiedene Anwendungen.<\/li>\n<li>Vorgefertigte, kosteng\u00fcnstige Modelle.<\/li>\n<li>Einfache Ausf\u00fchrung mit energiesparendem Antrieb mit niedriger Motorleistung.<\/li>\n<li>Leicht zu wartende GFK-Blattfedern.<\/li>\n<li>Isolierter Sockel mit Blattfedern erzeugt eine geringe dynamische Reaktion.<\/li>\n<li>Die Einheiten k\u00f6nnen stehend oder h\u00e4ngend montiert werden.<\/li>\n<\/ul>\n","protected":false},"excerpt":{"rendered":"<p>Die General Kinematics Standard Serien-Vibrations-Beschickungsanlagen der S-SERIE sind ideal f\u00fcr die Handhabung einer breiten Palette von leichten, freiflie\u00dfenden Produkten, wie Lebensmittel, Zutaten und Chemikalien. Die Beschickungsanlagen k\u00f6nnen mit elektromechanischen Antriebssystemen mit zwei Massen oder f\u00fcr Schwerstlast oder mit pneumatischen Antrieben angetrieben werden. Andere Modelle in Edelstahl und geschlossene sind verf\u00fcgbar, um Ihre speziellen Prozessflussanforderungen zu [&hellip;]<\/p>\n","protected":false},"featured_media":25319,"comment_status":"closed","ping_status":"closed","template":"","meta":{"_acf_changed":false,"om_disable_all_campaigns":false,"ep_exclude_from_search":false},"product_brand":[],"product_cat":[1761,1767],"product_tag":[],"class_list":{"0":"post-38552","1":"product","2":"type-product","3":"status-publish","4":"has-post-thumbnail","6":"product_cat-loesungen-fuer-schuettgutverarbeitung","7":"product_cat-vibrierende-foerderer","9":"first","10":"instock","11":"taxable","12":"shipping-taxable","13":"product-type-simple"},"acf":[],"yoast_head":"<!-- This site is optimized with the Yoast SEO plugin v27.2 - https:\/\/yoast.com\/product\/yoast-seo-wordpress\/ -->\n<title>S-SERIE Standard Serien-Vibrations-Beschickungsanlagen | General Kinematics<\/title>\n<meta name=\"robots\" content=\"index, follow, max-snippet:-1, max-image-preview:large, max-video-preview:-1\" \/>\n<link rel=\"canonical\" href=\"https:\/\/www.generalkinematics.com\/de\/produkt\/s-serie-standard-serien-vibrations-beschickungsanlagen\/\" \/>\n<meta property=\"og:locale\" content=\"de_DE\" \/>\n<meta property=\"og:type\" content=\"article\" \/>\n<meta property=\"og:title\" content=\"S-SERIE Standard Serien-Vibrations-Beschickungsanlagen | General Kinematics\" \/>\n<meta property=\"og:description\" content=\"Die General Kinematics Standard Serien-Vibrations-Beschickungsanlagen der S-SERIE sind ideal f\u00fcr die Handhabung einer breiten Palette von leichten, freiflie\u00dfenden Produkten, wie Lebensmittel, Zutaten und Chemikalien. Die Beschickungsanlagen k\u00f6nnen mit elektromechanischen Antriebssystemen mit zwei Massen oder f\u00fcr Schwerstlast oder mit pneumatischen Antrieben angetrieben werden. Andere Modelle in Edelstahl und geschlossene sind verf\u00fcgbar, um Ihre speziellen Prozessflussanforderungen zu [&hellip;]\" \/>\n<meta property=\"og:url\" content=\"https:\/\/www.generalkinematics.com\/de\/produkt\/s-serie-standard-serien-vibrations-beschickungsanlagen\/\" \/>\n<meta property=\"og:site_name\" content=\"General Kinematics\" \/>\n<meta property=\"article:publisher\" content=\"https:\/\/www.facebook.com\/generalkinematics\" \/>\n<meta property=\"article:modified_time\" content=\"2018-08-31T15:35:21+00:00\" \/>\n<meta property=\"og:image\" content=\"https:\/\/media.generalkinematics.com\/wp-content\/uploads\/2015\/05\/DSC00008.jpg\" \/>\n\t<meta property=\"og:image:width\" content=\"1600\" \/>\n\t<meta property=\"og:image:height\" content=\"1200\" \/>\n\t<meta property=\"og:image:type\" content=\"image\/jpeg\" \/>\n<meta name=\"twitter:card\" content=\"summary_large_image\" \/>\n<meta name=\"twitter:site\" content=\"@gkvibrating\" \/>\n<meta name=\"twitter:label1\" content=\"Gesch\u00e4tzte Lesezeit\" \/>\n\t<meta name=\"twitter:data1\" content=\"1 Minute\" \/>\n<!-- \/ Yoast SEO plugin. -->","yoast_head_json":{"title":"S-SERIE Standard Serien-Vibrations-Beschickungsanlagen | General Kinematics","robots":{"index":"index","follow":"follow","max-snippet":"max-snippet:-1","max-image-preview":"max-image-preview:large","max-video-preview":"max-video-preview:-1"},"canonical":"https:\/\/www.generalkinematics.com\/de\/produkt\/s-serie-standard-serien-vibrations-beschickungsanlagen\/","og_locale":"de_DE","og_type":"article","og_title":"S-SERIE Standard Serien-Vibrations-Beschickungsanlagen | General Kinematics","og_description":"Die General Kinematics Standard Serien-Vibrations-Beschickungsanlagen der S-SERIE sind ideal f\u00fcr die Handhabung einer breiten Palette von leichten, freiflie\u00dfenden Produkten, wie Lebensmittel, Zutaten und Chemikalien. Die Beschickungsanlagen k\u00f6nnen mit elektromechanischen Antriebssystemen mit zwei Massen oder f\u00fcr Schwerstlast oder mit pneumatischen Antrieben angetrieben werden. Andere Modelle in Edelstahl und geschlossene sind verf\u00fcgbar, um Ihre speziellen Prozessflussanforderungen zu [&hellip;]","og_url":"https:\/\/www.generalkinematics.com\/de\/produkt\/s-serie-standard-serien-vibrations-beschickungsanlagen\/","og_site_name":"General Kinematics","article_publisher":"https:\/\/www.facebook.com\/generalkinematics","article_modified_time":"2018-08-31T15:35:21+00:00","og_image":[{"width":1600,"height":1200,"url":"https:\/\/media.generalkinematics.com\/wp-content\/uploads\/2015\/05\/DSC00008.jpg","type":"image\/jpeg"}],"twitter_card":"summary_large_image","twitter_site":"@gkvibrating","twitter_misc":{"Gesch\u00e4tzte Lesezeit":"1 Minute"},"schema":{"@context":"https:\/\/schema.org","@graph":[{"@type":"WebPage","@id":"https:\/\/www.generalkinematics.com\/de\/produkt\/s-serie-standard-serien-vibrations-beschickungsanlagen\/","url":"https:\/\/www.generalkinematics.com\/de\/produkt\/s-serie-standard-serien-vibrations-beschickungsanlagen\/","name":"S-SERIE Standard Serien-Vibrations-Beschickungsanlagen | General Kinematics","isPartOf":{"@id":"https:\/\/www.generalkinematics.com\/de\/#website"},"primaryImageOfPage":{"@id":"https:\/\/www.generalkinematics.com\/de\/produkt\/s-serie-standard-serien-vibrations-beschickungsanlagen\/#primaryimage"},"image":{"@id":"https:\/\/www.generalkinematics.com\/de\/produkt\/s-serie-standard-serien-vibrations-beschickungsanlagen\/#primaryimage"},"thumbnailUrl":"https:\/\/media.generalkinematics.com\/wp-content\/uploads\/2015\/05\/DSC00008.jpg","datePublished":"2015-05-12T12:25:06+00:00","dateModified":"2018-08-31T15:35:21+00:00","breadcrumb":{"@id":"https:\/\/www.generalkinematics.com\/de\/produkt\/s-serie-standard-serien-vibrations-beschickungsanlagen\/#breadcrumb"},"inLanguage":"de-DE","potentialAction":[{"@type":"ReadAction","target":["https:\/\/www.generalkinematics.com\/de\/produkt\/s-serie-standard-serien-vibrations-beschickungsanlagen\/"]}]},{"@type":"ImageObject","inLanguage":"de-DE","@id":"https:\/\/www.generalkinematics.com\/de\/produkt\/s-serie-standard-serien-vibrations-beschickungsanlagen\/#primaryimage","url":"https:\/\/media.generalkinematics.com\/wp-content\/uploads\/2015\/05\/DSC00008.jpg","contentUrl":"https:\/\/media.generalkinematics.com\/wp-content\/uploads\/2015\/05\/DSC00008.jpg","width":1440,"height":1080,"caption":"general-kinematics-feeder"},{"@type":"BreadcrumbList","@id":"https:\/\/www.generalkinematics.com\/de\/produkt\/s-serie-standard-serien-vibrations-beschickungsanlagen\/#breadcrumb","itemListElement":[{"@type":"ListItem","position":1,"name":"GK Home","item":"https:\/\/www.generalkinematics.com\/de\/"},{"@type":"ListItem","position":2,"name":"Shop","item":"https:\/\/www.generalkinematics.com\/shop\/"},{"@type":"ListItem","position":3,"name":"S-SERIE Standard Serien-Vibrations-Beschickungsanlagen"}]},{"@type":"WebSite","@id":"https:\/\/www.generalkinematics.com\/de\/#website","url":"https:\/\/www.generalkinematics.com\/de\/","name":"General Kinematics","description":"","publisher":{"@id":"https:\/\/www.generalkinematics.com\/de\/#organization"},"potentialAction":[{"@type":"SearchAction","target":{"@type":"EntryPoint","urlTemplate":"https:\/\/www.generalkinematics.com\/de\/?s={search_term_string}"},"query-input":{"@type":"PropertyValueSpecification","valueRequired":true,"valueName":"search_term_string"}}],"inLanguage":"de-DE"},{"@type":"Organization","@id":"https:\/\/www.generalkinematics.com\/de\/#organization","name":"General Kinematics","url":"https:\/\/www.generalkinematics.com\/de\/","logo":{"@type":"ImageObject","inLanguage":"de-DE","@id":"https:\/\/www.generalkinematics.com\/de\/#\/schema\/logo\/image\/","url":"https:\/\/media.generalkinematics.com\/wp-content\/uploads\/2018\/03\/logo.png","contentUrl":"https:\/\/media.generalkinematics.com\/wp-content\/uploads\/2018\/03\/logo.png","width":313,"height":100,"caption":"General Kinematics"},"image":{"@id":"https:\/\/www.generalkinematics.com\/de\/#\/schema\/logo\/image\/"},"sameAs":["https:\/\/www.facebook.com\/generalkinematics","https:\/\/x.com\/gkvibrating"]}]}},"_links":{"self":[{"href":"https:\/\/www.generalkinematics.com\/de\/wp-json\/wp\/v2\/product\/38552","targetHints":{"allow":["GET"]}}],"collection":[{"href":"https:\/\/www.generalkinematics.com\/de\/wp-json\/wp\/v2\/product"}],"about":[{"href":"https:\/\/www.generalkinematics.com\/de\/wp-json\/wp\/v2\/types\/product"}],"replies":[{"embeddable":true,"href":"https:\/\/www.generalkinematics.com\/de\/wp-json\/wp\/v2\/comments?post=38552"}],"wp:featuredmedia":[{"embeddable":true,"href":"https:\/\/www.generalkinematics.com\/de\/wp-json\/wp\/v2\/media\/25319"}],"wp:attachment":[{"href":"https:\/\/www.generalkinematics.com\/de\/wp-json\/wp\/v2\/media?parent=38552"}],"wp:term":[{"taxonomy":"product_brand","embeddable":true,"href":"https:\/\/www.generalkinematics.com\/de\/wp-json\/wp\/v2\/product_brand?post=38552"},{"taxonomy":"product_cat","embeddable":true,"href":"https:\/\/www.generalkinematics.com\/de\/wp-json\/wp\/v2\/product_cat?post=38552"},{"taxonomy":"product_tag","embeddable":true,"href":"https:\/\/www.generalkinematics.com\/de\/wp-json\/wp\/v2\/product_tag?post=38552"}],"curies":[{"name":"wp","href":"https:\/\/api.w.org\/{rel}","templated":true}]}}