{"id":38595,"date":"2015-05-12T07:49:04","date_gmt":"2015-05-12T12:49:04","guid":{"rendered":"https:\/\/www.generalkinematics.com\/product\/hmg-vibrations-rohrbrecher\/"},"modified":"2019-12-06T10:14:04","modified_gmt":"2019-12-06T16:14:04","slug":"vibrating-tube-crusher-2","status":"publish","type":"product","link":"https:\/\/www.generalkinematics.com\/de\/produkt\/vibrating-tube-crusher-2\/","title":{"rendered":"HMG\u2122-Vibrations-Rohrbrecher"},"content":{"rendered":"<p>General Kinematics zum Patent angemeldeter <strong>HMG\u2122-Vibrations-Rohrbrecher<\/strong> bricht das Material schnell auf. Ein schnelles Pulsieren der Medien in der R\u00f6hre zerkleinert das Material ideal in kleinere Partikel f\u00fcr die endg\u00fcltige Zerkleinerung in der <a href=\"https:\/\/www.generalkinematics.com\/de\/produkt\/mahl-brech-und-waschlosungen\/\">GK-VIBRA-MILL\u00ae-Mahltrommel<\/a>.<\/p>\n<h2>Eigenschaften:<\/h2>\n<ul>\n<li>Kann f\u00fcr eine staubfreie Umgebung vollst\u00e4ndig gekapselt werden.<\/li>\n<li>Ein Antrieb mit niedriger Leistung reduziert den Energieverbrauch und die Stromkosten.<\/li>\n<li>In ma\u00dfgeschneiderten Gr\u00f6\u00dfen erh\u00e4ltlich, um Ihrem Durchsatz und Ihrer Anwendung am besten zu entsprechen.<\/li>\n<\/ul>\n","protected":false},"excerpt":{"rendered":"<p>General Kinematics zum Patent angemeldeter HMG\u2122-Vibrations-Rohrbrecher bricht das Material schnell auf. Ein schnelles Pulsieren der Medien in der R\u00f6hre zerkleinert das Material ideal in kleinere Partikel f\u00fcr die endg\u00fcltige Zerkleinerung in der GK-VIBRA-MILL\u00ae-Mahltrommel. Eigenschaften: Kann f\u00fcr eine staubfreie Umgebung vollst\u00e4ndig gekapselt werden. Ein Antrieb mit niedriger Leistung reduziert den Energieverbrauch und die Stromkosten. In ma\u00dfgeschneiderten [&hellip;]<\/p>\n","protected":false},"featured_media":25207,"comment_status":"closed","ping_status":"closed","template":"","meta":{"_acf_changed":false,"om_disable_all_campaigns":false,"ep_exclude_from_search":false},"product_brand":[],"product_cat":[1749],"product_tag":[],"class_list":{"0":"post-38595","1":"product","2":"type-product","3":"status-publish","4":"has-post-thumbnail","6":"product_cat-steuerung-und-ueberwachung","8":"first","9":"instock","10":"taxable","11":"shipping-taxable","12":"product-type-simple"},"acf":[],"yoast_head":"<!-- This site is optimized with the Yoast SEO plugin v27.2 - https:\/\/yoast.com\/product\/yoast-seo-wordpress\/ -->\n<title>HMG\u2122-Vibrations-Rohrbrecher | General Kinematics<\/title>\n<meta name=\"robots\" content=\"index, follow, max-snippet:-1, max-image-preview:large, max-video-preview:-1\" \/>\n<link rel=\"canonical\" href=\"https:\/\/www.generalkinematics.com\/de\/produkt\/vibrating-tube-crusher-2\/\" \/>\n<meta property=\"og:locale\" content=\"de_DE\" \/>\n<meta property=\"og:type\" content=\"article\" \/>\n<meta property=\"og:title\" content=\"HMG\u2122-Vibrations-Rohrbrecher | General Kinematics\" \/>\n<meta property=\"og:description\" content=\"General Kinematics zum Patent angemeldeter HMG\u2122-Vibrations-Rohrbrecher bricht das Material schnell auf. Ein schnelles Pulsieren der Medien in der R\u00f6hre zerkleinert das Material ideal in kleinere Partikel f\u00fcr die endg\u00fcltige Zerkleinerung in der GK-VIBRA-MILL\u00ae-Mahltrommel. Eigenschaften: Kann f\u00fcr eine staubfreie Umgebung vollst\u00e4ndig gekapselt werden. Ein Antrieb mit niedriger Leistung reduziert den Energieverbrauch und die Stromkosten. In ma\u00dfgeschneiderten [&hellip;]\" \/>\n<meta property=\"og:url\" content=\"https:\/\/www.generalkinematics.com\/de\/produkt\/vibrating-tube-crusher-2\/\" \/>\n<meta property=\"og:site_name\" content=\"General Kinematics\" \/>\n<meta property=\"article:publisher\" content=\"https:\/\/www.facebook.com\/generalkinematics\" \/>\n<meta property=\"article:modified_time\" content=\"2019-12-06T16:14:04+00:00\" \/>\n<meta property=\"og:image\" content=\"https:\/\/media.generalkinematics.com\/wp-content\/uploads\/2015\/07\/IMG_2995.jpg\" \/>\n\t<meta property=\"og:image:width\" content=\"2592\" \/>\n\t<meta property=\"og:image:height\" content=\"1936\" \/>\n\t<meta property=\"og:image:type\" content=\"image\/jpeg\" \/>\n<meta name=\"twitter:card\" content=\"summary_large_image\" \/>\n<meta name=\"twitter:site\" content=\"@gkvibrating\" \/>\n<!-- \/ Yoast SEO plugin. -->","yoast_head_json":{"title":"HMG\u2122-Vibrations-Rohrbrecher | General Kinematics","robots":{"index":"index","follow":"follow","max-snippet":"max-snippet:-1","max-image-preview":"max-image-preview:large","max-video-preview":"max-video-preview:-1"},"canonical":"https:\/\/www.generalkinematics.com\/de\/produkt\/vibrating-tube-crusher-2\/","og_locale":"de_DE","og_type":"article","og_title":"HMG\u2122-Vibrations-Rohrbrecher | General Kinematics","og_description":"General Kinematics zum Patent angemeldeter HMG\u2122-Vibrations-Rohrbrecher bricht das Material schnell auf. Ein schnelles Pulsieren der Medien in der R\u00f6hre zerkleinert das Material ideal in kleinere Partikel f\u00fcr die endg\u00fcltige Zerkleinerung in der GK-VIBRA-MILL\u00ae-Mahltrommel. Eigenschaften: Kann f\u00fcr eine staubfreie Umgebung vollst\u00e4ndig gekapselt werden. Ein Antrieb mit niedriger Leistung reduziert den Energieverbrauch und die Stromkosten. In ma\u00dfgeschneiderten [&hellip;]","og_url":"https:\/\/www.generalkinematics.com\/de\/produkt\/vibrating-tube-crusher-2\/","og_site_name":"General Kinematics","article_publisher":"https:\/\/www.facebook.com\/generalkinematics","article_modified_time":"2019-12-06T16:14:04+00:00","og_image":[{"width":2592,"height":1936,"url":"https:\/\/media.generalkinematics.com\/wp-content\/uploads\/2015\/07\/IMG_2995.jpg","type":"image\/jpeg"}],"twitter_card":"summary_large_image","twitter_site":"@gkvibrating","schema":{"@context":"https:\/\/schema.org","@graph":[{"@type":"WebPage","@id":"https:\/\/www.generalkinematics.com\/de\/produkt\/vibrating-tube-crusher-2\/","url":"https:\/\/www.generalkinematics.com\/de\/produkt\/vibrating-tube-crusher-2\/","name":"HMG\u2122-Vibrations-Rohrbrecher | General Kinematics","isPartOf":{"@id":"https:\/\/www.generalkinematics.com\/de\/#website"},"primaryImageOfPage":{"@id":"https:\/\/www.generalkinematics.com\/de\/produkt\/vibrating-tube-crusher-2\/#primaryimage"},"image":{"@id":"https:\/\/www.generalkinematics.com\/de\/produkt\/vibrating-tube-crusher-2\/#primaryimage"},"thumbnailUrl":"https:\/\/media.generalkinematics.com\/wp-content\/uploads\/2015\/07\/IMG_2995.jpg","datePublished":"2015-05-12T12:49:04+00:00","dateModified":"2019-12-06T16:14:04+00:00","breadcrumb":{"@id":"https:\/\/www.generalkinematics.com\/de\/produkt\/vibrating-tube-crusher-2\/#breadcrumb"},"inLanguage":"de-DE","potentialAction":[{"@type":"ReadAction","target":["https:\/\/www.generalkinematics.com\/de\/produkt\/vibrating-tube-crusher-2\/"]}]},{"@type":"ImageObject","inLanguage":"de-DE","@id":"https:\/\/www.generalkinematics.com\/de\/produkt\/vibrating-tube-crusher-2\/#primaryimage","url":"https:\/\/media.generalkinematics.com\/wp-content\/uploads\/2015\/07\/IMG_2995.jpg","contentUrl":"https:\/\/media.generalkinematics.com\/wp-content\/uploads\/2015\/07\/IMG_2995.jpg","width":2592,"height":1936,"caption":"general-kinematics-vibratory-tube-crusher"},{"@type":"BreadcrumbList","@id":"https:\/\/www.generalkinematics.com\/de\/produkt\/vibrating-tube-crusher-2\/#breadcrumb","itemListElement":[{"@type":"ListItem","position":1,"name":"GK Home","item":"https:\/\/www.generalkinematics.com\/de\/"},{"@type":"ListItem","position":2,"name":"Shop","item":"https:\/\/www.generalkinematics.com\/shop\/"},{"@type":"ListItem","position":3,"name":"HMG\u2122-Vibrations-Rohrbrecher"}]},{"@type":"WebSite","@id":"https:\/\/www.generalkinematics.com\/de\/#website","url":"https:\/\/www.generalkinematics.com\/de\/","name":"General Kinematics","description":"","publisher":{"@id":"https:\/\/www.generalkinematics.com\/de\/#organization"},"potentialAction":[{"@type":"SearchAction","target":{"@type":"EntryPoint","urlTemplate":"https:\/\/www.generalkinematics.com\/de\/?s={search_term_string}"},"query-input":{"@type":"PropertyValueSpecification","valueRequired":true,"valueName":"search_term_string"}}],"inLanguage":"de-DE"},{"@type":"Organization","@id":"https:\/\/www.generalkinematics.com\/de\/#organization","name":"General Kinematics","url":"https:\/\/www.generalkinematics.com\/de\/","logo":{"@type":"ImageObject","inLanguage":"de-DE","@id":"https:\/\/www.generalkinematics.com\/de\/#\/schema\/logo\/image\/","url":"https:\/\/media.generalkinematics.com\/wp-content\/uploads\/2018\/03\/logo.png","contentUrl":"https:\/\/media.generalkinematics.com\/wp-content\/uploads\/2018\/03\/logo.png","width":313,"height":100,"caption":"General Kinematics"},"image":{"@id":"https:\/\/www.generalkinematics.com\/de\/#\/schema\/logo\/image\/"},"sameAs":["https:\/\/www.facebook.com\/generalkinematics","https:\/\/x.com\/gkvibrating"]}]}},"_links":{"self":[{"href":"https:\/\/www.generalkinematics.com\/de\/wp-json\/wp\/v2\/product\/38595","targetHints":{"allow":["GET"]}}],"collection":[{"href":"https:\/\/www.generalkinematics.com\/de\/wp-json\/wp\/v2\/product"}],"about":[{"href":"https:\/\/www.generalkinematics.com\/de\/wp-json\/wp\/v2\/types\/product"}],"replies":[{"embeddable":true,"href":"https:\/\/www.generalkinematics.com\/de\/wp-json\/wp\/v2\/comments?post=38595"}],"wp:featuredmedia":[{"embeddable":true,"href":"https:\/\/www.generalkinematics.com\/de\/wp-json\/wp\/v2\/media\/25207"}],"wp:attachment":[{"href":"https:\/\/www.generalkinematics.com\/de\/wp-json\/wp\/v2\/media?parent=38595"}],"wp:term":[{"taxonomy":"product_brand","embeddable":true,"href":"https:\/\/www.generalkinematics.com\/de\/wp-json\/wp\/v2\/product_brand?post=38595"},{"taxonomy":"product_cat","embeddable":true,"href":"https:\/\/www.generalkinematics.com\/de\/wp-json\/wp\/v2\/product_cat?post=38595"},{"taxonomy":"product_tag","embeddable":true,"href":"https:\/\/www.generalkinematics.com\/de\/wp-json\/wp\/v2\/product_tag?post=38595"}],"curies":[{"name":"wp","href":"https:\/\/api.w.org\/{rel}","templated":true}]}}