{"id":38619,"date":"2015-05-12T08:06:13","date_gmt":"2015-05-12T13:06:13","guid":{"rendered":"https:\/\/www.generalkinematics.com\/product\/vibra-pack-versand-containerverdichter\/"},"modified":"2018-08-31T16:19:28","modified_gmt":"2018-08-31T21:19:28","slug":"vibra-pack-versand-containerverdichter","status":"publish","type":"product","link":"https:\/\/www.generalkinematics.com\/de\/produkt\/vibra-pack-versand-containerverdichter\/","title":{"rendered":"VIBRA-PACK\u00ae-Versand-Containerverdichter"},"content":{"rendered":"<p><strong>VIBRA-PACK\u00ae-<\/strong>f\u00fcllt Ihre Sch\u00fcttgut-Container auf das volle Volumen aus:<\/p>\n<ul>\n<li>Sie bewegen gr\u00f6\u00dfere Nutzlasten.<\/li>\n<li>Sie verwenden weniger Container pro Bestellung.<\/li>\n<li>Sie verringern drastisch die Gesamtversandkosten.<\/li>\n<\/ul>\n<p>&nbsp;<\/p>\n<h2>Eigenschaften:<\/h2>\n<ul>\n<li>Wird direkt am Container auf dem Anh\u00e4nger befestigt, keine speziellen Container oder Equipment erforderlich.<\/li>\n<li>Manuelle oder hydraulische Klammern verf\u00fcgbar.<\/li>\n<li>Optionaler Scherenhubtisch f\u00fcr die H\u00f6heneinstellung, passend f\u00fcr eine Vielzahl von Anh\u00e4ngerkonfigurationen.<\/li>\n<\/ul>\n","protected":false},"excerpt":{"rendered":"<p>VIBRA-PACK\u00ae-f\u00fcllt Ihre Sch\u00fcttgut-Container auf das volle Volumen aus: Sie bewegen gr\u00f6\u00dfere Nutzlasten. Sie verwenden weniger Container pro Bestellung. Sie verringern drastisch die Gesamtversandkosten. &nbsp; Eigenschaften: Wird direkt am Container auf dem Anh\u00e4nger befestigt, keine speziellen Container oder Equipment erforderlich. Manuelle oder hydraulische Klammern verf\u00fcgbar. Optionaler Scherenhubtisch f\u00fcr die H\u00f6heneinstellung, passend f\u00fcr eine Vielzahl von Anh\u00e4ngerkonfigurationen.<\/p>\n","protected":false},"featured_media":25327,"comment_status":"closed","ping_status":"closed","template":"","meta":{"_acf_changed":false,"om_disable_all_campaigns":false,"ep_exclude_from_search":false},"product_brand":[],"product_cat":[1761,1763],"product_tag":[],"class_list":{"0":"post-38619","1":"product","2":"type-product","3":"status-publish","4":"has-post-thumbnail","6":"product_cat-loesungen-fuer-schuettgutverarbeitung","7":"product_cat-verpackung-und-versand-ausrustung","9":"first","10":"instock","11":"taxable","12":"shipping-taxable","13":"product-type-simple"},"acf":[],"yoast_head":"<!-- This site is optimized with the Yoast SEO plugin v27.2 - https:\/\/yoast.com\/product\/yoast-seo-wordpress\/ -->\n<title>VIBRA-PACK\u00ae-Versand-Containerverdichter | General Kinematics<\/title>\n<meta name=\"robots\" content=\"index, follow, max-snippet:-1, max-image-preview:large, max-video-preview:-1\" \/>\n<link rel=\"canonical\" href=\"https:\/\/www.generalkinematics.com\/de\/produkt\/vibra-pack-versand-containerverdichter\/\" \/>\n<meta property=\"og:locale\" content=\"de_DE\" \/>\n<meta property=\"og:type\" content=\"article\" \/>\n<meta property=\"og:title\" content=\"VIBRA-PACK\u00ae-Versand-Containerverdichter | General Kinematics\" \/>\n<meta property=\"og:description\" content=\"VIBRA-PACK\u00ae-f\u00fcllt Ihre Sch\u00fcttgut-Container auf das volle Volumen aus: Sie bewegen gr\u00f6\u00dfere Nutzlasten. Sie verwenden weniger Container pro Bestellung. Sie verringern drastisch die Gesamtversandkosten. &nbsp; Eigenschaften: Wird direkt am Container auf dem Anh\u00e4nger befestigt, keine speziellen Container oder Equipment erforderlich. Manuelle oder hydraulische Klammern verf\u00fcgbar. Optionaler Scherenhubtisch f\u00fcr die H\u00f6heneinstellung, passend f\u00fcr eine Vielzahl von Anh\u00e4ngerkonfigurationen.\" \/>\n<meta property=\"og:url\" content=\"https:\/\/www.generalkinematics.com\/de\/produkt\/vibra-pack-versand-containerverdichter\/\" \/>\n<meta property=\"og:site_name\" content=\"General Kinematics\" \/>\n<meta property=\"article:publisher\" content=\"https:\/\/www.facebook.com\/generalkinematics\" \/>\n<meta property=\"article:modified_time\" content=\"2018-08-31T21:19:28+00:00\" \/>\n<meta property=\"og:image\" content=\"https:\/\/media.generalkinematics.com\/wp-content\/uploads\/2015\/05\/vibra-pack-installation.jpg\" \/>\n\t<meta property=\"og:image:width\" content=\"1216\" \/>\n\t<meta property=\"og:image:height\" content=\"816\" \/>\n\t<meta property=\"og:image:type\" content=\"image\/jpeg\" \/>\n<meta name=\"twitter:card\" content=\"summary_large_image\" \/>\n<meta name=\"twitter:site\" content=\"@gkvibrating\" \/>\n<!-- \/ Yoast SEO plugin. -->","yoast_head_json":{"title":"VIBRA-PACK\u00ae-Versand-Containerverdichter | General Kinematics","robots":{"index":"index","follow":"follow","max-snippet":"max-snippet:-1","max-image-preview":"max-image-preview:large","max-video-preview":"max-video-preview:-1"},"canonical":"https:\/\/www.generalkinematics.com\/de\/produkt\/vibra-pack-versand-containerverdichter\/","og_locale":"de_DE","og_type":"article","og_title":"VIBRA-PACK\u00ae-Versand-Containerverdichter | General Kinematics","og_description":"VIBRA-PACK\u00ae-f\u00fcllt Ihre Sch\u00fcttgut-Container auf das volle Volumen aus: Sie bewegen gr\u00f6\u00dfere Nutzlasten. Sie verwenden weniger Container pro Bestellung. Sie verringern drastisch die Gesamtversandkosten. &nbsp; Eigenschaften: Wird direkt am Container auf dem Anh\u00e4nger befestigt, keine speziellen Container oder Equipment erforderlich. Manuelle oder hydraulische Klammern verf\u00fcgbar. Optionaler Scherenhubtisch f\u00fcr die H\u00f6heneinstellung, passend f\u00fcr eine Vielzahl von Anh\u00e4ngerkonfigurationen.","og_url":"https:\/\/www.generalkinematics.com\/de\/produkt\/vibra-pack-versand-containerverdichter\/","og_site_name":"General Kinematics","article_publisher":"https:\/\/www.facebook.com\/generalkinematics","article_modified_time":"2018-08-31T21:19:28+00:00","og_image":[{"width":1216,"height":816,"url":"https:\/\/media.generalkinematics.com\/wp-content\/uploads\/2015\/05\/vibra-pack-installation.jpg","type":"image\/jpeg"}],"twitter_card":"summary_large_image","twitter_site":"@gkvibrating","schema":{"@context":"https:\/\/schema.org","@graph":[{"@type":"WebPage","@id":"https:\/\/www.generalkinematics.com\/de\/produkt\/vibra-pack-versand-containerverdichter\/","url":"https:\/\/www.generalkinematics.com\/de\/produkt\/vibra-pack-versand-containerverdichter\/","name":"VIBRA-PACK\u00ae-Versand-Containerverdichter | General Kinematics","isPartOf":{"@id":"https:\/\/www.generalkinematics.com\/de\/#website"},"primaryImageOfPage":{"@id":"https:\/\/www.generalkinematics.com\/de\/produkt\/vibra-pack-versand-containerverdichter\/#primaryimage"},"image":{"@id":"https:\/\/www.generalkinematics.com\/de\/produkt\/vibra-pack-versand-containerverdichter\/#primaryimage"},"thumbnailUrl":"https:\/\/media.generalkinematics.com\/wp-content\/uploads\/2015\/05\/vibra-pack-installation.jpg","datePublished":"2015-05-12T13:06:13+00:00","dateModified":"2018-08-31T21:19:28+00:00","breadcrumb":{"@id":"https:\/\/www.generalkinematics.com\/de\/produkt\/vibra-pack-versand-containerverdichter\/#breadcrumb"},"inLanguage":"de-DE","potentialAction":[{"@type":"ReadAction","target":["https:\/\/www.generalkinematics.com\/de\/produkt\/vibra-pack-versand-containerverdichter\/"]}]},{"@type":"ImageObject","inLanguage":"de-DE","@id":"https:\/\/www.generalkinematics.com\/de\/produkt\/vibra-pack-versand-containerverdichter\/#primaryimage","url":"https:\/\/media.generalkinematics.com\/wp-content\/uploads\/2015\/05\/vibra-pack-installation.jpg","contentUrl":"https:\/\/media.generalkinematics.com\/wp-content\/uploads\/2015\/05\/vibra-pack-installation.jpg","width":1216,"height":816,"caption":"general-kinematics-vibra-pack-installation"},{"@type":"BreadcrumbList","@id":"https:\/\/www.generalkinematics.com\/de\/produkt\/vibra-pack-versand-containerverdichter\/#breadcrumb","itemListElement":[{"@type":"ListItem","position":1,"name":"GK Home","item":"https:\/\/www.generalkinematics.com\/de\/"},{"@type":"ListItem","position":2,"name":"Shop","item":"https:\/\/www.generalkinematics.com\/shop\/"},{"@type":"ListItem","position":3,"name":"VIBRA-PACK\u00ae-Versand-Containerverdichter"}]},{"@type":"WebSite","@id":"https:\/\/www.generalkinematics.com\/de\/#website","url":"https:\/\/www.generalkinematics.com\/de\/","name":"General Kinematics","description":"","publisher":{"@id":"https:\/\/www.generalkinematics.com\/de\/#organization"},"potentialAction":[{"@type":"SearchAction","target":{"@type":"EntryPoint","urlTemplate":"https:\/\/www.generalkinematics.com\/de\/?s={search_term_string}"},"query-input":{"@type":"PropertyValueSpecification","valueRequired":true,"valueName":"search_term_string"}}],"inLanguage":"de-DE"},{"@type":"Organization","@id":"https:\/\/www.generalkinematics.com\/de\/#organization","name":"General Kinematics","url":"https:\/\/www.generalkinematics.com\/de\/","logo":{"@type":"ImageObject","inLanguage":"de-DE","@id":"https:\/\/www.generalkinematics.com\/de\/#\/schema\/logo\/image\/","url":"https:\/\/media.generalkinematics.com\/wp-content\/uploads\/2018\/03\/logo.png","contentUrl":"https:\/\/media.generalkinematics.com\/wp-content\/uploads\/2018\/03\/logo.png","width":313,"height":100,"caption":"General Kinematics"},"image":{"@id":"https:\/\/www.generalkinematics.com\/de\/#\/schema\/logo\/image\/"},"sameAs":["https:\/\/www.facebook.com\/generalkinematics","https:\/\/x.com\/gkvibrating"]}]}},"_links":{"self":[{"href":"https:\/\/www.generalkinematics.com\/de\/wp-json\/wp\/v2\/product\/38619","targetHints":{"allow":["GET"]}}],"collection":[{"href":"https:\/\/www.generalkinematics.com\/de\/wp-json\/wp\/v2\/product"}],"about":[{"href":"https:\/\/www.generalkinematics.com\/de\/wp-json\/wp\/v2\/types\/product"}],"replies":[{"embeddable":true,"href":"https:\/\/www.generalkinematics.com\/de\/wp-json\/wp\/v2\/comments?post=38619"}],"wp:featuredmedia":[{"embeddable":true,"href":"https:\/\/www.generalkinematics.com\/de\/wp-json\/wp\/v2\/media\/25327"}],"wp:attachment":[{"href":"https:\/\/www.generalkinematics.com\/de\/wp-json\/wp\/v2\/media?parent=38619"}],"wp:term":[{"taxonomy":"product_brand","embeddable":true,"href":"https:\/\/www.generalkinematics.com\/de\/wp-json\/wp\/v2\/product_brand?post=38619"},{"taxonomy":"product_cat","embeddable":true,"href":"https:\/\/www.generalkinematics.com\/de\/wp-json\/wp\/v2\/product_cat?post=38619"},{"taxonomy":"product_tag","embeddable":true,"href":"https:\/\/www.generalkinematics.com\/de\/wp-json\/wp\/v2\/product_tag?post=38619"}],"curies":[{"name":"wp","href":"https:\/\/api.w.org\/{rel}","templated":true}]}}