{"id":38631,"date":"2015-05-12T08:11:17","date_gmt":"2015-05-12T13:11:17","guid":{"rendered":"https:\/\/www.generalkinematics.com\/product\/load-rite-container-beladesysteme\/"},"modified":"2018-08-31T16:04:30","modified_gmt":"2018-08-31T21:04:30","slug":"load-rite-container-beladesysteme-gk","status":"publish","type":"product","link":"https:\/\/www.generalkinematics.com\/de\/produkt\/load-rite-container-beladesysteme-gk\/","title":{"rendered":"LOAD-RITE\u2122-Container-Beladesysteme"},"content":{"rendered":"<p>Die verbliebenen Freir\u00e4ume in Containern zu maximieren ist wichtig, um Ihre Rentabilit\u00e4t jeder Containerladung zu maximieren.<\/p>\n<p>GKs <strong>LOAD-RITE\u2122-Container-Beladesysteme<\/strong> erm\u00f6glicht es Ihnen, das Versandgewicht Ihres Containers beim Beladen von hinten nach vorne zu maximieren. Das Material wird direkt auf GKs Heavy Duty PARA-MOUNT II\u00ae-Vibrations-Beschickungsanlage geladen und gleichm\u00e4\u00dfig auf ein F\u00f6rderband verteilt, das in den Container gef\u00fchrt wird. Wenn der Stapler langsam vorw\u00e4rts f\u00e4hrt, wird der Container kontinuierlich durch das Band bis zum Maximum beladen.<\/p>\n<p>GK liefert Systeme basierend auf Ihrer spezifischen Anwendung.<\/p>\n<h2>Eisenschredder:<\/h2>\n<ul>\n<li>20 oder 40 Fu\u00df-\u00dcberseecontainer<\/li>\n<li>22.500 t in weniger als 10 Minuten verladen<\/li>\n<li>Bunker in Standardgr\u00f6\u00dfe passend f\u00fcr den Schaufellader<\/li>\n<li>Vibrations-Zwei-Massen-Beschickungsanlage zur Minimierung von Br\u00fcckenbildung und Sch\u00fcttgutansammlungen<\/li>\n<li>Sanfter \u00dcbergang auf Hochgeschwindigkeitsf\u00f6rdergurte<\/li>\n<li>Optionale Bandwaage f\u00fcr pr\u00e4zise Kontrolle<\/li>\n<\/ul>\n<p>&nbsp;<\/p>\n<h2>Eigenschaften:<\/h2>\n<ul>\n<li>Heavy-Duty-Beschickungsanlage widersteht schweren Aufschl\u00e4gen.<\/li>\n<li>Geringe Leistungsaufnahme reduziert den Energiebedarf.<\/li>\n<li>Die Systeme sind in fest- und schlitten-montierten Ausf\u00fchrungen erh\u00e4ltlich.<\/li>\n<\/ul>\n","protected":false},"excerpt":{"rendered":"<p>Die verbliebenen Freir\u00e4ume in Containern zu maximieren ist wichtig, um Ihre Rentabilit\u00e4t jeder Containerladung zu maximieren. GKs LOAD-RITE\u2122-Container-Beladesysteme erm\u00f6glicht es Ihnen, das Versandgewicht Ihres Containers beim Beladen von hinten nach vorne zu maximieren. Das Material wird direkt auf GKs Heavy Duty PARA-MOUNT II\u00ae-Vibrations-Beschickungsanlage geladen und gleichm\u00e4\u00dfig auf ein F\u00f6rderband verteilt, das in den Container gef\u00fchrt [&hellip;]<\/p>\n","protected":false},"featured_media":24959,"comment_status":"closed","ping_status":"closed","template":"","meta":{"_acf_changed":false,"om_disable_all_campaigns":false,"ep_exclude_from_search":false},"product_brand":[],"product_cat":[1761,1763],"product_tag":[],"class_list":{"0":"post-38631","1":"product","2":"type-product","3":"status-publish","4":"has-post-thumbnail","6":"product_cat-loesungen-fuer-schuettgutverarbeitung","7":"product_cat-verpackung-und-versand-ausrustung","9":"first","10":"instock","11":"taxable","12":"shipping-taxable","13":"product-type-simple"},"acf":[],"yoast_head":"<!-- This site is optimized with the Yoast SEO plugin v27.2 - https:\/\/yoast.com\/product\/yoast-seo-wordpress\/ -->\n<title>LOAD-RITE\u2122-Container-Beladesysteme | General Kinematics<\/title>\n<meta name=\"robots\" content=\"index, follow, max-snippet:-1, max-image-preview:large, max-video-preview:-1\" \/>\n<link rel=\"canonical\" href=\"https:\/\/www.generalkinematics.com\/de\/produkt\/load-rite-container-beladesysteme-gk\/\" \/>\n<meta property=\"og:locale\" content=\"de_DE\" \/>\n<meta property=\"og:type\" content=\"article\" \/>\n<meta property=\"og:title\" content=\"LOAD-RITE\u2122-Container-Beladesysteme | General Kinematics\" \/>\n<meta property=\"og:description\" content=\"Die verbliebenen Freir\u00e4ume in Containern zu maximieren ist wichtig, um Ihre Rentabilit\u00e4t jeder Containerladung zu maximieren. GKs LOAD-RITE\u2122-Container-Beladesysteme erm\u00f6glicht es Ihnen, das Versandgewicht Ihres Containers beim Beladen von hinten nach vorne zu maximieren. Das Material wird direkt auf GKs Heavy Duty PARA-MOUNT II\u00ae-Vibrations-Beschickungsanlage geladen und gleichm\u00e4\u00dfig auf ein F\u00f6rderband verteilt, das in den Container gef\u00fchrt [&hellip;]\" \/>\n<meta property=\"og:url\" content=\"https:\/\/www.generalkinematics.com\/de\/produkt\/load-rite-container-beladesysteme-gk\/\" \/>\n<meta property=\"og:site_name\" content=\"General Kinematics\" \/>\n<meta property=\"article:publisher\" content=\"https:\/\/www.facebook.com\/generalkinematics\" \/>\n<meta property=\"article:modified_time\" content=\"2018-08-31T21:04:30+00:00\" \/>\n<meta property=\"og:image\" content=\"https:\/\/media.generalkinematics.com\/wp-content\/uploads\/2015\/07\/IMG_2261.jpg\" \/>\n\t<meta property=\"og:image:width\" content=\"3264\" \/>\n\t<meta property=\"og:image:height\" content=\"2448\" \/>\n\t<meta property=\"og:image:type\" content=\"image\/jpeg\" \/>\n<meta name=\"twitter:card\" content=\"summary_large_image\" \/>\n<meta name=\"twitter:site\" content=\"@gkvibrating\" \/>\n<meta name=\"twitter:label1\" content=\"Gesch\u00e4tzte Lesezeit\" \/>\n\t<meta name=\"twitter:data1\" content=\"1 Minute\" \/>\n<!-- \/ Yoast SEO plugin. -->","yoast_head_json":{"title":"LOAD-RITE\u2122-Container-Beladesysteme | General Kinematics","robots":{"index":"index","follow":"follow","max-snippet":"max-snippet:-1","max-image-preview":"max-image-preview:large","max-video-preview":"max-video-preview:-1"},"canonical":"https:\/\/www.generalkinematics.com\/de\/produkt\/load-rite-container-beladesysteme-gk\/","og_locale":"de_DE","og_type":"article","og_title":"LOAD-RITE\u2122-Container-Beladesysteme | General Kinematics","og_description":"Die verbliebenen Freir\u00e4ume in Containern zu maximieren ist wichtig, um Ihre Rentabilit\u00e4t jeder Containerladung zu maximieren. GKs LOAD-RITE\u2122-Container-Beladesysteme erm\u00f6glicht es Ihnen, das Versandgewicht Ihres Containers beim Beladen von hinten nach vorne zu maximieren. Das Material wird direkt auf GKs Heavy Duty PARA-MOUNT II\u00ae-Vibrations-Beschickungsanlage geladen und gleichm\u00e4\u00dfig auf ein F\u00f6rderband verteilt, das in den Container gef\u00fchrt [&hellip;]","og_url":"https:\/\/www.generalkinematics.com\/de\/produkt\/load-rite-container-beladesysteme-gk\/","og_site_name":"General Kinematics","article_publisher":"https:\/\/www.facebook.com\/generalkinematics","article_modified_time":"2018-08-31T21:04:30+00:00","og_image":[{"width":3264,"height":2448,"url":"https:\/\/media.generalkinematics.com\/wp-content\/uploads\/2015\/07\/IMG_2261.jpg","type":"image\/jpeg"}],"twitter_card":"summary_large_image","twitter_site":"@gkvibrating","twitter_misc":{"Gesch\u00e4tzte Lesezeit":"1 Minute"},"schema":{"@context":"https:\/\/schema.org","@graph":[{"@type":"WebPage","@id":"https:\/\/www.generalkinematics.com\/de\/produkt\/load-rite-container-beladesysteme-gk\/","url":"https:\/\/www.generalkinematics.com\/de\/produkt\/load-rite-container-beladesysteme-gk\/","name":"LOAD-RITE\u2122-Container-Beladesysteme | General Kinematics","isPartOf":{"@id":"https:\/\/www.generalkinematics.com\/de\/#website"},"primaryImageOfPage":{"@id":"https:\/\/www.generalkinematics.com\/de\/produkt\/load-rite-container-beladesysteme-gk\/#primaryimage"},"image":{"@id":"https:\/\/www.generalkinematics.com\/de\/produkt\/load-rite-container-beladesysteme-gk\/#primaryimage"},"thumbnailUrl":"https:\/\/media.generalkinematics.com\/wp-content\/uploads\/2015\/07\/IMG_2261.jpg","datePublished":"2015-05-12T13:11:17+00:00","dateModified":"2018-08-31T21:04:30+00:00","breadcrumb":{"@id":"https:\/\/www.generalkinematics.com\/de\/produkt\/load-rite-container-beladesysteme-gk\/#breadcrumb"},"inLanguage":"de-DE","potentialAction":[{"@type":"ReadAction","target":["https:\/\/www.generalkinematics.com\/de\/produkt\/load-rite-container-beladesysteme-gk\/"]}]},{"@type":"ImageObject","inLanguage":"de-DE","@id":"https:\/\/www.generalkinematics.com\/de\/produkt\/load-rite-container-beladesysteme-gk\/#primaryimage","url":"https:\/\/media.generalkinematics.com\/wp-content\/uploads\/2015\/07\/IMG_2261.jpg","contentUrl":"https:\/\/media.generalkinematics.com\/wp-content\/uploads\/2015\/07\/IMG_2261.jpg","width":3264,"height":2448,"caption":"general-kinematics-load-rite"},{"@type":"BreadcrumbList","@id":"https:\/\/www.generalkinematics.com\/de\/produkt\/load-rite-container-beladesysteme-gk\/#breadcrumb","itemListElement":[{"@type":"ListItem","position":1,"name":"GK Home","item":"https:\/\/www.generalkinematics.com\/de\/"},{"@type":"ListItem","position":2,"name":"Shop","item":"https:\/\/www.generalkinematics.com\/shop\/"},{"@type":"ListItem","position":3,"name":"LOAD-RITE\u2122-Container-Beladesysteme"}]},{"@type":"WebSite","@id":"https:\/\/www.generalkinematics.com\/de\/#website","url":"https:\/\/www.generalkinematics.com\/de\/","name":"General Kinematics","description":"","publisher":{"@id":"https:\/\/www.generalkinematics.com\/de\/#organization"},"potentialAction":[{"@type":"SearchAction","target":{"@type":"EntryPoint","urlTemplate":"https:\/\/www.generalkinematics.com\/de\/?s={search_term_string}"},"query-input":{"@type":"PropertyValueSpecification","valueRequired":true,"valueName":"search_term_string"}}],"inLanguage":"de-DE"},{"@type":"Organization","@id":"https:\/\/www.generalkinematics.com\/de\/#organization","name":"General Kinematics","url":"https:\/\/www.generalkinematics.com\/de\/","logo":{"@type":"ImageObject","inLanguage":"de-DE","@id":"https:\/\/www.generalkinematics.com\/de\/#\/schema\/logo\/image\/","url":"https:\/\/media.generalkinematics.com\/wp-content\/uploads\/2018\/03\/logo.png","contentUrl":"https:\/\/media.generalkinematics.com\/wp-content\/uploads\/2018\/03\/logo.png","width":313,"height":100,"caption":"General Kinematics"},"image":{"@id":"https:\/\/www.generalkinematics.com\/de\/#\/schema\/logo\/image\/"},"sameAs":["https:\/\/www.facebook.com\/generalkinematics","https:\/\/x.com\/gkvibrating"]}]}},"_links":{"self":[{"href":"https:\/\/www.generalkinematics.com\/de\/wp-json\/wp\/v2\/product\/38631","targetHints":{"allow":["GET"]}}],"collection":[{"href":"https:\/\/www.generalkinematics.com\/de\/wp-json\/wp\/v2\/product"}],"about":[{"href":"https:\/\/www.generalkinematics.com\/de\/wp-json\/wp\/v2\/types\/product"}],"replies":[{"embeddable":true,"href":"https:\/\/www.generalkinematics.com\/de\/wp-json\/wp\/v2\/comments?post=38631"}],"wp:featuredmedia":[{"embeddable":true,"href":"https:\/\/www.generalkinematics.com\/de\/wp-json\/wp\/v2\/media\/24959"}],"wp:attachment":[{"href":"https:\/\/www.generalkinematics.com\/de\/wp-json\/wp\/v2\/media?parent=38631"}],"wp:term":[{"taxonomy":"product_brand","embeddable":true,"href":"https:\/\/www.generalkinematics.com\/de\/wp-json\/wp\/v2\/product_brand?post=38631"},{"taxonomy":"product_cat","embeddable":true,"href":"https:\/\/www.generalkinematics.com\/de\/wp-json\/wp\/v2\/product_cat?post=38631"},{"taxonomy":"product_tag","embeddable":true,"href":"https:\/\/www.generalkinematics.com\/de\/wp-json\/wp\/v2\/product_tag?post=38631"}],"curies":[{"name":"wp","href":"https:\/\/api.w.org\/{rel}","templated":true}]}}