{"id":38646,"date":"2015-05-12T08:21:26","date_gmt":"2015-05-12T13:21:26","guid":{"rendered":"https:\/\/www.generalkinematics.com\/product\/verdichtungstische-2\/"},"modified":"2018-08-31T16:14:04","modified_gmt":"2018-08-31T21:14:04","slug":"gk-verdichtungstisch","status":"publish","type":"product","link":"https:\/\/www.generalkinematics.com\/de\/produkt\/gk-verdichtungstisch\/","title":{"rendered":"Verdichtungstische"},"content":{"rendered":"<p>Die von General Kinematics hergestellten <strong>Verdichtungstische<\/strong> erzeugen konstante kontrollierte Bewegungen, die die Produktverdichtung optimieren, um das Absetzen w\u00e4hrend des Transports zu verhindern. Vibrations-Verdichtungstische sind in einer Vielzahl von Gr\u00f6\u00dfen mit verschiedenen Steuerungs- und Bedienfunktionen erh\u00e4ltlich, die jeweils auf Ihr spezifisches Produkt und Ihren Prozess abgestimmt sind<\/p>\n<h2>Eigenschaften:<\/h2>\n<ul>\n<li>Flache, kompakte Ein-Massen-Systeme, ideal f\u00fcr den Einsatz in Rollenbahnlinien.<\/li>\n<li>Robuste Zwei-Massen-Tische, die bis zu 50 Tonnen schwere Lasten mit weniger als 7,4 KW Leistung verdichten k\u00f6nnen.<\/li>\n<li>Lastsensoren-Funktion zur automatischen Kompensation von Produktgewichts\u00e4nderungen.<\/li>\n<li>Vollst\u00e4ndig gekapselte Motoren und Antriebssysteme zur Minimierung der Instandhaltung.<\/li>\n<\/ul>\n","protected":false},"excerpt":{"rendered":"<p>Die von General Kinematics hergestellten Verdichtungstische erzeugen konstante kontrollierte Bewegungen, die die Produktverdichtung optimieren, um das Absetzen w\u00e4hrend des Transports zu verhindern. Vibrations-Verdichtungstische sind in einer Vielzahl von Gr\u00f6\u00dfen mit verschiedenen Steuerungs- und Bedienfunktionen erh\u00e4ltlich, die jeweils auf Ihr spezifisches Produkt und Ihren Prozess abgestimmt sind Eigenschaften: Flache, kompakte Ein-Massen-Systeme, ideal f\u00fcr den Einsatz in [&hellip;]<\/p>\n","protected":false},"featured_media":23219,"comment_status":"closed","ping_status":"closed","template":"","meta":{"_acf_changed":false,"om_disable_all_campaigns":false,"ep_exclude_from_search":false},"product_brand":[],"product_cat":[1761,1763],"product_tag":[],"class_list":{"0":"post-38646","1":"product","2":"type-product","3":"status-publish","4":"has-post-thumbnail","6":"product_cat-loesungen-fuer-schuettgutverarbeitung","7":"product_cat-verpackung-und-versand-ausrustung","9":"first","10":"instock","11":"taxable","12":"shipping-taxable","13":"product-type-simple"},"acf":[],"yoast_head":"<!-- This site is optimized with the Yoast SEO plugin v27.2 - https:\/\/yoast.com\/product\/yoast-seo-wordpress\/ -->\n<title>Verdichtungstische | General Kinematics<\/title>\n<meta name=\"robots\" content=\"index, follow, max-snippet:-1, max-image-preview:large, max-video-preview:-1\" \/>\n<link rel=\"canonical\" href=\"https:\/\/www.generalkinematics.com\/de\/produkt\/gk-verdichtungstisch\/\" \/>\n<meta property=\"og:locale\" content=\"de_DE\" \/>\n<meta property=\"og:type\" content=\"article\" \/>\n<meta property=\"og:title\" content=\"Verdichtungstische | General Kinematics\" \/>\n<meta property=\"og:description\" content=\"Die von General Kinematics hergestellten Verdichtungstische erzeugen konstante kontrollierte Bewegungen, die die Produktverdichtung optimieren, um das Absetzen w\u00e4hrend des Transports zu verhindern. Vibrations-Verdichtungstische sind in einer Vielzahl von Gr\u00f6\u00dfen mit verschiedenen Steuerungs- und Bedienfunktionen erh\u00e4ltlich, die jeweils auf Ihr spezifisches Produkt und Ihren Prozess abgestimmt sind Eigenschaften: Flache, kompakte Ein-Massen-Systeme, ideal f\u00fcr den Einsatz in [&hellip;]\" \/>\n<meta property=\"og:url\" content=\"https:\/\/www.generalkinematics.com\/de\/produkt\/gk-verdichtungstisch\/\" \/>\n<meta property=\"og:site_name\" content=\"General Kinematics\" \/>\n<meta property=\"article:publisher\" content=\"https:\/\/www.facebook.com\/generalkinematics\" \/>\n<meta property=\"article:modified_time\" content=\"2018-08-31T21:14:04+00:00\" \/>\n<meta property=\"og:image\" content=\"https:\/\/media.generalkinematics.com\/wp-content\/uploads\/2015\/05\/Vulcan-Mercury-compaction-table-3.jpg\" \/>\n\t<meta property=\"og:image:width\" content=\"640\" \/>\n\t<meta property=\"og:image:height\" content=\"480\" \/>\n\t<meta property=\"og:image:type\" content=\"image\/jpeg\" \/>\n<meta name=\"twitter:card\" content=\"summary_large_image\" \/>\n<meta name=\"twitter:site\" content=\"@gkvibrating\" \/>\n<!-- \/ Yoast SEO plugin. -->","yoast_head_json":{"title":"Verdichtungstische | General Kinematics","robots":{"index":"index","follow":"follow","max-snippet":"max-snippet:-1","max-image-preview":"max-image-preview:large","max-video-preview":"max-video-preview:-1"},"canonical":"https:\/\/www.generalkinematics.com\/de\/produkt\/gk-verdichtungstisch\/","og_locale":"de_DE","og_type":"article","og_title":"Verdichtungstische | General Kinematics","og_description":"Die von General Kinematics hergestellten Verdichtungstische erzeugen konstante kontrollierte Bewegungen, die die Produktverdichtung optimieren, um das Absetzen w\u00e4hrend des Transports zu verhindern. Vibrations-Verdichtungstische sind in einer Vielzahl von Gr\u00f6\u00dfen mit verschiedenen Steuerungs- und Bedienfunktionen erh\u00e4ltlich, die jeweils auf Ihr spezifisches Produkt und Ihren Prozess abgestimmt sind Eigenschaften: Flache, kompakte Ein-Massen-Systeme, ideal f\u00fcr den Einsatz in [&hellip;]","og_url":"https:\/\/www.generalkinematics.com\/de\/produkt\/gk-verdichtungstisch\/","og_site_name":"General Kinematics","article_publisher":"https:\/\/www.facebook.com\/generalkinematics","article_modified_time":"2018-08-31T21:14:04+00:00","og_image":[{"width":640,"height":480,"url":"https:\/\/media.generalkinematics.com\/wp-content\/uploads\/2015\/05\/Vulcan-Mercury-compaction-table-3.jpg","type":"image\/jpeg"}],"twitter_card":"summary_large_image","twitter_site":"@gkvibrating","schema":{"@context":"https:\/\/schema.org","@graph":[{"@type":"WebPage","@id":"https:\/\/www.generalkinematics.com\/de\/produkt\/gk-verdichtungstisch\/","url":"https:\/\/www.generalkinematics.com\/de\/produkt\/gk-verdichtungstisch\/","name":"Verdichtungstische | General Kinematics","isPartOf":{"@id":"https:\/\/www.generalkinematics.com\/de\/#website"},"primaryImageOfPage":{"@id":"https:\/\/www.generalkinematics.com\/de\/produkt\/gk-verdichtungstisch\/#primaryimage"},"image":{"@id":"https:\/\/www.generalkinematics.com\/de\/produkt\/gk-verdichtungstisch\/#primaryimage"},"thumbnailUrl":"https:\/\/media.generalkinematics.com\/wp-content\/uploads\/2015\/05\/Vulcan-Mercury-compaction-table-3.jpg","datePublished":"2015-05-12T13:21:26+00:00","dateModified":"2018-08-31T21:14:04+00:00","breadcrumb":{"@id":"https:\/\/www.generalkinematics.com\/de\/produkt\/gk-verdichtungstisch\/#breadcrumb"},"inLanguage":"de-DE","potentialAction":[{"@type":"ReadAction","target":["https:\/\/www.generalkinematics.com\/de\/produkt\/gk-verdichtungstisch\/"]}]},{"@type":"ImageObject","inLanguage":"de-DE","@id":"https:\/\/www.generalkinematics.com\/de\/produkt\/gk-verdichtungstisch\/#primaryimage","url":"https:\/\/media.generalkinematics.com\/wp-content\/uploads\/2015\/05\/Vulcan-Mercury-compaction-table-3.jpg","contentUrl":"https:\/\/media.generalkinematics.com\/wp-content\/uploads\/2015\/05\/Vulcan-Mercury-compaction-table-3.jpg","width":640,"height":480,"caption":"general-kinematics-compaction-table"},{"@type":"BreadcrumbList","@id":"https:\/\/www.generalkinematics.com\/de\/produkt\/gk-verdichtungstisch\/#breadcrumb","itemListElement":[{"@type":"ListItem","position":1,"name":"GK Home","item":"https:\/\/www.generalkinematics.com\/de\/"},{"@type":"ListItem","position":2,"name":"Shop","item":"https:\/\/www.generalkinematics.com\/shop\/"},{"@type":"ListItem","position":3,"name":"Verdichtungstische"}]},{"@type":"WebSite","@id":"https:\/\/www.generalkinematics.com\/de\/#website","url":"https:\/\/www.generalkinematics.com\/de\/","name":"General Kinematics","description":"","publisher":{"@id":"https:\/\/www.generalkinematics.com\/de\/#organization"},"potentialAction":[{"@type":"SearchAction","target":{"@type":"EntryPoint","urlTemplate":"https:\/\/www.generalkinematics.com\/de\/?s={search_term_string}"},"query-input":{"@type":"PropertyValueSpecification","valueRequired":true,"valueName":"search_term_string"}}],"inLanguage":"de-DE"},{"@type":"Organization","@id":"https:\/\/www.generalkinematics.com\/de\/#organization","name":"General Kinematics","url":"https:\/\/www.generalkinematics.com\/de\/","logo":{"@type":"ImageObject","inLanguage":"de-DE","@id":"https:\/\/www.generalkinematics.com\/de\/#\/schema\/logo\/image\/","url":"https:\/\/media.generalkinematics.com\/wp-content\/uploads\/2018\/03\/logo.png","contentUrl":"https:\/\/media.generalkinematics.com\/wp-content\/uploads\/2018\/03\/logo.png","width":313,"height":100,"caption":"General Kinematics"},"image":{"@id":"https:\/\/www.generalkinematics.com\/de\/#\/schema\/logo\/image\/"},"sameAs":["https:\/\/www.facebook.com\/generalkinematics","https:\/\/x.com\/gkvibrating"]}]}},"_links":{"self":[{"href":"https:\/\/www.generalkinematics.com\/de\/wp-json\/wp\/v2\/product\/38646","targetHints":{"allow":["GET"]}}],"collection":[{"href":"https:\/\/www.generalkinematics.com\/de\/wp-json\/wp\/v2\/product"}],"about":[{"href":"https:\/\/www.generalkinematics.com\/de\/wp-json\/wp\/v2\/types\/product"}],"replies":[{"embeddable":true,"href":"https:\/\/www.generalkinematics.com\/de\/wp-json\/wp\/v2\/comments?post=38646"}],"wp:featuredmedia":[{"embeddable":true,"href":"https:\/\/www.generalkinematics.com\/de\/wp-json\/wp\/v2\/media\/23219"}],"wp:attachment":[{"href":"https:\/\/www.generalkinematics.com\/de\/wp-json\/wp\/v2\/media?parent=38646"}],"wp:term":[{"taxonomy":"product_brand","embeddable":true,"href":"https:\/\/www.generalkinematics.com\/de\/wp-json\/wp\/v2\/product_brand?post=38646"},{"taxonomy":"product_cat","embeddable":true,"href":"https:\/\/www.generalkinematics.com\/de\/wp-json\/wp\/v2\/product_cat?post=38646"},{"taxonomy":"product_tag","embeddable":true,"href":"https:\/\/www.generalkinematics.com\/de\/wp-json\/wp\/v2\/product_tag?post=38646"}],"curies":[{"name":"wp","href":"https:\/\/api.w.org\/{rel}","templated":true}]}}