{"id":38653,"date":"2015-05-12T08:26:53","date_gmt":"2015-05-12T13:26:53","guid":{"rendered":"https:\/\/www.generalkinematics.com\/product\/vibra-belt-vibrations-fordergurt\/"},"modified":"2018-08-31T10:30:10","modified_gmt":"2018-08-31T15:30:10","slug":"vibra-belt-vibrations-fordergurt","status":"publish","type":"product","link":"https:\/\/www.generalkinematics.com\/de\/produkt\/vibra-belt-vibrations-fordergurt\/","title":{"rendered":"VIBRA-BELT\u00ae Vibrations-F\u00f6rdergurt"},"content":{"rendered":"<p><strong>VIBRA-BELT\u00ae-Vibrationsf\u00f6rdergurte<\/strong> vereinen die besten Eigenschaften von Vibrationsf\u00f6rderern und F\u00f6rdergurten in einem \u00fcberlegenen Materialhandhabungskonzept.<\/p>\n<p>Der VIBRA-BELT\u00ae-Vibrationsf\u00f6rdergurt verf\u00fcgt \u00fcber eine flexible Mulde, die zwischen seinen R\u00e4ndern h\u00e4ngend eine Mulde bildet, und ist dem bew\u00e4hrten Vibrationsf\u00f6rdererantrieb und Antriebssystemkomponenten von General Kinematics ausgestattet. Das Ergebnis ist ein verbessertes F\u00f6rdergurtsystem, das sich an eine Vielzahl von Materialien und Betriebsbedingungen anpassen l\u00e4sst und die unvergleichliche Zuverl\u00e4ssigkeit und Sauberkeit von Vibrations-Equipment beinhaltet.<\/p>\n<p>Die flexible F\u00f6rdergurtfl\u00e4che kann aus verschiedenen Materialien hergestellt werden, einschlie\u00dflich Edelstahl, um hei\u00dfe, klebrige, zerbrechliche oder andere \u201eschwierig handzuhabende\u201c Materialien erfolgreich handzuhaben. VIBRA-BELT\u00ae-Einheiten sind, abh\u00e4ngig von Ihrer Anwendung, in L\u00e4ngen von bis zu 100 m und in variablen Breiten erh\u00e4ltlich.<\/p>\n<h2>Eigenschaften:<\/h2>\n<ul>\n<li>Ideal f\u00fcr Materialien, die dazu neigen, an einer metallischen Trogoberfl\u00e4che h\u00e4ngen zu bleiben, weil die Vibrationsbewegung daf\u00fcr sorgt, dass sich der aufgeh\u00e4ngte Trog biegt, wodurch Materialablagerungen wieder gel\u00f6st werden.<\/li>\n<li>Niedrige, kompakte Bauweise, die dort passt, wo andere F\u00f6rderer nicht installiert werden k\u00f6nnen.<\/li>\n<li>Keine Gurtf\u00fchrungsprobleme oder zu schmierende und wartende F\u00f6rderrollen. Es muss nur ein einziger Vibrationsf\u00f6rderer-Exzenterantrieb regelm\u00e4\u00dfig geschmiert werden.<\/li>\n<li>Die Materialf\u00f6rdergeschwindigkeiten k\u00f6nnen fest oder einstellbar sein.<\/li>\n<li>Staubdichte und bel\u00fcftete Bauweisen sind verf\u00fcgbar.<\/li>\n<\/ul>\n","protected":false},"excerpt":{"rendered":"<p>VIBRA-BELT\u00ae-Vibrationsf\u00f6rdergurte vereinen die besten Eigenschaften von Vibrationsf\u00f6rderern und F\u00f6rdergurten in einem \u00fcberlegenen Materialhandhabungskonzept. Der VIBRA-BELT\u00ae-Vibrationsf\u00f6rdergurt verf\u00fcgt \u00fcber eine flexible Mulde, die zwischen seinen R\u00e4ndern h\u00e4ngend eine Mulde bildet, und ist dem bew\u00e4hrten Vibrationsf\u00f6rdererantrieb und Antriebssystemkomponenten von General Kinematics ausgestattet. Das Ergebnis ist ein verbessertes F\u00f6rdergurtsystem, das sich an eine Vielzahl von Materialien und Betriebsbedingungen anpassen [&hellip;]<\/p>\n","protected":false},"featured_media":25295,"comment_status":"closed","ping_status":"closed","template":"","meta":{"_acf_changed":false,"om_disable_all_campaigns":false,"ep_exclude_from_search":false},"product_brand":[],"product_cat":[1769,1761,1782,1781,1779,1766],"product_tag":[],"class_list":{"0":"post-38653","1":"product","2":"type-product","3":"status-publish","4":"has-post-thumbnail","6":"product_cat-lordungen-fuer-giesserei-und-metallguss","7":"product_cat-loesungen-fuer-schuettgutverarbeitung","8":"product_cat-sand-verarbeitung-und-handhabung","9":"product_cat-sandfoerder-und-siebanlagen","10":"product_cat-sandsysteme-sandaufbereitung","11":"product_cat-vibrierende-foerdererrinne","13":"first","14":"instock","15":"taxable","16":"shipping-taxable","17":"product-type-simple"},"acf":[],"yoast_head":"<!-- This site is optimized with the Yoast SEO plugin v27.2 - https:\/\/yoast.com\/product\/yoast-seo-wordpress\/ -->\n<title>VIBRA-BELT\u00ae Vibrations-F\u00f6rdergurt | General Kinematics<\/title>\n<meta name=\"robots\" content=\"index, follow, max-snippet:-1, max-image-preview:large, max-video-preview:-1\" \/>\n<link rel=\"canonical\" href=\"https:\/\/www.generalkinematics.com\/de\/produkt\/vibra-belt-vibrations-fordergurt\/\" \/>\n<meta property=\"og:locale\" content=\"de_DE\" \/>\n<meta property=\"og:type\" content=\"article\" \/>\n<meta property=\"og:title\" content=\"VIBRA-BELT\u00ae Vibrations-F\u00f6rdergurt | General Kinematics\" \/>\n<meta property=\"og:description\" content=\"VIBRA-BELT\u00ae-Vibrationsf\u00f6rdergurte vereinen die besten Eigenschaften von Vibrationsf\u00f6rderern und F\u00f6rdergurten in einem \u00fcberlegenen Materialhandhabungskonzept. Der VIBRA-BELT\u00ae-Vibrationsf\u00f6rdergurt verf\u00fcgt \u00fcber eine flexible Mulde, die zwischen seinen R\u00e4ndern h\u00e4ngend eine Mulde bildet, und ist dem bew\u00e4hrten Vibrationsf\u00f6rdererantrieb und Antriebssystemkomponenten von General Kinematics ausgestattet. Das Ergebnis ist ein verbessertes F\u00f6rdergurtsystem, das sich an eine Vielzahl von Materialien und Betriebsbedingungen anpassen [&hellip;]\" \/>\n<meta property=\"og:url\" content=\"https:\/\/www.generalkinematics.com\/de\/produkt\/vibra-belt-vibrations-fordergurt\/\" \/>\n<meta property=\"og:site_name\" content=\"General Kinematics\" \/>\n<meta property=\"article:publisher\" content=\"https:\/\/www.facebook.com\/generalkinematics\" \/>\n<meta property=\"article:modified_time\" content=\"2018-08-31T15:30:10+00:00\" \/>\n<meta property=\"og:image\" content=\"https:\/\/www.generalkinematics.com\/wp-content\/uploads\/2015\/05\/Vibra-Belt-conveyors.jpg\" \/>\n\t<meta property=\"og:image:width\" content=\"1557\" \/>\n\t<meta property=\"og:image:height\" content=\"1024\" \/>\n\t<meta property=\"og:image:type\" content=\"image\/jpeg\" \/>\n<meta name=\"twitter:card\" content=\"summary_large_image\" \/>\n<meta name=\"twitter:site\" content=\"@gkvibrating\" \/>\n<meta name=\"twitter:label1\" content=\"Gesch\u00e4tzte Lesezeit\" \/>\n\t<meta name=\"twitter:data1\" content=\"1 Minute\" \/>\n<!-- \/ Yoast SEO plugin. -->","yoast_head_json":{"title":"VIBRA-BELT\u00ae Vibrations-F\u00f6rdergurt | General Kinematics","robots":{"index":"index","follow":"follow","max-snippet":"max-snippet:-1","max-image-preview":"max-image-preview:large","max-video-preview":"max-video-preview:-1"},"canonical":"https:\/\/www.generalkinematics.com\/de\/produkt\/vibra-belt-vibrations-fordergurt\/","og_locale":"de_DE","og_type":"article","og_title":"VIBRA-BELT\u00ae Vibrations-F\u00f6rdergurt | General Kinematics","og_description":"VIBRA-BELT\u00ae-Vibrationsf\u00f6rdergurte vereinen die besten Eigenschaften von Vibrationsf\u00f6rderern und F\u00f6rdergurten in einem \u00fcberlegenen Materialhandhabungskonzept. Der VIBRA-BELT\u00ae-Vibrationsf\u00f6rdergurt verf\u00fcgt \u00fcber eine flexible Mulde, die zwischen seinen R\u00e4ndern h\u00e4ngend eine Mulde bildet, und ist dem bew\u00e4hrten Vibrationsf\u00f6rdererantrieb und Antriebssystemkomponenten von General Kinematics ausgestattet. Das Ergebnis ist ein verbessertes F\u00f6rdergurtsystem, das sich an eine Vielzahl von Materialien und Betriebsbedingungen anpassen [&hellip;]","og_url":"https:\/\/www.generalkinematics.com\/de\/produkt\/vibra-belt-vibrations-fordergurt\/","og_site_name":"General Kinematics","article_publisher":"https:\/\/www.facebook.com\/generalkinematics","article_modified_time":"2018-08-31T15:30:10+00:00","og_image":[{"width":1557,"height":1024,"url":"https:\/\/www.generalkinematics.com\/wp-content\/uploads\/2015\/05\/Vibra-Belt-conveyors.jpg","type":"image\/jpeg"}],"twitter_card":"summary_large_image","twitter_site":"@gkvibrating","twitter_misc":{"Gesch\u00e4tzte Lesezeit":"1 Minute"},"schema":{"@context":"https:\/\/schema.org","@graph":[{"@type":"WebPage","@id":"https:\/\/www.generalkinematics.com\/de\/produkt\/vibra-belt-vibrations-fordergurt\/","url":"https:\/\/www.generalkinematics.com\/de\/produkt\/vibra-belt-vibrations-fordergurt\/","name":"VIBRA-BELT\u00ae Vibrations-F\u00f6rdergurt | General Kinematics","isPartOf":{"@id":"https:\/\/www.generalkinematics.com\/de\/#website"},"primaryImageOfPage":{"@id":"https:\/\/www.generalkinematics.com\/de\/produkt\/vibra-belt-vibrations-fordergurt\/#primaryimage"},"image":{"@id":"https:\/\/www.generalkinematics.com\/de\/produkt\/vibra-belt-vibrations-fordergurt\/#primaryimage"},"thumbnailUrl":"https:\/\/media.generalkinematics.com\/wp-content\/uploads\/2015\/05\/Vibra-Belt-conveyors.jpg","datePublished":"2015-05-12T13:26:53+00:00","dateModified":"2018-08-31T15:30:10+00:00","breadcrumb":{"@id":"https:\/\/www.generalkinematics.com\/de\/produkt\/vibra-belt-vibrations-fordergurt\/#breadcrumb"},"inLanguage":"de-DE","potentialAction":[{"@type":"ReadAction","target":["https:\/\/www.generalkinematics.com\/de\/produkt\/vibra-belt-vibrations-fordergurt\/"]}]},{"@type":"ImageObject","inLanguage":"de-DE","@id":"https:\/\/www.generalkinematics.com\/de\/produkt\/vibra-belt-vibrations-fordergurt\/#primaryimage","url":"https:\/\/media.generalkinematics.com\/wp-content\/uploads\/2015\/05\/Vibra-Belt-conveyors.jpg","contentUrl":"https:\/\/media.generalkinematics.com\/wp-content\/uploads\/2015\/05\/Vibra-Belt-conveyors.jpg","width":1557,"height":1024,"caption":"general-kinematics-vibra-belt-conveyor"},{"@type":"BreadcrumbList","@id":"https:\/\/www.generalkinematics.com\/de\/produkt\/vibra-belt-vibrations-fordergurt\/#breadcrumb","itemListElement":[{"@type":"ListItem","position":1,"name":"GK Home","item":"https:\/\/www.generalkinematics.com\/de\/"},{"@type":"ListItem","position":2,"name":"Shop","item":"https:\/\/www.generalkinematics.com\/shop\/"},{"@type":"ListItem","position":3,"name":"VIBRA-BELT\u00ae Vibrations-F\u00f6rdergurt"}]},{"@type":"WebSite","@id":"https:\/\/www.generalkinematics.com\/de\/#website","url":"https:\/\/www.generalkinematics.com\/de\/","name":"General Kinematics","description":"","publisher":{"@id":"https:\/\/www.generalkinematics.com\/de\/#organization"},"potentialAction":[{"@type":"SearchAction","target":{"@type":"EntryPoint","urlTemplate":"https:\/\/www.generalkinematics.com\/de\/?s={search_term_string}"},"query-input":{"@type":"PropertyValueSpecification","valueRequired":true,"valueName":"search_term_string"}}],"inLanguage":"de-DE"},{"@type":"Organization","@id":"https:\/\/www.generalkinematics.com\/de\/#organization","name":"General Kinematics","url":"https:\/\/www.generalkinematics.com\/de\/","logo":{"@type":"ImageObject","inLanguage":"de-DE","@id":"https:\/\/www.generalkinematics.com\/de\/#\/schema\/logo\/image\/","url":"https:\/\/media.generalkinematics.com\/wp-content\/uploads\/2018\/03\/logo.png","contentUrl":"https:\/\/media.generalkinematics.com\/wp-content\/uploads\/2018\/03\/logo.png","width":313,"height":100,"caption":"General Kinematics"},"image":{"@id":"https:\/\/www.generalkinematics.com\/de\/#\/schema\/logo\/image\/"},"sameAs":["https:\/\/www.facebook.com\/generalkinematics","https:\/\/x.com\/gkvibrating"]}]}},"_links":{"self":[{"href":"https:\/\/www.generalkinematics.com\/de\/wp-json\/wp\/v2\/product\/38653","targetHints":{"allow":["GET"]}}],"collection":[{"href":"https:\/\/www.generalkinematics.com\/de\/wp-json\/wp\/v2\/product"}],"about":[{"href":"https:\/\/www.generalkinematics.com\/de\/wp-json\/wp\/v2\/types\/product"}],"replies":[{"embeddable":true,"href":"https:\/\/www.generalkinematics.com\/de\/wp-json\/wp\/v2\/comments?post=38653"}],"wp:featuredmedia":[{"embeddable":true,"href":"https:\/\/www.generalkinematics.com\/de\/wp-json\/wp\/v2\/media\/25295"}],"wp:attachment":[{"href":"https:\/\/www.generalkinematics.com\/de\/wp-json\/wp\/v2\/media?parent=38653"}],"wp:term":[{"taxonomy":"product_brand","embeddable":true,"href":"https:\/\/www.generalkinematics.com\/de\/wp-json\/wp\/v2\/product_brand?post=38653"},{"taxonomy":"product_cat","embeddable":true,"href":"https:\/\/www.generalkinematics.com\/de\/wp-json\/wp\/v2\/product_cat?post=38653"},{"taxonomy":"product_tag","embeddable":true,"href":"https:\/\/www.generalkinematics.com\/de\/wp-json\/wp\/v2\/product_tag?post=38653"}],"curies":[{"name":"wp","href":"https:\/\/api.w.org\/{rel}","templated":true}]}}