{"id":38669,"date":"2015-05-12T08:35:42","date_gmt":"2015-05-12T13:35:42","guid":{"rendered":"https:\/\/www.generalkinematics.com\/product\/einzelmesser-de-stoner-luftsichter\/"},"modified":"2018-08-30T00:29:05","modified_gmt":"2018-08-30T05:29:05","slug":"destoner-air-classifier-2","status":"publish","type":"product","link":"https:\/\/www.generalkinematics.com\/de\/produkt\/destoner-air-classifier-2\/","title":{"rendered":"Einzelmesser DE-STONER\u00ae-Luftsichter"},"content":{"rendered":"<p>Der GK-<strong>Einzelmesser DE-STONER\u00ae<\/strong> hat sich absolut bew\u00e4hrt und wird in unterschiedlichsten Trennanwendungen eingesetzt. Es ist das einzige Trockenklassifizierungssystem, das in der Lage ist, eine kontinuierliche Gro\u00dfserienproduktion zu bew\u00e4ltigen.<\/p>\n<p>Das vollst\u00e4ndig trockene System beseitigt die Handhabung von Wasser und andere \u201enasse\u201c Systemprobleme. Es kann jedoch einfach mit feuchten Materialien umgehen.<\/p>\n<p>Die Vibrationsbewegung und Hochgeschwindigkeits-\/Niederdruckluftstr\u00f6me verwirbeln und schichten Material entsprechend dem Unterschied in der Endgeschwindigkeit der Partikel, um schwere Gegenst\u00e4nde wie Glas, Metall, Steine, Schmutz usw. zu entfernen.<\/p>\n<p><u><strong>Funktionsweise <\/strong><\/u><\/p>\n<p>1. Die Vibrationsbewegung bewegt Material, wobei Material mit hoher Dichte sich am Boden des Troges absetzt.<\/p>\n<p>2. Der Feinanteile-Auswurfbereich (optional) entfernt kleinere Partikelgr\u00f6\u00dfen von z. B. zerbrochenem Glas oder Schmutz vor Erreichen der Luftverwirbelung.<\/p>\n<p>3. Der Luftverwirbelungsabschnitt hilft beim Schichten des Materials.<\/p>\n<p>4. Luftstrom mit hoher Geschwindigkeit und niedrigem Druck wird durch den Materialfluss geleitet.<\/p>\n<p>5. Material wird in den Luftstrom f\u00f6rdert. Schwerere Materialien fallen durch den Luftstrom zum Auswurfschacht.<\/p>\n<p>6. Material mit geringer Dichte f\u00e4llt auf die einstellbare geneigte Platte und in den Auswurfschacht zur\u00fcck.<\/p>\n<p>7. Akzeptable leichtere Materialien werden \u00fcber die Platte hinaus getragen und gelangen zum Produktaustrag.<\/p>\n<p>8. Ultraleichte oder d\u00fcnne Folienmaterialien, wie Papier und Kunststofffolie, werden durch Luftabsaugung an der station\u00e4ren Haube \u00fcber der Entladung entfernt.<\/p>\n<h2>Erfolgreiche Trenn- und Klassifizierungsanwendungen schlie\u00dfen ein:<\/h2>\n<ul>\n<li style=\"list-style-type: none;\">\n<ul>\n<li>Vermischtes Material<\/li>\n<li>Bauschutt<\/li>\n<li>Geschredderter Siedlungsabfall<\/li>\n<li>Geschredderter KFZ-Schrottflaum<\/li>\n<li>Biomassenkraftstoff<\/li>\n<li>RDF-Kraftstoff<\/li>\n<\/ul>\n<\/li>\n<\/ul>\n<p>&nbsp;<\/p>\n<h2>Eigenschaften:<\/h2>\n<ul>\n<li style=\"list-style-type: none;\">\n<ul>\n<li>Der DE-STONER\u00ae verwendet Luft anstelle von Wasser, um schweres Material von leichtem zu trennen.<\/li>\n<li>Einstellbar, um unterschiedliche Abscheidungsgrade zu erhalten. An eine Vielzahl von Produkten anpassungsf\u00e4hig.<\/li>\n<li>Trennt Material unterschiedlicher Dichte oder gleicher Dichte mit unterschiedlicher Partikelgr\u00f6\u00dfe.<\/li>\n<li>Praktisch ausfallsicher. Keine beweglichen Trennungsteile.<\/li>\n<li>Geringer Energiebedarf durch einen Motor mit geringer Leistung und GKs bew\u00e4hrter Zwei-Massen-Bauweise.<\/li>\n<li>Hochbelastbar, gebaut, um lange zu halten.<\/li>\n<li>Die von Natur aus einfache, vollst\u00e4ndig isolierte Ausf\u00fchrung minimiert die Anforderungen an die Fundamente.<\/li>\n<\/ul>\n<\/li>\n<\/ul>\n","protected":false},"excerpt":{"rendered":"<p>Der GK-Einzelmesser DE-STONER\u00ae hat sich absolut bew\u00e4hrt und wird in unterschiedlichsten Trennanwendungen eingesetzt. Es ist das einzige Trockenklassifizierungssystem, das in der Lage ist, eine kontinuierliche Gro\u00dfserienproduktion zu bew\u00e4ltigen. Das vollst\u00e4ndig trockene System beseitigt die Handhabung von Wasser und andere \u201enasse\u201c Systemprobleme. Es kann jedoch einfach mit feuchten Materialien umgehen. Die Vibrationsbewegung und Hochgeschwindigkeits-\/Niederdruckluftstr\u00f6me verwirbeln und [&hellip;]<\/p>\n","protected":false},"featured_media":25415,"comment_status":"closed","ping_status":"closed","template":"","meta":{"_acf_changed":false,"om_disable_all_campaigns":false,"ep_exclude_from_search":false},"product_brand":[],"product_cat":[1749],"product_tag":[],"class_list":{"0":"post-38669","1":"product","2":"type-product","3":"status-publish","4":"has-post-thumbnail","6":"casestudytag-destoner-de","7":"product_cat-steuerung-und-ueberwachung","9":"first","10":"instock","11":"taxable","12":"shipping-taxable","13":"product-type-simple"},"acf":[],"yoast_head":"<!-- This site is optimized with the Yoast SEO plugin v27.2 - https:\/\/yoast.com\/product\/yoast-seo-wordpress\/ -->\n<title>Einzelmesser DE-STONER\u00ae-Luftsichter | General Kinematics<\/title>\n<meta name=\"robots\" content=\"index, follow, max-snippet:-1, max-image-preview:large, max-video-preview:-1\" \/>\n<link rel=\"canonical\" href=\"https:\/\/www.generalkinematics.com\/de\/produkt\/destoner-air-classifier-2\/\" \/>\n<meta property=\"og:locale\" content=\"de_DE\" \/>\n<meta property=\"og:type\" content=\"article\" \/>\n<meta property=\"og:title\" content=\"Einzelmesser DE-STONER\u00ae-Luftsichter | General Kinematics\" \/>\n<meta property=\"og:description\" content=\"Der GK-Einzelmesser DE-STONER\u00ae hat sich absolut bew\u00e4hrt und wird in unterschiedlichsten Trennanwendungen eingesetzt. Es ist das einzige Trockenklassifizierungssystem, das in der Lage ist, eine kontinuierliche Gro\u00dfserienproduktion zu bew\u00e4ltigen. Das vollst\u00e4ndig trockene System beseitigt die Handhabung von Wasser und andere \u201enasse\u201c Systemprobleme. Es kann jedoch einfach mit feuchten Materialien umgehen. Die Vibrationsbewegung und Hochgeschwindigkeits-\/Niederdruckluftstr\u00f6me verwirbeln und [&hellip;]\" \/>\n<meta property=\"og:url\" content=\"https:\/\/www.generalkinematics.com\/de\/produkt\/destoner-air-classifier-2\/\" \/>\n<meta property=\"og:site_name\" content=\"General Kinematics\" \/>\n<meta property=\"article:publisher\" content=\"https:\/\/www.facebook.com\/generalkinematics\" \/>\n<meta property=\"article:modified_time\" content=\"2018-08-30T05:29:05+00:00\" \/>\n<meta property=\"og:image\" content=\"https:\/\/media.generalkinematics.com\/wp-content\/uploads\/2015\/05\/13.jpg\" \/>\n\t<meta property=\"og:image:width\" content=\"640\" \/>\n\t<meta property=\"og:image:height\" content=\"480\" \/>\n\t<meta property=\"og:image:type\" content=\"image\/jpeg\" \/>\n<meta name=\"twitter:card\" content=\"summary_large_image\" \/>\n<meta name=\"twitter:site\" content=\"@gkvibrating\" \/>\n<meta name=\"twitter:label1\" content=\"Gesch\u00e4tzte Lesezeit\" \/>\n\t<meta name=\"twitter:data1\" content=\"1 Minute\" \/>\n<!-- \/ Yoast SEO plugin. -->","yoast_head_json":{"title":"Einzelmesser DE-STONER\u00ae-Luftsichter | General Kinematics","robots":{"index":"index","follow":"follow","max-snippet":"max-snippet:-1","max-image-preview":"max-image-preview:large","max-video-preview":"max-video-preview:-1"},"canonical":"https:\/\/www.generalkinematics.com\/de\/produkt\/destoner-air-classifier-2\/","og_locale":"de_DE","og_type":"article","og_title":"Einzelmesser DE-STONER\u00ae-Luftsichter | General Kinematics","og_description":"Der GK-Einzelmesser DE-STONER\u00ae hat sich absolut bew\u00e4hrt und wird in unterschiedlichsten Trennanwendungen eingesetzt. Es ist das einzige Trockenklassifizierungssystem, das in der Lage ist, eine kontinuierliche Gro\u00dfserienproduktion zu bew\u00e4ltigen. Das vollst\u00e4ndig trockene System beseitigt die Handhabung von Wasser und andere \u201enasse\u201c Systemprobleme. Es kann jedoch einfach mit feuchten Materialien umgehen. Die Vibrationsbewegung und Hochgeschwindigkeits-\/Niederdruckluftstr\u00f6me verwirbeln und [&hellip;]","og_url":"https:\/\/www.generalkinematics.com\/de\/produkt\/destoner-air-classifier-2\/","og_site_name":"General Kinematics","article_publisher":"https:\/\/www.facebook.com\/generalkinematics","article_modified_time":"2018-08-30T05:29:05+00:00","og_image":[{"width":640,"height":480,"url":"https:\/\/media.generalkinematics.com\/wp-content\/uploads\/2015\/05\/13.jpg","type":"image\/jpeg"}],"twitter_card":"summary_large_image","twitter_site":"@gkvibrating","twitter_misc":{"Gesch\u00e4tzte Lesezeit":"1 Minute"},"schema":{"@context":"https:\/\/schema.org","@graph":[{"@type":"WebPage","@id":"https:\/\/www.generalkinematics.com\/de\/produkt\/destoner-air-classifier-2\/","url":"https:\/\/www.generalkinematics.com\/de\/produkt\/destoner-air-classifier-2\/","name":"Einzelmesser DE-STONER\u00ae-Luftsichter | General Kinematics","isPartOf":{"@id":"https:\/\/www.generalkinematics.com\/de\/#website"},"primaryImageOfPage":{"@id":"https:\/\/www.generalkinematics.com\/de\/produkt\/destoner-air-classifier-2\/#primaryimage"},"image":{"@id":"https:\/\/www.generalkinematics.com\/de\/produkt\/destoner-air-classifier-2\/#primaryimage"},"thumbnailUrl":"https:\/\/media.generalkinematics.com\/wp-content\/uploads\/2015\/05\/13.jpg","datePublished":"2015-05-12T13:35:42+00:00","dateModified":"2018-08-30T05:29:05+00:00","breadcrumb":{"@id":"https:\/\/www.generalkinematics.com\/de\/produkt\/destoner-air-classifier-2\/#breadcrumb"},"inLanguage":"de-DE","potentialAction":[{"@type":"ReadAction","target":["https:\/\/www.generalkinematics.com\/de\/produkt\/destoner-air-classifier-2\/"]}]},{"@type":"ImageObject","inLanguage":"de-DE","@id":"https:\/\/www.generalkinematics.com\/de\/produkt\/destoner-air-classifier-2\/#primaryimage","url":"https:\/\/media.generalkinematics.com\/wp-content\/uploads\/2015\/05\/13.jpg","contentUrl":"https:\/\/media.generalkinematics.com\/wp-content\/uploads\/2015\/05\/13.jpg","width":640,"height":480,"caption":"general-kinematics-installed-destoner"},{"@type":"BreadcrumbList","@id":"https:\/\/www.generalkinematics.com\/de\/produkt\/destoner-air-classifier-2\/#breadcrumb","itemListElement":[{"@type":"ListItem","position":1,"name":"GK Home","item":"https:\/\/www.generalkinematics.com\/de\/"},{"@type":"ListItem","position":2,"name":"Shop","item":"https:\/\/www.generalkinematics.com\/shop\/"},{"@type":"ListItem","position":3,"name":"Einzelmesser DE-STONER\u00ae-Luftsichter"}]},{"@type":"WebSite","@id":"https:\/\/www.generalkinematics.com\/de\/#website","url":"https:\/\/www.generalkinematics.com\/de\/","name":"General Kinematics","description":"","publisher":{"@id":"https:\/\/www.generalkinematics.com\/de\/#organization"},"potentialAction":[{"@type":"SearchAction","target":{"@type":"EntryPoint","urlTemplate":"https:\/\/www.generalkinematics.com\/de\/?s={search_term_string}"},"query-input":{"@type":"PropertyValueSpecification","valueRequired":true,"valueName":"search_term_string"}}],"inLanguage":"de-DE"},{"@type":"Organization","@id":"https:\/\/www.generalkinematics.com\/de\/#organization","name":"General Kinematics","url":"https:\/\/www.generalkinematics.com\/de\/","logo":{"@type":"ImageObject","inLanguage":"de-DE","@id":"https:\/\/www.generalkinematics.com\/de\/#\/schema\/logo\/image\/","url":"https:\/\/media.generalkinematics.com\/wp-content\/uploads\/2018\/03\/logo.png","contentUrl":"https:\/\/media.generalkinematics.com\/wp-content\/uploads\/2018\/03\/logo.png","width":313,"height":100,"caption":"General Kinematics"},"image":{"@id":"https:\/\/www.generalkinematics.com\/de\/#\/schema\/logo\/image\/"},"sameAs":["https:\/\/www.facebook.com\/generalkinematics","https:\/\/x.com\/gkvibrating"]}]}},"_links":{"self":[{"href":"https:\/\/www.generalkinematics.com\/de\/wp-json\/wp\/v2\/product\/38669","targetHints":{"allow":["GET"]}}],"collection":[{"href":"https:\/\/www.generalkinematics.com\/de\/wp-json\/wp\/v2\/product"}],"about":[{"href":"https:\/\/www.generalkinematics.com\/de\/wp-json\/wp\/v2\/types\/product"}],"replies":[{"embeddable":true,"href":"https:\/\/www.generalkinematics.com\/de\/wp-json\/wp\/v2\/comments?post=38669"}],"wp:featuredmedia":[{"embeddable":true,"href":"https:\/\/www.generalkinematics.com\/de\/wp-json\/wp\/v2\/media\/25415"}],"wp:attachment":[{"href":"https:\/\/www.generalkinematics.com\/de\/wp-json\/wp\/v2\/media?parent=38669"}],"wp:term":[{"taxonomy":"product_brand","embeddable":true,"href":"https:\/\/www.generalkinematics.com\/de\/wp-json\/wp\/v2\/product_brand?post=38669"},{"taxonomy":"product_cat","embeddable":true,"href":"https:\/\/www.generalkinematics.com\/de\/wp-json\/wp\/v2\/product_cat?post=38669"},{"taxonomy":"product_tag","embeddable":true,"href":"https:\/\/www.generalkinematics.com\/de\/wp-json\/wp\/v2\/product_tag?post=38669"}],"curies":[{"name":"wp","href":"https:\/\/api.w.org\/{rel}","templated":true}]}}