{"id":38679,"date":"2015-05-12T08:37:51","date_gmt":"2015-05-12T13:37:51","guid":{"rendered":"https:\/\/www.generalkinematics.com\/product\/vibrations-fingersiebe\/"},"modified":"2018-08-31T08:01:03","modified_gmt":"2018-08-31T13:01:03","slug":"vibrations-fingersiebe","status":"publish","type":"product","link":"https:\/\/www.generalkinematics.com\/de\/produkt\/vibrations-fingersiebe\/","title":{"rendered":"Vibrations-Fingersiebe"},"content":{"rendered":"<p>General Kinematics <strong>Vibrations-Gie\u00dfereisiebe<\/strong> sind in Gie\u00dfereianwendungen un\u00fcbertroffen in ihrer Effizienz und Leistung. Das bew\u00e4hrte Zwei-Massen-Antriebssystem von GK reduziert den Stromverbrauch und erh\u00f6ht die Siebleistung im Vergleich zu herk\u00f6mmlichen, direkt angetriebenen Ausf\u00fchrungen (Hammermethode). Zu den Optionen geh\u00f6ren austauschbare Decks, Mehrfachdecks, Decks im Bananenstil und spezielle korrosionsbest\u00e4ndige Oberfl\u00e4chen. GKs Vibrations-Gie\u00dfereisiebe sind in Standard- und ma\u00dfgeschneiderten Gr\u00f6\u00dfen erh\u00e4ltlich und k\u00f6nnen problemlos in bestehende Prozesse integriert werden.<\/p>\n<h2>Eigenschaften:<\/h2>\n<ul>\n<li>Die Zwei-Massen-Ausf\u00fchrung erreicht eine Stromeinsparungen von bis zu 80 % gegen\u00fcber normale direkt angetriebene Siebe (110 KW im Vergleich zu GKs 22 KW).<\/li>\n<li>GKs Zwei-Massen-Siebe arbeiten lastabh\u00e4ngig. Je h\u00f6her die Tonnage, desto h\u00f6her die Siebleistung.<\/li>\n<li>Die Zwei-Massen-Ausf\u00fchrung h\u00e4lt die Hubh\u00f6he aufrecht, w\u00e4hrend die Hammermethode an Hubh\u00f6he verliert, wenn mehr Material aufgeladen wird.<\/li>\n<li>Das GK-Zwei-Massen-Sieb ist \u201ePlug and Play\u201c. Einfach einstecken und los geht&#8217;s.<\/li>\n<li>F\u00fcr schnelle Auswechslungen wurden kompakte vibrationsarme Motoren mit geringem Gewicht an der Einheit montiert.<\/li>\n<\/ul>\n","protected":false},"excerpt":{"rendered":"<p>General Kinematics Vibrations-Gie\u00dfereisiebe sind in Gie\u00dfereianwendungen un\u00fcbertroffen in ihrer Effizienz und Leistung. Das bew\u00e4hrte Zwei-Massen-Antriebssystem von GK reduziert den Stromverbrauch und erh\u00f6ht die Siebleistung im Vergleich zu herk\u00f6mmlichen, direkt angetriebenen Ausf\u00fchrungen (Hammermethode). Zu den Optionen geh\u00f6ren austauschbare Decks, Mehrfachdecks, Decks im Bananenstil und spezielle korrosionsbest\u00e4ndige Oberfl\u00e4chen. GKs Vibrations-Gie\u00dfereisiebe sind in Standard- und ma\u00dfgeschneiderten Gr\u00f6\u00dfen erh\u00e4ltlich [&hellip;]<\/p>\n","protected":false},"featured_media":24927,"comment_status":"closed","ping_status":"closed","template":"","meta":{"_acf_changed":false,"om_disable_all_campaigns":false,"ep_exclude_from_search":false},"product_brand":[],"product_cat":[1792,1769,1771,1782,1781,1779],"product_tag":[],"class_list":{"0":"post-38679","1":"product","2":"type-product","3":"status-publish","4":"has-post-thumbnail","6":"product_cat-bergbau-und-mineralienloesungen","7":"product_cat-lordungen-fuer-giesserei-und-metallguss","8":"product_cat-materielhandling","9":"product_cat-sand-verarbeitung-und-handhabung","10":"product_cat-sandfoerder-und-siebanlagen","11":"product_cat-sandsysteme-sandaufbereitung","13":"first","14":"instock","15":"taxable","16":"shipping-taxable","17":"product-type-simple"},"acf":[],"yoast_head":"<!-- This site is optimized with the Yoast SEO plugin v27.2 - https:\/\/yoast.com\/product\/yoast-seo-wordpress\/ -->\n<title>Vibrations-Fingersiebe | General Kinematics<\/title>\n<meta name=\"robots\" content=\"index, follow, max-snippet:-1, max-image-preview:large, max-video-preview:-1\" \/>\n<link rel=\"canonical\" href=\"https:\/\/www.generalkinematics.com\/de\/produkt\/vibrations-fingersiebe\/\" \/>\n<meta property=\"og:locale\" content=\"de_DE\" \/>\n<meta property=\"og:type\" content=\"article\" \/>\n<meta property=\"og:title\" content=\"Vibrations-Fingersiebe | General Kinematics\" \/>\n<meta property=\"og:description\" content=\"General Kinematics Vibrations-Gie\u00dfereisiebe sind in Gie\u00dfereianwendungen un\u00fcbertroffen in ihrer Effizienz und Leistung. Das bew\u00e4hrte Zwei-Massen-Antriebssystem von GK reduziert den Stromverbrauch und erh\u00f6ht die Siebleistung im Vergleich zu herk\u00f6mmlichen, direkt angetriebenen Ausf\u00fchrungen (Hammermethode). Zu den Optionen geh\u00f6ren austauschbare Decks, Mehrfachdecks, Decks im Bananenstil und spezielle korrosionsbest\u00e4ndige Oberfl\u00e4chen. GKs Vibrations-Gie\u00dfereisiebe sind in Standard- und ma\u00dfgeschneiderten Gr\u00f6\u00dfen erh\u00e4ltlich [&hellip;]\" \/>\n<meta property=\"og:url\" content=\"https:\/\/www.generalkinematics.com\/de\/produkt\/vibrations-fingersiebe\/\" \/>\n<meta property=\"og:site_name\" content=\"General Kinematics\" \/>\n<meta property=\"article:publisher\" content=\"https:\/\/www.facebook.com\/generalkinematics\" \/>\n<meta property=\"article:modified_time\" content=\"2018-08-31T13:01:03+00:00\" \/>\n<meta property=\"og:image\" content=\"https:\/\/media.generalkinematics.com\/wp-content\/uploads\/2015\/05\/Sand-Screener-1.jpg\" \/>\n\t<meta property=\"og:image:width\" content=\"3648\" \/>\n\t<meta property=\"og:image:height\" content=\"2736\" \/>\n\t<meta property=\"og:image:type\" content=\"image\/jpeg\" \/>\n<meta name=\"twitter:card\" content=\"summary_large_image\" \/>\n<meta name=\"twitter:site\" content=\"@gkvibrating\" \/>\n<meta name=\"twitter:label1\" content=\"Gesch\u00e4tzte Lesezeit\" \/>\n\t<meta name=\"twitter:data1\" content=\"1 Minute\" \/>\n<!-- \/ Yoast SEO plugin. -->","yoast_head_json":{"title":"Vibrations-Fingersiebe | General Kinematics","robots":{"index":"index","follow":"follow","max-snippet":"max-snippet:-1","max-image-preview":"max-image-preview:large","max-video-preview":"max-video-preview:-1"},"canonical":"https:\/\/www.generalkinematics.com\/de\/produkt\/vibrations-fingersiebe\/","og_locale":"de_DE","og_type":"article","og_title":"Vibrations-Fingersiebe | General Kinematics","og_description":"General Kinematics Vibrations-Gie\u00dfereisiebe sind in Gie\u00dfereianwendungen un\u00fcbertroffen in ihrer Effizienz und Leistung. Das bew\u00e4hrte Zwei-Massen-Antriebssystem von GK reduziert den Stromverbrauch und erh\u00f6ht die Siebleistung im Vergleich zu herk\u00f6mmlichen, direkt angetriebenen Ausf\u00fchrungen (Hammermethode). Zu den Optionen geh\u00f6ren austauschbare Decks, Mehrfachdecks, Decks im Bananenstil und spezielle korrosionsbest\u00e4ndige Oberfl\u00e4chen. GKs Vibrations-Gie\u00dfereisiebe sind in Standard- und ma\u00dfgeschneiderten Gr\u00f6\u00dfen erh\u00e4ltlich [&hellip;]","og_url":"https:\/\/www.generalkinematics.com\/de\/produkt\/vibrations-fingersiebe\/","og_site_name":"General Kinematics","article_publisher":"https:\/\/www.facebook.com\/generalkinematics","article_modified_time":"2018-08-31T13:01:03+00:00","og_image":[{"width":3648,"height":2736,"url":"https:\/\/media.generalkinematics.com\/wp-content\/uploads\/2015\/05\/Sand-Screener-1.jpg","type":"image\/jpeg"}],"twitter_card":"summary_large_image","twitter_site":"@gkvibrating","twitter_misc":{"Gesch\u00e4tzte Lesezeit":"1 Minute"},"schema":{"@context":"https:\/\/schema.org","@graph":[{"@type":"WebPage","@id":"https:\/\/www.generalkinematics.com\/de\/produkt\/vibrations-fingersiebe\/","url":"https:\/\/www.generalkinematics.com\/de\/produkt\/vibrations-fingersiebe\/","name":"Vibrations-Fingersiebe | General Kinematics","isPartOf":{"@id":"https:\/\/www.generalkinematics.com\/de\/#website"},"primaryImageOfPage":{"@id":"https:\/\/www.generalkinematics.com\/de\/produkt\/vibrations-fingersiebe\/#primaryimage"},"image":{"@id":"https:\/\/www.generalkinematics.com\/de\/produkt\/vibrations-fingersiebe\/#primaryimage"},"thumbnailUrl":"https:\/\/media.generalkinematics.com\/wp-content\/uploads\/2015\/05\/Sand-Screener-1.jpg","datePublished":"2015-05-12T13:37:51+00:00","dateModified":"2018-08-31T13:01:03+00:00","breadcrumb":{"@id":"https:\/\/www.generalkinematics.com\/de\/produkt\/vibrations-fingersiebe\/#breadcrumb"},"inLanguage":"de-DE","potentialAction":[{"@type":"ReadAction","target":["https:\/\/www.generalkinematics.com\/de\/produkt\/vibrations-fingersiebe\/"]}]},{"@type":"ImageObject","inLanguage":"de-DE","@id":"https:\/\/www.generalkinematics.com\/de\/produkt\/vibrations-fingersiebe\/#primaryimage","url":"https:\/\/media.generalkinematics.com\/wp-content\/uploads\/2015\/05\/Sand-Screener-1.jpg","contentUrl":"https:\/\/media.generalkinematics.com\/wp-content\/uploads\/2015\/05\/Sand-Screener-1.jpg","width":3648,"height":2736,"caption":"general-kinematics-sand-screener"},{"@type":"BreadcrumbList","@id":"https:\/\/www.generalkinematics.com\/de\/produkt\/vibrations-fingersiebe\/#breadcrumb","itemListElement":[{"@type":"ListItem","position":1,"name":"GK Home","item":"https:\/\/www.generalkinematics.com\/de\/"},{"@type":"ListItem","position":2,"name":"Shop","item":"https:\/\/www.generalkinematics.com\/shop\/"},{"@type":"ListItem","position":3,"name":"Vibrations-Fingersiebe"}]},{"@type":"WebSite","@id":"https:\/\/www.generalkinematics.com\/de\/#website","url":"https:\/\/www.generalkinematics.com\/de\/","name":"General Kinematics","description":"","publisher":{"@id":"https:\/\/www.generalkinematics.com\/de\/#organization"},"potentialAction":[{"@type":"SearchAction","target":{"@type":"EntryPoint","urlTemplate":"https:\/\/www.generalkinematics.com\/de\/?s={search_term_string}"},"query-input":{"@type":"PropertyValueSpecification","valueRequired":true,"valueName":"search_term_string"}}],"inLanguage":"de-DE"},{"@type":"Organization","@id":"https:\/\/www.generalkinematics.com\/de\/#organization","name":"General Kinematics","url":"https:\/\/www.generalkinematics.com\/de\/","logo":{"@type":"ImageObject","inLanguage":"de-DE","@id":"https:\/\/www.generalkinematics.com\/de\/#\/schema\/logo\/image\/","url":"https:\/\/media.generalkinematics.com\/wp-content\/uploads\/2018\/03\/logo.png","contentUrl":"https:\/\/media.generalkinematics.com\/wp-content\/uploads\/2018\/03\/logo.png","width":313,"height":100,"caption":"General Kinematics"},"image":{"@id":"https:\/\/www.generalkinematics.com\/de\/#\/schema\/logo\/image\/"},"sameAs":["https:\/\/www.facebook.com\/generalkinematics","https:\/\/x.com\/gkvibrating"]}]}},"_links":{"self":[{"href":"https:\/\/www.generalkinematics.com\/de\/wp-json\/wp\/v2\/product\/38679","targetHints":{"allow":["GET"]}}],"collection":[{"href":"https:\/\/www.generalkinematics.com\/de\/wp-json\/wp\/v2\/product"}],"about":[{"href":"https:\/\/www.generalkinematics.com\/de\/wp-json\/wp\/v2\/types\/product"}],"replies":[{"embeddable":true,"href":"https:\/\/www.generalkinematics.com\/de\/wp-json\/wp\/v2\/comments?post=38679"}],"wp:featuredmedia":[{"embeddable":true,"href":"https:\/\/www.generalkinematics.com\/de\/wp-json\/wp\/v2\/media\/24927"}],"wp:attachment":[{"href":"https:\/\/www.generalkinematics.com\/de\/wp-json\/wp\/v2\/media?parent=38679"}],"wp:term":[{"taxonomy":"product_brand","embeddable":true,"href":"https:\/\/www.generalkinematics.com\/de\/wp-json\/wp\/v2\/product_brand?post=38679"},{"taxonomy":"product_cat","embeddable":true,"href":"https:\/\/www.generalkinematics.com\/de\/wp-json\/wp\/v2\/product_cat?post=38679"},{"taxonomy":"product_tag","embeddable":true,"href":"https:\/\/www.generalkinematics.com\/de\/wp-json\/wp\/v2\/product_tag?post=38679"}],"curies":[{"name":"wp","href":"https:\/\/api.w.org\/{rel}","templated":true}]}}