{"id":38749,"date":"2015-05-12T08:40:19","date_gmt":"2015-05-12T13:40:19","guid":{"rendered":"https:\/\/www.generalkinematics.com\/product\/zwei-massen-vibrations-trennanlagen\/"},"modified":"2018-08-31T14:13:04","modified_gmt":"2018-08-31T19:13:04","slug":"zwei-massen-trennanlagen","status":"publish","type":"product","link":"https:\/\/www.generalkinematics.com\/de\/produkt\/zwei-massen-trennanlagen\/","title":{"rendered":"Zwei-Massen-Vibrations-Trennanlagen"},"content":{"rendered":"<p>General Kinematics <strong>Zwei-Massen-Trennanlagen<\/strong> steigern den Durchsatz. Unsere einfachen Zwei-Massen-, Hoch-Frequenz-, Trennanlagen kompensieren automatisch unterschiedliche Lastbedingungen und gew\u00e4hrleisten eine volle, nicht d\u00e4mpfende Leistung.<\/p>\n<p>GKs Zwei-Massen-Trennanlagen sind mit gekapselten Vibrationsmotoren ausgestattet, die keine Keilriemen, gedrehte Motorbl\u00f6cke, Kupplungen und gro\u00dfe und teure Lager ben\u00f6tigen. Der Antrieb ist auf einer separaten Erregermasse montiert, die vollst\u00e4ndig von der hochintensiven Aufprallwirkung des Trennanlagendecks isoliert ist.<\/p>\n<h2>Eigenschaften:<\/h2>\n<ul>\n<li>Die einzigartige Zwei-Massen-Ausf\u00fchrung gleicht automatisch unterschiedliche Belastungsbedingungen aus und gew\u00e4hrleistet so eine nicht-d\u00e4mpfende Trennleistung.<\/li>\n<li>GKs Zwei-Massen-Trennanlagen sind mit gekapselten Vibrationsmotoren ausgestattet und machen Keilriemen, gedrehte Motorbl\u00f6cke, Kupplungen und gro\u00dfe und teure Lager \u00fcberfl\u00fcssig.<\/li>\n<li>Der Antrieb ist auf einer separaten Erregermasse montiert, die vollst\u00e4ndig von der hochintensiven Aufprallwirkung des Trennanlagendecks isoliert ist.<\/li>\n<li>Die Einheiten zeichnen sich durch geringe Leistung, einstellbare Amplitudenregelung und au\u00dfergew\u00f6hnlich leisen Betrieb aus.<\/li>\n<\/ul>\n","protected":false},"excerpt":{"rendered":"<p>General Kinematics Zwei-Massen-Trennanlagen steigern den Durchsatz. Unsere einfachen Zwei-Massen-, Hoch-Frequenz-, Trennanlagen kompensieren automatisch unterschiedliche Lastbedingungen und gew\u00e4hrleisten eine volle, nicht d\u00e4mpfende Leistung. GKs Zwei-Massen-Trennanlagen sind mit gekapselten Vibrationsmotoren ausgestattet, die keine Keilriemen, gedrehte Motorbl\u00f6cke, Kupplungen und gro\u00dfe und teure Lager ben\u00f6tigen. Der Antrieb ist auf einer separaten Erregermasse montiert, die vollst\u00e4ndig von der hochintensiven Aufprallwirkung [&hellip;]<\/p>\n","protected":false},"featured_media":23679,"comment_status":"closed","ping_status":"closed","template":"","meta":{"_acf_changed":false,"om_disable_all_campaigns":false,"ep_exclude_from_search":false},"product_brand":[],"product_cat":[1761,1765],"product_tag":[],"class_list":{"0":"post-38749","1":"product","2":"type-product","3":"status-publish","4":"has-post-thumbnail","6":"product_cat-loesungen-fuer-schuettgutverarbeitung","7":"product_cat-sieben-und-klassifizieren","9":"first","10":"instock","11":"taxable","12":"shipping-taxable","13":"product-type-simple"},"acf":[],"yoast_head":"<!-- This site is optimized with the Yoast SEO plugin v27.2 - https:\/\/yoast.com\/product\/yoast-seo-wordpress\/ -->\n<title>Zwei-Massen-Vibrations-Trennanlagen | General Kinematics<\/title>\n<meta name=\"robots\" content=\"index, follow, max-snippet:-1, max-image-preview:large, max-video-preview:-1\" \/>\n<link rel=\"canonical\" href=\"https:\/\/www.generalkinematics.com\/de\/produkt\/zwei-massen-trennanlagen\/\" \/>\n<meta property=\"og:locale\" content=\"de_DE\" \/>\n<meta property=\"og:type\" content=\"article\" \/>\n<meta property=\"og:title\" content=\"Zwei-Massen-Vibrations-Trennanlagen | General Kinematics\" \/>\n<meta property=\"og:description\" content=\"General Kinematics Zwei-Massen-Trennanlagen steigern den Durchsatz. Unsere einfachen Zwei-Massen-, Hoch-Frequenz-, Trennanlagen kompensieren automatisch unterschiedliche Lastbedingungen und gew\u00e4hrleisten eine volle, nicht d\u00e4mpfende Leistung. GKs Zwei-Massen-Trennanlagen sind mit gekapselten Vibrationsmotoren ausgestattet, die keine Keilriemen, gedrehte Motorbl\u00f6cke, Kupplungen und gro\u00dfe und teure Lager ben\u00f6tigen. Der Antrieb ist auf einer separaten Erregermasse montiert, die vollst\u00e4ndig von der hochintensiven Aufprallwirkung [&hellip;]\" \/>\n<meta property=\"og:url\" content=\"https:\/\/www.generalkinematics.com\/de\/produkt\/zwei-massen-trennanlagen\/\" \/>\n<meta property=\"og:site_name\" content=\"General Kinematics\" \/>\n<meta property=\"article:publisher\" content=\"https:\/\/www.facebook.com\/generalkinematics\" \/>\n<meta property=\"article:modified_time\" content=\"2018-08-31T19:13:04+00:00\" \/>\n<meta property=\"og:image\" content=\"https:\/\/media.generalkinematics.com\/wp-content\/uploads\/2015\/05\/IMG_5953.jpg\" \/>\n\t<meta property=\"og:image:width\" content=\"5184\" \/>\n\t<meta property=\"og:image:height\" content=\"3456\" \/>\n\t<meta property=\"og:image:type\" content=\"image\/jpeg\" \/>\n<meta name=\"twitter:card\" content=\"summary_large_image\" \/>\n<meta name=\"twitter:site\" content=\"@gkvibrating\" \/>\n<meta name=\"twitter:label1\" content=\"Gesch\u00e4tzte Lesezeit\" \/>\n\t<meta name=\"twitter:data1\" content=\"1 Minute\" \/>\n<!-- \/ Yoast SEO plugin. -->","yoast_head_json":{"title":"Zwei-Massen-Vibrations-Trennanlagen | General Kinematics","robots":{"index":"index","follow":"follow","max-snippet":"max-snippet:-1","max-image-preview":"max-image-preview:large","max-video-preview":"max-video-preview:-1"},"canonical":"https:\/\/www.generalkinematics.com\/de\/produkt\/zwei-massen-trennanlagen\/","og_locale":"de_DE","og_type":"article","og_title":"Zwei-Massen-Vibrations-Trennanlagen | General Kinematics","og_description":"General Kinematics Zwei-Massen-Trennanlagen steigern den Durchsatz. Unsere einfachen Zwei-Massen-, Hoch-Frequenz-, Trennanlagen kompensieren automatisch unterschiedliche Lastbedingungen und gew\u00e4hrleisten eine volle, nicht d\u00e4mpfende Leistung. GKs Zwei-Massen-Trennanlagen sind mit gekapselten Vibrationsmotoren ausgestattet, die keine Keilriemen, gedrehte Motorbl\u00f6cke, Kupplungen und gro\u00dfe und teure Lager ben\u00f6tigen. Der Antrieb ist auf einer separaten Erregermasse montiert, die vollst\u00e4ndig von der hochintensiven Aufprallwirkung [&hellip;]","og_url":"https:\/\/www.generalkinematics.com\/de\/produkt\/zwei-massen-trennanlagen\/","og_site_name":"General Kinematics","article_publisher":"https:\/\/www.facebook.com\/generalkinematics","article_modified_time":"2018-08-31T19:13:04+00:00","og_image":[{"width":5184,"height":3456,"url":"https:\/\/media.generalkinematics.com\/wp-content\/uploads\/2015\/05\/IMG_5953.jpg","type":"image\/jpeg"}],"twitter_card":"summary_large_image","twitter_site":"@gkvibrating","twitter_misc":{"Gesch\u00e4tzte Lesezeit":"1 Minute"},"schema":{"@context":"https:\/\/schema.org","@graph":[{"@type":"WebPage","@id":"https:\/\/www.generalkinematics.com\/de\/produkt\/zwei-massen-trennanlagen\/","url":"https:\/\/www.generalkinematics.com\/de\/produkt\/zwei-massen-trennanlagen\/","name":"Zwei-Massen-Vibrations-Trennanlagen | General Kinematics","isPartOf":{"@id":"https:\/\/www.generalkinematics.com\/de\/#website"},"primaryImageOfPage":{"@id":"https:\/\/www.generalkinematics.com\/de\/produkt\/zwei-massen-trennanlagen\/#primaryimage"},"image":{"@id":"https:\/\/www.generalkinematics.com\/de\/produkt\/zwei-massen-trennanlagen\/#primaryimage"},"thumbnailUrl":"https:\/\/media.generalkinematics.com\/wp-content\/uploads\/2015\/05\/IMG_5953.jpg","datePublished":"2015-05-12T13:40:19+00:00","dateModified":"2018-08-31T19:13:04+00:00","breadcrumb":{"@id":"https:\/\/www.generalkinematics.com\/de\/produkt\/zwei-massen-trennanlagen\/#breadcrumb"},"inLanguage":"de-DE","potentialAction":[{"@type":"ReadAction","target":["https:\/\/www.generalkinematics.com\/de\/produkt\/zwei-massen-trennanlagen\/"]}]},{"@type":"ImageObject","inLanguage":"de-DE","@id":"https:\/\/www.generalkinematics.com\/de\/produkt\/zwei-massen-trennanlagen\/#primaryimage","url":"https:\/\/media.generalkinematics.com\/wp-content\/uploads\/2015\/05\/IMG_5953.jpg","contentUrl":"https:\/\/media.generalkinematics.com\/wp-content\/uploads\/2015\/05\/IMG_5953.jpg","width":5184,"height":3456,"caption":"general-kinematics-shakeout"},{"@type":"BreadcrumbList","@id":"https:\/\/www.generalkinematics.com\/de\/produkt\/zwei-massen-trennanlagen\/#breadcrumb","itemListElement":[{"@type":"ListItem","position":1,"name":"GK Home","item":"https:\/\/www.generalkinematics.com\/de\/"},{"@type":"ListItem","position":2,"name":"Shop","item":"https:\/\/www.generalkinematics.com\/shop\/"},{"@type":"ListItem","position":3,"name":"Zwei-Massen-Vibrations-Trennanlagen"}]},{"@type":"WebSite","@id":"https:\/\/www.generalkinematics.com\/de\/#website","url":"https:\/\/www.generalkinematics.com\/de\/","name":"General Kinematics","description":"","publisher":{"@id":"https:\/\/www.generalkinematics.com\/de\/#organization"},"potentialAction":[{"@type":"SearchAction","target":{"@type":"EntryPoint","urlTemplate":"https:\/\/www.generalkinematics.com\/de\/?s={search_term_string}"},"query-input":{"@type":"PropertyValueSpecification","valueRequired":true,"valueName":"search_term_string"}}],"inLanguage":"de-DE"},{"@type":"Organization","@id":"https:\/\/www.generalkinematics.com\/de\/#organization","name":"General Kinematics","url":"https:\/\/www.generalkinematics.com\/de\/","logo":{"@type":"ImageObject","inLanguage":"de-DE","@id":"https:\/\/www.generalkinematics.com\/de\/#\/schema\/logo\/image\/","url":"https:\/\/media.generalkinematics.com\/wp-content\/uploads\/2018\/03\/logo.png","contentUrl":"https:\/\/media.generalkinematics.com\/wp-content\/uploads\/2018\/03\/logo.png","width":313,"height":100,"caption":"General Kinematics"},"image":{"@id":"https:\/\/www.generalkinematics.com\/de\/#\/schema\/logo\/image\/"},"sameAs":["https:\/\/www.facebook.com\/generalkinematics","https:\/\/x.com\/gkvibrating"]}]}},"_links":{"self":[{"href":"https:\/\/www.generalkinematics.com\/de\/wp-json\/wp\/v2\/product\/38749","targetHints":{"allow":["GET"]}}],"collection":[{"href":"https:\/\/www.generalkinematics.com\/de\/wp-json\/wp\/v2\/product"}],"about":[{"href":"https:\/\/www.generalkinematics.com\/de\/wp-json\/wp\/v2\/types\/product"}],"replies":[{"embeddable":true,"href":"https:\/\/www.generalkinematics.com\/de\/wp-json\/wp\/v2\/comments?post=38749"}],"wp:featuredmedia":[{"embeddable":true,"href":"https:\/\/www.generalkinematics.com\/de\/wp-json\/wp\/v2\/media\/23679"}],"wp:attachment":[{"href":"https:\/\/www.generalkinematics.com\/de\/wp-json\/wp\/v2\/media?parent=38749"}],"wp:term":[{"taxonomy":"product_brand","embeddable":true,"href":"https:\/\/www.generalkinematics.com\/de\/wp-json\/wp\/v2\/product_brand?post=38749"},{"taxonomy":"product_cat","embeddable":true,"href":"https:\/\/www.generalkinematics.com\/de\/wp-json\/wp\/v2\/product_cat?post=38749"},{"taxonomy":"product_tag","embeddable":true,"href":"https:\/\/www.generalkinematics.com\/de\/wp-json\/wp\/v2\/product_tag?post=38749"}],"curies":[{"name":"wp","href":"https:\/\/api.w.org\/{rel}","templated":true}]}}