{"id":38777,"date":"2015-05-12T08:56:15","date_gmt":"2015-05-12T13:56:15","guid":{"rendered":"https:\/\/www.generalkinematics.com\/product\/stm-screen-extragrosse-vibrationssiebe\/"},"modified":"2018-08-31T15:23:35","modified_gmt":"2018-08-31T20:23:35","slug":"stm-screen-extragrosse-vibrationssiebe","status":"publish","type":"product","link":"https:\/\/www.generalkinematics.com\/de\/produkt\/stm-screen-extragrosse-vibrationssiebe\/","title":{"rendered":"STM-SCREEN\u2122 EXTRAGROSSE VIBRATIONSSIEBE"},"content":{"rendered":"<p>Die <strong>STM-SCREEN\u2122-Zwei-Massen, extra gro\u00dfe Vibrationssiebe<\/strong> f\u00fcr die Sch\u00fcttgutverarbeitung, nutzen Sie GKs bew\u00e4hrtes Zwei-Massen-Eigenfrequenz-Antriebsdesign. Dieses auf Last ansprechende Design erm\u00f6glicht l\u00e4ngere Materialverweilzeiten, um das Material besser zu bearbeiten.\u00a0Zwei eingebaute Vibrationsmotoren erfordern keine teuren Riemen, Wellen und Lager f\u00fcr eine l\u00e4ngere Betriebszeit, l\u00e4ngere Wartungsintervalle und die niedrigsten Betriebskosten in einem Vibrationssiebpaket.<\/p>\n<p>Die STM-SCREEN\u2122-Siebe sind praxiserprobt und haben vier bis zw\u00f6lf Positionen f\u00fcr die Befestigung der Antriebshalterung am Siebgeh\u00e4use, um die Antriebskraft\/-energie gleichm\u00e4\u00dfig zu verteilen.<\/p>\n<p>Das STM-S\u2122-Einzeldeck, STM-D\u2122-Doppeldeck, sowie das Kaskaden-Deck sind als Standardmodelle erh\u00e4ltlich und k\u00f6nnen an Ihre spezifischen Anforderungen angepasst werden.<\/p>\n<h2>Eigenschaften:<\/h2>\n<ul>\n<li>Reagiert auf Last.<\/li>\n<li>Kann l\u00e4ngere Materialverweilzeiten erm\u00f6glichen, um das Material besser zu bearbeiten.<\/li>\n<li>Hohe Verf\u00fcgbarkeit, minimales Ausfallzeit, eine Ausf\u00fchrung mit un\u00fcbertroffener struktureller Integrit\u00e4t.<\/li>\n<li>Erh\u00e4ltlich in Standardgr\u00f6\u00dfen von 580 &#8211; 1800 Tonnen pro Stunde.<\/li>\n<li>Ma\u00dfgeschneiderte Gr\u00f6\u00dfen, Decks und andere Optionen sind verf\u00fcgbar &#8211; Wenden Sie sich an das GK-Team (\u00fcber die Registerkarte \u201eKontakt\u201c), um weitere Informationen anzufordern.<\/li>\n<\/ul>\n<p>&nbsp;<\/p>\n<p>&nbsp;<\/p>\n","protected":false},"excerpt":{"rendered":"<p>Die STM-SCREEN\u2122-Zwei-Massen, extra gro\u00dfe Vibrationssiebe f\u00fcr die Sch\u00fcttgutverarbeitung, nutzen Sie GKs bew\u00e4hrtes Zwei-Massen-Eigenfrequenz-Antriebsdesign. Dieses auf Last ansprechende Design erm\u00f6glicht l\u00e4ngere Materialverweilzeiten, um das Material besser zu bearbeiten.\u00a0Zwei eingebaute Vibrationsmotoren erfordern keine teuren Riemen, Wellen und Lager f\u00fcr eine l\u00e4ngere Betriebszeit, l\u00e4ngere Wartungsintervalle und die niedrigsten Betriebskosten in einem Vibrationssiebpaket. Die STM-SCREEN\u2122-Siebe sind praxiserprobt und haben [&hellip;]<\/p>\n","protected":false},"featured_media":25427,"comment_status":"closed","ping_status":"closed","template":"","meta":{"_acf_changed":false,"om_disable_all_campaigns":false,"ep_exclude_from_search":false},"product_brand":[],"product_cat":[1761,1765],"product_tag":[],"class_list":{"0":"post-38777","1":"product","2":"type-product","3":"status-publish","4":"has-post-thumbnail","6":"casestudytag-stm-screen-de","7":"product_cat-loesungen-fuer-schuettgutverarbeitung","8":"product_cat-sieben-und-klassifizieren","10":"first","11":"instock","12":"taxable","13":"shipping-taxable","14":"product-type-simple"},"acf":[],"yoast_head":"<!-- This site is optimized with the Yoast SEO plugin v27.2 - https:\/\/yoast.com\/product\/yoast-seo-wordpress\/ -->\n<title>STM-SCREEN\u2122-Zwei-Massen-XL-Vibrationssieb | General Kinematics<\/title>\n<meta name=\"description\" content=\"Der STM-SCREEN-Zwei-Massen, XL Vibrationssieb von GK ist praxiserprobt und zeichnet sich durch hohe Verf\u00fcgbarkeit und geringe Ausfallzeiten f\u00fcr Sch\u00fcttgutverarbeitungsl\u00f6sungen aus. Erfahren Sie mehr!\" \/>\n<meta name=\"robots\" content=\"index, follow, max-snippet:-1, max-image-preview:large, max-video-preview:-1\" \/>\n<link rel=\"canonical\" href=\"https:\/\/www.generalkinematics.com\/de\/produkt\/stm-screen-extragrosse-vibrationssiebe\/\" \/>\n<meta property=\"og:locale\" content=\"de_DE\" \/>\n<meta property=\"og:type\" content=\"article\" \/>\n<meta property=\"og:title\" content=\"STM-SCREEN\u2122-Zwei-Massen-XL-Vibrationssieb | General Kinematics\" \/>\n<meta property=\"og:description\" content=\"Der STM-SCREEN-Zwei-Massen, XL Vibrationssieb von GK ist praxiserprobt und zeichnet sich durch hohe Verf\u00fcgbarkeit und geringe Ausfallzeiten f\u00fcr Sch\u00fcttgutverarbeitungsl\u00f6sungen aus. Erfahren Sie mehr!\" \/>\n<meta property=\"og:url\" content=\"https:\/\/www.generalkinematics.com\/de\/produkt\/stm-screen-extragrosse-vibrationssiebe\/\" \/>\n<meta property=\"og:site_name\" content=\"General Kinematics\" \/>\n<meta property=\"article:publisher\" content=\"https:\/\/www.facebook.com\/generalkinematics\" \/>\n<meta property=\"article:modified_time\" content=\"2018-08-31T20:23:35+00:00\" \/>\n<meta property=\"og:image\" content=\"https:\/\/media.generalkinematics.com\/wp-content\/uploads\/2015\/05\/41-e1477665389439.jpg\" \/>\n\t<meta property=\"og:image:width\" content=\"1000\" \/>\n\t<meta property=\"og:image:height\" content=\"1333\" \/>\n\t<meta property=\"og:image:type\" content=\"image\/jpeg\" \/>\n<meta name=\"twitter:card\" content=\"summary_large_image\" \/>\n<meta name=\"twitter:site\" content=\"@gkvibrating\" \/>\n<meta name=\"twitter:label1\" content=\"Gesch\u00e4tzte Lesezeit\" \/>\n\t<meta name=\"twitter:data1\" content=\"1 Minute\" \/>\n<!-- \/ Yoast SEO plugin. -->","yoast_head_json":{"title":"STM-SCREEN\u2122-Zwei-Massen-XL-Vibrationssieb | General Kinematics","description":"Der STM-SCREEN-Zwei-Massen, XL Vibrationssieb von GK ist praxiserprobt und zeichnet sich durch hohe Verf\u00fcgbarkeit und geringe Ausfallzeiten f\u00fcr Sch\u00fcttgutverarbeitungsl\u00f6sungen aus. Erfahren Sie mehr!","robots":{"index":"index","follow":"follow","max-snippet":"max-snippet:-1","max-image-preview":"max-image-preview:large","max-video-preview":"max-video-preview:-1"},"canonical":"https:\/\/www.generalkinematics.com\/de\/produkt\/stm-screen-extragrosse-vibrationssiebe\/","og_locale":"de_DE","og_type":"article","og_title":"STM-SCREEN\u2122-Zwei-Massen-XL-Vibrationssieb | General Kinematics","og_description":"Der STM-SCREEN-Zwei-Massen, XL Vibrationssieb von GK ist praxiserprobt und zeichnet sich durch hohe Verf\u00fcgbarkeit und geringe Ausfallzeiten f\u00fcr Sch\u00fcttgutverarbeitungsl\u00f6sungen aus. Erfahren Sie mehr!","og_url":"https:\/\/www.generalkinematics.com\/de\/produkt\/stm-screen-extragrosse-vibrationssiebe\/","og_site_name":"General Kinematics","article_publisher":"https:\/\/www.facebook.com\/generalkinematics","article_modified_time":"2018-08-31T20:23:35+00:00","og_image":[{"width":1000,"height":1333,"url":"https:\/\/media.generalkinematics.com\/wp-content\/uploads\/2015\/05\/41-e1477665389439.jpg","type":"image\/jpeg"}],"twitter_card":"summary_large_image","twitter_site":"@gkvibrating","twitter_misc":{"Gesch\u00e4tzte Lesezeit":"1 Minute"},"schema":{"@context":"https:\/\/schema.org","@graph":[{"@type":"WebPage","@id":"https:\/\/www.generalkinematics.com\/de\/produkt\/stm-screen-extragrosse-vibrationssiebe\/","url":"https:\/\/www.generalkinematics.com\/de\/produkt\/stm-screen-extragrosse-vibrationssiebe\/","name":"STM-SCREEN\u2122-Zwei-Massen-XL-Vibrationssieb | General Kinematics","isPartOf":{"@id":"https:\/\/www.generalkinematics.com\/de\/#website"},"primaryImageOfPage":{"@id":"https:\/\/www.generalkinematics.com\/de\/produkt\/stm-screen-extragrosse-vibrationssiebe\/#primaryimage"},"image":{"@id":"https:\/\/www.generalkinematics.com\/de\/produkt\/stm-screen-extragrosse-vibrationssiebe\/#primaryimage"},"thumbnailUrl":"https:\/\/media.generalkinematics.com\/wp-content\/uploads\/2015\/05\/41-e1477665389439.jpg","datePublished":"2015-05-12T13:56:15+00:00","dateModified":"2018-08-31T20:23:35+00:00","description":"Der STM-SCREEN-Zwei-Massen, XL Vibrationssieb von GK ist praxiserprobt und zeichnet sich durch hohe Verf\u00fcgbarkeit und geringe Ausfallzeiten f\u00fcr Sch\u00fcttgutverarbeitungsl\u00f6sungen aus. Erfahren Sie mehr!","breadcrumb":{"@id":"https:\/\/www.generalkinematics.com\/de\/produkt\/stm-screen-extragrosse-vibrationssiebe\/#breadcrumb"},"inLanguage":"de-DE","potentialAction":[{"@type":"ReadAction","target":["https:\/\/www.generalkinematics.com\/de\/produkt\/stm-screen-extragrosse-vibrationssiebe\/"]}]},{"@type":"ImageObject","inLanguage":"de-DE","@id":"https:\/\/www.generalkinematics.com\/de\/produkt\/stm-screen-extragrosse-vibrationssiebe\/#primaryimage","url":"https:\/\/media.generalkinematics.com\/wp-content\/uploads\/2015\/05\/41-e1477665389439.jpg","contentUrl":"https:\/\/media.generalkinematics.com\/wp-content\/uploads\/2015\/05\/41-e1477665389439.jpg","width":1000,"height":1333,"caption":"STM-SCREEN\u2122 EXTRAGROSSE VIBRATIONSSIEBE"},{"@type":"BreadcrumbList","@id":"https:\/\/www.generalkinematics.com\/de\/produkt\/stm-screen-extragrosse-vibrationssiebe\/#breadcrumb","itemListElement":[{"@type":"ListItem","position":1,"name":"GK Home","item":"https:\/\/www.generalkinematics.com\/de\/"},{"@type":"ListItem","position":2,"name":"Shop","item":"https:\/\/www.generalkinematics.com\/shop\/"},{"@type":"ListItem","position":3,"name":"STM-SCREEN\u2122 EXTRAGROSSE VIBRATIONSSIEBE"}]},{"@type":"WebSite","@id":"https:\/\/www.generalkinematics.com\/de\/#website","url":"https:\/\/www.generalkinematics.com\/de\/","name":"General Kinematics","description":"","publisher":{"@id":"https:\/\/www.generalkinematics.com\/de\/#organization"},"potentialAction":[{"@type":"SearchAction","target":{"@type":"EntryPoint","urlTemplate":"https:\/\/www.generalkinematics.com\/de\/?s={search_term_string}"},"query-input":{"@type":"PropertyValueSpecification","valueRequired":true,"valueName":"search_term_string"}}],"inLanguage":"de-DE"},{"@type":"Organization","@id":"https:\/\/www.generalkinematics.com\/de\/#organization","name":"General Kinematics","url":"https:\/\/www.generalkinematics.com\/de\/","logo":{"@type":"ImageObject","inLanguage":"de-DE","@id":"https:\/\/www.generalkinematics.com\/de\/#\/schema\/logo\/image\/","url":"https:\/\/media.generalkinematics.com\/wp-content\/uploads\/2018\/03\/logo.png","contentUrl":"https:\/\/media.generalkinematics.com\/wp-content\/uploads\/2018\/03\/logo.png","width":313,"height":100,"caption":"General Kinematics"},"image":{"@id":"https:\/\/www.generalkinematics.com\/de\/#\/schema\/logo\/image\/"},"sameAs":["https:\/\/www.facebook.com\/generalkinematics","https:\/\/x.com\/gkvibrating"]}]}},"_links":{"self":[{"href":"https:\/\/www.generalkinematics.com\/de\/wp-json\/wp\/v2\/product\/38777","targetHints":{"allow":["GET"]}}],"collection":[{"href":"https:\/\/www.generalkinematics.com\/de\/wp-json\/wp\/v2\/product"}],"about":[{"href":"https:\/\/www.generalkinematics.com\/de\/wp-json\/wp\/v2\/types\/product"}],"replies":[{"embeddable":true,"href":"https:\/\/www.generalkinematics.com\/de\/wp-json\/wp\/v2\/comments?post=38777"}],"wp:featuredmedia":[{"embeddable":true,"href":"https:\/\/www.generalkinematics.com\/de\/wp-json\/wp\/v2\/media\/25427"}],"wp:attachment":[{"href":"https:\/\/www.generalkinematics.com\/de\/wp-json\/wp\/v2\/media?parent=38777"}],"wp:term":[{"taxonomy":"product_brand","embeddable":true,"href":"https:\/\/www.generalkinematics.com\/de\/wp-json\/wp\/v2\/product_brand?post=38777"},{"taxonomy":"product_cat","embeddable":true,"href":"https:\/\/www.generalkinematics.com\/de\/wp-json\/wp\/v2\/product_cat?post=38777"},{"taxonomy":"product_tag","embeddable":true,"href":"https:\/\/www.generalkinematics.com\/de\/wp-json\/wp\/v2\/product_tag?post=38777"}],"curies":[{"name":"wp","href":"https:\/\/api.w.org\/{rel}","templated":true}]}}