{"id":38788,"date":"2015-05-12T09:36:15","date_gmt":"2015-05-12T14:36:15","guid":{"rendered":"https:\/\/www.generalkinematics.com\/product\/vibrationsforderer-fur-giesereianwendungen\/"},"modified":"2019-06-12T14:52:44","modified_gmt":"2019-06-12T19:52:44","slug":"vibrationsforderer-fur-giesereianwendungen","status":"publish","type":"product","link":"https:\/\/www.generalkinematics.com\/de\/produkt\/vibrationsforderer-fur-giesereianwendungen\/","title":{"rendered":"Vibrationsf\u00f6rderer f\u00fcr Gie\u00dfereianwendungen"},"content":{"rendered":"<div class=\"wpb-content-wrapper\"><p>[vc_row][vc_column][vc_column_text]<\/p>\n<h2>F\u00f6rderer, speziell entwickelt f\u00fcr alles, was Sie darauf werfen k\u00f6nnten.<\/h2>\n<p>W\u00fcrden Sie ein rot gl\u00fchendes Gussteil auf einen Gummiband legen? Nein! Wie w\u00e4re es mit hei\u00dfem, flie\u00dfendem Sand auf einem Plattenband oder Metallbandf\u00f6rderer? Oder Sie m\u00f6chten nur fegen! Es gibt nur eine Technologie, die f\u00fcr die anspruchsvolle Umgebung einer hei\u00dfen und abrasiven Gie\u00dferei geeignet ist, und das sind Vibrationsf\u00f6rderer von General Kinematics.<\/p>\n<h2>Mehr als nur F\u00f6rdern<\/h2>\n<p>Vielseitige Vibrationsf\u00f6rderer von General Kinematics k\u00f6nnen mehr als nur Materialien zu bewegen. Die mit dem kontinuierlichen hin und her bewegen von Material verbundene Bewegung schafft die M\u00f6glichkeit, einen oder mehrere Prozesse auf dem Weg auszuf\u00fchren. Abh\u00e4ngig von Ihrer Anwendung k\u00f6nnen F\u00f6rderb\u00e4nder mit kundenspezifischen Trogausf\u00fchrungen entwickelt und gebaut werden, um hei\u00dfe, schwere und\/oder abrasive Materialien in der Gie\u00dferei, einschlie\u00dflich Sand, Anguss, Gussteile und R\u00fcckst\u00e4nde handzuhaben. Die F\u00f6rderer k\u00f6nnen aus einer Vielzahl von Materialien, einschlie\u00dflich Baustahl oder abriebfestem Stahl, Edelstahl oder speziellen Legierungen hergestellt werden. Spezielle Muster, Perforationen und Trogdicken k\u00f6nnen, um Ihre Anwendungsanforderungen zu erf\u00fcllen, ebenfalls definiert werden.<\/p>\n<h2>Vorteile GK-Vibrationsf\u00f6rderer:<\/h2>\n<p>[\/vc_column_text][\/vc_column][\/vc_row][vc_row][vc_column width=&#8220;3\/4&#8243;][vc_column_text]<strong>SUPER-DUTY DESIGN<\/strong> Die Super-Duty-Ausf\u00fchrung der GK-Vibrationsf\u00f6rderer erm\u00f6glicht es bei Gie\u00dfereianwendungen mit sehr geringen Wartungs- und Ausfallzeiten zu \u00fcberzeugen. Sollte etwas ausgetauscht werden m\u00fcssen, sind die Teile einfach zu ersetzen und beim GK-Parts-Team erh\u00e4ltlich.[\/vc_column_text][\/vc_column][vc_column width=&#8220;1\/4&#8243;][vc_single_image image=&#8220;9064&#8243; img_size=&#8220;full&#8220; alignment=&#8220;center&#8220;][\/vc_column][\/vc_row][vc_row][vc_column width=&#8220;3\/4&#8243;][vc_column_text]<strong>EFFIZIENTES ANTRIEBSYSTEM<\/strong> F\u00f6rderer mit GKs SYNCRO-CUSHION\u2122-Schraubenfederantrieb ben\u00f6tigen weniger Leistung zum Hochfahren der Maschine. Weniger Leistung erm\u00f6glicht einen kleineren Motor, und ein kleinerer Motor bedeutet weniger Stromverbrauch und eine h\u00f6here Energieeinsparung.[\/vc_column_text][\/vc_column][vc_column width=&#8220;1\/4&#8243;][vc_single_image image=&#8220;9065&#8243; img_size=&#8220;full&#8220; alignment=&#8220;center&#8220;][\/vc_column][\/vc_row][vc_row][vc_column width=&#8220;3\/4&#8243;][vc_column_text]<strong>MINIMALER ENERGIEEINSATZ<\/strong> GKs F\u00f6rderer nutzen das Prinzip der Eigenfrequenz. Diese Bauweise nutzt die Oberwellen der Maschine, um Energie durch das Federsystem zu speichern und freizugeben. Das hei\u00dft, sobald die Maschine l\u00e4uft, ben\u00f6tigt sie fast keine Energie mehr f\u00fcr den Betrieb.[\/vc_column_text][\/vc_column][vc_column width=&#8220;1\/4&#8243;][vc_single_image image=&#8220;9066&#8243; img_size=&#8220;full&#8220; alignment=&#8220;center&#8220;][\/vc_column][\/vc_row][vc_row][vc_column][vc_column_text]<\/p>\n<h2>GK-F\u00f6rdertechnik<\/h2>\n<p>General Kinematics bietet, abh\u00e4ngig von Ihrer Anwendung, verschiedene Arten von Vibrationsf\u00f6rderern an. Klicken Sie auf nachfolgende Links, um mehr \u00fcber die verschiedenen Arten von F\u00f6rderern von GK zu erfahren:<\/p>\n<ul>\n<li><a href=\"https:\/\/www.generalkinematics.com\/de\/produkt\/syncro-coil-vibrationsforderer\/\">SYNCRO-COIL\u00ae-Spiralfederf\u00f6rderer<\/a><\/li>\n<li><a href=\"https:\/\/www.generalkinematics.com\/de\/produkt\/syncro-flex-vibrating-conveyors-2\/\">SYNCRO-FLEX\u00ae-Gummifederf\u00f6rderer<\/a><\/li>\n<li><a href=\"https:\/\/www.generalkinematics.com\/de\/produkt\/syncro-flex-s-vibrating-conveyors-2\/\">SYNCRO-FLEX\u00ae-S Lamellenf\u00f6rderer<\/a><\/li>\n<li><a href=\"https:\/\/www.generalkinematics.com\/de\/produkt\/syncro-shear-vibratory-conveyors-2\/\">SYNCRO-SHEAR\u00ae-Einzelblattf\u00f6rderer<\/a><\/li>\n<\/ul>\n<h2>W\u00e4hlen Sie Ihre Anwendung:<\/h2>\n<p>Vom Schrottplatz bis zu Ihrer Versandabteilung verf\u00fcgt GK \u00fcber einen F\u00f6rderer, mit dem Sie Ihre Gie\u00dfereimaterialien transportieren k\u00f6nnen. W\u00e4hlen Sie Ihre Anwendung unten, um mehr \u00fcber die verschiedenen Arten von Vibrationsf\u00f6rderern zu erfahren, die GK liefern kann.[\/vc_column_text][\/vc_column][\/vc_row][vc_row][vc_column width=&#8220;1\/3&#8243;][vc_column_text]<\/p>\n<h4 style=\"text-align: center;\"><a href=\"https:\/\/www.generalkinematics.com\/de\/produkt\/syncro-coil-vibrationsforderer\/\">SYNCRO-COIL\u00ae<\/a><\/h4>\n<p>[\/vc_column_text][vc_column_text]<a href=\"https:\/\/www.generalkinematics.com\/de\/produkt\/syncro-coil-vibrationsforderer\/\"><img decoding=\"async\" class=\"size-full wp-image-9067 aligncenter\" src=\"https:\/\/www.generalkinematics.com\/wp-content\/uploads\/syncro-coil.png\" alt=\"general-kinematics-syncro-coil-conveyors\" width=\"203\" height=\"140\" \/><\/a>[\/vc_column_text][\/vc_column][vc_column width=&#8220;1\/3&#8243;][vc_column_text]<\/p>\n<h4 style=\"text-align: center;\"><a href=\"https:\/\/www.generalkinematics.com\/de\/produkt\/strahlgut-sammlung-und-losung-von-reklamationen\/\">Strahlgut-Sammlung und L\u00f6sung von Reklamationen<\/a><\/h4>\n<p>[\/vc_column_text][vc_column_text]<a href=\"https:\/\/www.generalkinematics.com\/de\/produkt\/strahlgut-sammlung-und-losung-von-reklamationen\/\"><img decoding=\"async\" class=\"size-full wp-image-9068 aligncenter\" src=\"https:\/\/www.generalkinematics.com\/wp-content\/uploads\/shot-conveyor.png\" alt=\"general-kinematics-shot-conveyor\" width=\"203\" height=\"140\" \/><\/a>[\/vc_column_text][\/vc_column][vc_column width=&#8220;1\/3&#8243;][vc_column_text]<\/p>\n<h4 style=\"text-align: center;\"><a href=\"https:\/\/www.generalkinematics.com\/de\/produkt\/sortierforderer\/\">Sortierf\u00f6rderer<\/a><\/h4>\n<p>[\/vc_column_text][vc_column_text]<a href=\"https:\/\/www.generalkinematics.com\/de\/produkt\/sortierforderer\/\"><img decoding=\"async\" class=\"size-full wp-image-9069 aligncenter\" src=\"https:\/\/www.generalkinematics.com\/wp-content\/uploads\/sorting.png\" alt=\"general-kinematics-sorting-conveyor\" width=\"203\" height=\"140\" \/><\/a>[\/vc_column_text][\/vc_column][\/vc_row][vc_row][vc_column width=&#8220;1\/3&#8243;][vc_column_text]<\/p>\n<h4 style=\"text-align: center;\"><a href=\"https:\/\/www.generalkinematics.com\/de\/produkt\/wendelforderer\/\">SPIRA-FLOW\u2122-Wendelf\u00f6rderer<\/a><\/h4>\n<p>[\/vc_column_text][vc_column_text]<a href=\"https:\/\/www.generalkinematics.com\/de\/produkt\/wendelforderer\/\"><img decoding=\"async\" class=\"size-full wp-image-9070 aligncenter\" src=\"https:\/\/www.generalkinematics.com\/wp-content\/uploads\/spiral1.png\" alt=\"general-kinematics-spiral\" width=\"203\" height=\"140\" \/><\/a>[\/vc_column_text][\/vc_column][vc_column width=&#8220;1\/3&#8243;][vc_column_text]<\/p>\n<h4 style=\"text-align: center;\"><a href=\"https:\/\/www.generalkinematics.com\/de\/produkt\/strahlanlagen-entladeforderer\/\">Strahlanlagen-Entladef\u00f6rderer<\/a><\/h4>\n<p>[\/vc_column_text][vc_column_text]<a href=\"https:\/\/www.generalkinematics.com\/de\/produkt\/strahlanlagen-entladeforderer\/\"><img decoding=\"async\" class=\"size-full wp-image-9071 aligncenter\" src=\"https:\/\/www.generalkinematics.com\/wp-content\/uploads\/blast-unload.png\" alt=\"\" width=\"203\" height=\"140\" \/><\/a>[\/vc_column_text][\/vc_column][vc_column width=&#8220;1\/3&#8243;][vc_column_text]<\/p>\n<h4 style=\"text-align: center;\"><a href=\"https:\/\/www.generalkinematics.com\/de\/produkt\/kuhlforderer-fur-trockene\/\">Trockenschlacken-K\u00fchlf\u00f6rderer<\/a><\/h4>\n<p>[\/vc_column_text][vc_column_text]<a href=\"https:\/\/www.generalkinematics.com\/de\/produkt\/kuhlforderer-fur-trockene\/\"><img decoding=\"async\" class=\"size-full wp-image-9075 aligncenter\" src=\"https:\/\/www.generalkinematics.com\/wp-content\/uploads\/dry-slag-cooler.png\" alt=\"general-kinematics-dry-slag-cooler\" width=\"203\" height=\"140\" \/><\/a>[\/vc_column_text][\/vc_column][\/vc_row][vc_row][vc_column width=&#8220;1\/3&#8243;][vc_column_text]<\/p>\n<h4 style=\"text-align: center;\"><a href=\"https:\/\/www.generalkinematics.com\/de\/produkt\/vibra-belt-vibrations-fordergurt\/\">VIBRA-BELT\u00ae-Vibrations-F\u00f6rdergurte<\/a><\/h4>\n<p>[\/vc_column_text][vc_column_text]<a href=\"https:\/\/www.generalkinematics.com\/de\/produkt\/vibra-belt-vibrations-fordergurt\/\"><img decoding=\"async\" class=\"size-full wp-image-9076 aligncenter\" src=\"https:\/\/www.generalkinematics.com\/wp-content\/uploads\/vibra-belt.png\" alt=\"general-kinematics-vibra-belt\" width=\"203\" height=\"140\" \/><\/a>[\/vc_column_text][\/vc_column][vc_column width=&#8220;1\/3&#8243;][vc_column_text]<\/p>\n<h4 style=\"text-align: center;\"><a href=\"https:\/\/www.generalkinematics.com\/de\/produkt\/gussteil-kuhlspiralen\/\">SPIRA-COOL\u00ae-Gussteil-K\u00fchlspiralen<\/a><\/h4>\n<p>[\/vc_column_text][vc_column_text]<a href=\"https:\/\/www.generalkinematics.com\/de\/produkt\/gussteil-kuhlspiralen\/\"><img decoding=\"async\" class=\"size-full wp-image-9078 aligncenter\" src=\"https:\/\/www.generalkinematics.com\/wp-content\/uploads\/spira-cool.png\" alt=\"general-kinematics-spira-cool\" width=\"203\" height=\"140\" \/><\/a>[\/vc_column_text][\/vc_column][vc_column width=&#8220;1\/3&#8243;][vc_column_text]<\/p>\n<h4 style=\"text-align: center;\"><a href=\"https:\/\/www.generalkinematics.com\/de\/produkt\/trenchveyor\/\">TRENCHVEYOR\u2122 Gestapelt montierte Vibrationsf\u00f6rderer<\/a><\/h4>\n<p>[\/vc_column_text][vc_column_text]<a href=\"https:\/\/www.generalkinematics.com\/de\/produkt\/trenchveyor\/\"><img decoding=\"async\" class=\"size-full wp-image-9079 aligncenter\" src=\"https:\/\/www.generalkinematics.com\/wp-content\/uploads\/trenchveyor.png\" alt=\"general-kinematics-trenchveyor\" width=\"203\" height=\"140\" \/><\/a>[\/vc_column_text][\/vc_column][\/vc_row][vc_row][vc_column][vc_column_text]<\/p>\n<h4 style=\"text-align: center;\"><a href=\"https:\/\/www.generalkinematics.com\/de\/produkt\/v-trough-geneigter-vibrationsforderer\/\">V-TROUGH\u00ae-Geneigter Vibrationsf\u00f6rderer<\/a><\/h4>\n<p>[\/vc_column_text][vc_column_text]<a href=\"https:\/\/www.generalkinematics.com\/de\/produkt\/v-trough-geneigter-vibrationsforderer\/\"><img decoding=\"async\" class=\"size-full wp-image-9080 aligncenter\" src=\"https:\/\/www.generalkinematics.com\/wp-content\/uploads\/inclined-conveyor.png\" alt=\"general-kinematics-inclined-conveyor\" width=\"203\" height=\"140\" \/><\/a>[\/vc_column_text][\/vc_column][\/vc_row]<\/p>\n<\/div>","protected":false},"excerpt":{"rendered":"<p>W\u00fcrden Sie ein rot gl\u00fchendes Gussteil auf einen Gummiband legen? Nein! Wie w\u00e4re es mit hei\u00dfem, flie\u00dfendem Sand auf einem Plattenband oder Metallbandf\u00f6rderer? Oder Sie m\u00f6chten nur fegen! Es gibt nur eine Technologie, die f\u00fcr die anspruchsvolle Umgebung einer hei\u00dfen und abrasiven Gie\u00dferei geeignet ist, und das sind Vibrationsf\u00f6rderer von General Kinematics.<\/p>\n","protected":false},"featured_media":23135,"comment_status":"closed","ping_status":"closed","template":"","meta":{"_acf_changed":false,"om_disable_all_campaigns":false,"ep_exclude_from_search":false},"product_brand":[],"product_cat":[1773,1769,1771],"product_tag":[],"class_list":{"0":"post-38788","1":"product","2":"type-product","3":"status-publish","4":"has-post-thumbnail","6":"product_cat-gusskuehlausruestung","7":"product_cat-lordungen-fuer-giesserei-und-metallguss","8":"product_cat-materielhandling","10":"first","11":"instock","12":"taxable","13":"shipping-taxable","14":"product-type-simple"},"acf":[],"yoast_head":"<!-- This site is optimized with the Yoast SEO plugin v27.2 - https:\/\/yoast.com\/product\/yoast-seo-wordpress\/ -->\n<title>Vibrationsf\u00f6rderer f\u00fcr Gie\u00dfereianwendungen | General Kinematics<\/title>\n<meta name=\"robots\" content=\"index, follow, max-snippet:-1, max-image-preview:large, max-video-preview:-1\" \/>\n<link rel=\"canonical\" href=\"https:\/\/www.generalkinematics.com\/de\/produkt\/vibrationsforderer-fur-giesereianwendungen\/\" \/>\n<meta property=\"og:locale\" content=\"de_DE\" \/>\n<meta property=\"og:type\" content=\"article\" \/>\n<meta property=\"og:title\" content=\"Vibrationsf\u00f6rderer f\u00fcr Gie\u00dfereianwendungen | General Kinematics\" \/>\n<meta property=\"og:description\" content=\"W\u00fcrden Sie ein rot gl\u00fchendes Gussteil auf einen Gummiband legen? Nein! Wie w\u00e4re es mit hei\u00dfem, flie\u00dfendem Sand auf einem Plattenband oder Metallbandf\u00f6rderer? Oder Sie m\u00f6chten nur fegen! Es gibt nur eine Technologie, die f\u00fcr die anspruchsvolle Umgebung einer hei\u00dfen und abrasiven Gie\u00dferei geeignet ist, und das sind Vibrationsf\u00f6rderer von General Kinematics.\" \/>\n<meta property=\"og:url\" content=\"https:\/\/www.generalkinematics.com\/de\/produkt\/vibrationsforderer-fur-giesereianwendungen\/\" \/>\n<meta property=\"og:site_name\" content=\"General Kinematics\" \/>\n<meta property=\"article:publisher\" content=\"https:\/\/www.facebook.com\/generalkinematics\" \/>\n<meta property=\"article:modified_time\" content=\"2019-06-12T19:52:44+00:00\" \/>\n<meta property=\"og:image\" content=\"https:\/\/media.generalkinematics.com\/wp-content\/uploads\/2015\/05\/IMG_6156.jpg\" \/>\n\t<meta property=\"og:image:width\" content=\"5184\" \/>\n\t<meta property=\"og:image:height\" content=\"3456\" \/>\n\t<meta property=\"og:image:type\" content=\"image\/jpeg\" \/>\n<meta name=\"twitter:card\" content=\"summary_large_image\" \/>\n<meta name=\"twitter:site\" content=\"@gkvibrating\" \/>\n<meta name=\"twitter:label1\" content=\"Gesch\u00e4tzte Lesezeit\" \/>\n\t<meta name=\"twitter:data1\" content=\"4 Minuten\" \/>\n<!-- \/ Yoast SEO plugin. -->","yoast_head_json":{"title":"Vibrationsf\u00f6rderer f\u00fcr Gie\u00dfereianwendungen | General Kinematics","robots":{"index":"index","follow":"follow","max-snippet":"max-snippet:-1","max-image-preview":"max-image-preview:large","max-video-preview":"max-video-preview:-1"},"canonical":"https:\/\/www.generalkinematics.com\/de\/produkt\/vibrationsforderer-fur-giesereianwendungen\/","og_locale":"de_DE","og_type":"article","og_title":"Vibrationsf\u00f6rderer f\u00fcr Gie\u00dfereianwendungen | General Kinematics","og_description":"W\u00fcrden Sie ein rot gl\u00fchendes Gussteil auf einen Gummiband legen? Nein! Wie w\u00e4re es mit hei\u00dfem, flie\u00dfendem Sand auf einem Plattenband oder Metallbandf\u00f6rderer? Oder Sie m\u00f6chten nur fegen! Es gibt nur eine Technologie, die f\u00fcr die anspruchsvolle Umgebung einer hei\u00dfen und abrasiven Gie\u00dferei geeignet ist, und das sind Vibrationsf\u00f6rderer von General Kinematics.","og_url":"https:\/\/www.generalkinematics.com\/de\/produkt\/vibrationsforderer-fur-giesereianwendungen\/","og_site_name":"General Kinematics","article_publisher":"https:\/\/www.facebook.com\/generalkinematics","article_modified_time":"2019-06-12T19:52:44+00:00","og_image":[{"width":5184,"height":3456,"url":"https:\/\/media.generalkinematics.com\/wp-content\/uploads\/2015\/05\/IMG_6156.jpg","type":"image\/jpeg"}],"twitter_card":"summary_large_image","twitter_site":"@gkvibrating","twitter_misc":{"Gesch\u00e4tzte Lesezeit":"4 Minuten"},"schema":{"@context":"https:\/\/schema.org","@graph":[{"@type":"WebPage","@id":"https:\/\/www.generalkinematics.com\/de\/produkt\/vibrationsforderer-fur-giesereianwendungen\/","url":"https:\/\/www.generalkinematics.com\/de\/produkt\/vibrationsforderer-fur-giesereianwendungen\/","name":"Vibrationsf\u00f6rderer f\u00fcr Gie\u00dfereianwendungen | General Kinematics","isPartOf":{"@id":"https:\/\/www.generalkinematics.com\/de\/#website"},"primaryImageOfPage":{"@id":"https:\/\/www.generalkinematics.com\/de\/produkt\/vibrationsforderer-fur-giesereianwendungen\/#primaryimage"},"image":{"@id":"https:\/\/www.generalkinematics.com\/de\/produkt\/vibrationsforderer-fur-giesereianwendungen\/#primaryimage"},"thumbnailUrl":"https:\/\/media.generalkinematics.com\/wp-content\/uploads\/2015\/05\/IMG_6156.jpg","datePublished":"2015-05-12T14:36:15+00:00","dateModified":"2019-06-12T19:52:44+00:00","breadcrumb":{"@id":"https:\/\/www.generalkinematics.com\/de\/produkt\/vibrationsforderer-fur-giesereianwendungen\/#breadcrumb"},"inLanguage":"de-DE","potentialAction":[{"@type":"ReadAction","target":["https:\/\/www.generalkinematics.com\/de\/produkt\/vibrationsforderer-fur-giesereianwendungen\/"]}]},{"@type":"ImageObject","inLanguage":"de-DE","@id":"https:\/\/www.generalkinematics.com\/de\/produkt\/vibrationsforderer-fur-giesereianwendungen\/#primaryimage","url":"https:\/\/media.generalkinematics.com\/wp-content\/uploads\/2015\/05\/IMG_6156.jpg","contentUrl":"https:\/\/media.generalkinematics.com\/wp-content\/uploads\/2015\/05\/IMG_6156.jpg","width":5184,"height":3456,"caption":"general-kinematics-vibratory-conveyor-for-foundry"},{"@type":"BreadcrumbList","@id":"https:\/\/www.generalkinematics.com\/de\/produkt\/vibrationsforderer-fur-giesereianwendungen\/#breadcrumb","itemListElement":[{"@type":"ListItem","position":1,"name":"GK Home","item":"https:\/\/www.generalkinematics.com\/de\/"},{"@type":"ListItem","position":2,"name":"Shop","item":"https:\/\/www.generalkinematics.com\/shop\/"},{"@type":"ListItem","position":3,"name":"Vibrationsf\u00f6rderer f\u00fcr Gie\u00dfereianwendungen"}]},{"@type":"WebSite","@id":"https:\/\/www.generalkinematics.com\/de\/#website","url":"https:\/\/www.generalkinematics.com\/de\/","name":"General Kinematics","description":"","publisher":{"@id":"https:\/\/www.generalkinematics.com\/de\/#organization"},"potentialAction":[{"@type":"SearchAction","target":{"@type":"EntryPoint","urlTemplate":"https:\/\/www.generalkinematics.com\/de\/?s={search_term_string}"},"query-input":{"@type":"PropertyValueSpecification","valueRequired":true,"valueName":"search_term_string"}}],"inLanguage":"de-DE"},{"@type":"Organization","@id":"https:\/\/www.generalkinematics.com\/de\/#organization","name":"General Kinematics","url":"https:\/\/www.generalkinematics.com\/de\/","logo":{"@type":"ImageObject","inLanguage":"de-DE","@id":"https:\/\/www.generalkinematics.com\/de\/#\/schema\/logo\/image\/","url":"https:\/\/media.generalkinematics.com\/wp-content\/uploads\/2018\/03\/logo.png","contentUrl":"https:\/\/media.generalkinematics.com\/wp-content\/uploads\/2018\/03\/logo.png","width":313,"height":100,"caption":"General Kinematics"},"image":{"@id":"https:\/\/www.generalkinematics.com\/de\/#\/schema\/logo\/image\/"},"sameAs":["https:\/\/www.facebook.com\/generalkinematics","https:\/\/x.com\/gkvibrating"]}]}},"_links":{"self":[{"href":"https:\/\/www.generalkinematics.com\/de\/wp-json\/wp\/v2\/product\/38788","targetHints":{"allow":["GET"]}}],"collection":[{"href":"https:\/\/www.generalkinematics.com\/de\/wp-json\/wp\/v2\/product"}],"about":[{"href":"https:\/\/www.generalkinematics.com\/de\/wp-json\/wp\/v2\/types\/product"}],"replies":[{"embeddable":true,"href":"https:\/\/www.generalkinematics.com\/de\/wp-json\/wp\/v2\/comments?post=38788"}],"wp:featuredmedia":[{"embeddable":true,"href":"https:\/\/www.generalkinematics.com\/de\/wp-json\/wp\/v2\/media\/23135"}],"wp:attachment":[{"href":"https:\/\/www.generalkinematics.com\/de\/wp-json\/wp\/v2\/media?parent=38788"}],"wp:term":[{"taxonomy":"product_brand","embeddable":true,"href":"https:\/\/www.generalkinematics.com\/de\/wp-json\/wp\/v2\/product_brand?post=38788"},{"taxonomy":"product_cat","embeddable":true,"href":"https:\/\/www.generalkinematics.com\/de\/wp-json\/wp\/v2\/product_cat?post=38788"},{"taxonomy":"product_tag","embeddable":true,"href":"https:\/\/www.generalkinematics.com\/de\/wp-json\/wp\/v2\/product_tag?post=38788"}],"curies":[{"name":"wp","href":"https:\/\/api.w.org\/{rel}","templated":true}]}}