{"id":38919,"date":"2015-05-12T10:23:16","date_gmt":"2015-05-12T15:23:16","guid":{"rendered":"https:\/\/www.generalkinematics.com\/product\/v2-variable-vektor-trenntechnologie\/"},"modified":"2018-08-31T07:46:48","modified_gmt":"2018-08-31T12:46:48","slug":"variable-vektortrennanlage","status":"publish","type":"product","link":"https:\/\/www.generalkinematics.com\/de\/produkt\/variable-vektortrennanlage\/","title":{"rendered":"V2 Variable Vektor-Trenntechnologie"},"content":{"rendered":"<p>Mit General Kinematics <strong>V2 Variable Vektortrennanlage<\/strong> k\u00f6nnen Sie die Gussteilverweilzeit per Knopfdruck einstellen. Langlebige Komponenten und eine besonders robuste Konstruktion erm\u00f6glichen eine verl\u00e4ngerte Standzeit und einen wartungsarmen Betrieb.<\/p>\n<p>Der Direktantrieb ist einfach zu warten und zu montieren. Das einfach zu bedienende Steuerungssystem des V2 nutzt vektorbasierte Messungen, um den richtigen Trennwinkel f\u00fcr Ihren Gussteiltyp zu \u00fcberwachen und beizubehalten, sowie die F\u00e4higkeit, die Transportgeschwindigkeit f\u00fcr die Verweilzeit f\u00fcr verschiedene Gussteilgr\u00f6\u00dfen und Formen zu optimieren.<\/p>\n<h2>Eigenschaften:<\/h2>\n<ul>\n<li>Einfache Einstellung unterschiedlicher Transportgeschwindigkeiten und Verweildauern.<\/li>\n<li>Heavy Duty-Nichtbalancierter Antrieb verwendet GKs propriet\u00e4re langlebige Lager f\u00fcr maximale Verf\u00fcgbarkeit und Zuverl\u00e4ssigkeit.<\/li>\n<li>Abh\u00e4ngig von Ihrer Anwendung in Standard- und ma\u00dfgeschneiderten Gr\u00f6\u00dfen erh\u00e4ltlich.<\/li>\n<li>Die vektorbasierte Messung verfolgt den tats\u00e4chlichen Betriebshub zur pr\u00e4zisen Steuerung der Gussteilf\u00f6rdergeschwindigkeit.<\/li>\n<\/ul>\n","protected":false},"excerpt":{"rendered":"<p>Mit General Kinematics V2 Variable Vektortrennanlage k\u00f6nnen Sie die Gussteilverweilzeit per Knopfdruck einstellen. Langlebige Komponenten und eine besonders robuste Konstruktion erm\u00f6glichen eine verl\u00e4ngerte Standzeit und einen wartungsarmen Betrieb. Der Direktantrieb ist einfach zu warten und zu montieren. Das einfach zu bedienende Steuerungssystem des V2 nutzt vektorbasierte Messungen, um den richtigen Trennwinkel f\u00fcr Ihren Gussteiltyp zu [&hellip;]<\/p>\n","protected":false},"featured_media":32733,"comment_status":"closed","ping_status":"closed","template":"","meta":{"_acf_changed":false,"om_disable_all_campaigns":false,"ep_exclude_from_search":false},"product_brand":[],"product_cat":[1769,1790,1787],"product_tag":[],"class_list":{"0":"post-38919","1":"product","2":"type-product","3":"status-publish","4":"has-post-thumbnail","6":"product_cat-lordungen-fuer-giesserei-und-metallguss","7":"product_cat-vibrations-und-rotationsseparation","8":"product_cat-vibrationstrommeln-und-trennrinnen","10":"first","11":"instock","12":"taxable","13":"shipping-taxable","14":"product-type-simple"},"acf":[],"yoast_head":"<!-- This site is optimized with the Yoast SEO plugin v27.2 - https:\/\/yoast.com\/product\/yoast-seo-wordpress\/ -->\n<title>V2 Variable Vektor-Trenntechnologie | General Kinematics<\/title>\n<meta name=\"robots\" content=\"index, follow, max-snippet:-1, max-image-preview:large, max-video-preview:-1\" \/>\n<link rel=\"canonical\" href=\"https:\/\/www.generalkinematics.com\/de\/produkt\/variable-vektortrennanlage\/\" \/>\n<meta property=\"og:locale\" content=\"de_DE\" \/>\n<meta property=\"og:type\" content=\"article\" \/>\n<meta property=\"og:title\" content=\"V2 Variable Vektor-Trenntechnologie | General Kinematics\" \/>\n<meta property=\"og:description\" content=\"Mit General Kinematics V2 Variable Vektortrennanlage k\u00f6nnen Sie die Gussteilverweilzeit per Knopfdruck einstellen. Langlebige Komponenten und eine besonders robuste Konstruktion erm\u00f6glichen eine verl\u00e4ngerte Standzeit und einen wartungsarmen Betrieb. Der Direktantrieb ist einfach zu warten und zu montieren. Das einfach zu bedienende Steuerungssystem des V2 nutzt vektorbasierte Messungen, um den richtigen Trennwinkel f\u00fcr Ihren Gussteiltyp zu [&hellip;]\" \/>\n<meta property=\"og:url\" content=\"https:\/\/www.generalkinematics.com\/de\/produkt\/variable-vektortrennanlage\/\" \/>\n<meta property=\"og:site_name\" content=\"General Kinematics\" \/>\n<meta property=\"article:publisher\" content=\"https:\/\/www.facebook.com\/generalkinematics\" \/>\n<meta property=\"article:modified_time\" content=\"2018-08-31T12:46:48+00:00\" \/>\n<meta property=\"og:image\" content=\"https:\/\/media.generalkinematics.com\/wp-content\/uploads\/2015\/05\/V2-Model-w-Logo.png\" \/>\n\t<meta property=\"og:image:width\" content=\"1440\" \/>\n\t<meta property=\"og:image:height\" content=\"864\" \/>\n\t<meta property=\"og:image:type\" content=\"image\/jpeg\" \/>\n<meta name=\"twitter:card\" content=\"summary_large_image\" \/>\n<meta name=\"twitter:site\" content=\"@gkvibrating\" \/>\n<meta name=\"twitter:label1\" content=\"Gesch\u00e4tzte Lesezeit\" \/>\n\t<meta name=\"twitter:data1\" content=\"1 Minute\" \/>\n<!-- \/ Yoast SEO plugin. -->","yoast_head_json":{"title":"V2 Variable Vektor-Trenntechnologie | General Kinematics","robots":{"index":"index","follow":"follow","max-snippet":"max-snippet:-1","max-image-preview":"max-image-preview:large","max-video-preview":"max-video-preview:-1"},"canonical":"https:\/\/www.generalkinematics.com\/de\/produkt\/variable-vektortrennanlage\/","og_locale":"de_DE","og_type":"article","og_title":"V2 Variable Vektor-Trenntechnologie | General Kinematics","og_description":"Mit General Kinematics V2 Variable Vektortrennanlage k\u00f6nnen Sie die Gussteilverweilzeit per Knopfdruck einstellen. Langlebige Komponenten und eine besonders robuste Konstruktion erm\u00f6glichen eine verl\u00e4ngerte Standzeit und einen wartungsarmen Betrieb. Der Direktantrieb ist einfach zu warten und zu montieren. Das einfach zu bedienende Steuerungssystem des V2 nutzt vektorbasierte Messungen, um den richtigen Trennwinkel f\u00fcr Ihren Gussteiltyp zu [&hellip;]","og_url":"https:\/\/www.generalkinematics.com\/de\/produkt\/variable-vektortrennanlage\/","og_site_name":"General Kinematics","article_publisher":"https:\/\/www.facebook.com\/generalkinematics","article_modified_time":"2018-08-31T12:46:48+00:00","og_image":[{"width":1440,"height":864,"url":"https:\/\/media.generalkinematics.com\/wp-content\/uploads\/2015\/05\/V2-Model-w-Logo.png","type":"image\/jpeg"}],"twitter_card":"summary_large_image","twitter_site":"@gkvibrating","twitter_misc":{"Gesch\u00e4tzte Lesezeit":"1 Minute"},"schema":{"@context":"https:\/\/schema.org","@graph":[{"@type":"WebPage","@id":"https:\/\/www.generalkinematics.com\/de\/produkt\/variable-vektortrennanlage\/","url":"https:\/\/www.generalkinematics.com\/de\/produkt\/variable-vektortrennanlage\/","name":"V2 Variable Vektor-Trenntechnologie | General Kinematics","isPartOf":{"@id":"https:\/\/www.generalkinematics.com\/de\/#website"},"primaryImageOfPage":{"@id":"https:\/\/www.generalkinematics.com\/de\/produkt\/variable-vektortrennanlage\/#primaryimage"},"image":{"@id":"https:\/\/www.generalkinematics.com\/de\/produkt\/variable-vektortrennanlage\/#primaryimage"},"thumbnailUrl":"https:\/\/media.generalkinematics.com\/wp-content\/uploads\/2015\/05\/V2-Model-w-Logo.png","datePublished":"2015-05-12T15:23:16+00:00","dateModified":"2018-08-31T12:46:48+00:00","breadcrumb":{"@id":"https:\/\/www.generalkinematics.com\/de\/produkt\/variable-vektortrennanlage\/#breadcrumb"},"inLanguage":"de-DE","potentialAction":[{"@type":"ReadAction","target":["https:\/\/www.generalkinematics.com\/de\/produkt\/variable-vektortrennanlage\/"]}]},{"@type":"ImageObject","inLanguage":"de-DE","@id":"https:\/\/www.generalkinematics.com\/de\/produkt\/variable-vektortrennanlage\/#primaryimage","url":"https:\/\/media.generalkinematics.com\/wp-content\/uploads\/2015\/05\/V2-Model-w-Logo.png","contentUrl":"https:\/\/media.generalkinematics.com\/wp-content\/uploads\/2015\/05\/V2-Model-w-Logo.png","width":1440,"height":864},{"@type":"BreadcrumbList","@id":"https:\/\/www.generalkinematics.com\/de\/produkt\/variable-vektortrennanlage\/#breadcrumb","itemListElement":[{"@type":"ListItem","position":1,"name":"GK Home","item":"https:\/\/www.generalkinematics.com\/de\/"},{"@type":"ListItem","position":2,"name":"Shop","item":"https:\/\/www.generalkinematics.com\/shop\/"},{"@type":"ListItem","position":3,"name":"V2 Variable Vektor-Trenntechnologie"}]},{"@type":"WebSite","@id":"https:\/\/www.generalkinematics.com\/de\/#website","url":"https:\/\/www.generalkinematics.com\/de\/","name":"General Kinematics","description":"","publisher":{"@id":"https:\/\/www.generalkinematics.com\/de\/#organization"},"potentialAction":[{"@type":"SearchAction","target":{"@type":"EntryPoint","urlTemplate":"https:\/\/www.generalkinematics.com\/de\/?s={search_term_string}"},"query-input":{"@type":"PropertyValueSpecification","valueRequired":true,"valueName":"search_term_string"}}],"inLanguage":"de-DE"},{"@type":"Organization","@id":"https:\/\/www.generalkinematics.com\/de\/#organization","name":"General Kinematics","url":"https:\/\/www.generalkinematics.com\/de\/","logo":{"@type":"ImageObject","inLanguage":"de-DE","@id":"https:\/\/www.generalkinematics.com\/de\/#\/schema\/logo\/image\/","url":"https:\/\/media.generalkinematics.com\/wp-content\/uploads\/2018\/03\/logo.png","contentUrl":"https:\/\/media.generalkinematics.com\/wp-content\/uploads\/2018\/03\/logo.png","width":313,"height":100,"caption":"General Kinematics"},"image":{"@id":"https:\/\/www.generalkinematics.com\/de\/#\/schema\/logo\/image\/"},"sameAs":["https:\/\/www.facebook.com\/generalkinematics","https:\/\/x.com\/gkvibrating"]}]}},"_links":{"self":[{"href":"https:\/\/www.generalkinematics.com\/de\/wp-json\/wp\/v2\/product\/38919","targetHints":{"allow":["GET"]}}],"collection":[{"href":"https:\/\/www.generalkinematics.com\/de\/wp-json\/wp\/v2\/product"}],"about":[{"href":"https:\/\/www.generalkinematics.com\/de\/wp-json\/wp\/v2\/types\/product"}],"replies":[{"embeddable":true,"href":"https:\/\/www.generalkinematics.com\/de\/wp-json\/wp\/v2\/comments?post=38919"}],"wp:featuredmedia":[{"embeddable":true,"href":"https:\/\/www.generalkinematics.com\/de\/wp-json\/wp\/v2\/media\/32733"}],"wp:attachment":[{"href":"https:\/\/www.generalkinematics.com\/de\/wp-json\/wp\/v2\/media?parent=38919"}],"wp:term":[{"taxonomy":"product_brand","embeddable":true,"href":"https:\/\/www.generalkinematics.com\/de\/wp-json\/wp\/v2\/product_brand?post=38919"},{"taxonomy":"product_cat","embeddable":true,"href":"https:\/\/www.generalkinematics.com\/de\/wp-json\/wp\/v2\/product_cat?post=38919"},{"taxonomy":"product_tag","embeddable":true,"href":"https:\/\/www.generalkinematics.com\/de\/wp-json\/wp\/v2\/product_tag?post=38919"}],"curies":[{"name":"wp","href":"https:\/\/api.w.org\/{rel}","templated":true}]}}