{"id":38940,"date":"2015-05-12T10:29:01","date_gmt":"2015-05-12T15:29:01","guid":{"rendered":"https:\/\/www.generalkinematics.com\/product\/strahlanlagen-beschickungsanlage\/"},"modified":"2018-08-31T07:54:11","modified_gmt":"2018-08-31T12:54:11","slug":"strahlanlagen-beschickungsanlage","status":"publish","type":"product","link":"https:\/\/www.generalkinematics.com\/de\/produkt\/strahlanlagen-beschickungsanlage\/","title":{"rendered":"Strahlanlagen -Beschickungsanlage"},"content":{"rendered":"<p>General Kinematics <strong>Strahlanlagen-Vibrations-Beschickungsanlagen<\/strong> bieten eine beispiellose Flexibilit\u00e4t beim Systemdesign und der Effizienz. Strahlanlagen-Vibrations-Beschickungsanlagen k\u00f6nnen so ausgef\u00fchrt werden, dass sie Material vorw\u00e4rts, r\u00fcckw\u00e4rts, aufw\u00e4rts, abw\u00e4rts und von einer Seite zur anderen und in mehrere Richtungen f\u00f6rdern. Mit optionalen automatischen Klappen, W\u00e4gezellen und anderen Optionen k\u00f6nnen Sie Strahlanlagen mit mehreren Strahlanlagen pr\u00e4zise mit einer einzigen Vibrationseinheit \u00fcberwachen und beschicken. Schienenmontierte Beschickungsanlagen k\u00f6nnen jede Strahlanlage mit Material beschicken und danach zu einer Sammel-Beschickungsanlage f\u00fcr die n\u00e4chste Materialcharge zur\u00fcckkehren.<\/p>\n<h2>Eigenschaften:<\/h2>\n<ul>\n<li>Die Strahlanlagen-Beschickungsanlage verwenden General Kinematics bew\u00e4hrte PARA-MOUNT II\u00ae-Vibrations-Beschickungsanlagen.<\/li>\n<li>Verf\u00fcgbar mit ma\u00dfgeschneiderten Steuerungspaketen oder in bestehende Steuerungssysteme integrierbar.<\/li>\n<li>Um Ihre Prozessanforderungen zu erf\u00fcllen sind ma\u00dfgeschneiderte Gr\u00f6\u00dfen verf\u00fcgbar.<\/li>\n<\/ul>\n","protected":false},"excerpt":{"rendered":"<p>General Kinematics Strahlanlagen-Vibrations-Beschickungsanlagen bieten eine beispiellose Flexibilit\u00e4t beim Systemdesign und der Effizienz. Strahlanlagen-Vibrations-Beschickungsanlagen k\u00f6nnen so ausgef\u00fchrt werden, dass sie Material vorw\u00e4rts, r\u00fcckw\u00e4rts, aufw\u00e4rts, abw\u00e4rts und von einer Seite zur anderen und in mehrere Richtungen f\u00f6rdern. Mit optionalen automatischen Klappen, W\u00e4gezellen und anderen Optionen k\u00f6nnen Sie Strahlanlagen mit mehreren Strahlanlagen pr\u00e4zise mit einer einzigen Vibrationseinheit \u00fcberwachen [&hellip;]<\/p>\n","protected":false},"featured_media":27423,"comment_status":"closed","ping_status":"closed","template":"","meta":{"_acf_changed":false,"om_disable_all_campaigns":false,"ep_exclude_from_search":false},"product_brand":[],"product_cat":[1791,1774,1769,1785],"product_tag":[],"class_list":{"0":"post-38940","1":"product","2":"type-product","3":"status-publish","4":"has-post-thumbnail","6":"product_cat-gruensandgiesserei","7":"product_cat-loesungen-fuer-die-putzerei","8":"product_cat-lordungen-fuer-giesserei-und-metallguss","9":"product_cat-vibrierende-foerderer-de","11":"first","12":"instock","13":"taxable","14":"shipping-taxable","15":"product-type-simple"},"acf":[],"yoast_head":"<!-- This site is optimized with the Yoast SEO plugin v27.5 - https:\/\/yoast.com\/product\/yoast-seo-wordpress\/ -->\n<title>Strahlanlagen -Beschickungsanlage | General Kinematics<\/title>\n<meta name=\"robots\" content=\"index, follow, max-snippet:-1, max-image-preview:large, max-video-preview:-1\" \/>\n<link rel=\"canonical\" href=\"https:\/\/www.generalkinematics.com\/de\/produkt\/strahlanlagen-beschickungsanlage\/\" \/>\n<meta property=\"og:locale\" content=\"de_DE\" \/>\n<meta property=\"og:type\" content=\"article\" \/>\n<meta property=\"og:title\" content=\"Strahlanlagen -Beschickungsanlage | General Kinematics\" \/>\n<meta property=\"og:description\" content=\"General Kinematics Strahlanlagen-Vibrations-Beschickungsanlagen bieten eine beispiellose Flexibilit\u00e4t beim Systemdesign und der Effizienz. Strahlanlagen-Vibrations-Beschickungsanlagen k\u00f6nnen so ausgef\u00fchrt werden, dass sie Material vorw\u00e4rts, r\u00fcckw\u00e4rts, aufw\u00e4rts, abw\u00e4rts und von einer Seite zur anderen und in mehrere Richtungen f\u00f6rdern. Mit optionalen automatischen Klappen, W\u00e4gezellen und anderen Optionen k\u00f6nnen Sie Strahlanlagen mit mehreren Strahlanlagen pr\u00e4zise mit einer einzigen Vibrationseinheit \u00fcberwachen [&hellip;]\" \/>\n<meta property=\"og:url\" content=\"https:\/\/www.generalkinematics.com\/de\/produkt\/strahlanlagen-beschickungsanlage\/\" \/>\n<meta property=\"og:site_name\" content=\"General Kinematics\" \/>\n<meta property=\"article:publisher\" content=\"https:\/\/www.facebook.com\/generalkinematics\" \/>\n<meta property=\"article:modified_time\" content=\"2018-08-31T12:54:11+00:00\" \/>\n<meta property=\"og:image\" content=\"https:\/\/www.generalkinematics.com\/wp-content\/uploads\/2015\/05\/DSC00036.jpg\" \/>\n\t<meta property=\"og:image:width\" content=\"1600\" \/>\n\t<meta property=\"og:image:height\" content=\"1200\" \/>\n\t<meta property=\"og:image:type\" content=\"image\/jpeg\" \/>\n<meta name=\"twitter:card\" content=\"summary_large_image\" \/>\n<meta name=\"twitter:site\" content=\"@gkvibrating\" \/>\n<meta name=\"twitter:label1\" content=\"Gesch\u00e4tzte Lesezeit\" \/>\n\t<meta name=\"twitter:data1\" content=\"1 Minute\" \/>\n<!-- \/ Yoast SEO plugin. -->","yoast_head_json":{"title":"Strahlanlagen -Beschickungsanlage | General Kinematics","robots":{"index":"index","follow":"follow","max-snippet":"max-snippet:-1","max-image-preview":"max-image-preview:large","max-video-preview":"max-video-preview:-1"},"canonical":"https:\/\/www.generalkinematics.com\/de\/produkt\/strahlanlagen-beschickungsanlage\/","og_locale":"de_DE","og_type":"article","og_title":"Strahlanlagen -Beschickungsanlage | General Kinematics","og_description":"General Kinematics Strahlanlagen-Vibrations-Beschickungsanlagen bieten eine beispiellose Flexibilit\u00e4t beim Systemdesign und der Effizienz. Strahlanlagen-Vibrations-Beschickungsanlagen k\u00f6nnen so ausgef\u00fchrt werden, dass sie Material vorw\u00e4rts, r\u00fcckw\u00e4rts, aufw\u00e4rts, abw\u00e4rts und von einer Seite zur anderen und in mehrere Richtungen f\u00f6rdern. Mit optionalen automatischen Klappen, W\u00e4gezellen und anderen Optionen k\u00f6nnen Sie Strahlanlagen mit mehreren Strahlanlagen pr\u00e4zise mit einer einzigen Vibrationseinheit \u00fcberwachen [&hellip;]","og_url":"https:\/\/www.generalkinematics.com\/de\/produkt\/strahlanlagen-beschickungsanlage\/","og_site_name":"General Kinematics","article_publisher":"https:\/\/www.facebook.com\/generalkinematics","article_modified_time":"2018-08-31T12:54:11+00:00","og_image":[{"width":1600,"height":1200,"url":"https:\/\/www.generalkinematics.com\/wp-content\/uploads\/2015\/05\/DSC00036.jpg","type":"image\/jpeg"}],"twitter_card":"summary_large_image","twitter_site":"@gkvibrating","twitter_misc":{"Gesch\u00e4tzte Lesezeit":"1 Minute"},"schema":{"@context":"https:\/\/schema.org","@graph":[{"@type":"WebPage","@id":"https:\/\/www.generalkinematics.com\/de\/produkt\/strahlanlagen-beschickungsanlage\/","url":"https:\/\/www.generalkinematics.com\/de\/produkt\/strahlanlagen-beschickungsanlage\/","name":"Strahlanlagen -Beschickungsanlage | General Kinematics","isPartOf":{"@id":"https:\/\/www.generalkinematics.com\/de\/#website"},"primaryImageOfPage":{"@id":"https:\/\/www.generalkinematics.com\/de\/produkt\/strahlanlagen-beschickungsanlage\/#primaryimage"},"image":{"@id":"https:\/\/www.generalkinematics.com\/de\/produkt\/strahlanlagen-beschickungsanlage\/#primaryimage"},"thumbnailUrl":"https:\/\/media.generalkinematics.com\/wp-content\/uploads\/2015\/05\/DSC00036.jpg","datePublished":"2015-05-12T15:29:01+00:00","dateModified":"2018-08-31T12:54:11+00:00","breadcrumb":{"@id":"https:\/\/www.generalkinematics.com\/de\/produkt\/strahlanlagen-beschickungsanlage\/#breadcrumb"},"inLanguage":"de-DE","potentialAction":[{"@type":"ReadAction","target":["https:\/\/www.generalkinematics.com\/de\/produkt\/strahlanlagen-beschickungsanlage\/"]}]},{"@type":"ImageObject","inLanguage":"de-DE","@id":"https:\/\/www.generalkinematics.com\/de\/produkt\/strahlanlagen-beschickungsanlage\/#primaryimage","url":"https:\/\/media.generalkinematics.com\/wp-content\/uploads\/2015\/05\/DSC00036.jpg","contentUrl":"https:\/\/media.generalkinematics.com\/wp-content\/uploads\/2015\/05\/DSC00036.jpg","width":1600,"height":1200,"caption":"general-kinematics-blast-unload-feeder"},{"@type":"BreadcrumbList","@id":"https:\/\/www.generalkinematics.com\/de\/produkt\/strahlanlagen-beschickungsanlage\/#breadcrumb","itemListElement":[{"@type":"ListItem","position":1,"name":"GK Home","item":"https:\/\/www.generalkinematics.com\/de\/"},{"@type":"ListItem","position":2,"name":"Shop","item":"https:\/\/www.generalkinematics.com\/shop\/"},{"@type":"ListItem","position":3,"name":"Strahlanlagen -Beschickungsanlage"}]},{"@type":"WebSite","@id":"https:\/\/www.generalkinematics.com\/de\/#website","url":"https:\/\/www.generalkinematics.com\/de\/","name":"General Kinematics","description":"","publisher":{"@id":"https:\/\/www.generalkinematics.com\/de\/#organization"},"potentialAction":[{"@type":"SearchAction","target":{"@type":"EntryPoint","urlTemplate":"https:\/\/www.generalkinematics.com\/de\/?s={search_term_string}"},"query-input":{"@type":"PropertyValueSpecification","valueRequired":true,"valueName":"search_term_string"}}],"inLanguage":"de-DE"},{"@type":"Organization","@id":"https:\/\/www.generalkinematics.com\/de\/#organization","name":"General Kinematics","url":"https:\/\/www.generalkinematics.com\/de\/","logo":{"@type":"ImageObject","inLanguage":"de-DE","@id":"https:\/\/www.generalkinematics.com\/de\/#\/schema\/logo\/image\/","url":"https:\/\/media.generalkinematics.com\/wp-content\/uploads\/2018\/03\/logo.png","contentUrl":"https:\/\/media.generalkinematics.com\/wp-content\/uploads\/2018\/03\/logo.png","width":313,"height":100,"caption":"General Kinematics"},"image":{"@id":"https:\/\/www.generalkinematics.com\/de\/#\/schema\/logo\/image\/"},"sameAs":["https:\/\/www.facebook.com\/generalkinematics","https:\/\/x.com\/gkvibrating"]}]}},"_links":{"self":[{"href":"https:\/\/www.generalkinematics.com\/de\/wp-json\/wp\/v2\/product\/38940","targetHints":{"allow":["GET"]}}],"collection":[{"href":"https:\/\/www.generalkinematics.com\/de\/wp-json\/wp\/v2\/product"}],"about":[{"href":"https:\/\/www.generalkinematics.com\/de\/wp-json\/wp\/v2\/types\/product"}],"replies":[{"embeddable":true,"href":"https:\/\/www.generalkinematics.com\/de\/wp-json\/wp\/v2\/comments?post=38940"}],"wp:featuredmedia":[{"embeddable":true,"href":"https:\/\/www.generalkinematics.com\/de\/wp-json\/wp\/v2\/media\/27423"}],"wp:attachment":[{"href":"https:\/\/www.generalkinematics.com\/de\/wp-json\/wp\/v2\/media?parent=38940"}],"wp:term":[{"taxonomy":"product_brand","embeddable":true,"href":"https:\/\/www.generalkinematics.com\/de\/wp-json\/wp\/v2\/product_brand?post=38940"},{"taxonomy":"product_cat","embeddable":true,"href":"https:\/\/www.generalkinematics.com\/de\/wp-json\/wp\/v2\/product_cat?post=38940"},{"taxonomy":"product_tag","embeddable":true,"href":"https:\/\/www.generalkinematics.com\/de\/wp-json\/wp\/v2\/product_tag?post=38940"}],"curies":[{"name":"wp","href":"https:\/\/api.w.org\/{rel}","templated":true}]}}