{"id":38950,"date":"2015-05-12T10:32:06","date_gmt":"2015-05-12T15:32:06","guid":{"rendered":"https:\/\/www.generalkinematics.com\/product\/two-way-vibrations-beschickungsanlagen\/"},"modified":"2018-08-31T13:17:29","modified_gmt":"2018-08-31T18:17:29","slug":"two-way-vibrations-beschickungsanlagen","status":"publish","type":"product","link":"https:\/\/www.generalkinematics.com\/de\/produkt\/two-way-vibrations-beschickungsanlagen\/","title":{"rendered":"TWO-WAY\u2122-Vibrations-Beschickungsanlagen"},"content":{"rendered":"<p><strong>TWO-WAY\u2122-Beschickungsanlagen<\/strong> von General Kinematics er\u00f6ffnen eine Vielzahl von Prozessm\u00f6glichkeiten. Die TWO-WAY\u2122 bidirektionale Zuf\u00fchrung erm\u00f6glicht Ihnen den Wechsel des Materialflusses f\u00fcr die multidirektionale Produktverarbeitung, f\u00fcr die Zur\u00fcckweisung schlechter Produkte oder f\u00fcr jeden anderen Prozess, der eine multidirektionale Bef\u00f6rderung in einer einzelnen Einheit erfordert. Die Einheiten mit komplett horizontalem Hub mischen Material ohne Aufprallen bei einer deutlichen Verminderung des Ger\u00e4uschpegels. Verf\u00fcgbar in geraden und allen neuen bidirektionalen gebogenen Ausf\u00fchrungen.<\/p>\n<h2>Eigenschaften:<\/h2>\n<ul>\n<li>Verwendet einen einzigen Antrieb mit geringer Antriebsleistung und reduziert so den Energieverbrauch.<\/li>\n<li>Verf\u00fcgbar in Kurven bis 90 Grad.<\/li>\n<li>Horizontaler Hub besch\u00e4digt das zerbrechliche Produkt nicht.<\/li>\n<\/ul>\n","protected":false},"excerpt":{"rendered":"<p>TWO-WAY\u2122-Beschickungsanlagen von General Kinematics er\u00f6ffnen eine Vielzahl von Prozessm\u00f6glichkeiten. Die TWO-WAY\u2122 bidirektionale Zuf\u00fchrung erm\u00f6glicht Ihnen den Wechsel des Materialflusses f\u00fcr die multidirektionale Produktverarbeitung, f\u00fcr die Zur\u00fcckweisung schlechter Produkte oder f\u00fcr jeden anderen Prozess, der eine multidirektionale Bef\u00f6rderung in einer einzelnen Einheit erfordert. Die Einheiten mit komplett horizontalem Hub mischen Material ohne Aufprallen bei einer deutlichen [&hellip;]<\/p>\n","protected":false},"featured_media":26027,"comment_status":"closed","ping_status":"closed","template":"","meta":{"_acf_changed":false,"om_disable_all_campaigns":false,"ep_exclude_from_search":false},"product_brand":[],"product_cat":[1791,1774,1769,1785],"product_tag":[],"class_list":{"0":"post-38950","1":"product","2":"type-product","3":"status-publish","4":"has-post-thumbnail","6":"casestudytag-two-way-feeder-de","7":"product_cat-gruensandgiesserei","8":"product_cat-loesungen-fuer-die-putzerei","9":"product_cat-lordungen-fuer-giesserei-und-metallguss","10":"product_cat-vibrierende-foerderer-de","12":"first","13":"instock","14":"taxable","15":"shipping-taxable","16":"product-type-simple"},"acf":[],"yoast_head":"<!-- This site is optimized with the Yoast SEO plugin v27.2 - https:\/\/yoast.com\/product\/yoast-seo-wordpress\/ -->\n<title>TWO-WAY\u2122-Vibrations-Beschickungsanlagen | General Kinematics<\/title>\n<meta name=\"robots\" content=\"index, follow, max-snippet:-1, max-image-preview:large, max-video-preview:-1\" \/>\n<link rel=\"canonical\" href=\"https:\/\/www.generalkinematics.com\/de\/produkt\/two-way-vibrations-beschickungsanlagen\/\" \/>\n<meta property=\"og:locale\" content=\"de_DE\" \/>\n<meta property=\"og:type\" content=\"article\" \/>\n<meta property=\"og:title\" content=\"TWO-WAY\u2122-Vibrations-Beschickungsanlagen | General Kinematics\" \/>\n<meta property=\"og:description\" content=\"TWO-WAY\u2122-Beschickungsanlagen von General Kinematics er\u00f6ffnen eine Vielzahl von Prozessm\u00f6glichkeiten. Die TWO-WAY\u2122 bidirektionale Zuf\u00fchrung erm\u00f6glicht Ihnen den Wechsel des Materialflusses f\u00fcr die multidirektionale Produktverarbeitung, f\u00fcr die Zur\u00fcckweisung schlechter Produkte oder f\u00fcr jeden anderen Prozess, der eine multidirektionale Bef\u00f6rderung in einer einzelnen Einheit erfordert. Die Einheiten mit komplett horizontalem Hub mischen Material ohne Aufprallen bei einer deutlichen [&hellip;]\" \/>\n<meta property=\"og:url\" content=\"https:\/\/www.generalkinematics.com\/de\/produkt\/two-way-vibrations-beschickungsanlagen\/\" \/>\n<meta property=\"og:site_name\" content=\"General Kinematics\" \/>\n<meta property=\"article:publisher\" content=\"https:\/\/www.facebook.com\/generalkinematics\" \/>\n<meta property=\"article:modified_time\" content=\"2018-08-31T18:17:29+00:00\" \/>\n<meta property=\"og:image\" content=\"https:\/\/media.generalkinematics.com\/wp-content\/uploads\/2016\/01\/two-way1.jpg\" \/>\n\t<meta property=\"og:image:width\" content=\"2560\" \/>\n\t<meta property=\"og:image:height\" content=\"1495\" \/>\n\t<meta property=\"og:image:type\" content=\"image\/jpeg\" \/>\n<meta name=\"twitter:card\" content=\"summary_large_image\" \/>\n<meta name=\"twitter:site\" content=\"@gkvibrating\" \/>\n<meta name=\"twitter:label1\" content=\"Gesch\u00e4tzte Lesezeit\" \/>\n\t<meta name=\"twitter:data1\" content=\"1 Minute\" \/>\n<!-- \/ Yoast SEO plugin. -->","yoast_head_json":{"title":"TWO-WAY\u2122-Vibrations-Beschickungsanlagen | General Kinematics","robots":{"index":"index","follow":"follow","max-snippet":"max-snippet:-1","max-image-preview":"max-image-preview:large","max-video-preview":"max-video-preview:-1"},"canonical":"https:\/\/www.generalkinematics.com\/de\/produkt\/two-way-vibrations-beschickungsanlagen\/","og_locale":"de_DE","og_type":"article","og_title":"TWO-WAY\u2122-Vibrations-Beschickungsanlagen | General Kinematics","og_description":"TWO-WAY\u2122-Beschickungsanlagen von General Kinematics er\u00f6ffnen eine Vielzahl von Prozessm\u00f6glichkeiten. Die TWO-WAY\u2122 bidirektionale Zuf\u00fchrung erm\u00f6glicht Ihnen den Wechsel des Materialflusses f\u00fcr die multidirektionale Produktverarbeitung, f\u00fcr die Zur\u00fcckweisung schlechter Produkte oder f\u00fcr jeden anderen Prozess, der eine multidirektionale Bef\u00f6rderung in einer einzelnen Einheit erfordert. Die Einheiten mit komplett horizontalem Hub mischen Material ohne Aufprallen bei einer deutlichen [&hellip;]","og_url":"https:\/\/www.generalkinematics.com\/de\/produkt\/two-way-vibrations-beschickungsanlagen\/","og_site_name":"General Kinematics","article_publisher":"https:\/\/www.facebook.com\/generalkinematics","article_modified_time":"2018-08-31T18:17:29+00:00","og_image":[{"width":2560,"height":1495,"url":"https:\/\/media.generalkinematics.com\/wp-content\/uploads\/2016\/01\/two-way1.jpg","type":"image\/jpeg"}],"twitter_card":"summary_large_image","twitter_site":"@gkvibrating","twitter_misc":{"Gesch\u00e4tzte Lesezeit":"1 Minute"},"schema":{"@context":"https:\/\/schema.org","@graph":[{"@type":"WebPage","@id":"https:\/\/www.generalkinematics.com\/de\/produkt\/two-way-vibrations-beschickungsanlagen\/","url":"https:\/\/www.generalkinematics.com\/de\/produkt\/two-way-vibrations-beschickungsanlagen\/","name":"TWO-WAY\u2122-Vibrations-Beschickungsanlagen | General Kinematics","isPartOf":{"@id":"https:\/\/www.generalkinematics.com\/de\/#website"},"primaryImageOfPage":{"@id":"https:\/\/www.generalkinematics.com\/de\/produkt\/two-way-vibrations-beschickungsanlagen\/#primaryimage"},"image":{"@id":"https:\/\/www.generalkinematics.com\/de\/produkt\/two-way-vibrations-beschickungsanlagen\/#primaryimage"},"thumbnailUrl":"https:\/\/media.generalkinematics.com\/wp-content\/uploads\/2016\/01\/two-way1.jpg","datePublished":"2015-05-12T15:32:06+00:00","dateModified":"2018-08-31T18:17:29+00:00","breadcrumb":{"@id":"https:\/\/www.generalkinematics.com\/de\/produkt\/two-way-vibrations-beschickungsanlagen\/#breadcrumb"},"inLanguage":"de-DE","potentialAction":[{"@type":"ReadAction","target":["https:\/\/www.generalkinematics.com\/de\/produkt\/two-way-vibrations-beschickungsanlagen\/"]}]},{"@type":"ImageObject","inLanguage":"de-DE","@id":"https:\/\/www.generalkinematics.com\/de\/produkt\/two-way-vibrations-beschickungsanlagen\/#primaryimage","url":"https:\/\/media.generalkinematics.com\/wp-content\/uploads\/2016\/01\/two-way1.jpg","contentUrl":"https:\/\/media.generalkinematics.com\/wp-content\/uploads\/2016\/01\/two-way1.jpg","width":2560,"height":1495},{"@type":"BreadcrumbList","@id":"https:\/\/www.generalkinematics.com\/de\/produkt\/two-way-vibrations-beschickungsanlagen\/#breadcrumb","itemListElement":[{"@type":"ListItem","position":1,"name":"GK Home","item":"https:\/\/www.generalkinematics.com\/de\/"},{"@type":"ListItem","position":2,"name":"Shop","item":"https:\/\/www.generalkinematics.com\/shop\/"},{"@type":"ListItem","position":3,"name":"TWO-WAY\u2122-Vibrations-Beschickungsanlagen"}]},{"@type":"WebSite","@id":"https:\/\/www.generalkinematics.com\/de\/#website","url":"https:\/\/www.generalkinematics.com\/de\/","name":"General Kinematics","description":"","publisher":{"@id":"https:\/\/www.generalkinematics.com\/de\/#organization"},"potentialAction":[{"@type":"SearchAction","target":{"@type":"EntryPoint","urlTemplate":"https:\/\/www.generalkinematics.com\/de\/?s={search_term_string}"},"query-input":{"@type":"PropertyValueSpecification","valueRequired":true,"valueName":"search_term_string"}}],"inLanguage":"de-DE"},{"@type":"Organization","@id":"https:\/\/www.generalkinematics.com\/de\/#organization","name":"General Kinematics","url":"https:\/\/www.generalkinematics.com\/de\/","logo":{"@type":"ImageObject","inLanguage":"de-DE","@id":"https:\/\/www.generalkinematics.com\/de\/#\/schema\/logo\/image\/","url":"https:\/\/media.generalkinematics.com\/wp-content\/uploads\/2018\/03\/logo.png","contentUrl":"https:\/\/media.generalkinematics.com\/wp-content\/uploads\/2018\/03\/logo.png","width":313,"height":100,"caption":"General Kinematics"},"image":{"@id":"https:\/\/www.generalkinematics.com\/de\/#\/schema\/logo\/image\/"},"sameAs":["https:\/\/www.facebook.com\/generalkinematics","https:\/\/x.com\/gkvibrating"]}]}},"_links":{"self":[{"href":"https:\/\/www.generalkinematics.com\/de\/wp-json\/wp\/v2\/product\/38950","targetHints":{"allow":["GET"]}}],"collection":[{"href":"https:\/\/www.generalkinematics.com\/de\/wp-json\/wp\/v2\/product"}],"about":[{"href":"https:\/\/www.generalkinematics.com\/de\/wp-json\/wp\/v2\/types\/product"}],"replies":[{"embeddable":true,"href":"https:\/\/www.generalkinematics.com\/de\/wp-json\/wp\/v2\/comments?post=38950"}],"wp:featuredmedia":[{"embeddable":true,"href":"https:\/\/www.generalkinematics.com\/de\/wp-json\/wp\/v2\/media\/26027"}],"wp:attachment":[{"href":"https:\/\/www.generalkinematics.com\/de\/wp-json\/wp\/v2\/media?parent=38950"}],"wp:term":[{"taxonomy":"product_brand","embeddable":true,"href":"https:\/\/www.generalkinematics.com\/de\/wp-json\/wp\/v2\/product_brand?post=38950"},{"taxonomy":"product_cat","embeddable":true,"href":"https:\/\/www.generalkinematics.com\/de\/wp-json\/wp\/v2\/product_cat?post=38950"},{"taxonomy":"product_tag","embeddable":true,"href":"https:\/\/www.generalkinematics.com\/de\/wp-json\/wp\/v2\/product_tag?post=38950"}],"curies":[{"name":"wp","href":"https:\/\/api.w.org\/{rel}","templated":true}]}}