{"id":38972,"date":"2015-05-12T10:42:03","date_gmt":"2015-05-12T15:42:03","guid":{"rendered":"https:\/\/www.generalkinematics.com\/product\/vibra-claim-trennanlage-reibungsmuhle\/"},"modified":"2018-08-31T08:16:46","modified_gmt":"2018-08-31T13:16:46","slug":"trennanlage-reibungsmuhle","status":"publish","type":"product","link":"https:\/\/www.generalkinematics.com\/de\/produkt\/trennanlage-reibungsmuhle\/","title":{"rendered":"VIBRA-CLAIM\u00ae-Trennanlage\/Reibungsm\u00fchle"},"content":{"rendered":"<p>Die <strong>VIBRA-CLAIM\u00ae-Trennanlage\/Reibungsm\u00fchle<\/strong> entfernt und verarbeitet Sand in einer einfach zu verwendenden, leicht zu reinigenden Einheit. Durch die Kombination der hohen Leistung von GKs bew\u00e4hrter Trennanlage mit unserer technologisch fortschrittlichen VIBRA-CLAIM\u00ae-Sandwiederaufbereitungsanlage k\u00f6nnen Sie jetzt den Sand in nur einem effizienten Schritt trennen und wiederaufbereiten.<\/p>\n<p>Die VIBRA-CLAIM\u00ae ist eine hocheffiziente Trennanlage und Reibungsm\u00fchle, die gr\u00f6\u00dfere und teurere Anlagen \u00fcberfl\u00fcssig macht. Die bew\u00e4hrte Bauweise verbessert den Produktionsaussto\u00df und reduziert die Kosten f\u00fcr die Materialhandhabung und neuen Sand. Von gleicher Bedeutung ist, dass die VIBRA-CLAIM\u00ae-Trennanlage\/Reibungsm\u00fchle bei der Verwendung in Aluminium-, Bronze-, Messing- und Sonderlegierungsanlagen wertvolle Nichteisenmaterialien zur\u00fcckgewinnt.<\/p>\n<h2>Eigenschaften:<\/h2>\n<ul>\n<li>Die Vibrationswirkung legt das Gussteil zur Trennung frei, entfernt Sand und erzeugt die Reibung zur Wiedergewinnung des Sandes.<\/li>\n<li>Durch das Sieben des wiedergewonnenen Sandes wird ein Material in Korngr\u00f6\u00dfen geeignet zur Wiederverwendung bereitgestellt. Siebe mit 8 und 12 Maschen pro Zoll werden standardm\u00e4\u00dfig geliefert.<\/li>\n<li>Die niedrige Bauh\u00f6he erfordert keine Gruben.<\/li>\n<li>Die Reibungsm\u00fchle basiert auf GKs bew\u00e4hrter VIBRA-MILL\u00ae-Technologie.<\/li>\n<li>Hochenergie-Trennung f\u00fcr erh\u00f6hten Durchsatz.<\/li>\n<li>Abh\u00e4ngig von Ihrem Sandbindesystem und Durchsatz in Standard- und ma\u00dfgeschneiderten Gr\u00f6\u00dfen erh\u00e4ltlich.<\/li>\n<li>Standardkapazit\u00e4ten f\u00fcr Furan-Sand: 7,5 t\/h, 15 t\/h, 27 t\/h.<\/li>\n<\/ul>\n","protected":false},"excerpt":{"rendered":"<p>Die VIBRA-CLAIM\u00ae-Trennanlage\/Reibungsm\u00fchle entfernt und verarbeitet Sand in einer einfach zu verwendenden, leicht zu reinigenden Einheit. Durch die Kombination der hohen Leistung von GKs bew\u00e4hrter Trennanlage mit unserer technologisch fortschrittlichen VIBRA-CLAIM\u00ae-Sandwiederaufbereitungsanlage k\u00f6nnen Sie jetzt den Sand in nur einem effizienten Schritt trennen und wiederaufbereiten. Die VIBRA-CLAIM\u00ae ist eine hocheffiziente Trennanlage und Reibungsm\u00fchle, die gr\u00f6\u00dfere und teurere [&hellip;]<\/p>\n","protected":false},"featured_media":23379,"comment_status":"closed","ping_status":"closed","template":"","meta":{"_acf_changed":false,"om_disable_all_campaigns":false,"ep_exclude_from_search":false},"product_brand":[],"product_cat":[1769,1779,1780,1788,1787],"product_tag":[],"class_list":{"0":"post-38972","1":"product","2":"type-product","3":"status-publish","4":"has-post-thumbnail","6":"product_cat-lordungen-fuer-giesserei-und-metallguss","7":"product_cat-sandsysteme-sandaufbereitung","8":"product_cat-sandzerkleinerer","9":"product_cat-trennrinne","10":"product_cat-vibrationstrommeln-und-trennrinnen","12":"first","13":"instock","14":"taxable","15":"shipping-taxable","16":"product-type-simple"},"acf":[],"yoast_head":"<!-- This site is optimized with the Yoast SEO plugin v27.2 - https:\/\/yoast.com\/product\/yoast-seo-wordpress\/ -->\n<title>VIBRA-CLAIM\u00ae-Trennanlage\/Reibungsm\u00fchle | General Kinematics<\/title>\n<meta name=\"robots\" content=\"index, follow, max-snippet:-1, max-image-preview:large, max-video-preview:-1\" \/>\n<link rel=\"canonical\" href=\"https:\/\/www.generalkinematics.com\/de\/produkt\/trennanlage-reibungsmuhle\/\" \/>\n<meta property=\"og:locale\" content=\"de_DE\" \/>\n<meta property=\"og:type\" content=\"article\" \/>\n<meta property=\"og:title\" content=\"VIBRA-CLAIM\u00ae-Trennanlage\/Reibungsm\u00fchle | General Kinematics\" \/>\n<meta property=\"og:description\" content=\"Die VIBRA-CLAIM\u00ae-Trennanlage\/Reibungsm\u00fchle entfernt und verarbeitet Sand in einer einfach zu verwendenden, leicht zu reinigenden Einheit. Durch die Kombination der hohen Leistung von GKs bew\u00e4hrter Trennanlage mit unserer technologisch fortschrittlichen VIBRA-CLAIM\u00ae-Sandwiederaufbereitungsanlage k\u00f6nnen Sie jetzt den Sand in nur einem effizienten Schritt trennen und wiederaufbereiten. Die VIBRA-CLAIM\u00ae ist eine hocheffiziente Trennanlage und Reibungsm\u00fchle, die gr\u00f6\u00dfere und teurere [&hellip;]\" \/>\n<meta property=\"og:url\" content=\"https:\/\/www.generalkinematics.com\/de\/produkt\/trennanlage-reibungsmuhle\/\" \/>\n<meta property=\"og:site_name\" content=\"General Kinematics\" \/>\n<meta property=\"article:publisher\" content=\"https:\/\/www.facebook.com\/generalkinematics\" \/>\n<meta property=\"article:modified_time\" content=\"2018-08-31T13:16:46+00:00\" \/>\n<meta property=\"og:image\" content=\"https:\/\/media.generalkinematics.com\/wp-content\/uploads\/2015\/05\/VibraClaim.jpg\" \/>\n\t<meta property=\"og:image:width\" content=\"5184\" \/>\n\t<meta property=\"og:image:height\" content=\"3456\" \/>\n\t<meta property=\"og:image:type\" content=\"image\/jpeg\" \/>\n<meta name=\"twitter:card\" content=\"summary_large_image\" \/>\n<meta name=\"twitter:site\" content=\"@gkvibrating\" \/>\n<meta name=\"twitter:label1\" content=\"Gesch\u00e4tzte Lesezeit\" \/>\n\t<meta name=\"twitter:data1\" content=\"1 Minute\" \/>\n<!-- \/ Yoast SEO plugin. -->","yoast_head_json":{"title":"VIBRA-CLAIM\u00ae-Trennanlage\/Reibungsm\u00fchle | General Kinematics","robots":{"index":"index","follow":"follow","max-snippet":"max-snippet:-1","max-image-preview":"max-image-preview:large","max-video-preview":"max-video-preview:-1"},"canonical":"https:\/\/www.generalkinematics.com\/de\/produkt\/trennanlage-reibungsmuhle\/","og_locale":"de_DE","og_type":"article","og_title":"VIBRA-CLAIM\u00ae-Trennanlage\/Reibungsm\u00fchle | General Kinematics","og_description":"Die VIBRA-CLAIM\u00ae-Trennanlage\/Reibungsm\u00fchle entfernt und verarbeitet Sand in einer einfach zu verwendenden, leicht zu reinigenden Einheit. Durch die Kombination der hohen Leistung von GKs bew\u00e4hrter Trennanlage mit unserer technologisch fortschrittlichen VIBRA-CLAIM\u00ae-Sandwiederaufbereitungsanlage k\u00f6nnen Sie jetzt den Sand in nur einem effizienten Schritt trennen und wiederaufbereiten. Die VIBRA-CLAIM\u00ae ist eine hocheffiziente Trennanlage und Reibungsm\u00fchle, die gr\u00f6\u00dfere und teurere [&hellip;]","og_url":"https:\/\/www.generalkinematics.com\/de\/produkt\/trennanlage-reibungsmuhle\/","og_site_name":"General Kinematics","article_publisher":"https:\/\/www.facebook.com\/generalkinematics","article_modified_time":"2018-08-31T13:16:46+00:00","og_image":[{"width":5184,"height":3456,"url":"https:\/\/media.generalkinematics.com\/wp-content\/uploads\/2015\/05\/VibraClaim.jpg","type":"image\/jpeg"}],"twitter_card":"summary_large_image","twitter_site":"@gkvibrating","twitter_misc":{"Gesch\u00e4tzte Lesezeit":"1 Minute"},"schema":{"@context":"https:\/\/schema.org","@graph":[{"@type":"WebPage","@id":"https:\/\/www.generalkinematics.com\/de\/produkt\/trennanlage-reibungsmuhle\/","url":"https:\/\/www.generalkinematics.com\/de\/produkt\/trennanlage-reibungsmuhle\/","name":"VIBRA-CLAIM\u00ae-Trennanlage\/Reibungsm\u00fchle | General Kinematics","isPartOf":{"@id":"https:\/\/www.generalkinematics.com\/de\/#website"},"primaryImageOfPage":{"@id":"https:\/\/www.generalkinematics.com\/de\/produkt\/trennanlage-reibungsmuhle\/#primaryimage"},"image":{"@id":"https:\/\/www.generalkinematics.com\/de\/produkt\/trennanlage-reibungsmuhle\/#primaryimage"},"thumbnailUrl":"https:\/\/media.generalkinematics.com\/wp-content\/uploads\/2015\/05\/VibraClaim.jpg","datePublished":"2015-05-12T15:42:03+00:00","dateModified":"2018-08-31T13:16:46+00:00","breadcrumb":{"@id":"https:\/\/www.generalkinematics.com\/de\/produkt\/trennanlage-reibungsmuhle\/#breadcrumb"},"inLanguage":"de-DE","potentialAction":[{"@type":"ReadAction","target":["https:\/\/www.generalkinematics.com\/de\/produkt\/trennanlage-reibungsmuhle\/"]}]},{"@type":"ImageObject","inLanguage":"de-DE","@id":"https:\/\/www.generalkinematics.com\/de\/produkt\/trennanlage-reibungsmuhle\/#primaryimage","url":"https:\/\/media.generalkinematics.com\/wp-content\/uploads\/2015\/05\/VibraClaim.jpg","contentUrl":"https:\/\/media.generalkinematics.com\/wp-content\/uploads\/2015\/05\/VibraClaim.jpg","width":5184,"height":3456,"caption":"general-kinematics-vibra-claim"},{"@type":"BreadcrumbList","@id":"https:\/\/www.generalkinematics.com\/de\/produkt\/trennanlage-reibungsmuhle\/#breadcrumb","itemListElement":[{"@type":"ListItem","position":1,"name":"GK Home","item":"https:\/\/www.generalkinematics.com\/de\/"},{"@type":"ListItem","position":2,"name":"Shop","item":"https:\/\/www.generalkinematics.com\/shop\/"},{"@type":"ListItem","position":3,"name":"VIBRA-CLAIM\u00ae-Trennanlage\/Reibungsm\u00fchle"}]},{"@type":"WebSite","@id":"https:\/\/www.generalkinematics.com\/de\/#website","url":"https:\/\/www.generalkinematics.com\/de\/","name":"General Kinematics","description":"","publisher":{"@id":"https:\/\/www.generalkinematics.com\/de\/#organization"},"potentialAction":[{"@type":"SearchAction","target":{"@type":"EntryPoint","urlTemplate":"https:\/\/www.generalkinematics.com\/de\/?s={search_term_string}"},"query-input":{"@type":"PropertyValueSpecification","valueRequired":true,"valueName":"search_term_string"}}],"inLanguage":"de-DE"},{"@type":"Organization","@id":"https:\/\/www.generalkinematics.com\/de\/#organization","name":"General Kinematics","url":"https:\/\/www.generalkinematics.com\/de\/","logo":{"@type":"ImageObject","inLanguage":"de-DE","@id":"https:\/\/www.generalkinematics.com\/de\/#\/schema\/logo\/image\/","url":"https:\/\/media.generalkinematics.com\/wp-content\/uploads\/2018\/03\/logo.png","contentUrl":"https:\/\/media.generalkinematics.com\/wp-content\/uploads\/2018\/03\/logo.png","width":313,"height":100,"caption":"General Kinematics"},"image":{"@id":"https:\/\/www.generalkinematics.com\/de\/#\/schema\/logo\/image\/"},"sameAs":["https:\/\/www.facebook.com\/generalkinematics","https:\/\/x.com\/gkvibrating"]}]}},"_links":{"self":[{"href":"https:\/\/www.generalkinematics.com\/de\/wp-json\/wp\/v2\/product\/38972","targetHints":{"allow":["GET"]}}],"collection":[{"href":"https:\/\/www.generalkinematics.com\/de\/wp-json\/wp\/v2\/product"}],"about":[{"href":"https:\/\/www.generalkinematics.com\/de\/wp-json\/wp\/v2\/types\/product"}],"replies":[{"embeddable":true,"href":"https:\/\/www.generalkinematics.com\/de\/wp-json\/wp\/v2\/comments?post=38972"}],"wp:featuredmedia":[{"embeddable":true,"href":"https:\/\/www.generalkinematics.com\/de\/wp-json\/wp\/v2\/media\/23379"}],"wp:attachment":[{"href":"https:\/\/www.generalkinematics.com\/de\/wp-json\/wp\/v2\/media?parent=38972"}],"wp:term":[{"taxonomy":"product_brand","embeddable":true,"href":"https:\/\/www.generalkinematics.com\/de\/wp-json\/wp\/v2\/product_brand?post=38972"},{"taxonomy":"product_cat","embeddable":true,"href":"https:\/\/www.generalkinematics.com\/de\/wp-json\/wp\/v2\/product_cat?post=38972"},{"taxonomy":"product_tag","embeddable":true,"href":"https:\/\/www.generalkinematics.com\/de\/wp-json\/wp\/v2\/product_tag?post=38972"}],"curies":[{"name":"wp","href":"https:\/\/api.w.org\/{rel}","templated":true}]}}