{"id":38982,"date":"2015-05-12T10:44:16","date_gmt":"2015-05-12T15:44:16","guid":{"rendered":"https:\/\/www.generalkinematics.com\/product\/vibra-drum-sand-und-gussteil-equipment\/"},"modified":"2021-12-03T11:52:01","modified_gmt":"2021-12-03T17:52:01","slug":"sand-gussteil-aufbereitungsanlagen","status":"publish","type":"product","link":"https:\/\/www.generalkinematics.com\/de\/produkt\/sand-gussteil-aufbereitungsanlagen\/","title":{"rendered":"VIBRA-DRUM\u00ae-Sand und Gussteil-Equipment"},"content":{"rendered":"<p>Die <strong>VIBRA-DRUM\u00ae-Sand- und Gussteil-Aufbereitungsanlagen<\/strong> haben sich weltweit in Hunderten von Anwendungen bew\u00e4hrt und haben die Handhabung von Gie\u00dfereiprodukten\/Sand in gro\u00dfen Mengen revolutioniert. Dieses vielseitige Zwei-Massen-System st\u00f6\u00dft Gussteile sanft ab und erm\u00f6glicht eine beschleunigte Gussteilk\u00fchlung durch Ausgleich der Sand-\/Gussteiltemperaturen und Verdunstung von Feuchtigkeit.\u00a0Diese Taumelwirkung reduziert Sandklumpen auf die urspr\u00fcngliche Korngr\u00f6\u00dfe und mischt Sand, um die Temperatur des getrennten Sandes auszugleichen &#8211; alles in einer kontinuierlichen, energieeffizienten Operation.<\/p>\n<p>Die sanfte Taumelbewegung der VIBRA-DRUM\u00ae h\u00e4lt die Gussteile in einem Sandbett, in dem sie niemals fallen oder w\u00e4hrend des Aussch\u00fcttens gegeneinander sto\u00dfen. Diese Weise erm\u00f6glicht das sanfteste Trennen in der Branche und das automatische Trennen von zerbrechlichen Gussteilen.<\/p>\n<p>Das Zwei-Massen-VIBRA-DRUM\u00ae-System erm\u00f6glicht einen kontinuierlichen Trennvorgang sowie eine hervorragende Materialbewegung f\u00fcr eine effiziente Sand- und Gussteilverarbeitung. Die Eigenfrequenz-Vibration erzeugt eine vorteilhafte trommelartige Materialdrehung, die Sandklumpen schnell und ohne Besch\u00e4digung reduziert. Die Hochfrequenz-Bewegung zerkleinert den Sand effektiv auf die urspr\u00fcngliche Korngr\u00f6\u00dfe. F\u00fcgen Sie alles zusammen und Sie haben eine einfache, leicht zu wartende, nicht-rotierende Anlage mit allen Umweltvorteilen einer komplett geschlossenen Trommel, aber ohne Luftbehandlungs-, Dichtungs- oder Schnittstellenprobleme und vor allem ohne Sch\u00e4den an den Gussteilen.<\/p>\n<h2>Eigenschaften:<\/h2>\n<ul>\n<li>Das feinabgestimmte Zwei-Massen-System ohne Eigenfrequenz der VIBRA-DRUM\u00ae wurde entwickelt, um Variationen bei der Gr\u00f6\u00dfe und dem Gewicht der Ladung auszugleichen.<\/li>\n<li>Die vollst\u00e4ndig geschlossene Bauweise reduziert die Anforderungen an die Staubabsaug.<\/li>\n<li>Die Gussteile sind im Vergleich zu Drehtrommeln oder Schwerstlast-Vibrationstrommeln sauberer und k\u00fchler bei gleichzeitig reduziertem Ausschuss.<\/li>\n<li>Die VIBRA-DRUM\u00ae erm\u00f6glicht die kontrollierte metallurgische K\u00fchlung von Gussteilen.<\/li>\n<li>Federn: GKs Vibrationsfedern sind f\u00fcr den Dauerbetrieb ausgelegt und ben\u00f6tigen w\u00e4hrend der gesamten Lebensdauer der Maschine wenig bis keine Wartung. GKs Hochleistungsfedern brechen oder verschlei\u00dfen nicht bei normalem Betrieb.<\/li>\n<li>Teile: Die Eigenfrequenztrommeln verf\u00fcgen \u00fcber nur wenige bewegliche Teile. Die Instandhaltung der Sandgie\u00dfanlagen beschr\u00e4nkt sich auf die Lagerschmierung und \u00dcberwachung der Motor- und Antriebskomponenten.<\/li>\n<li>Antriebskraft: Die Eigenfrequenz-Vibration der VIBRA-DRUM\u00ae erzeugt eine vorteilhafte trommelartige Materialdrehung, die Sandklumpen schnell und ohne Besch\u00e4digung reduziert. Die Taumelbewegung der VIBRA-DRUM\u00ae schrubbt die Gussteiloberfl\u00e4chen frei ohne sie zu besch\u00e4digen.<\/li>\n<li>Es gibt keine leichter zu beschickende, leichter zu entladende und leichter zu wartende, nicht drehende Bauweise.<\/li>\n<li>Die Heavy Duty-Auskleidungen sind f\u00fcr lange Standzeiten aus verschlei\u00dffesten Verschlei\u00dfplatten gefertigt.<\/li>\n<\/ul>\n","protected":false},"excerpt":{"rendered":"<p>Die VIBRA-DRUM\u00ae-Sand- und Gussteil-Aufbereitungsanlagen haben sich weltweit in Hunderten von Anwendungen bew\u00e4hrt und haben die Handhabung von Gie\u00dfereiprodukten\/Sand in gro\u00dfen Mengen revolutioniert. Dieses vielseitige Zwei-Massen-System st\u00f6\u00dft Gussteile sanft ab und erm\u00f6glicht eine beschleunigte Gussteilk\u00fchlung durch Ausgleich der Sand-\/Gussteiltemperaturen und Verdunstung von Feuchtigkeit.\u00a0Diese Taumelwirkung reduziert Sandklumpen auf die urspr\u00fcngliche Korngr\u00f6\u00dfe und mischt Sand, um die Temperatur [&hellip;]<\/p>\n","protected":false},"featured_media":53831,"comment_status":"closed","ping_status":"closed","template":"","meta":{"_acf_changed":false,"om_disable_all_campaigns":false,"ep_exclude_from_search":false},"product_brand":[],"product_cat":[1791,1773,1774,1769,1783,1779,1788,1789,1790,1787],"product_tag":[],"class_list":{"0":"post-38982","1":"product","2":"type-product","3":"status-publish","4":"has-post-thumbnail","6":"casestudytag-vibra-drum-sand-de","7":"product_cat-gruensandgiesserei","8":"product_cat-gusskuehlausruestung","9":"product_cat-loesungen-fuer-die-putzerei","10":"product_cat-lordungen-fuer-giesserei-und-metallguss","11":"product_cat-sandkuehler","12":"product_cat-sandsysteme-sandaufbereitung","13":"product_cat-trennrinne","14":"product_cat-vibra-drum-loesungen","15":"product_cat-vibrations-und-rotationsseparation","16":"product_cat-vibrationstrommeln-und-trennrinnen","18":"first","19":"instock","20":"taxable","21":"shipping-taxable","22":"product-type-simple"},"acf":[],"yoast_head":"<!-- This site is optimized with the Yoast SEO plugin v27.2 - https:\/\/yoast.com\/product\/yoast-seo-wordpress\/ -->\n<title>VIBRA-DRUM\u00ae-Sand und Gussteil-Equipment | General Kinematics<\/title>\n<meta name=\"robots\" content=\"index, follow, max-snippet:-1, max-image-preview:large, max-video-preview:-1\" \/>\n<link rel=\"canonical\" href=\"https:\/\/www.generalkinematics.com\/de\/produkt\/sand-gussteil-aufbereitungsanlagen\/\" \/>\n<meta property=\"og:locale\" content=\"de_DE\" \/>\n<meta property=\"og:type\" content=\"article\" \/>\n<meta property=\"og:title\" content=\"VIBRA-DRUM\u00ae-Sand und Gussteil-Equipment | General Kinematics\" \/>\n<meta property=\"og:description\" content=\"Die VIBRA-DRUM\u00ae-Sand- und Gussteil-Aufbereitungsanlagen haben sich weltweit in Hunderten von Anwendungen bew\u00e4hrt und haben die Handhabung von Gie\u00dfereiprodukten\/Sand in gro\u00dfen Mengen revolutioniert. Dieses vielseitige Zwei-Massen-System st\u00f6\u00dft Gussteile sanft ab und erm\u00f6glicht eine beschleunigte Gussteilk\u00fchlung durch Ausgleich der Sand-\/Gussteiltemperaturen und Verdunstung von Feuchtigkeit.\u00a0Diese Taumelwirkung reduziert Sandklumpen auf die urspr\u00fcngliche Korngr\u00f6\u00dfe und mischt Sand, um die Temperatur [&hellip;]\" \/>\n<meta property=\"og:url\" content=\"https:\/\/www.generalkinematics.com\/de\/produkt\/sand-gussteil-aufbereitungsanlagen\/\" \/>\n<meta property=\"og:site_name\" content=\"General Kinematics\" \/>\n<meta property=\"article:publisher\" content=\"https:\/\/www.facebook.com\/generalkinematics\" \/>\n<meta property=\"article:modified_time\" content=\"2021-12-03T17:52:01+00:00\" \/>\n<meta property=\"og:image\" content=\"https:\/\/media.generalkinematics.com\/wp-content\/uploads\/2015\/05\/MicrosoftTeams-image-97.jpg\" \/>\n\t<meta property=\"og:image:width\" content=\"1024\" \/>\n\t<meta property=\"og:image:height\" content=\"768\" \/>\n\t<meta property=\"og:image:type\" content=\"image\/jpeg\" \/>\n<meta name=\"twitter:card\" content=\"summary_large_image\" \/>\n<meta name=\"twitter:site\" content=\"@gkvibrating\" \/>\n<meta name=\"twitter:label1\" content=\"Gesch\u00e4tzte Lesezeit\" \/>\n\t<meta name=\"twitter:data1\" content=\"2 Minuten\" \/>\n<!-- \/ Yoast SEO plugin. -->","yoast_head_json":{"title":"VIBRA-DRUM\u00ae-Sand und Gussteil-Equipment | General Kinematics","robots":{"index":"index","follow":"follow","max-snippet":"max-snippet:-1","max-image-preview":"max-image-preview:large","max-video-preview":"max-video-preview:-1"},"canonical":"https:\/\/www.generalkinematics.com\/de\/produkt\/sand-gussteil-aufbereitungsanlagen\/","og_locale":"de_DE","og_type":"article","og_title":"VIBRA-DRUM\u00ae-Sand und Gussteil-Equipment | General Kinematics","og_description":"Die VIBRA-DRUM\u00ae-Sand- und Gussteil-Aufbereitungsanlagen haben sich weltweit in Hunderten von Anwendungen bew\u00e4hrt und haben die Handhabung von Gie\u00dfereiprodukten\/Sand in gro\u00dfen Mengen revolutioniert. Dieses vielseitige Zwei-Massen-System st\u00f6\u00dft Gussteile sanft ab und erm\u00f6glicht eine beschleunigte Gussteilk\u00fchlung durch Ausgleich der Sand-\/Gussteiltemperaturen und Verdunstung von Feuchtigkeit.\u00a0Diese Taumelwirkung reduziert Sandklumpen auf die urspr\u00fcngliche Korngr\u00f6\u00dfe und mischt Sand, um die Temperatur [&hellip;]","og_url":"https:\/\/www.generalkinematics.com\/de\/produkt\/sand-gussteil-aufbereitungsanlagen\/","og_site_name":"General Kinematics","article_publisher":"https:\/\/www.facebook.com\/generalkinematics","article_modified_time":"2021-12-03T17:52:01+00:00","og_image":[{"width":1024,"height":768,"url":"https:\/\/media.generalkinematics.com\/wp-content\/uploads\/2015\/05\/MicrosoftTeams-image-97.jpg","type":"image\/jpeg"}],"twitter_card":"summary_large_image","twitter_site":"@gkvibrating","twitter_misc":{"Gesch\u00e4tzte Lesezeit":"2 Minuten"},"schema":{"@context":"https:\/\/schema.org","@graph":[{"@type":"WebPage","@id":"https:\/\/www.generalkinematics.com\/de\/produkt\/sand-gussteil-aufbereitungsanlagen\/","url":"https:\/\/www.generalkinematics.com\/de\/produkt\/sand-gussteil-aufbereitungsanlagen\/","name":"VIBRA-DRUM\u00ae-Sand und Gussteil-Equipment | General Kinematics","isPartOf":{"@id":"https:\/\/www.generalkinematics.com\/de\/#website"},"primaryImageOfPage":{"@id":"https:\/\/www.generalkinematics.com\/de\/produkt\/sand-gussteil-aufbereitungsanlagen\/#primaryimage"},"image":{"@id":"https:\/\/www.generalkinematics.com\/de\/produkt\/sand-gussteil-aufbereitungsanlagen\/#primaryimage"},"thumbnailUrl":"https:\/\/media.generalkinematics.com\/wp-content\/uploads\/2024\/02\/MicrosoftTeams-image-97-e1708629330277.jpg","datePublished":"2015-05-12T15:44:16+00:00","dateModified":"2021-12-03T17:52:01+00:00","breadcrumb":{"@id":"https:\/\/www.generalkinematics.com\/de\/produkt\/sand-gussteil-aufbereitungsanlagen\/#breadcrumb"},"inLanguage":"de-DE","potentialAction":[{"@type":"ReadAction","target":["https:\/\/www.generalkinematics.com\/de\/produkt\/sand-gussteil-aufbereitungsanlagen\/"]}]},{"@type":"ImageObject","inLanguage":"de-DE","@id":"https:\/\/www.generalkinematics.com\/de\/produkt\/sand-gussteil-aufbereitungsanlagen\/#primaryimage","url":"https:\/\/media.generalkinematics.com\/wp-content\/uploads\/2024\/02\/MicrosoftTeams-image-97-e1708629330277.jpg","contentUrl":"https:\/\/media.generalkinematics.com\/wp-content\/uploads\/2024\/02\/MicrosoftTeams-image-97-e1708629330277.jpg","width":768,"height":768},{"@type":"BreadcrumbList","@id":"https:\/\/www.generalkinematics.com\/de\/produkt\/sand-gussteil-aufbereitungsanlagen\/#breadcrumb","itemListElement":[{"@type":"ListItem","position":1,"name":"GK Home","item":"https:\/\/www.generalkinematics.com\/de\/"},{"@type":"ListItem","position":2,"name":"Shop","item":"https:\/\/www.generalkinematics.com\/shop\/"},{"@type":"ListItem","position":3,"name":"VIBRA-DRUM\u00ae-Sand und Gussteil-Equipment"}]},{"@type":"WebSite","@id":"https:\/\/www.generalkinematics.com\/de\/#website","url":"https:\/\/www.generalkinematics.com\/de\/","name":"General Kinematics","description":"","publisher":{"@id":"https:\/\/www.generalkinematics.com\/de\/#organization"},"potentialAction":[{"@type":"SearchAction","target":{"@type":"EntryPoint","urlTemplate":"https:\/\/www.generalkinematics.com\/de\/?s={search_term_string}"},"query-input":{"@type":"PropertyValueSpecification","valueRequired":true,"valueName":"search_term_string"}}],"inLanguage":"de-DE"},{"@type":"Organization","@id":"https:\/\/www.generalkinematics.com\/de\/#organization","name":"General Kinematics","url":"https:\/\/www.generalkinematics.com\/de\/","logo":{"@type":"ImageObject","inLanguage":"de-DE","@id":"https:\/\/www.generalkinematics.com\/de\/#\/schema\/logo\/image\/","url":"https:\/\/media.generalkinematics.com\/wp-content\/uploads\/2018\/03\/logo.png","contentUrl":"https:\/\/media.generalkinematics.com\/wp-content\/uploads\/2018\/03\/logo.png","width":313,"height":100,"caption":"General Kinematics"},"image":{"@id":"https:\/\/www.generalkinematics.com\/de\/#\/schema\/logo\/image\/"},"sameAs":["https:\/\/www.facebook.com\/generalkinematics","https:\/\/x.com\/gkvibrating"]}]}},"_links":{"self":[{"href":"https:\/\/www.generalkinematics.com\/de\/wp-json\/wp\/v2\/product\/38982","targetHints":{"allow":["GET"]}}],"collection":[{"href":"https:\/\/www.generalkinematics.com\/de\/wp-json\/wp\/v2\/product"}],"about":[{"href":"https:\/\/www.generalkinematics.com\/de\/wp-json\/wp\/v2\/types\/product"}],"replies":[{"embeddable":true,"href":"https:\/\/www.generalkinematics.com\/de\/wp-json\/wp\/v2\/comments?post=38982"}],"wp:featuredmedia":[{"embeddable":true,"href":"https:\/\/www.generalkinematics.com\/de\/wp-json\/wp\/v2\/media\/53831"}],"wp:attachment":[{"href":"https:\/\/www.generalkinematics.com\/de\/wp-json\/wp\/v2\/media?parent=38982"}],"wp:term":[{"taxonomy":"product_brand","embeddable":true,"href":"https:\/\/www.generalkinematics.com\/de\/wp-json\/wp\/v2\/product_brand?post=38982"},{"taxonomy":"product_cat","embeddable":true,"href":"https:\/\/www.generalkinematics.com\/de\/wp-json\/wp\/v2\/product_cat?post=38982"},{"taxonomy":"product_tag","embeddable":true,"href":"https:\/\/www.generalkinematics.com\/de\/wp-json\/wp\/v2\/product_tag?post=38982"}],"curies":[{"name":"wp","href":"https:\/\/api.w.org\/{rel}","templated":true}]}}