{"id":38993,"date":"2015-05-12T10:50:00","date_gmt":"2015-05-12T15:50:00","guid":{"rendered":"https:\/\/www.generalkinematics.com\/product\/vibra-drum-ruckstands-wiederaufbereitungssysteme\/"},"modified":"2018-08-31T08:25:34","modified_gmt":"2018-08-31T13:25:34","slug":"ruckstands-wiederaufbereitungssysteme","status":"publish","type":"product","link":"https:\/\/www.generalkinematics.com\/de\/produkt\/ruckstands-wiederaufbereitungssysteme\/","title":{"rendered":"VIBRA-DRUM\u00ae-R\u00fcckstands-Wiederaufbereitungssysteme"},"content":{"rendered":"<p>General Kinematics <strong>VIBRA-DRUM\u00ae-R\u00fcckstands-Wiederaufbereitungsm\u00fchle<\/strong> befreit Edelmetalle schnell von Schlacken und R\u00fcckst\u00e4nden und gewinnt schnell Ihr wertvolles Material zur\u00fcck. Die VIBRA-DRUM\u00ae kann durch GKs automatisches R\u00fcckhaltesystem entweder im Dauer- oder Chargenbetrieb eingesetzt werden. Ein optionaler Hubmechanismus erm\u00f6glicht im Chargenbetrieb eine schnelle Reinigung der Trommel, aber auch eine Produktverweilzeit im Dauerbetrieb. Die Kombination dieser beiden Variablen erm\u00f6glicht ein H\u00f6chstma\u00df an Flexibilit\u00e4t, Effizienz und Produktmix.<\/p>\n<p>&nbsp;<\/p>\n<h2>Eigenschaften:<\/h2>\n<ul>\n<li>Hochenergetische Vibrationen zerlegen das Material bis zu 5-mal schneller als Dreh- oder andere Typen von Wiederaufbereitungsanlagen.<\/li>\n<li>Die vollst\u00e4ndig geschlossene Ausf\u00fchrung verhindert das Eindringen von Staub und anderen Verunreinigungen in die Arbeitsumgebung.<\/li>\n<li>Die geringe Stellfl\u00e4che minimiert den Platzbedarf und es sind keine speziellen Fundamente erforderlich.<\/li>\n<li>Das eingeschraubte, auswechselbare Auskleidungssystem ist sicher zu installieren und kann schnell ohne Spezialwerkzeug ausgetauscht werden.<\/li>\n<li>Es Kann sowohl im Chargen- als auch Dauerbetrieb bei Verwendung einer pneumatischen Entladeklappe betrieben werden.<\/li>\n<li>Die Verwendung von Airbags erm\u00f6glichen im Chargenbetrieb in einer Zwischenposition eine beschleunigte Reinigung durch den Abrieb metallischer Feinteile.<\/li>\n<li>Aufgrund des erh\u00f6hten Abriebs im Trommelbett und der daraus entstehenden W\u00e4rme wird feuchtes Material effektiver gehandhabt als bei herk\u00f6mmlichen oder statischen Siebverfahren.<\/li>\n<li>Die kontinuierliche Entfernung von Feinanteilen zur Beseitigung des D\u00e4mpfungseffekts bei zerkleinertem Material steigert sowohl die Kapazit\u00e4t als auch die Mahlleistung.<\/li>\n<li>Ein perforierter Endladeabschnitt dient zur Bereitstellung eines Sekund\u00e4rsiebs.<\/li>\n<li>Die Motoren mit niedriger Leistung sparen Strom.<\/li>\n<li>Eine ausbalancierte Bauweise bedeutet minimale Belastungen f\u00fcr das Fundament.<\/li>\n<li>Das System kann f\u00fcr eine Vielzahl von gegenw\u00e4rtigen und zuk\u00fcnftigen Funktionen verwendet werden, beispielsweise f\u00fcr die Beseitigung von Koksfeinanteilen.<\/li>\n<li>Erfordert in der Reibungsm\u00fchle keine Medien.<\/li>\n<li>Freigabe von Chargenmaterial durch eine pneumatische Entleerungsklappe ganz ohne Werkzeug und Maschinenverriegelung (Lock-out\/Tag-out).<\/li>\n<\/ul>\n","protected":false},"excerpt":{"rendered":"<p>General Kinematics VIBRA-DRUM\u00ae-R\u00fcckstands-Wiederaufbereitungsm\u00fchle befreit Edelmetalle schnell von Schlacken und R\u00fcckst\u00e4nden und gewinnt schnell Ihr wertvolles Material zur\u00fcck. Die VIBRA-DRUM\u00ae kann durch GKs automatisches R\u00fcckhaltesystem entweder im Dauer- oder Chargenbetrieb eingesetzt werden. Ein optionaler Hubmechanismus erm\u00f6glicht im Chargenbetrieb eine schnelle Reinigung der Trommel, aber auch eine Produktverweilzeit im Dauerbetrieb. Die Kombination dieser beiden Variablen erm\u00f6glicht ein [&hellip;]<\/p>\n","protected":false},"featured_media":26891,"comment_status":"closed","ping_status":"closed","template":"","meta":{"_acf_changed":false,"om_disable_all_campaigns":false,"ep_exclude_from_search":false},"product_brand":[],"product_cat":[1769,1784,1789,1787],"product_tag":[],"class_list":{"0":"post-38993","1":"product","2":"type-product","3":"status-publish","4":"has-post-thumbnail","6":"product_cat-lordungen-fuer-giesserei-und-metallguss","7":"product_cat-schlacke-und-kratzerueckgewinnung","8":"product_cat-vibra-drum-loesungen","9":"product_cat-vibrationstrommeln-und-trennrinnen","11":"first","12":"instock","13":"taxable","14":"shipping-taxable","15":"product-type-simple"},"acf":[],"yoast_head":"<!-- This site is optimized with the Yoast SEO plugin v27.2 - https:\/\/yoast.com\/product\/yoast-seo-wordpress\/ -->\n<title>VIBRA-DRUM\u00ae-R\u00fcckstands-Wiederaufbereitungssysteme | General Kinematics<\/title>\n<meta name=\"robots\" content=\"index, follow, max-snippet:-1, max-image-preview:large, max-video-preview:-1\" \/>\n<link rel=\"canonical\" href=\"https:\/\/www.generalkinematics.com\/de\/produkt\/ruckstands-wiederaufbereitungssysteme\/\" \/>\n<meta property=\"og:locale\" content=\"de_DE\" \/>\n<meta property=\"og:type\" content=\"article\" \/>\n<meta property=\"og:title\" content=\"VIBRA-DRUM\u00ae-R\u00fcckstands-Wiederaufbereitungssysteme | General Kinematics\" \/>\n<meta property=\"og:description\" content=\"General Kinematics VIBRA-DRUM\u00ae-R\u00fcckstands-Wiederaufbereitungsm\u00fchle befreit Edelmetalle schnell von Schlacken und R\u00fcckst\u00e4nden und gewinnt schnell Ihr wertvolles Material zur\u00fcck. Die VIBRA-DRUM\u00ae kann durch GKs automatisches R\u00fcckhaltesystem entweder im Dauer- oder Chargenbetrieb eingesetzt werden. Ein optionaler Hubmechanismus erm\u00f6glicht im Chargenbetrieb eine schnelle Reinigung der Trommel, aber auch eine Produktverweilzeit im Dauerbetrieb. Die Kombination dieser beiden Variablen erm\u00f6glicht ein [&hellip;]\" \/>\n<meta property=\"og:url\" content=\"https:\/\/www.generalkinematics.com\/de\/produkt\/ruckstands-wiederaufbereitungssysteme\/\" \/>\n<meta property=\"og:site_name\" content=\"General Kinematics\" \/>\n<meta property=\"article:publisher\" content=\"https:\/\/www.facebook.com\/generalkinematics\" \/>\n<meta property=\"article:modified_time\" content=\"2018-08-31T13:25:34+00:00\" \/>\n<meta property=\"og:image\" content=\"https:\/\/www.generalkinematics.com\/wp-content\/uploads\/2016\/03\/vibra-Drum.jpg\" \/>\n\t<meta property=\"og:image:width\" content=\"2560\" \/>\n\t<meta property=\"og:image:height\" content=\"1495\" \/>\n\t<meta property=\"og:image:type\" content=\"image\/jpeg\" \/>\n<meta name=\"twitter:card\" content=\"summary_large_image\" \/>\n<meta name=\"twitter:site\" content=\"@gkvibrating\" \/>\n<meta name=\"twitter:label1\" content=\"Gesch\u00e4tzte Lesezeit\" \/>\n\t<meta name=\"twitter:data1\" content=\"1 Minute\" \/>\n<!-- \/ Yoast SEO plugin. -->","yoast_head_json":{"title":"VIBRA-DRUM\u00ae-R\u00fcckstands-Wiederaufbereitungssysteme | General Kinematics","robots":{"index":"index","follow":"follow","max-snippet":"max-snippet:-1","max-image-preview":"max-image-preview:large","max-video-preview":"max-video-preview:-1"},"canonical":"https:\/\/www.generalkinematics.com\/de\/produkt\/ruckstands-wiederaufbereitungssysteme\/","og_locale":"de_DE","og_type":"article","og_title":"VIBRA-DRUM\u00ae-R\u00fcckstands-Wiederaufbereitungssysteme | General Kinematics","og_description":"General Kinematics VIBRA-DRUM\u00ae-R\u00fcckstands-Wiederaufbereitungsm\u00fchle befreit Edelmetalle schnell von Schlacken und R\u00fcckst\u00e4nden und gewinnt schnell Ihr wertvolles Material zur\u00fcck. Die VIBRA-DRUM\u00ae kann durch GKs automatisches R\u00fcckhaltesystem entweder im Dauer- oder Chargenbetrieb eingesetzt werden. Ein optionaler Hubmechanismus erm\u00f6glicht im Chargenbetrieb eine schnelle Reinigung der Trommel, aber auch eine Produktverweilzeit im Dauerbetrieb. Die Kombination dieser beiden Variablen erm\u00f6glicht ein [&hellip;]","og_url":"https:\/\/www.generalkinematics.com\/de\/produkt\/ruckstands-wiederaufbereitungssysteme\/","og_site_name":"General Kinematics","article_publisher":"https:\/\/www.facebook.com\/generalkinematics","article_modified_time":"2018-08-31T13:25:34+00:00","og_image":[{"width":2560,"height":1495,"url":"https:\/\/www.generalkinematics.com\/wp-content\/uploads\/2016\/03\/vibra-Drum.jpg","type":"image\/jpeg"}],"twitter_card":"summary_large_image","twitter_site":"@gkvibrating","twitter_misc":{"Gesch\u00e4tzte Lesezeit":"1 Minute"},"schema":{"@context":"https:\/\/schema.org","@graph":[{"@type":"WebPage","@id":"https:\/\/www.generalkinematics.com\/de\/produkt\/ruckstands-wiederaufbereitungssysteme\/","url":"https:\/\/www.generalkinematics.com\/de\/produkt\/ruckstands-wiederaufbereitungssysteme\/","name":"VIBRA-DRUM\u00ae-R\u00fcckstands-Wiederaufbereitungssysteme | General Kinematics","isPartOf":{"@id":"https:\/\/www.generalkinematics.com\/de\/#website"},"primaryImageOfPage":{"@id":"https:\/\/www.generalkinematics.com\/de\/produkt\/ruckstands-wiederaufbereitungssysteme\/#primaryimage"},"image":{"@id":"https:\/\/www.generalkinematics.com\/de\/produkt\/ruckstands-wiederaufbereitungssysteme\/#primaryimage"},"thumbnailUrl":"https:\/\/media.generalkinematics.com\/wp-content\/uploads\/2016\/03\/vibra-Drum.jpg","datePublished":"2015-05-12T15:50:00+00:00","dateModified":"2018-08-31T13:25:34+00:00","breadcrumb":{"@id":"https:\/\/www.generalkinematics.com\/de\/produkt\/ruckstands-wiederaufbereitungssysteme\/#breadcrumb"},"inLanguage":"de-DE","potentialAction":[{"@type":"ReadAction","target":["https:\/\/www.generalkinematics.com\/de\/produkt\/ruckstands-wiederaufbereitungssysteme\/"]}]},{"@type":"ImageObject","inLanguage":"de-DE","@id":"https:\/\/www.generalkinematics.com\/de\/produkt\/ruckstands-wiederaufbereitungssysteme\/#primaryimage","url":"https:\/\/media.generalkinematics.com\/wp-content\/uploads\/2016\/03\/vibra-Drum.jpg","contentUrl":"https:\/\/media.generalkinematics.com\/wp-content\/uploads\/2016\/03\/vibra-Drum.jpg","width":2560,"height":1495,"caption":"general-kinematics-vibra-drum"},{"@type":"BreadcrumbList","@id":"https:\/\/www.generalkinematics.com\/de\/produkt\/ruckstands-wiederaufbereitungssysteme\/#breadcrumb","itemListElement":[{"@type":"ListItem","position":1,"name":"GK Home","item":"https:\/\/www.generalkinematics.com\/de\/"},{"@type":"ListItem","position":2,"name":"Shop","item":"https:\/\/www.generalkinematics.com\/shop\/"},{"@type":"ListItem","position":3,"name":"VIBRA-DRUM\u00ae-R\u00fcckstands-Wiederaufbereitungssysteme"}]},{"@type":"WebSite","@id":"https:\/\/www.generalkinematics.com\/de\/#website","url":"https:\/\/www.generalkinematics.com\/de\/","name":"General Kinematics","description":"","publisher":{"@id":"https:\/\/www.generalkinematics.com\/de\/#organization"},"potentialAction":[{"@type":"SearchAction","target":{"@type":"EntryPoint","urlTemplate":"https:\/\/www.generalkinematics.com\/de\/?s={search_term_string}"},"query-input":{"@type":"PropertyValueSpecification","valueRequired":true,"valueName":"search_term_string"}}],"inLanguage":"de-DE"},{"@type":"Organization","@id":"https:\/\/www.generalkinematics.com\/de\/#organization","name":"General Kinematics","url":"https:\/\/www.generalkinematics.com\/de\/","logo":{"@type":"ImageObject","inLanguage":"de-DE","@id":"https:\/\/www.generalkinematics.com\/de\/#\/schema\/logo\/image\/","url":"https:\/\/media.generalkinematics.com\/wp-content\/uploads\/2018\/03\/logo.png","contentUrl":"https:\/\/media.generalkinematics.com\/wp-content\/uploads\/2018\/03\/logo.png","width":313,"height":100,"caption":"General Kinematics"},"image":{"@id":"https:\/\/www.generalkinematics.com\/de\/#\/schema\/logo\/image\/"},"sameAs":["https:\/\/www.facebook.com\/generalkinematics","https:\/\/x.com\/gkvibrating"]}]}},"_links":{"self":[{"href":"https:\/\/www.generalkinematics.com\/de\/wp-json\/wp\/v2\/product\/38993","targetHints":{"allow":["GET"]}}],"collection":[{"href":"https:\/\/www.generalkinematics.com\/de\/wp-json\/wp\/v2\/product"}],"about":[{"href":"https:\/\/www.generalkinematics.com\/de\/wp-json\/wp\/v2\/types\/product"}],"replies":[{"embeddable":true,"href":"https:\/\/www.generalkinematics.com\/de\/wp-json\/wp\/v2\/comments?post=38993"}],"wp:featuredmedia":[{"embeddable":true,"href":"https:\/\/www.generalkinematics.com\/de\/wp-json\/wp\/v2\/media\/26891"}],"wp:attachment":[{"href":"https:\/\/www.generalkinematics.com\/de\/wp-json\/wp\/v2\/media?parent=38993"}],"wp:term":[{"taxonomy":"product_brand","embeddable":true,"href":"https:\/\/www.generalkinematics.com\/de\/wp-json\/wp\/v2\/product_brand?post=38993"},{"taxonomy":"product_cat","embeddable":true,"href":"https:\/\/www.generalkinematics.com\/de\/wp-json\/wp\/v2\/product_cat?post=38993"},{"taxonomy":"product_tag","embeddable":true,"href":"https:\/\/www.generalkinematics.com\/de\/wp-json\/wp\/v2\/product_tag?post=38993"}],"curies":[{"name":"wp","href":"https:\/\/api.w.org\/{rel}","templated":true}]}}