{"id":39012,"date":"2015-05-12T10:59:05","date_gmt":"2015-05-12T15:59:05","guid":{"rendered":"https:\/\/www.generalkinematics.com\/product\/ducta-clean-medien-drehtrommel\/"},"modified":"2019-07-30T10:18:29","modified_gmt":"2019-07-30T15:18:29","slug":"medien-drehtrommel","status":"publish","type":"product","link":"https:\/\/www.generalkinematics.com\/de\/produkt\/medien-drehtrommel\/","title":{"rendered":"DUCTA-CLEAN\u00ae-Medien-Drehtrommel"},"content":{"rendered":"<p>Sauberere Gussst\u00fccke und weniger Wartungsaufwand sind nur zwei der Vorteile, die die zum Patent angemeldete <strong>DUCTA-CLEAN\u00ae-Medien-Drehtrommel<\/strong> bieten kann. Medien schrubben Gussteile, entfernen Sand und trennen Ang\u00fcsse und Klappen von den Gussteilen. Medien, Fremdmetall und Sand verlassen danach die Trommel auf einem GK-Vibrationssortierf\u00f6rderer, der den Sand vollst\u00e4ndig von den Medien abscheidet, Fremdmetall trennt und das Medium \u00fcber den GK-ROTOVEYOR\u2122-Drehf\u00f6rderer zur\u00fcck in die Trommel bef\u00f6rdert.<\/p>\n<h2>Eigenschaften:<\/h2>\n<ul>\n<li>Die Trennung von Sand, Medien und Fremdmetall erfolgt au\u00dferhalb der drehenden Baugruppe auf einer GK-Vibrations-Verarbeitungsanlage, wodurch die rotierende Masse und der Verschlei\u00df am Trommelgeh\u00e4use vermieden werden.<\/li>\n<li>GKs Auskleidungen sind einfacher und sicherer zu ersetzen und kosten bis zu 75 % weniger als gegossene Rostsysteme.<\/li>\n<li>Das zum Patent angemeldete Auskleidungssystem beseitigt Kompressionsringe, schwere Gussauskleidungen und \u00fcberm\u00e4\u00dfige Wartungskosten.<\/li>\n<li>Das Trommelgeh\u00e4use ist kein Verschlei\u00dfartikel und erspart Ihnen erhebliche Wartungskosten und Kopfschmerzen.<\/li>\n<li>Die Trommeln werden mit einfach im Handel erh\u00e4ltlichen Komponenten ausgestattet.<\/li>\n<li>Verf\u00fcgbar in Standard- und ma\u00dfgeschneiderten Gr\u00f6\u00dfen, um Ihrem Prozessdesign und -durchsatz zu entsprechen.<\/li>\n<\/ul>\n","protected":false},"excerpt":{"rendered":"<p>Sauberere Gussst\u00fccke und weniger Wartungsaufwand sind nur zwei der Vorteile, die die zum Patent angemeldete DUCTA-CLEAN\u00ae-Medien-Drehtrommel bieten kann. Medien schrubben Gussteile, entfernen Sand und trennen Ang\u00fcsse und Klappen von den Gussteilen. Medien, Fremdmetall und Sand verlassen danach die Trommel auf einem GK-Vibrationssortierf\u00f6rderer, der den Sand vollst\u00e4ndig von den Medien abscheidet, Fremdmetall trennt und das Medium [&hellip;]<\/p>\n","protected":false},"featured_media":54141,"comment_status":"closed","ping_status":"closed","template":"","meta":{"_acf_changed":false,"om_disable_all_campaigns":false,"ep_exclude_from_search":false},"product_brand":[],"product_cat":[1778,1769,1777,1790,1787],"product_tag":[],"class_list":{"0":"post-39012","1":"product","2":"type-product","3":"status-publish","4":"has-post-thumbnail","6":"casestudytag-ducta-clean-de","7":"product_cat-ducta-series-modelle","8":"product_cat-lordungen-fuer-giesserei-und-metallguss","9":"product_cat-rotierende-trommeln-und-trennrinnen","10":"product_cat-vibrations-und-rotationsseparation","11":"product_cat-vibrationstrommeln-und-trennrinnen","13":"first","14":"instock","15":"taxable","16":"shipping-taxable","17":"product-type-simple"},"acf":[],"yoast_head":"<!-- This site is optimized with the Yoast SEO plugin v27.2 - https:\/\/yoast.com\/product\/yoast-seo-wordpress\/ -->\n<title>DUCTA-CLEAN\u00ae-Medien-Drehtrommel | General Kinematics<\/title>\n<meta name=\"robots\" content=\"index, follow, max-snippet:-1, max-image-preview:large, max-video-preview:-1\" \/>\n<link rel=\"canonical\" href=\"https:\/\/www.generalkinematics.com\/de\/produkt\/medien-drehtrommel\/\" \/>\n<meta property=\"og:locale\" content=\"de_DE\" \/>\n<meta property=\"og:type\" content=\"article\" \/>\n<meta property=\"og:title\" content=\"DUCTA-CLEAN\u00ae-Medien-Drehtrommel | General Kinematics\" \/>\n<meta property=\"og:description\" content=\"Sauberere Gussst\u00fccke und weniger Wartungsaufwand sind nur zwei der Vorteile, die die zum Patent angemeldete DUCTA-CLEAN\u00ae-Medien-Drehtrommel bieten kann. Medien schrubben Gussteile, entfernen Sand und trennen Ang\u00fcsse und Klappen von den Gussteilen. Medien, Fremdmetall und Sand verlassen danach die Trommel auf einem GK-Vibrationssortierf\u00f6rderer, der den Sand vollst\u00e4ndig von den Medien abscheidet, Fremdmetall trennt und das Medium [&hellip;]\" \/>\n<meta property=\"og:url\" content=\"https:\/\/www.generalkinematics.com\/de\/produkt\/medien-drehtrommel\/\" \/>\n<meta property=\"og:site_name\" content=\"General Kinematics\" \/>\n<meta property=\"article:publisher\" content=\"https:\/\/www.facebook.com\/generalkinematics\" \/>\n<meta property=\"article:modified_time\" content=\"2019-07-30T15:18:29+00:00\" \/>\n<meta property=\"og:image\" content=\"https:\/\/media.generalkinematics.com\/wp-content\/uploads\/2015\/05\/DUCTA-CLEAN-drum1.jpg\" \/>\n\t<meta property=\"og:image:width\" content=\"800\" \/>\n\t<meta property=\"og:image:height\" content=\"533\" \/>\n\t<meta property=\"og:image:type\" content=\"image\/jpeg\" \/>\n<meta name=\"twitter:card\" content=\"summary_large_image\" \/>\n<meta name=\"twitter:site\" content=\"@gkvibrating\" \/>\n<meta name=\"twitter:label1\" content=\"Gesch\u00e4tzte Lesezeit\" \/>\n\t<meta name=\"twitter:data1\" content=\"1 Minute\" \/>\n<!-- \/ Yoast SEO plugin. -->","yoast_head_json":{"title":"DUCTA-CLEAN\u00ae-Medien-Drehtrommel | General Kinematics","robots":{"index":"index","follow":"follow","max-snippet":"max-snippet:-1","max-image-preview":"max-image-preview:large","max-video-preview":"max-video-preview:-1"},"canonical":"https:\/\/www.generalkinematics.com\/de\/produkt\/medien-drehtrommel\/","og_locale":"de_DE","og_type":"article","og_title":"DUCTA-CLEAN\u00ae-Medien-Drehtrommel | General Kinematics","og_description":"Sauberere Gussst\u00fccke und weniger Wartungsaufwand sind nur zwei der Vorteile, die die zum Patent angemeldete DUCTA-CLEAN\u00ae-Medien-Drehtrommel bieten kann. Medien schrubben Gussteile, entfernen Sand und trennen Ang\u00fcsse und Klappen von den Gussteilen. Medien, Fremdmetall und Sand verlassen danach die Trommel auf einem GK-Vibrationssortierf\u00f6rderer, der den Sand vollst\u00e4ndig von den Medien abscheidet, Fremdmetall trennt und das Medium [&hellip;]","og_url":"https:\/\/www.generalkinematics.com\/de\/produkt\/medien-drehtrommel\/","og_site_name":"General Kinematics","article_publisher":"https:\/\/www.facebook.com\/generalkinematics","article_modified_time":"2019-07-30T15:18:29+00:00","og_image":[{"width":800,"height":533,"url":"https:\/\/media.generalkinematics.com\/wp-content\/uploads\/2015\/05\/DUCTA-CLEAN-drum1.jpg","type":"image\/jpeg"}],"twitter_card":"summary_large_image","twitter_site":"@gkvibrating","twitter_misc":{"Gesch\u00e4tzte Lesezeit":"1 Minute"},"schema":{"@context":"https:\/\/schema.org","@graph":[{"@type":"WebPage","@id":"https:\/\/www.generalkinematics.com\/de\/produkt\/medien-drehtrommel\/","url":"https:\/\/www.generalkinematics.com\/de\/produkt\/medien-drehtrommel\/","name":"DUCTA-CLEAN\u00ae-Medien-Drehtrommel | General Kinematics","isPartOf":{"@id":"https:\/\/www.generalkinematics.com\/de\/#website"},"primaryImageOfPage":{"@id":"https:\/\/www.generalkinematics.com\/de\/produkt\/medien-drehtrommel\/#primaryimage"},"image":{"@id":"https:\/\/www.generalkinematics.com\/de\/produkt\/medien-drehtrommel\/#primaryimage"},"thumbnailUrl":"https:\/\/media.generalkinematics.com\/wp-content\/uploads\/2024\/08\/ducta-clean1.jpg","datePublished":"2015-05-12T15:59:05+00:00","dateModified":"2019-07-30T15:18:29+00:00","breadcrumb":{"@id":"https:\/\/www.generalkinematics.com\/de\/produkt\/medien-drehtrommel\/#breadcrumb"},"inLanguage":"de-DE","potentialAction":[{"@type":"ReadAction","target":["https:\/\/www.generalkinematics.com\/de\/produkt\/medien-drehtrommel\/"]}]},{"@type":"ImageObject","inLanguage":"de-DE","@id":"https:\/\/www.generalkinematics.com\/de\/produkt\/medien-drehtrommel\/#primaryimage","url":"https:\/\/media.generalkinematics.com\/wp-content\/uploads\/2024\/08\/ducta-clean1.jpg","contentUrl":"https:\/\/media.generalkinematics.com\/wp-content\/uploads\/2024\/08\/ducta-clean1.jpg","width":800,"height":533},{"@type":"BreadcrumbList","@id":"https:\/\/www.generalkinematics.com\/de\/produkt\/medien-drehtrommel\/#breadcrumb","itemListElement":[{"@type":"ListItem","position":1,"name":"GK Home","item":"https:\/\/www.generalkinematics.com\/de\/"},{"@type":"ListItem","position":2,"name":"Shop","item":"https:\/\/www.generalkinematics.com\/shop\/"},{"@type":"ListItem","position":3,"name":"DUCTA-CLEAN\u00ae-Medien-Drehtrommel"}]},{"@type":"WebSite","@id":"https:\/\/www.generalkinematics.com\/de\/#website","url":"https:\/\/www.generalkinematics.com\/de\/","name":"General Kinematics","description":"","publisher":{"@id":"https:\/\/www.generalkinematics.com\/de\/#organization"},"potentialAction":[{"@type":"SearchAction","target":{"@type":"EntryPoint","urlTemplate":"https:\/\/www.generalkinematics.com\/de\/?s={search_term_string}"},"query-input":{"@type":"PropertyValueSpecification","valueRequired":true,"valueName":"search_term_string"}}],"inLanguage":"de-DE"},{"@type":"Organization","@id":"https:\/\/www.generalkinematics.com\/de\/#organization","name":"General Kinematics","url":"https:\/\/www.generalkinematics.com\/de\/","logo":{"@type":"ImageObject","inLanguage":"de-DE","@id":"https:\/\/www.generalkinematics.com\/de\/#\/schema\/logo\/image\/","url":"https:\/\/media.generalkinematics.com\/wp-content\/uploads\/2018\/03\/logo.png","contentUrl":"https:\/\/media.generalkinematics.com\/wp-content\/uploads\/2018\/03\/logo.png","width":313,"height":100,"caption":"General Kinematics"},"image":{"@id":"https:\/\/www.generalkinematics.com\/de\/#\/schema\/logo\/image\/"},"sameAs":["https:\/\/www.facebook.com\/generalkinematics","https:\/\/x.com\/gkvibrating"]}]}},"_links":{"self":[{"href":"https:\/\/www.generalkinematics.com\/de\/wp-json\/wp\/v2\/product\/39012","targetHints":{"allow":["GET"]}}],"collection":[{"href":"https:\/\/www.generalkinematics.com\/de\/wp-json\/wp\/v2\/product"}],"about":[{"href":"https:\/\/www.generalkinematics.com\/de\/wp-json\/wp\/v2\/types\/product"}],"replies":[{"embeddable":true,"href":"https:\/\/www.generalkinematics.com\/de\/wp-json\/wp\/v2\/comments?post=39012"}],"wp:featuredmedia":[{"embeddable":true,"href":"https:\/\/www.generalkinematics.com\/de\/wp-json\/wp\/v2\/media\/54141"}],"wp:attachment":[{"href":"https:\/\/www.generalkinematics.com\/de\/wp-json\/wp\/v2\/media?parent=39012"}],"wp:term":[{"taxonomy":"product_brand","embeddable":true,"href":"https:\/\/www.generalkinematics.com\/de\/wp-json\/wp\/v2\/product_brand?post=39012"},{"taxonomy":"product_cat","embeddable":true,"href":"https:\/\/www.generalkinematics.com\/de\/wp-json\/wp\/v2\/product_cat?post=39012"},{"taxonomy":"product_tag","embeddable":true,"href":"https:\/\/www.generalkinematics.com\/de\/wp-json\/wp\/v2\/product_tag?post=39012"}],"curies":[{"name":"wp","href":"https:\/\/api.w.org\/{rel}","templated":true}]}}