{"id":39023,"date":"2015-05-12T11:00:54","date_gmt":"2015-05-12T16:00:54","guid":{"rendered":"https:\/\/www.generalkinematics.com\/product\/ducta-screen-drehtrennanlage\/"},"modified":"2019-07-30T11:13:25","modified_gmt":"2019-07-30T16:13:25","slug":"drehtrennanlage","status":"publish","type":"product","link":"https:\/\/www.generalkinematics.com\/de\/produkt\/drehtrennanlage\/","title":{"rendered":"DUCTA-SCREEN\u2122-Drehtrennanlage"},"content":{"rendered":"<p>Die <strong>DUCTA-SCREEN\u2122-Drehtrennanlage<\/strong> verarbeitet Formen schnell und effizient und trennt und entfernt den Sand von den Gussst\u00fccken. Der zerkleinerte Sand verl\u00e4sst das drehende Geh\u00e4use und wird auf GKs Vibrations-Sandabnahmeband \u00fcbergeben. Die Entfernung des Sandes aus dem Drehgeh\u00e4use erm\u00f6glicht k\u00fchlere Equipment-Temperaturen, wodurch eine erh\u00f6hte Standzeit vom Equipment und den Komponenten, sowie niedrigere Gussteiltemperaturen m\u00f6glich werden.<\/p>\n<p>Die DUCTTA-SCREEN\u2122-Drehtrennanlage ist eine ideale Einheit zum Trennen der Gussteile aus kastenlosen Formen. Die in sich geschlossene Einheit reduziert den L\u00e4rmpegel und verbessert die Sandtrennung von Gussteilen und Anguss. Die Wirkung der Drehtrennanlage ist sanft, dennoch zerkleinert sie Sandklumpen effizient und liefert Sand, der f\u00fcr eine sehr feine Endsiebung geeignet ist. Um bestens zu Ihrer Anwendung zu passen sind Standard- und ma\u00dfgeschneiderte Gr\u00f6\u00dfen verf\u00fcgbar.<\/p>\n<p><a href=\"https:\/\/www.generalkinematics.com\/de\/kontakt-general-kinematics\/\">Kontaktieren Sie einen GK-Gie\u00dfereifachmann<\/a> f\u00fcr weitere Informationen.<\/p>\n<h2>Eigenschaften:<\/h2>\n<ul>\n<li>GKs Auskleidungen sind einfacher und sicherer zu ersetzen und kosten bis zu 75 % weniger als gegossene Rostsysteme.<\/li>\n<li>Das zum Patent angemeldete Auskleidungssystem beseitigt Kompressionsringe, schwere Gussauskleidungen und \u00fcberm\u00e4\u00dfige Wartungskosten.<\/li>\n<li>Das Trommelgeh\u00e4use ist kein Verschlei\u00dfartikel und erspart Ihnen erhebliche Wartungskosten und Kopfschmerzen.<\/li>\n<li>Die Trommeln werden mit einfach im Handel erh\u00e4ltlichen Komponenten ausgestattet.<\/li>\n<li>Verf\u00fcgbar in Standard- und ma\u00dfgeschneiderten Gr\u00f6\u00dfen, um Ihrem Prozessdesign und -durchsatz zu entsprechen.<\/li>\n<\/ul>\n","protected":false},"excerpt":{"rendered":"<p>Die DUCTA-SCREEN\u2122-Drehtrennanlage verarbeitet Formen schnell und effizient und trennt und entfernt den Sand von den Gussst\u00fccken. Der zerkleinerte Sand verl\u00e4sst das drehende Geh\u00e4use und wird auf GKs Vibrations-Sandabnahmeband \u00fcbergeben. Die Entfernung des Sandes aus dem Drehgeh\u00e4use erm\u00f6glicht k\u00fchlere Equipment-Temperaturen, wodurch eine erh\u00f6hte Standzeit vom Equipment und den Komponenten, sowie niedrigere Gussteiltemperaturen m\u00f6glich werden. Die DUCTTA-SCREEN\u2122-Drehtrennanlage [&hellip;]<\/p>\n","protected":false},"featured_media":27415,"comment_status":"closed","ping_status":"closed","template":"","meta":{"_acf_changed":false,"om_disable_all_campaigns":false,"ep_exclude_from_search":false},"product_brand":[],"product_cat":[1778,1769,1777,1779,1780,1790,1787],"product_tag":[],"class_list":{"0":"post-39023","1":"product","2":"type-product","3":"status-publish","4":"has-post-thumbnail","6":"product_cat-ducta-series-modelle","7":"product_cat-lordungen-fuer-giesserei-und-metallguss","8":"product_cat-rotierende-trommeln-und-trennrinnen","9":"product_cat-sandsysteme-sandaufbereitung","10":"product_cat-sandzerkleinerer","11":"product_cat-vibrations-und-rotationsseparation","12":"product_cat-vibrationstrommeln-und-trennrinnen","14":"first","15":"instock","16":"taxable","17":"shipping-taxable","18":"product-type-simple"},"acf":[],"yoast_head":"<!-- This site is optimized with the Yoast SEO plugin v27.2 - https:\/\/yoast.com\/product\/yoast-seo-wordpress\/ -->\n<title>DUCTA-SCREEN\u2122-Drehtrennanlage | General Kinematics<\/title>\n<meta name=\"robots\" content=\"index, follow, max-snippet:-1, max-image-preview:large, max-video-preview:-1\" \/>\n<link rel=\"canonical\" href=\"https:\/\/www.generalkinematics.com\/de\/produkt\/drehtrennanlage\/\" \/>\n<meta property=\"og:locale\" content=\"de_DE\" \/>\n<meta property=\"og:type\" content=\"article\" \/>\n<meta property=\"og:title\" content=\"DUCTA-SCREEN\u2122-Drehtrennanlage | General Kinematics\" \/>\n<meta property=\"og:description\" content=\"Die DUCTA-SCREEN\u2122-Drehtrennanlage verarbeitet Formen schnell und effizient und trennt und entfernt den Sand von den Gussst\u00fccken. Der zerkleinerte Sand verl\u00e4sst das drehende Geh\u00e4use und wird auf GKs Vibrations-Sandabnahmeband \u00fcbergeben. Die Entfernung des Sandes aus dem Drehgeh\u00e4use erm\u00f6glicht k\u00fchlere Equipment-Temperaturen, wodurch eine erh\u00f6hte Standzeit vom Equipment und den Komponenten, sowie niedrigere Gussteiltemperaturen m\u00f6glich werden. Die DUCTTA-SCREEN\u2122-Drehtrennanlage [&hellip;]\" \/>\n<meta property=\"og:url\" content=\"https:\/\/www.generalkinematics.com\/de\/produkt\/drehtrennanlage\/\" \/>\n<meta property=\"og:site_name\" content=\"General Kinematics\" \/>\n<meta property=\"article:publisher\" content=\"https:\/\/www.facebook.com\/generalkinematics\" \/>\n<meta property=\"article:modified_time\" content=\"2019-07-30T16:13:25+00:00\" \/>\n<meta property=\"og:image\" content=\"https:\/\/www.generalkinematics.com\/wp-content\/uploads\/2015\/07\/rendered.jpg\" \/>\n\t<meta property=\"og:image:width\" content=\"1462\" \/>\n\t<meta property=\"og:image:height\" content=\"958\" \/>\n\t<meta property=\"og:image:type\" content=\"image\/jpeg\" \/>\n<meta name=\"twitter:card\" content=\"summary_large_image\" \/>\n<meta name=\"twitter:site\" content=\"@gkvibrating\" \/>\n<meta name=\"twitter:label1\" content=\"Gesch\u00e4tzte Lesezeit\" \/>\n\t<meta name=\"twitter:data1\" content=\"1 Minute\" \/>\n<!-- \/ Yoast SEO plugin. -->","yoast_head_json":{"title":"DUCTA-SCREEN\u2122-Drehtrennanlage | General Kinematics","robots":{"index":"index","follow":"follow","max-snippet":"max-snippet:-1","max-image-preview":"max-image-preview:large","max-video-preview":"max-video-preview:-1"},"canonical":"https:\/\/www.generalkinematics.com\/de\/produkt\/drehtrennanlage\/","og_locale":"de_DE","og_type":"article","og_title":"DUCTA-SCREEN\u2122-Drehtrennanlage | General Kinematics","og_description":"Die DUCTA-SCREEN\u2122-Drehtrennanlage verarbeitet Formen schnell und effizient und trennt und entfernt den Sand von den Gussst\u00fccken. Der zerkleinerte Sand verl\u00e4sst das drehende Geh\u00e4use und wird auf GKs Vibrations-Sandabnahmeband \u00fcbergeben. Die Entfernung des Sandes aus dem Drehgeh\u00e4use erm\u00f6glicht k\u00fchlere Equipment-Temperaturen, wodurch eine erh\u00f6hte Standzeit vom Equipment und den Komponenten, sowie niedrigere Gussteiltemperaturen m\u00f6glich werden. Die DUCTTA-SCREEN\u2122-Drehtrennanlage [&hellip;]","og_url":"https:\/\/www.generalkinematics.com\/de\/produkt\/drehtrennanlage\/","og_site_name":"General Kinematics","article_publisher":"https:\/\/www.facebook.com\/generalkinematics","article_modified_time":"2019-07-30T16:13:25+00:00","og_image":[{"width":1462,"height":958,"url":"https:\/\/www.generalkinematics.com\/wp-content\/uploads\/2015\/07\/rendered.jpg","type":"image\/jpeg"}],"twitter_card":"summary_large_image","twitter_site":"@gkvibrating","twitter_misc":{"Gesch\u00e4tzte Lesezeit":"1 Minute"},"schema":{"@context":"https:\/\/schema.org","@graph":[{"@type":"WebPage","@id":"https:\/\/www.generalkinematics.com\/de\/produkt\/drehtrennanlage\/","url":"https:\/\/www.generalkinematics.com\/de\/produkt\/drehtrennanlage\/","name":"DUCTA-SCREEN\u2122-Drehtrennanlage | General Kinematics","isPartOf":{"@id":"https:\/\/www.generalkinematics.com\/de\/#website"},"primaryImageOfPage":{"@id":"https:\/\/www.generalkinematics.com\/de\/produkt\/drehtrennanlage\/#primaryimage"},"image":{"@id":"https:\/\/www.generalkinematics.com\/de\/produkt\/drehtrennanlage\/#primaryimage"},"thumbnailUrl":"https:\/\/media.generalkinematics.com\/wp-content\/uploads\/2015\/07\/rendered.jpg","datePublished":"2015-05-12T16:00:54+00:00","dateModified":"2019-07-30T16:13:25+00:00","breadcrumb":{"@id":"https:\/\/www.generalkinematics.com\/de\/produkt\/drehtrennanlage\/#breadcrumb"},"inLanguage":"de-DE","potentialAction":[{"@type":"ReadAction","target":["https:\/\/www.generalkinematics.com\/de\/produkt\/drehtrennanlage\/"]}]},{"@type":"ImageObject","inLanguage":"de-DE","@id":"https:\/\/www.generalkinematics.com\/de\/produkt\/drehtrennanlage\/#primaryimage","url":"https:\/\/media.generalkinematics.com\/wp-content\/uploads\/2015\/07\/rendered.jpg","contentUrl":"https:\/\/media.generalkinematics.com\/wp-content\/uploads\/2015\/07\/rendered.jpg","width":1462,"height":958,"caption":"general-kinematics-rotary-drum"},{"@type":"BreadcrumbList","@id":"https:\/\/www.generalkinematics.com\/de\/produkt\/drehtrennanlage\/#breadcrumb","itemListElement":[{"@type":"ListItem","position":1,"name":"GK Home","item":"https:\/\/www.generalkinematics.com\/de\/"},{"@type":"ListItem","position":2,"name":"Shop","item":"https:\/\/www.generalkinematics.com\/shop\/"},{"@type":"ListItem","position":3,"name":"DUCTA-SCREEN\u2122-Drehtrennanlage"}]},{"@type":"WebSite","@id":"https:\/\/www.generalkinematics.com\/de\/#website","url":"https:\/\/www.generalkinematics.com\/de\/","name":"General Kinematics","description":"","publisher":{"@id":"https:\/\/www.generalkinematics.com\/de\/#organization"},"potentialAction":[{"@type":"SearchAction","target":{"@type":"EntryPoint","urlTemplate":"https:\/\/www.generalkinematics.com\/de\/?s={search_term_string}"},"query-input":{"@type":"PropertyValueSpecification","valueRequired":true,"valueName":"search_term_string"}}],"inLanguage":"de-DE"},{"@type":"Organization","@id":"https:\/\/www.generalkinematics.com\/de\/#organization","name":"General Kinematics","url":"https:\/\/www.generalkinematics.com\/de\/","logo":{"@type":"ImageObject","inLanguage":"de-DE","@id":"https:\/\/www.generalkinematics.com\/de\/#\/schema\/logo\/image\/","url":"https:\/\/media.generalkinematics.com\/wp-content\/uploads\/2018\/03\/logo.png","contentUrl":"https:\/\/media.generalkinematics.com\/wp-content\/uploads\/2018\/03\/logo.png","width":313,"height":100,"caption":"General Kinematics"},"image":{"@id":"https:\/\/www.generalkinematics.com\/de\/#\/schema\/logo\/image\/"},"sameAs":["https:\/\/www.facebook.com\/generalkinematics","https:\/\/x.com\/gkvibrating"]}]}},"_links":{"self":[{"href":"https:\/\/www.generalkinematics.com\/de\/wp-json\/wp\/v2\/product\/39023","targetHints":{"allow":["GET"]}}],"collection":[{"href":"https:\/\/www.generalkinematics.com\/de\/wp-json\/wp\/v2\/product"}],"about":[{"href":"https:\/\/www.generalkinematics.com\/de\/wp-json\/wp\/v2\/types\/product"}],"replies":[{"embeddable":true,"href":"https:\/\/www.generalkinematics.com\/de\/wp-json\/wp\/v2\/comments?post=39023"}],"wp:featuredmedia":[{"embeddable":true,"href":"https:\/\/www.generalkinematics.com\/de\/wp-json\/wp\/v2\/media\/27415"}],"wp:attachment":[{"href":"https:\/\/www.generalkinematics.com\/de\/wp-json\/wp\/v2\/media?parent=39023"}],"wp:term":[{"taxonomy":"product_brand","embeddable":true,"href":"https:\/\/www.generalkinematics.com\/de\/wp-json\/wp\/v2\/product_brand?post=39023"},{"taxonomy":"product_cat","embeddable":true,"href":"https:\/\/www.generalkinematics.com\/de\/wp-json\/wp\/v2\/product_cat?post=39023"},{"taxonomy":"product_tag","embeddable":true,"href":"https:\/\/www.generalkinematics.com\/de\/wp-json\/wp\/v2\/product_tag?post=39023"}],"curies":[{"name":"wp","href":"https:\/\/api.w.org\/{rel}","templated":true}]}}