{"id":39033,"date":"2015-05-12T11:10:33","date_gmt":"2015-05-12T16:10:33","guid":{"rendered":"https:\/\/www.generalkinematics.com\/product\/spira-cool-gussteil-kuhlspiralen\/"},"modified":"2018-08-31T07:49:55","modified_gmt":"2018-08-31T12:49:55","slug":"gussteil-kuhlspiralen","status":"publish","type":"product","link":"https:\/\/www.generalkinematics.com\/de\/produkt\/gussteil-kuhlspiralen\/","title":{"rendered":"SPIRA-COOL\u00ae-Gussteil-K\u00fchlspiralen"},"content":{"rendered":"<p>General Kinematics <strong>SPIRA-COOL\u00ae-Gussteil-K\u00fchlf\u00f6rderer<\/strong> sparen Platz und reduzieren Ihren Aufwand f\u00fcr Fundamente und Instandhaltung. Speziell abgestimmt auf Ihren Prozess, kann jeder Vibrations-SPIRA-COOL\u00ae-Vibrations-Gussteil-K\u00fchlf\u00f6rderer von \u00fcber 130 m L\u00e4nge auf einer einzigen kleinen Stellfl\u00e4che ersetzen und Ihre Gussteile f\u00fcr weitere Sortier- oder Strahlvorg\u00e4nge nach oben f\u00f6rdern. Unser patentiertes Luftkammersystem k\u00fchlt Gussteile effizient und nahezu ger\u00e4uschlos ab. Die Bauform der Vibrationsspirale mischt Gussteile auf einem gerichteten Pfad, ohne sie zu besch\u00e4digen. Ein zus\u00e4tzlicher Vorteil ist der im Deck integrierte Sandf\u00e4nger, der den Sand auf einem einzelnen Vibrations-Sandabtransportf\u00f6rderer entl\u00e4dt. Die SPIRA-COOL\u00ae-Gussteil-K\u00fchlspirale arbeitet mit 1\/3 der Leistung, die Wettbewerbsger\u00e4te ben\u00f6tigen, ohne dass Vibrationen in die umgebenden Bereiche \u00fcbertragen werden.<\/p>\n<p>Die SPIRA-COOL\u00ae-Gussteil-K\u00fchlspirale enth\u00e4lt alle L\u00fcftungskan\u00e4le an einem einzigen Ort, reduziert die L\u00fcftungskosten und k\u00fchlt Ihre Gussteile schnell mit einem Hochgeschwindigkeitsd\u00fcsensystem ab. Der Luftstrom wird in einem patentierten Ausfallgeh\u00e4use gebildet, um die Feinstaubemissionen in Ihrem Staubsammelsystem zu reduzieren.<\/p>\n<h2>Eigenschaften:<\/h2>\n<ul>\n<li>Energiesparende Antriebe mit niedriger Leistung bringen die gesamte Spirale zum Vibrieren.<\/li>\n<li>Einfache Instandhaltung und schnelle Austauschbarkeit der Antriebskomponenten.<\/li>\n<li>Geeignet zur Handhabung von schweren und zerbrechlichen Gussteilen.<\/li>\n<li>Die Decks k\u00f6nnen speziell f\u00fcr das zu k\u00fchlende Gussteil gestaltet werden.<\/li>\n<li>Nahezu ger\u00e4uschloser Betrieb auch bei voller Beladung mit Material.<\/li>\n<li>Ersetzt bis zu 133 m des K\u00fchlf\u00f6rderers und erspart Ihnen viel Platz in Ihrer Einrichtung.<\/li>\n<li>F\u00f6rdert das Produkt f\u00fcr die weitere Verarbeitung auf der ganzen Linie in die H\u00f6he.<\/li>\n<\/ul>\n","protected":false},"excerpt":{"rendered":"<p>General Kinematics SPIRA-COOL\u00ae-Gussteil-K\u00fchlf\u00f6rderer sparen Platz und reduzieren Ihren Aufwand f\u00fcr Fundamente und Instandhaltung. Speziell abgestimmt auf Ihren Prozess, kann jeder Vibrations-SPIRA-COOL\u00ae-Vibrations-Gussteil-K\u00fchlf\u00f6rderer von \u00fcber 130 m L\u00e4nge auf einer einzigen kleinen Stellfl\u00e4che ersetzen und Ihre Gussteile f\u00fcr weitere Sortier- oder Strahlvorg\u00e4nge nach oben f\u00f6rdern. Unser patentiertes Luftkammersystem k\u00fchlt Gussteile effizient und nahezu ger\u00e4uschlos ab. Die Bauform [&hellip;]<\/p>\n","protected":false},"featured_media":22747,"comment_status":"closed","ping_status":"closed","template":"","meta":{"_acf_changed":false,"om_disable_all_campaigns":false,"ep_exclude_from_search":false},"product_brand":[],"product_cat":[1773,1770,1769,1787],"product_tag":[],"class_list":{"0":"post-39033","1":"product","2":"type-product","3":"status-publish","4":"has-post-thumbnail","6":"casestudytag-spira-cool-de","7":"product_cat-gusskuehlausruestung","8":"product_cat-gusskuehlung","9":"product_cat-lordungen-fuer-giesserei-und-metallguss","10":"product_cat-vibrationstrommeln-und-trennrinnen","12":"first","13":"instock","14":"taxable","15":"shipping-taxable","16":"product-type-simple"},"acf":[],"yoast_head":"<!-- This site is optimized with the Yoast SEO plugin v27.2 - https:\/\/yoast.com\/product\/yoast-seo-wordpress\/ -->\n<title>SPIRA-COOL\u00ae-Gussteil-K\u00fchlspiralen | General Kinematics<\/title>\n<meta name=\"robots\" content=\"index, follow, max-snippet:-1, max-image-preview:large, max-video-preview:-1\" \/>\n<link rel=\"canonical\" href=\"https:\/\/www.generalkinematics.com\/de\/produkt\/gussteil-kuhlspiralen\/\" \/>\n<meta property=\"og:locale\" content=\"de_DE\" \/>\n<meta property=\"og:type\" content=\"article\" \/>\n<meta property=\"og:title\" content=\"SPIRA-COOL\u00ae-Gussteil-K\u00fchlspiralen | General Kinematics\" \/>\n<meta property=\"og:description\" content=\"General Kinematics SPIRA-COOL\u00ae-Gussteil-K\u00fchlf\u00f6rderer sparen Platz und reduzieren Ihren Aufwand f\u00fcr Fundamente und Instandhaltung. Speziell abgestimmt auf Ihren Prozess, kann jeder Vibrations-SPIRA-COOL\u00ae-Vibrations-Gussteil-K\u00fchlf\u00f6rderer von \u00fcber 130 m L\u00e4nge auf einer einzigen kleinen Stellfl\u00e4che ersetzen und Ihre Gussteile f\u00fcr weitere Sortier- oder Strahlvorg\u00e4nge nach oben f\u00f6rdern. Unser patentiertes Luftkammersystem k\u00fchlt Gussteile effizient und nahezu ger\u00e4uschlos ab. Die Bauform [&hellip;]\" \/>\n<meta property=\"og:url\" content=\"https:\/\/www.generalkinematics.com\/de\/produkt\/gussteil-kuhlspiralen\/\" \/>\n<meta property=\"og:site_name\" content=\"General Kinematics\" \/>\n<meta property=\"article:publisher\" content=\"https:\/\/www.facebook.com\/generalkinematics\" \/>\n<meta property=\"article:modified_time\" content=\"2018-08-31T12:49:55+00:00\" \/>\n<meta property=\"og:image\" content=\"https:\/\/media.generalkinematics.com\/wp-content\/uploads\/2015\/05\/0976700-2009-07-06-Equipment-photos-021.jpg\" \/>\n\t<meta property=\"og:image:width\" content=\"4000\" \/>\n\t<meta property=\"og:image:height\" content=\"3000\" \/>\n\t<meta property=\"og:image:type\" content=\"image\/jpeg\" \/>\n<meta name=\"twitter:card\" content=\"summary_large_image\" \/>\n<meta name=\"twitter:site\" content=\"@gkvibrating\" \/>\n<meta name=\"twitter:label1\" content=\"Gesch\u00e4tzte Lesezeit\" \/>\n\t<meta name=\"twitter:data1\" content=\"1 Minute\" \/>\n<!-- \/ Yoast SEO plugin. -->","yoast_head_json":{"title":"SPIRA-COOL\u00ae-Gussteil-K\u00fchlspiralen | General Kinematics","robots":{"index":"index","follow":"follow","max-snippet":"max-snippet:-1","max-image-preview":"max-image-preview:large","max-video-preview":"max-video-preview:-1"},"canonical":"https:\/\/www.generalkinematics.com\/de\/produkt\/gussteil-kuhlspiralen\/","og_locale":"de_DE","og_type":"article","og_title":"SPIRA-COOL\u00ae-Gussteil-K\u00fchlspiralen | General Kinematics","og_description":"General Kinematics SPIRA-COOL\u00ae-Gussteil-K\u00fchlf\u00f6rderer sparen Platz und reduzieren Ihren Aufwand f\u00fcr Fundamente und Instandhaltung. Speziell abgestimmt auf Ihren Prozess, kann jeder Vibrations-SPIRA-COOL\u00ae-Vibrations-Gussteil-K\u00fchlf\u00f6rderer von \u00fcber 130 m L\u00e4nge auf einer einzigen kleinen Stellfl\u00e4che ersetzen und Ihre Gussteile f\u00fcr weitere Sortier- oder Strahlvorg\u00e4nge nach oben f\u00f6rdern. Unser patentiertes Luftkammersystem k\u00fchlt Gussteile effizient und nahezu ger\u00e4uschlos ab. Die Bauform [&hellip;]","og_url":"https:\/\/www.generalkinematics.com\/de\/produkt\/gussteil-kuhlspiralen\/","og_site_name":"General Kinematics","article_publisher":"https:\/\/www.facebook.com\/generalkinematics","article_modified_time":"2018-08-31T12:49:55+00:00","og_image":[{"width":4000,"height":3000,"url":"https:\/\/media.generalkinematics.com\/wp-content\/uploads\/2015\/05\/0976700-2009-07-06-Equipment-photos-021.jpg","type":"image\/jpeg"}],"twitter_card":"summary_large_image","twitter_site":"@gkvibrating","twitter_misc":{"Gesch\u00e4tzte Lesezeit":"1 Minute"},"schema":{"@context":"https:\/\/schema.org","@graph":[{"@type":"WebPage","@id":"https:\/\/www.generalkinematics.com\/de\/produkt\/gussteil-kuhlspiralen\/","url":"https:\/\/www.generalkinematics.com\/de\/produkt\/gussteil-kuhlspiralen\/","name":"SPIRA-COOL\u00ae-Gussteil-K\u00fchlspiralen | General Kinematics","isPartOf":{"@id":"https:\/\/www.generalkinematics.com\/de\/#website"},"primaryImageOfPage":{"@id":"https:\/\/www.generalkinematics.com\/de\/produkt\/gussteil-kuhlspiralen\/#primaryimage"},"image":{"@id":"https:\/\/www.generalkinematics.com\/de\/produkt\/gussteil-kuhlspiralen\/#primaryimage"},"thumbnailUrl":"https:\/\/media.generalkinematics.com\/wp-content\/uploads\/2015\/05\/0976700-2009-07-06-Equipment-photos-021.jpg","datePublished":"2015-05-12T16:10:33+00:00","dateModified":"2018-08-31T12:49:55+00:00","breadcrumb":{"@id":"https:\/\/www.generalkinematics.com\/de\/produkt\/gussteil-kuhlspiralen\/#breadcrumb"},"inLanguage":"de-DE","potentialAction":[{"@type":"ReadAction","target":["https:\/\/www.generalkinematics.com\/de\/produkt\/gussteil-kuhlspiralen\/"]}]},{"@type":"ImageObject","inLanguage":"de-DE","@id":"https:\/\/www.generalkinematics.com\/de\/produkt\/gussteil-kuhlspiralen\/#primaryimage","url":"https:\/\/media.generalkinematics.com\/wp-content\/uploads\/2015\/05\/0976700-2009-07-06-Equipment-photos-021.jpg","contentUrl":"https:\/\/media.generalkinematics.com\/wp-content\/uploads\/2015\/05\/0976700-2009-07-06-Equipment-photos-021.jpg","width":4000,"height":3000,"caption":"general-kinematics-spiral-cooling-conveyor"},{"@type":"BreadcrumbList","@id":"https:\/\/www.generalkinematics.com\/de\/produkt\/gussteil-kuhlspiralen\/#breadcrumb","itemListElement":[{"@type":"ListItem","position":1,"name":"GK Home","item":"https:\/\/www.generalkinematics.com\/de\/"},{"@type":"ListItem","position":2,"name":"Shop","item":"https:\/\/www.generalkinematics.com\/shop\/"},{"@type":"ListItem","position":3,"name":"SPIRA-COOL\u00ae-Gussteil-K\u00fchlspiralen"}]},{"@type":"WebSite","@id":"https:\/\/www.generalkinematics.com\/de\/#website","url":"https:\/\/www.generalkinematics.com\/de\/","name":"General Kinematics","description":"","publisher":{"@id":"https:\/\/www.generalkinematics.com\/de\/#organization"},"potentialAction":[{"@type":"SearchAction","target":{"@type":"EntryPoint","urlTemplate":"https:\/\/www.generalkinematics.com\/de\/?s={search_term_string}"},"query-input":{"@type":"PropertyValueSpecification","valueRequired":true,"valueName":"search_term_string"}}],"inLanguage":"de-DE"},{"@type":"Organization","@id":"https:\/\/www.generalkinematics.com\/de\/#organization","name":"General Kinematics","url":"https:\/\/www.generalkinematics.com\/de\/","logo":{"@type":"ImageObject","inLanguage":"de-DE","@id":"https:\/\/www.generalkinematics.com\/de\/#\/schema\/logo\/image\/","url":"https:\/\/media.generalkinematics.com\/wp-content\/uploads\/2018\/03\/logo.png","contentUrl":"https:\/\/media.generalkinematics.com\/wp-content\/uploads\/2018\/03\/logo.png","width":313,"height":100,"caption":"General Kinematics"},"image":{"@id":"https:\/\/www.generalkinematics.com\/de\/#\/schema\/logo\/image\/"},"sameAs":["https:\/\/www.facebook.com\/generalkinematics","https:\/\/x.com\/gkvibrating"]}]}},"_links":{"self":[{"href":"https:\/\/www.generalkinematics.com\/de\/wp-json\/wp\/v2\/product\/39033","targetHints":{"allow":["GET"]}}],"collection":[{"href":"https:\/\/www.generalkinematics.com\/de\/wp-json\/wp\/v2\/product"}],"about":[{"href":"https:\/\/www.generalkinematics.com\/de\/wp-json\/wp\/v2\/types\/product"}],"replies":[{"embeddable":true,"href":"https:\/\/www.generalkinematics.com\/de\/wp-json\/wp\/v2\/comments?post=39033"}],"wp:featuredmedia":[{"embeddable":true,"href":"https:\/\/www.generalkinematics.com\/de\/wp-json\/wp\/v2\/media\/22747"}],"wp:attachment":[{"href":"https:\/\/www.generalkinematics.com\/de\/wp-json\/wp\/v2\/media?parent=39033"}],"wp:term":[{"taxonomy":"product_brand","embeddable":true,"href":"https:\/\/www.generalkinematics.com\/de\/wp-json\/wp\/v2\/product_brand?post=39033"},{"taxonomy":"product_cat","embeddable":true,"href":"https:\/\/www.generalkinematics.com\/de\/wp-json\/wp\/v2\/product_cat?post=39033"},{"taxonomy":"product_tag","embeddable":true,"href":"https:\/\/www.generalkinematics.com\/de\/wp-json\/wp\/v2\/product_tag?post=39033"}],"curies":[{"name":"wp","href":"https:\/\/api.w.org\/{rel}","templated":true}]}}