{"id":39048,"date":"2015-05-12T11:11:32","date_gmt":"2015-05-12T16:11:32","guid":{"rendered":"https:\/\/www.generalkinematics.com\/product\/ducta-sprue-ruckstands-wiederaufbereitungsmuhle\/"},"modified":"2018-08-31T09:17:34","modified_gmt":"2018-08-31T14:17:34","slug":"ruckstands-wiederaufbereitungsmuhle","status":"publish","type":"product","link":"https:\/\/www.generalkinematics.com\/de\/produkt\/ruckstands-wiederaufbereitungsmuhle\/","title":{"rendered":"DUCTA-SPRUE\u00ae-R\u00fcckstands-Wiederaufbereitungsm\u00fchle"},"content":{"rendered":"<p>Die DRUCTA-SPRUE\u00ae-R\u00fcckstands-Wiederaufbereitungsm\u00fchle befreit Edelmetalle von Schlacken und R\u00fcckst\u00e4nden und gewinnt schnell Ihr wertvolles Material zur\u00fcck. Die Wirkung der Drehbewegung reibt Material ab, das auseinander bricht und setzt Schlacke, R\u00fcckst\u00e4nde und Koks von verwertbaren Metallen frei.<\/p>\n<p>Die DUCTA-SPRUE\u00ae-R\u00fcckstands-Wiederaufbereitungsanlage beseitigt vor dem Umschmelzen Schlackenablagerungen, w\u00e4hrend andere Verunreinigungen zum Recycling oder zur Entsorgung aufgebrochen werden. Um Ihr Produkt weiter zu trennen und zu klassifizieren, steht eine Vielzahl von Sieboptionen, einschlie\u00dflich kontinuierlichen Sieben in der Trommel, Materialvorsiebung und magnetischer Trennung nach dem Sieben zur Maximierung der Materialreinheit zur Verf\u00fcgung.<\/p>\n<p>DUCTA-SPRUE\u00ae nutzt das von GK zum Patent angemeldete Auskleidungssystem, wodurch Instandhaltungskosten und Sicherheitsbedenken bei duktilen und anderen Auskleidungssystemen beseitigt werden. Um weitere Informationen zu erhalten oder um Ihre Materialqualifizierung in der internen Testeinrichtung von GK zu planen, <a href=\"https:\/\/www.generalkinematics.com\/de\/kontakt-general-kinematics\/\">wenden Sie sich an einen GK-Gie\u00dfereifachmann.<\/a><\/p>\n<p>&nbsp;<\/p>\n<h2>Eigenschaften:<\/h2>\n<ul>\n<li>DUCTA-SPRUE\u00ae siebt, reinigt und trennt Material und gewinnt wertvolle Metalle zur\u00fcck.<\/li>\n<li>Eine aggressive Hebewirkung trennt den R\u00fcckstand vom Metall f\u00fcr ein saubereres Umschmelzen.<\/li>\n<li>Um die Instandhaltungskosten zu minimieren und Probleme zu vermeiden, nutzt die Trommel das von GK zum Patent angemeldete Auskleidungssystem.<\/li>\n<li>Die Trommeln verwenden Standardbauteile mit externen Befestigungspunkten, um den Zugang und die Instandhaltung zu erleichtern.<\/li>\n<\/ul>\n","protected":false},"excerpt":{"rendered":"<p>Die DRUCTA-SPRUE\u00ae-R\u00fcckstands-Wiederaufbereitungsm\u00fchle befreit Edelmetalle von Schlacken und R\u00fcckst\u00e4nden und gewinnt schnell Ihr wertvolles Material zur\u00fcck. Die Wirkung der Drehbewegung reibt Material ab, das auseinander bricht und setzt Schlacke, R\u00fcckst\u00e4nde und Koks von verwertbaren Metallen frei. Die DUCTA-SPRUE\u00ae-R\u00fcckstands-Wiederaufbereitungsanlage beseitigt vor dem Umschmelzen Schlackenablagerungen, w\u00e4hrend andere Verunreinigungen zum Recycling oder zur Entsorgung aufgebrochen werden. Um Ihr Produkt [&hellip;]<\/p>\n","protected":false},"featured_media":23343,"comment_status":"closed","ping_status":"closed","template":"","meta":{"_acf_changed":false,"om_disable_all_campaigns":false,"ep_exclude_from_search":false},"product_brand":[],"product_cat":[1778,1769,1777,1784],"product_tag":[],"class_list":{"0":"post-39048","1":"product","2":"type-product","3":"status-publish","4":"has-post-thumbnail","6":"product_cat-ducta-series-modelle","7":"product_cat-lordungen-fuer-giesserei-und-metallguss","8":"product_cat-rotierende-trommeln-und-trennrinnen","9":"product_cat-schlacke-und-kratzerueckgewinnung","11":"first","12":"instock","13":"taxable","14":"shipping-taxable","15":"product-type-simple"},"acf":[],"yoast_head":"<!-- This site is optimized with the Yoast SEO plugin v27.2 - https:\/\/yoast.com\/product\/yoast-seo-wordpress\/ -->\n<title>DUCTA-SPRUE\u00ae-R\u00fcckstands-Wiederaufbereitungsm\u00fchle | General Kinematics<\/title>\n<meta name=\"robots\" content=\"index, follow, max-snippet:-1, max-image-preview:large, max-video-preview:-1\" \/>\n<link rel=\"canonical\" href=\"https:\/\/www.generalkinematics.com\/de\/produkt\/ruckstands-wiederaufbereitungsmuhle\/\" \/>\n<meta property=\"og:locale\" content=\"de_DE\" \/>\n<meta property=\"og:type\" content=\"article\" \/>\n<meta property=\"og:title\" content=\"DUCTA-SPRUE\u00ae-R\u00fcckstands-Wiederaufbereitungsm\u00fchle | General Kinematics\" \/>\n<meta property=\"og:description\" content=\"Die DRUCTA-SPRUE\u00ae-R\u00fcckstands-Wiederaufbereitungsm\u00fchle befreit Edelmetalle von Schlacken und R\u00fcckst\u00e4nden und gewinnt schnell Ihr wertvolles Material zur\u00fcck. Die Wirkung der Drehbewegung reibt Material ab, das auseinander bricht und setzt Schlacke, R\u00fcckst\u00e4nde und Koks von verwertbaren Metallen frei. Die DUCTA-SPRUE\u00ae-R\u00fcckstands-Wiederaufbereitungsanlage beseitigt vor dem Umschmelzen Schlackenablagerungen, w\u00e4hrend andere Verunreinigungen zum Recycling oder zur Entsorgung aufgebrochen werden. Um Ihr Produkt [&hellip;]\" \/>\n<meta property=\"og:url\" content=\"https:\/\/www.generalkinematics.com\/de\/produkt\/ruckstands-wiederaufbereitungsmuhle\/\" \/>\n<meta property=\"og:site_name\" content=\"General Kinematics\" \/>\n<meta property=\"article:publisher\" content=\"https:\/\/www.facebook.com\/generalkinematics\" \/>\n<meta property=\"article:modified_time\" content=\"2018-08-31T14:17:34+00:00\" \/>\n<meta property=\"og:image\" content=\"https:\/\/www.generalkinematics.com\/wp-content\/uploads\/2015\/05\/DSC02235.jpg\" \/>\n\t<meta property=\"og:image:width\" content=\"800\" \/>\n\t<meta property=\"og:image:height\" content=\"600\" \/>\n\t<meta property=\"og:image:type\" content=\"image\/jpeg\" \/>\n<meta name=\"twitter:card\" content=\"summary_large_image\" \/>\n<meta name=\"twitter:site\" content=\"@gkvibrating\" \/>\n<meta name=\"twitter:label1\" content=\"Gesch\u00e4tzte Lesezeit\" \/>\n\t<meta name=\"twitter:data1\" content=\"1 Minute\" \/>\n<!-- \/ Yoast SEO plugin. -->","yoast_head_json":{"title":"DUCTA-SPRUE\u00ae-R\u00fcckstands-Wiederaufbereitungsm\u00fchle | General Kinematics","robots":{"index":"index","follow":"follow","max-snippet":"max-snippet:-1","max-image-preview":"max-image-preview:large","max-video-preview":"max-video-preview:-1"},"canonical":"https:\/\/www.generalkinematics.com\/de\/produkt\/ruckstands-wiederaufbereitungsmuhle\/","og_locale":"de_DE","og_type":"article","og_title":"DUCTA-SPRUE\u00ae-R\u00fcckstands-Wiederaufbereitungsm\u00fchle | General Kinematics","og_description":"Die DRUCTA-SPRUE\u00ae-R\u00fcckstands-Wiederaufbereitungsm\u00fchle befreit Edelmetalle von Schlacken und R\u00fcckst\u00e4nden und gewinnt schnell Ihr wertvolles Material zur\u00fcck. Die Wirkung der Drehbewegung reibt Material ab, das auseinander bricht und setzt Schlacke, R\u00fcckst\u00e4nde und Koks von verwertbaren Metallen frei. Die DUCTA-SPRUE\u00ae-R\u00fcckstands-Wiederaufbereitungsanlage beseitigt vor dem Umschmelzen Schlackenablagerungen, w\u00e4hrend andere Verunreinigungen zum Recycling oder zur Entsorgung aufgebrochen werden. Um Ihr Produkt [&hellip;]","og_url":"https:\/\/www.generalkinematics.com\/de\/produkt\/ruckstands-wiederaufbereitungsmuhle\/","og_site_name":"General Kinematics","article_publisher":"https:\/\/www.facebook.com\/generalkinematics","article_modified_time":"2018-08-31T14:17:34+00:00","og_image":[{"width":800,"height":600,"url":"https:\/\/www.generalkinematics.com\/wp-content\/uploads\/2015\/05\/DSC02235.jpg","type":"image\/jpeg"}],"twitter_card":"summary_large_image","twitter_site":"@gkvibrating","twitter_misc":{"Gesch\u00e4tzte Lesezeit":"1 Minute"},"schema":{"@context":"https:\/\/schema.org","@graph":[{"@type":"WebPage","@id":"https:\/\/www.generalkinematics.com\/de\/produkt\/ruckstands-wiederaufbereitungsmuhle\/","url":"https:\/\/www.generalkinematics.com\/de\/produkt\/ruckstands-wiederaufbereitungsmuhle\/","name":"DUCTA-SPRUE\u00ae-R\u00fcckstands-Wiederaufbereitungsm\u00fchle | General Kinematics","isPartOf":{"@id":"https:\/\/www.generalkinematics.com\/de\/#website"},"primaryImageOfPage":{"@id":"https:\/\/www.generalkinematics.com\/de\/produkt\/ruckstands-wiederaufbereitungsmuhle\/#primaryimage"},"image":{"@id":"https:\/\/www.generalkinematics.com\/de\/produkt\/ruckstands-wiederaufbereitungsmuhle\/#primaryimage"},"thumbnailUrl":"https:\/\/media.generalkinematics.com\/wp-content\/uploads\/2015\/05\/DSC02235.jpg","datePublished":"2015-05-12T16:11:32+00:00","dateModified":"2018-08-31T14:17:34+00:00","breadcrumb":{"@id":"https:\/\/www.generalkinematics.com\/de\/produkt\/ruckstands-wiederaufbereitungsmuhle\/#breadcrumb"},"inLanguage":"de-DE","potentialAction":[{"@type":"ReadAction","target":["https:\/\/www.generalkinematics.com\/de\/produkt\/ruckstands-wiederaufbereitungsmuhle\/"]}]},{"@type":"ImageObject","inLanguage":"de-DE","@id":"https:\/\/www.generalkinematics.com\/de\/produkt\/ruckstands-wiederaufbereitungsmuhle\/#primaryimage","url":"https:\/\/media.generalkinematics.com\/wp-content\/uploads\/2015\/05\/DSC02235.jpg","contentUrl":"https:\/\/media.generalkinematics.com\/wp-content\/uploads\/2015\/05\/DSC02235.jpg","width":800,"height":600,"caption":"general-kinematics-ducta-sprue"},{"@type":"BreadcrumbList","@id":"https:\/\/www.generalkinematics.com\/de\/produkt\/ruckstands-wiederaufbereitungsmuhle\/#breadcrumb","itemListElement":[{"@type":"ListItem","position":1,"name":"GK Home","item":"https:\/\/www.generalkinematics.com\/de\/"},{"@type":"ListItem","position":2,"name":"Shop","item":"https:\/\/www.generalkinematics.com\/shop\/"},{"@type":"ListItem","position":3,"name":"DUCTA-SPRUE\u00ae-R\u00fcckstands-Wiederaufbereitungsm\u00fchle"}]},{"@type":"WebSite","@id":"https:\/\/www.generalkinematics.com\/de\/#website","url":"https:\/\/www.generalkinematics.com\/de\/","name":"General Kinematics","description":"","publisher":{"@id":"https:\/\/www.generalkinematics.com\/de\/#organization"},"potentialAction":[{"@type":"SearchAction","target":{"@type":"EntryPoint","urlTemplate":"https:\/\/www.generalkinematics.com\/de\/?s={search_term_string}"},"query-input":{"@type":"PropertyValueSpecification","valueRequired":true,"valueName":"search_term_string"}}],"inLanguage":"de-DE"},{"@type":"Organization","@id":"https:\/\/www.generalkinematics.com\/de\/#organization","name":"General Kinematics","url":"https:\/\/www.generalkinematics.com\/de\/","logo":{"@type":"ImageObject","inLanguage":"de-DE","@id":"https:\/\/www.generalkinematics.com\/de\/#\/schema\/logo\/image\/","url":"https:\/\/media.generalkinematics.com\/wp-content\/uploads\/2018\/03\/logo.png","contentUrl":"https:\/\/media.generalkinematics.com\/wp-content\/uploads\/2018\/03\/logo.png","width":313,"height":100,"caption":"General Kinematics"},"image":{"@id":"https:\/\/www.generalkinematics.com\/de\/#\/schema\/logo\/image\/"},"sameAs":["https:\/\/www.facebook.com\/generalkinematics","https:\/\/x.com\/gkvibrating"]}]}},"_links":{"self":[{"href":"https:\/\/www.generalkinematics.com\/de\/wp-json\/wp\/v2\/product\/39048","targetHints":{"allow":["GET"]}}],"collection":[{"href":"https:\/\/www.generalkinematics.com\/de\/wp-json\/wp\/v2\/product"}],"about":[{"href":"https:\/\/www.generalkinematics.com\/de\/wp-json\/wp\/v2\/types\/product"}],"replies":[{"embeddable":true,"href":"https:\/\/www.generalkinematics.com\/de\/wp-json\/wp\/v2\/comments?post=39048"}],"wp:featuredmedia":[{"embeddable":true,"href":"https:\/\/www.generalkinematics.com\/de\/wp-json\/wp\/v2\/media\/23343"}],"wp:attachment":[{"href":"https:\/\/www.generalkinematics.com\/de\/wp-json\/wp\/v2\/media?parent=39048"}],"wp:term":[{"taxonomy":"product_brand","embeddable":true,"href":"https:\/\/www.generalkinematics.com\/de\/wp-json\/wp\/v2\/product_brand?post=39048"},{"taxonomy":"product_cat","embeddable":true,"href":"https:\/\/www.generalkinematics.com\/de\/wp-json\/wp\/v2\/product_cat?post=39048"},{"taxonomy":"product_tag","embeddable":true,"href":"https:\/\/www.generalkinematics.com\/de\/wp-json\/wp\/v2\/product_tag?post=39048"}],"curies":[{"name":"wp","href":"https:\/\/api.w.org\/{rel}","templated":true}]}}