{"id":39058,"date":"2015-05-12T11:12:30","date_gmt":"2015-05-12T16:12:30","guid":{"rendered":"https:\/\/www.generalkinematics.com\/product\/trenchveyor\/"},"modified":"2018-08-31T13:06:52","modified_gmt":"2018-08-31T18:06:52","slug":"trenchveyor","status":"publish","type":"product","link":"https:\/\/www.generalkinematics.com\/de\/produkt\/trenchveyor\/","title":{"rendered":"TRENCHVEYOR\u2122"},"content":{"rendered":"<p>Das General Kinematics TRENCHVEYOR\u2122-Vibrations-Muldenf\u00f6rderband wurde entwickelt, um die Gr\u00f6\u00dfe der Gruben und den Wartungsaufwand zu reduzieren. Die gesamte Mechanik befindet sich auf der Vibrationspfanne, wobei die Antriebskomponenten \u00fcber dem Boden montiert sind, um einen einfachen Zugang zu erm\u00f6glichen. Jeder TRENCHVEYOR\u2122-Vibrationsf\u00f6rderer wird mit Optionen, wie nicht haftenden oder abriebfesten austauschbaren Beschichtungen, speziell auf Ihre Anwendung zugeschnitten. Der TRENCHVEYOR\u2122 kann auch nach oben oder unten geneigt werden, was Ihrem Prozesslayout Flexibilit\u00e4t verleiht.<\/p>\n<h2>Eigenschaften:<\/h2>\n<ul>\n<li>Durch verschraubte, abriebfeste Stahlbeschichtungen mit schalld\u00e4mpfendem Material zwischen der Laufbuchse und dem Trog wird der Ger\u00e4uschpegel reduziert.<\/li>\n<li>TRENCHVEYOR\u2122-Ausf\u00fchrungen mit der Mechanik \u00fcber dem Trog auf Bodenniveau, erm\u00f6glichen den freien Zugang f\u00fcr Instandhaltung und Inspektion, erleichtern die Instandhaltungsinspektionen und reduzieren die Ausfallzeiten.<\/li>\n<li>General Kinematics-Vibrations-Equipment ist auf Ihre spezifische Anwendung zugeschnitten und ist das kosteng\u00fcnstigste und zuverl\u00e4ssigste System auf dem Markt.<\/li>\n<\/ul>\n","protected":false},"excerpt":{"rendered":"<p>Das General Kinematics TRENCHVEYOR\u2122-Vibrations-Muldenf\u00f6rderband wurde entwickelt, um die Gr\u00f6\u00dfe der Gruben und den Wartungsaufwand zu reduzieren. Die gesamte Mechanik befindet sich auf der Vibrationspfanne, wobei die Antriebskomponenten \u00fcber dem Boden montiert sind, um einen einfachen Zugang zu erm\u00f6glichen. Jeder TRENCHVEYOR\u2122-Vibrationsf\u00f6rderer wird mit Optionen, wie nicht haftenden oder abriebfesten austauschbaren Beschichtungen, speziell auf Ihre Anwendung zugeschnitten. [&hellip;]<\/p>\n","protected":false},"featured_media":54635,"comment_status":"closed","ping_status":"closed","template":"","meta":{"_acf_changed":false,"om_disable_all_campaigns":false,"ep_exclude_from_search":false},"product_brand":[],"product_cat":[1769],"product_tag":[],"class_list":{"0":"post-39058","1":"product","2":"type-product","3":"status-publish","4":"has-post-thumbnail","6":"casestudytag-trenchveyor-de","7":"product_cat-lordungen-fuer-giesserei-und-metallguss","9":"first","10":"instock","11":"taxable","12":"shipping-taxable","13":"product-type-simple"},"acf":[],"yoast_head":"<!-- This site is optimized with the Yoast SEO plugin v27.2 - https:\/\/yoast.com\/product\/yoast-seo-wordpress\/ -->\n<title>TRENCHVEYOR\u2122 | General Kinematics<\/title>\n<meta name=\"robots\" content=\"index, follow, max-snippet:-1, max-image-preview:large, max-video-preview:-1\" \/>\n<link rel=\"canonical\" href=\"https:\/\/www.generalkinematics.com\/de\/produkt\/trenchveyor\/\" \/>\n<meta property=\"og:locale\" content=\"de_DE\" \/>\n<meta property=\"og:type\" content=\"article\" \/>\n<meta property=\"og:title\" content=\"TRENCHVEYOR\u2122 | General Kinematics\" \/>\n<meta property=\"og:description\" content=\"Das General Kinematics TRENCHVEYOR\u2122-Vibrations-Muldenf\u00f6rderband wurde entwickelt, um die Gr\u00f6\u00dfe der Gruben und den Wartungsaufwand zu reduzieren. Die gesamte Mechanik befindet sich auf der Vibrationspfanne, wobei die Antriebskomponenten \u00fcber dem Boden montiert sind, um einen einfachen Zugang zu erm\u00f6glichen. Jeder TRENCHVEYOR\u2122-Vibrationsf\u00f6rderer wird mit Optionen, wie nicht haftenden oder abriebfesten austauschbaren Beschichtungen, speziell auf Ihre Anwendung zugeschnitten. [&hellip;]\" \/>\n<meta property=\"og:url\" content=\"https:\/\/www.generalkinematics.com\/de\/produkt\/trenchveyor\/\" \/>\n<meta property=\"og:site_name\" content=\"General Kinematics\" \/>\n<meta property=\"article:publisher\" content=\"https:\/\/www.facebook.com\/generalkinematics\" \/>\n<meta property=\"article:modified_time\" content=\"2018-08-31T18:06:52+00:00\" \/>\n<meta property=\"og:image\" content=\"https:\/\/media.generalkinematics.com\/wp-content\/uploads\/2025\/05\/Trenchveyor2025.jpg\" \/>\n\t<meta property=\"og:image:width\" content=\"2295\" \/>\n\t<meta property=\"og:image:height\" content=\"1528\" \/>\n\t<meta property=\"og:image:type\" content=\"image\/jpeg\" \/>\n<meta name=\"twitter:card\" content=\"summary_large_image\" \/>\n<meta name=\"twitter:site\" content=\"@gkvibrating\" \/>\n<meta name=\"twitter:label1\" content=\"Gesch\u00e4tzte Lesezeit\" \/>\n\t<meta name=\"twitter:data1\" content=\"1 Minute\" \/>\n<!-- \/ Yoast SEO plugin. -->","yoast_head_json":{"title":"TRENCHVEYOR\u2122 | General Kinematics","robots":{"index":"index","follow":"follow","max-snippet":"max-snippet:-1","max-image-preview":"max-image-preview:large","max-video-preview":"max-video-preview:-1"},"canonical":"https:\/\/www.generalkinematics.com\/de\/produkt\/trenchveyor\/","og_locale":"de_DE","og_type":"article","og_title":"TRENCHVEYOR\u2122 | General Kinematics","og_description":"Das General Kinematics TRENCHVEYOR\u2122-Vibrations-Muldenf\u00f6rderband wurde entwickelt, um die Gr\u00f6\u00dfe der Gruben und den Wartungsaufwand zu reduzieren. Die gesamte Mechanik befindet sich auf der Vibrationspfanne, wobei die Antriebskomponenten \u00fcber dem Boden montiert sind, um einen einfachen Zugang zu erm\u00f6glichen. Jeder TRENCHVEYOR\u2122-Vibrationsf\u00f6rderer wird mit Optionen, wie nicht haftenden oder abriebfesten austauschbaren Beschichtungen, speziell auf Ihre Anwendung zugeschnitten. [&hellip;]","og_url":"https:\/\/www.generalkinematics.com\/de\/produkt\/trenchveyor\/","og_site_name":"General Kinematics","article_publisher":"https:\/\/www.facebook.com\/generalkinematics","article_modified_time":"2018-08-31T18:06:52+00:00","og_image":[{"width":2295,"height":1528,"url":"https:\/\/media.generalkinematics.com\/wp-content\/uploads\/2025\/05\/Trenchveyor2025.jpg","type":"image\/jpeg"}],"twitter_card":"summary_large_image","twitter_site":"@gkvibrating","twitter_misc":{"Gesch\u00e4tzte Lesezeit":"1 Minute"},"schema":{"@context":"https:\/\/schema.org","@graph":[{"@type":"WebPage","@id":"https:\/\/www.generalkinematics.com\/de\/produkt\/trenchveyor\/","url":"https:\/\/www.generalkinematics.com\/de\/produkt\/trenchveyor\/","name":"TRENCHVEYOR\u2122 | General Kinematics","isPartOf":{"@id":"https:\/\/www.generalkinematics.com\/de\/#website"},"primaryImageOfPage":{"@id":"https:\/\/www.generalkinematics.com\/de\/produkt\/trenchveyor\/#primaryimage"},"image":{"@id":"https:\/\/www.generalkinematics.com\/de\/produkt\/trenchveyor\/#primaryimage"},"thumbnailUrl":"https:\/\/media.generalkinematics.com\/wp-content\/uploads\/2025\/05\/Trenchveyor2025.jpg","datePublished":"2015-05-12T16:12:30+00:00","dateModified":"2018-08-31T18:06:52+00:00","breadcrumb":{"@id":"https:\/\/www.generalkinematics.com\/de\/produkt\/trenchveyor\/#breadcrumb"},"inLanguage":"de-DE","potentialAction":[{"@type":"ReadAction","target":["https:\/\/www.generalkinematics.com\/de\/produkt\/trenchveyor\/"]}]},{"@type":"ImageObject","inLanguage":"de-DE","@id":"https:\/\/www.generalkinematics.com\/de\/produkt\/trenchveyor\/#primaryimage","url":"https:\/\/media.generalkinematics.com\/wp-content\/uploads\/2025\/05\/Trenchveyor2025.jpg","contentUrl":"https:\/\/media.generalkinematics.com\/wp-content\/uploads\/2025\/05\/Trenchveyor2025.jpg","width":2295,"height":1528},{"@type":"BreadcrumbList","@id":"https:\/\/www.generalkinematics.com\/de\/produkt\/trenchveyor\/#breadcrumb","itemListElement":[{"@type":"ListItem","position":1,"name":"GK Home","item":"https:\/\/www.generalkinematics.com\/de\/"},{"@type":"ListItem","position":2,"name":"Shop","item":"https:\/\/www.generalkinematics.com\/shop\/"},{"@type":"ListItem","position":3,"name":"TRENCHVEYOR\u2122"}]},{"@type":"WebSite","@id":"https:\/\/www.generalkinematics.com\/de\/#website","url":"https:\/\/www.generalkinematics.com\/de\/","name":"General Kinematics","description":"","publisher":{"@id":"https:\/\/www.generalkinematics.com\/de\/#organization"},"potentialAction":[{"@type":"SearchAction","target":{"@type":"EntryPoint","urlTemplate":"https:\/\/www.generalkinematics.com\/de\/?s={search_term_string}"},"query-input":{"@type":"PropertyValueSpecification","valueRequired":true,"valueName":"search_term_string"}}],"inLanguage":"de-DE"},{"@type":"Organization","@id":"https:\/\/www.generalkinematics.com\/de\/#organization","name":"General Kinematics","url":"https:\/\/www.generalkinematics.com\/de\/","logo":{"@type":"ImageObject","inLanguage":"de-DE","@id":"https:\/\/www.generalkinematics.com\/de\/#\/schema\/logo\/image\/","url":"https:\/\/media.generalkinematics.com\/wp-content\/uploads\/2018\/03\/logo.png","contentUrl":"https:\/\/media.generalkinematics.com\/wp-content\/uploads\/2018\/03\/logo.png","width":313,"height":100,"caption":"General Kinematics"},"image":{"@id":"https:\/\/www.generalkinematics.com\/de\/#\/schema\/logo\/image\/"},"sameAs":["https:\/\/www.facebook.com\/generalkinematics","https:\/\/x.com\/gkvibrating"]}]}},"_links":{"self":[{"href":"https:\/\/www.generalkinematics.com\/de\/wp-json\/wp\/v2\/product\/39058","targetHints":{"allow":["GET"]}}],"collection":[{"href":"https:\/\/www.generalkinematics.com\/de\/wp-json\/wp\/v2\/product"}],"about":[{"href":"https:\/\/www.generalkinematics.com\/de\/wp-json\/wp\/v2\/types\/product"}],"replies":[{"embeddable":true,"href":"https:\/\/www.generalkinematics.com\/de\/wp-json\/wp\/v2\/comments?post=39058"}],"wp:featuredmedia":[{"embeddable":true,"href":"https:\/\/www.generalkinematics.com\/de\/wp-json\/wp\/v2\/media\/54635"}],"wp:attachment":[{"href":"https:\/\/www.generalkinematics.com\/de\/wp-json\/wp\/v2\/media?parent=39058"}],"wp:term":[{"taxonomy":"product_brand","embeddable":true,"href":"https:\/\/www.generalkinematics.com\/de\/wp-json\/wp\/v2\/product_brand?post=39058"},{"taxonomy":"product_cat","embeddable":true,"href":"https:\/\/www.generalkinematics.com\/de\/wp-json\/wp\/v2\/product_cat?post=39058"},{"taxonomy":"product_tag","embeddable":true,"href":"https:\/\/www.generalkinematics.com\/de\/wp-json\/wp\/v2\/product_tag?post=39058"}],"curies":[{"name":"wp","href":"https:\/\/api.w.org\/{rel}","templated":true}]}}