{"id":39065,"date":"2015-05-12T11:18:49","date_gmt":"2015-05-12T16:18:49","guid":{"rendered":"https:\/\/www.generalkinematics.com\/product\/v-trough-geneigter-vibrationsforderer\/"},"modified":"2018-08-31T13:06:22","modified_gmt":"2018-08-31T18:06:22","slug":"v-trough-geneigter-vibrationsforderer","status":"publish","type":"product","link":"https:\/\/www.generalkinematics.com\/de\/produkt\/v-trough-geneigter-vibrationsforderer\/","title":{"rendered":"V-TROUGH\u00ae-Geneigter Vibrationsf\u00f6rderer"},"content":{"rendered":"<h2>F\u00d6RDERN SIE IHR PRODUKT NACH OBEN<\/h2>\n<p>General Kinematics V-TROUGH\u00ae-Schr\u00e4gf\u00f6rderer wurden entwickelt, um Ihr Produkt ohne die mit Metallb\u00e4ndern und anderen Vertikalf\u00f6rderern verbundenen Probleme nach oben zu bef\u00f6rdern. Der V-TROUGH\u00ae basiert auf bew\u00e4hrten GK-F\u00f6rdererkonstruktionen mit einzigartigen Eigenschaften wie unserem PARA-MOUNT II\u00ae-Vibrations-Antriebssystem und ist in verschiedenen Ausgleichsoptionen f\u00fcr Ihren Prozess verf\u00fcgbar.<\/p>\n<h2>VERARBEITUNGSVORTEILE<\/h2>\n<p>Energiesparende F\u00f6rderer mit Eigenfrequenz nutzen die im Federsystem gespeicherte Energie, um die Motorleistung und den Energiebedarf zu reduzieren. Ausfallsichere, Heavy Duty-Ausf\u00fchrungen reduzieren die Instandhaltungskosten und Ausfallzeiten. Abh\u00e4ngig von Ihrem Produkt und Prozess sind Steigungen von bis zu 25 Grad m\u00f6glich. Die Schr\u00e4gf\u00f6rderer von General Kinematics sind auf Ihre spezifische Anwendung zugeschnitten und sind das kosteng\u00fcnstigste und zuverl\u00e4ssigste System auf dem Markt.<\/p>\n","protected":false},"excerpt":{"rendered":"<p>F\u00d6RDERN SIE IHR PRODUKT NACH OBEN General Kinematics V-TROUGH\u00ae-Schr\u00e4gf\u00f6rderer wurden entwickelt, um Ihr Produkt ohne die mit Metallb\u00e4ndern und anderen Vertikalf\u00f6rderern verbundenen Probleme nach oben zu bef\u00f6rdern. Der V-TROUGH\u00ae basiert auf bew\u00e4hrten GK-F\u00f6rdererkonstruktionen mit einzigartigen Eigenschaften wie unserem PARA-MOUNT II\u00ae-Vibrations-Antriebssystem und ist in verschiedenen Ausgleichsoptionen f\u00fcr Ihren Prozess verf\u00fcgbar. VERARBEITUNGSVORTEILE Energiesparende F\u00f6rderer mit Eigenfrequenz nutzen [&hellip;]<\/p>\n","protected":false},"featured_media":53431,"comment_status":"closed","ping_status":"closed","template":"","meta":{"_acf_changed":false,"om_disable_all_campaigns":false,"ep_exclude_from_search":false},"product_brand":[],"product_cat":[1769],"product_tag":[],"class_list":{"0":"post-39065","1":"product","2":"type-product","3":"status-publish","4":"has-post-thumbnail","6":"casestudytag-v-trough-conveyor-de","7":"product_cat-lordungen-fuer-giesserei-und-metallguss","9":"first","10":"instock","11":"taxable","12":"shipping-taxable","13":"product-type-simple"},"acf":[],"yoast_head":"<!-- This site is optimized with the Yoast SEO plugin v27.2 - https:\/\/yoast.com\/product\/yoast-seo-wordpress\/ -->\n<title>V-TROUGH\u00ae-Geneigter Vibrationsf\u00f6rderer | General Kinematics<\/title>\n<meta name=\"robots\" content=\"index, follow, max-snippet:-1, max-image-preview:large, max-video-preview:-1\" \/>\n<link rel=\"canonical\" href=\"https:\/\/www.generalkinematics.com\/de\/produkt\/v-trough-geneigter-vibrationsforderer\/\" \/>\n<meta property=\"og:locale\" content=\"de_DE\" \/>\n<meta property=\"og:type\" content=\"article\" \/>\n<meta property=\"og:title\" content=\"V-TROUGH\u00ae-Geneigter Vibrationsf\u00f6rderer | General Kinematics\" \/>\n<meta property=\"og:description\" content=\"F\u00d6RDERN SIE IHR PRODUKT NACH OBEN General Kinematics V-TROUGH\u00ae-Schr\u00e4gf\u00f6rderer wurden entwickelt, um Ihr Produkt ohne die mit Metallb\u00e4ndern und anderen Vertikalf\u00f6rderern verbundenen Probleme nach oben zu bef\u00f6rdern. Der V-TROUGH\u00ae basiert auf bew\u00e4hrten GK-F\u00f6rdererkonstruktionen mit einzigartigen Eigenschaften wie unserem PARA-MOUNT II\u00ae-Vibrations-Antriebssystem und ist in verschiedenen Ausgleichsoptionen f\u00fcr Ihren Prozess verf\u00fcgbar. VERARBEITUNGSVORTEILE Energiesparende F\u00f6rderer mit Eigenfrequenz nutzen [&hellip;]\" \/>\n<meta property=\"og:url\" content=\"https:\/\/www.generalkinematics.com\/de\/produkt\/v-trough-geneigter-vibrationsforderer\/\" \/>\n<meta property=\"og:site_name\" content=\"General Kinematics\" \/>\n<meta property=\"article:publisher\" content=\"https:\/\/www.facebook.com\/generalkinematics\" \/>\n<meta property=\"article:modified_time\" content=\"2018-08-31T18:06:22+00:00\" \/>\n<meta property=\"og:image\" content=\"https:\/\/media.generalkinematics.com\/wp-content\/uploads\/2015\/05\/DSC01086-scaled-e1693245995767.jpg\" \/>\n\t<meta property=\"og:image:width\" content=\"1200\" \/>\n\t<meta property=\"og:image:height\" content=\"900\" \/>\n\t<meta property=\"og:image:type\" content=\"image\/jpeg\" \/>\n<meta name=\"twitter:card\" content=\"summary_large_image\" \/>\n<meta name=\"twitter:site\" content=\"@gkvibrating\" \/>\n<meta name=\"twitter:label1\" content=\"Gesch\u00e4tzte Lesezeit\" \/>\n\t<meta name=\"twitter:data1\" content=\"1 Minute\" \/>\n<!-- \/ Yoast SEO plugin. -->","yoast_head_json":{"title":"V-TROUGH\u00ae-Geneigter Vibrationsf\u00f6rderer | General Kinematics","robots":{"index":"index","follow":"follow","max-snippet":"max-snippet:-1","max-image-preview":"max-image-preview:large","max-video-preview":"max-video-preview:-1"},"canonical":"https:\/\/www.generalkinematics.com\/de\/produkt\/v-trough-geneigter-vibrationsforderer\/","og_locale":"de_DE","og_type":"article","og_title":"V-TROUGH\u00ae-Geneigter Vibrationsf\u00f6rderer | General Kinematics","og_description":"F\u00d6RDERN SIE IHR PRODUKT NACH OBEN General Kinematics V-TROUGH\u00ae-Schr\u00e4gf\u00f6rderer wurden entwickelt, um Ihr Produkt ohne die mit Metallb\u00e4ndern und anderen Vertikalf\u00f6rderern verbundenen Probleme nach oben zu bef\u00f6rdern. Der V-TROUGH\u00ae basiert auf bew\u00e4hrten GK-F\u00f6rdererkonstruktionen mit einzigartigen Eigenschaften wie unserem PARA-MOUNT II\u00ae-Vibrations-Antriebssystem und ist in verschiedenen Ausgleichsoptionen f\u00fcr Ihren Prozess verf\u00fcgbar. VERARBEITUNGSVORTEILE Energiesparende F\u00f6rderer mit Eigenfrequenz nutzen [&hellip;]","og_url":"https:\/\/www.generalkinematics.com\/de\/produkt\/v-trough-geneigter-vibrationsforderer\/","og_site_name":"General Kinematics","article_publisher":"https:\/\/www.facebook.com\/generalkinematics","article_modified_time":"2018-08-31T18:06:22+00:00","og_image":[{"width":1200,"height":900,"url":"https:\/\/media.generalkinematics.com\/wp-content\/uploads\/2015\/05\/DSC01086-scaled-e1693245995767.jpg","type":"image\/jpeg"}],"twitter_card":"summary_large_image","twitter_site":"@gkvibrating","twitter_misc":{"Gesch\u00e4tzte Lesezeit":"1 Minute"},"schema":{"@context":"https:\/\/schema.org","@graph":[{"@type":"WebPage","@id":"https:\/\/www.generalkinematics.com\/de\/produkt\/v-trough-geneigter-vibrationsforderer\/","url":"https:\/\/www.generalkinematics.com\/de\/produkt\/v-trough-geneigter-vibrationsforderer\/","name":"V-TROUGH\u00ae-Geneigter Vibrationsf\u00f6rderer | General Kinematics","isPartOf":{"@id":"https:\/\/www.generalkinematics.com\/de\/#website"},"primaryImageOfPage":{"@id":"https:\/\/www.generalkinematics.com\/de\/produkt\/v-trough-geneigter-vibrationsforderer\/#primaryimage"},"image":{"@id":"https:\/\/www.generalkinematics.com\/de\/produkt\/v-trough-geneigter-vibrationsforderer\/#primaryimage"},"thumbnailUrl":"https:\/\/media.generalkinematics.com\/wp-content\/uploads\/2015\/05\/DSC01086-scaled-e1693245995767.jpg","datePublished":"2015-05-12T16:18:49+00:00","dateModified":"2018-08-31T18:06:22+00:00","breadcrumb":{"@id":"https:\/\/www.generalkinematics.com\/de\/produkt\/v-trough-geneigter-vibrationsforderer\/#breadcrumb"},"inLanguage":"de-DE","potentialAction":[{"@type":"ReadAction","target":["https:\/\/www.generalkinematics.com\/de\/produkt\/v-trough-geneigter-vibrationsforderer\/"]}]},{"@type":"ImageObject","inLanguage":"de-DE","@id":"https:\/\/www.generalkinematics.com\/de\/produkt\/v-trough-geneigter-vibrationsforderer\/#primaryimage","url":"https:\/\/media.generalkinematics.com\/wp-content\/uploads\/2015\/05\/DSC01086-scaled-e1693245995767.jpg","contentUrl":"https:\/\/media.generalkinematics.com\/wp-content\/uploads\/2015\/05\/DSC01086-scaled-e1693245995767.jpg","width":1200,"height":900},{"@type":"BreadcrumbList","@id":"https:\/\/www.generalkinematics.com\/de\/produkt\/v-trough-geneigter-vibrationsforderer\/#breadcrumb","itemListElement":[{"@type":"ListItem","position":1,"name":"GK Home","item":"https:\/\/www.generalkinematics.com\/de\/"},{"@type":"ListItem","position":2,"name":"Shop","item":"https:\/\/www.generalkinematics.com\/shop\/"},{"@type":"ListItem","position":3,"name":"V-TROUGH\u00ae-Geneigter Vibrationsf\u00f6rderer"}]},{"@type":"WebSite","@id":"https:\/\/www.generalkinematics.com\/de\/#website","url":"https:\/\/www.generalkinematics.com\/de\/","name":"General Kinematics","description":"","publisher":{"@id":"https:\/\/www.generalkinematics.com\/de\/#organization"},"potentialAction":[{"@type":"SearchAction","target":{"@type":"EntryPoint","urlTemplate":"https:\/\/www.generalkinematics.com\/de\/?s={search_term_string}"},"query-input":{"@type":"PropertyValueSpecification","valueRequired":true,"valueName":"search_term_string"}}],"inLanguage":"de-DE"},{"@type":"Organization","@id":"https:\/\/www.generalkinematics.com\/de\/#organization","name":"General Kinematics","url":"https:\/\/www.generalkinematics.com\/de\/","logo":{"@type":"ImageObject","inLanguage":"de-DE","@id":"https:\/\/www.generalkinematics.com\/de\/#\/schema\/logo\/image\/","url":"https:\/\/media.generalkinematics.com\/wp-content\/uploads\/2018\/03\/logo.png","contentUrl":"https:\/\/media.generalkinematics.com\/wp-content\/uploads\/2018\/03\/logo.png","width":313,"height":100,"caption":"General Kinematics"},"image":{"@id":"https:\/\/www.generalkinematics.com\/de\/#\/schema\/logo\/image\/"},"sameAs":["https:\/\/www.facebook.com\/generalkinematics","https:\/\/x.com\/gkvibrating"]}]}},"_links":{"self":[{"href":"https:\/\/www.generalkinematics.com\/de\/wp-json\/wp\/v2\/product\/39065","targetHints":{"allow":["GET"]}}],"collection":[{"href":"https:\/\/www.generalkinematics.com\/de\/wp-json\/wp\/v2\/product"}],"about":[{"href":"https:\/\/www.generalkinematics.com\/de\/wp-json\/wp\/v2\/types\/product"}],"replies":[{"embeddable":true,"href":"https:\/\/www.generalkinematics.com\/de\/wp-json\/wp\/v2\/comments?post=39065"}],"wp:featuredmedia":[{"embeddable":true,"href":"https:\/\/www.generalkinematics.com\/de\/wp-json\/wp\/v2\/media\/53431"}],"wp:attachment":[{"href":"https:\/\/www.generalkinematics.com\/de\/wp-json\/wp\/v2\/media?parent=39065"}],"wp:term":[{"taxonomy":"product_brand","embeddable":true,"href":"https:\/\/www.generalkinematics.com\/de\/wp-json\/wp\/v2\/product_brand?post=39065"},{"taxonomy":"product_cat","embeddable":true,"href":"https:\/\/www.generalkinematics.com\/de\/wp-json\/wp\/v2\/product_cat?post=39065"},{"taxonomy":"product_tag","embeddable":true,"href":"https:\/\/www.generalkinematics.com\/de\/wp-json\/wp\/v2\/product_tag?post=39065"}],"curies":[{"name":"wp","href":"https:\/\/api.w.org\/{rel}","templated":true}]}}