{"id":39076,"date":"2015-05-12T11:20:25","date_gmt":"2015-05-12T16:20:25","guid":{"rendered":"https:\/\/www.generalkinematics.com\/product\/lock-tite-drehtrommel-auskleidungen-und-gehause\/"},"modified":"2020-05-18T14:28:18","modified_gmt":"2020-05-18T19:28:18","slug":"lock-tite-drehtrommel-auskleidungen-und-gehause","status":"publish","type":"product","link":"https:\/\/www.generalkinematics.com\/de\/produkt\/lock-tite-drehtrommel-auskleidungen-und-gehause\/","title":{"rendered":"LOCK-TITE\u2122-Drehtrommel-Auskleidungen und Geh\u00e4use"},"content":{"rendered":"<p>Haben Sie eine Drehtrommel in Ihrer Gie\u00dferei, die ihr Alter erreicht hat, Sie aber nicht in der Lage sind, eine neue zu kaufen? GKs patentiertes <strong>LOCK-TITE\u2122-Drehtrommel-Auskleidungssystem<\/strong> und Austauschgeh\u00e4use wurden entwickelt, um Ihre vorhandene Drehtrommel auf den neuesten Stand der Technik zu bringen.<\/p>\n<p><u><strong>Kleiden Sie Ihre vorhandene Trommel neu aus<\/strong><\/u><\/p>\n<p>Wenn Ihre vorhandene Trommel noch in gutem Zustand ist, modernisieren Sie sie mit GKs LOCK-TITE\u2122-Auskleidungen. Das komplett modulare System ist einfach zu montieren und noch einfacher instandzuhalten. Die Montage erfolgt einfach mit Klemmleisten und Standardbefestigungen. F\u00fcr die Montage sind 2 oder 3 Personen mit einem Gabelstapler (mit Ausleger) und einem Schlagschrauber erforderlich. Die erwartete Austauschzeit betr\u00e4gt ungef\u00e4hr ein bis zwei Schichten, wodurch der Austausch an einem Wochenende erm\u00f6glicht wird. Das Ersetzen von Platten ist so einfach wie das L\u00f6sen und Einsetzen einer neuen Platte. F\u00fcr punktuelle Abnutzungsbereiche stehen \u201eFlicken\u201c zur Verf\u00fcgung, die direkt auf die Auskleidung geschwei\u00dft werden k\u00f6nnen &#8230; etwas, was bei anderen Auskleidungssystemen nicht ganz einfach ist.<\/p>\n<p><u><strong>R\u00fcsten Sie Ihre ganze Dreheinheit auf<\/strong><\/u><\/p>\n<p>GK bietet komplette Austauschbaugruppen f\u00fcr die meisten Hersteller von Dreheinheiten an. Jede Dreheinheit wird speziell auf Ihr vorhandenes Antriebssystem und Ihre Konstruktion abgestimmt. Drehtrommelgeh\u00e4use verwenden die gleichen langlebigen Komponenten wie alle GK-Drehtrommeln, einschlie\u00dflich geschmiedeter R\u00e4der, GK-LOCK-TITE\u2122-Auskleidungen und abriebfeste Stahlkonstruktionen. Zus\u00e4tzliche Komponenten, einschlie\u00dflich neuer Ketten, R\u00e4der, Lager, usw., sind ebenfalls bei GK erh\u00e4ltlich, um Ihnen bei der \u00dcberholung Ihres Drehtrommelsystems zu helfen.<\/p>\n","protected":false},"excerpt":{"rendered":"<p>Haben Sie eine Drehtrommel in Ihrer Gie\u00dferei, die ihr Alter erreicht hat, Sie aber nicht in der Lage sind, eine neue zu kaufen? GKs patentiertes LOCK-TITE\u2122-Drehtrommel-Auskleidungssystem und Austauschgeh\u00e4use wurden entwickelt, um Ihre vorhandene Drehtrommel auf den neuesten Stand der Technik zu bringen. Kleiden Sie Ihre vorhandene Trommel neu aus Wenn Ihre vorhandene Trommel noch in [&hellip;]<\/p>\n","protected":false},"featured_media":28383,"comment_status":"closed","ping_status":"closed","template":"","meta":{"_acf_changed":false,"om_disable_all_campaigns":false,"ep_exclude_from_search":false},"product_brand":[],"product_cat":[1778,1769,1757,1777],"product_tag":[],"class_list":{"0":"post-39076","1":"product","2":"type-product","3":"status-publish","4":"has-post-thumbnail","6":"casestudytag-rotary-drum-liners-de","7":"product_cat-ducta-series-modelle","8":"product_cat-lordungen-fuer-giesserei-und-metallguss","9":"product_cat-rotationsteile-und-komponenten","10":"product_cat-rotierende-trommeln-und-trennrinnen","12":"first","13":"instock","14":"taxable","15":"shipping-taxable","16":"product-type-simple"},"acf":[],"yoast_head":"<!-- This site is optimized with the Yoast SEO plugin v27.2 - https:\/\/yoast.com\/product\/yoast-seo-wordpress\/ -->\n<title>LOCK-TITE\u2122-Drehtrommel-Auskleidungen und Geh\u00e4use | General Kinematics<\/title>\n<meta name=\"robots\" content=\"index, follow, max-snippet:-1, max-image-preview:large, max-video-preview:-1\" \/>\n<link rel=\"canonical\" href=\"https:\/\/www.generalkinematics.com\/de\/produkt\/lock-tite-drehtrommel-auskleidungen-und-gehause\/\" \/>\n<meta property=\"og:locale\" content=\"de_DE\" \/>\n<meta property=\"og:type\" content=\"article\" \/>\n<meta property=\"og:title\" content=\"LOCK-TITE\u2122-Drehtrommel-Auskleidungen und Geh\u00e4use | General Kinematics\" \/>\n<meta property=\"og:description\" content=\"Haben Sie eine Drehtrommel in Ihrer Gie\u00dferei, die ihr Alter erreicht hat, Sie aber nicht in der Lage sind, eine neue zu kaufen? GKs patentiertes LOCK-TITE\u2122-Drehtrommel-Auskleidungssystem und Austauschgeh\u00e4use wurden entwickelt, um Ihre vorhandene Drehtrommel auf den neuesten Stand der Technik zu bringen. Kleiden Sie Ihre vorhandene Trommel neu aus Wenn Ihre vorhandene Trommel noch in [&hellip;]\" \/>\n<meta property=\"og:url\" content=\"https:\/\/www.generalkinematics.com\/de\/produkt\/lock-tite-drehtrommel-auskleidungen-und-gehause\/\" \/>\n<meta property=\"og:site_name\" content=\"General Kinematics\" \/>\n<meta property=\"article:publisher\" content=\"https:\/\/www.facebook.com\/generalkinematics\" \/>\n<meta property=\"article:modified_time\" content=\"2020-05-18T19:28:18+00:00\" \/>\n<meta property=\"og:image\" content=\"https:\/\/media.generalkinematics.com\/wp-content\/uploads\/2015\/05\/rotary-liners.png\" \/>\n\t<meta property=\"og:image:width\" content=\"400\" \/>\n\t<meta property=\"og:image:height\" content=\"400\" \/>\n\t<meta property=\"og:image:type\" content=\"image\/jpeg\" \/>\n<meta name=\"twitter:card\" content=\"summary_large_image\" \/>\n<meta name=\"twitter:site\" content=\"@gkvibrating\" \/>\n<meta name=\"twitter:label1\" content=\"Gesch\u00e4tzte Lesezeit\" \/>\n\t<meta name=\"twitter:data1\" content=\"1 Minute\" \/>\n<!-- \/ Yoast SEO plugin. -->","yoast_head_json":{"title":"LOCK-TITE\u2122-Drehtrommel-Auskleidungen und Geh\u00e4use | General Kinematics","robots":{"index":"index","follow":"follow","max-snippet":"max-snippet:-1","max-image-preview":"max-image-preview:large","max-video-preview":"max-video-preview:-1"},"canonical":"https:\/\/www.generalkinematics.com\/de\/produkt\/lock-tite-drehtrommel-auskleidungen-und-gehause\/","og_locale":"de_DE","og_type":"article","og_title":"LOCK-TITE\u2122-Drehtrommel-Auskleidungen und Geh\u00e4use | General Kinematics","og_description":"Haben Sie eine Drehtrommel in Ihrer Gie\u00dferei, die ihr Alter erreicht hat, Sie aber nicht in der Lage sind, eine neue zu kaufen? GKs patentiertes LOCK-TITE\u2122-Drehtrommel-Auskleidungssystem und Austauschgeh\u00e4use wurden entwickelt, um Ihre vorhandene Drehtrommel auf den neuesten Stand der Technik zu bringen. Kleiden Sie Ihre vorhandene Trommel neu aus Wenn Ihre vorhandene Trommel noch in [&hellip;]","og_url":"https:\/\/www.generalkinematics.com\/de\/produkt\/lock-tite-drehtrommel-auskleidungen-und-gehause\/","og_site_name":"General Kinematics","article_publisher":"https:\/\/www.facebook.com\/generalkinematics","article_modified_time":"2020-05-18T19:28:18+00:00","og_image":[{"width":400,"height":400,"url":"https:\/\/media.generalkinematics.com\/wp-content\/uploads\/2015\/05\/rotary-liners.png","type":"image\/jpeg"}],"twitter_card":"summary_large_image","twitter_site":"@gkvibrating","twitter_misc":{"Gesch\u00e4tzte Lesezeit":"1 Minute"},"schema":{"@context":"https:\/\/schema.org","@graph":[{"@type":"WebPage","@id":"https:\/\/www.generalkinematics.com\/de\/produkt\/lock-tite-drehtrommel-auskleidungen-und-gehause\/","url":"https:\/\/www.generalkinematics.com\/de\/produkt\/lock-tite-drehtrommel-auskleidungen-und-gehause\/","name":"LOCK-TITE\u2122-Drehtrommel-Auskleidungen und Geh\u00e4use | General Kinematics","isPartOf":{"@id":"https:\/\/www.generalkinematics.com\/de\/#website"},"primaryImageOfPage":{"@id":"https:\/\/www.generalkinematics.com\/de\/produkt\/lock-tite-drehtrommel-auskleidungen-und-gehause\/#primaryimage"},"image":{"@id":"https:\/\/www.generalkinematics.com\/de\/produkt\/lock-tite-drehtrommel-auskleidungen-und-gehause\/#primaryimage"},"thumbnailUrl":"https:\/\/media.generalkinematics.com\/wp-content\/uploads\/2016\/07\/GK-Locktite-Liners-Alternate-to-Cast-Grid.png","datePublished":"2015-05-12T16:20:25+00:00","dateModified":"2020-05-18T19:28:18+00:00","breadcrumb":{"@id":"https:\/\/www.generalkinematics.com\/de\/produkt\/lock-tite-drehtrommel-auskleidungen-und-gehause\/#breadcrumb"},"inLanguage":"de-DE","potentialAction":[{"@type":"ReadAction","target":["https:\/\/www.generalkinematics.com\/de\/produkt\/lock-tite-drehtrommel-auskleidungen-und-gehause\/"]}]},{"@type":"ImageObject","inLanguage":"de-DE","@id":"https:\/\/www.generalkinematics.com\/de\/produkt\/lock-tite-drehtrommel-auskleidungen-und-gehause\/#primaryimage","url":"https:\/\/media.generalkinematics.com\/wp-content\/uploads\/2016\/07\/GK-Locktite-Liners-Alternate-to-Cast-Grid.png","contentUrl":"https:\/\/media.generalkinematics.com\/wp-content\/uploads\/2016\/07\/GK-Locktite-Liners-Alternate-to-Cast-Grid.png","width":500,"height":500},{"@type":"BreadcrumbList","@id":"https:\/\/www.generalkinematics.com\/de\/produkt\/lock-tite-drehtrommel-auskleidungen-und-gehause\/#breadcrumb","itemListElement":[{"@type":"ListItem","position":1,"name":"GK Home","item":"https:\/\/www.generalkinematics.com\/de\/"},{"@type":"ListItem","position":2,"name":"Shop","item":"https:\/\/www.generalkinematics.com\/shop\/"},{"@type":"ListItem","position":3,"name":"LOCK-TITE\u2122-Drehtrommel-Auskleidungen und Geh\u00e4use"}]},{"@type":"WebSite","@id":"https:\/\/www.generalkinematics.com\/de\/#website","url":"https:\/\/www.generalkinematics.com\/de\/","name":"General Kinematics","description":"","publisher":{"@id":"https:\/\/www.generalkinematics.com\/de\/#organization"},"potentialAction":[{"@type":"SearchAction","target":{"@type":"EntryPoint","urlTemplate":"https:\/\/www.generalkinematics.com\/de\/?s={search_term_string}"},"query-input":{"@type":"PropertyValueSpecification","valueRequired":true,"valueName":"search_term_string"}}],"inLanguage":"de-DE"},{"@type":"Organization","@id":"https:\/\/www.generalkinematics.com\/de\/#organization","name":"General Kinematics","url":"https:\/\/www.generalkinematics.com\/de\/","logo":{"@type":"ImageObject","inLanguage":"de-DE","@id":"https:\/\/www.generalkinematics.com\/de\/#\/schema\/logo\/image\/","url":"https:\/\/media.generalkinematics.com\/wp-content\/uploads\/2018\/03\/logo.png","contentUrl":"https:\/\/media.generalkinematics.com\/wp-content\/uploads\/2018\/03\/logo.png","width":313,"height":100,"caption":"General Kinematics"},"image":{"@id":"https:\/\/www.generalkinematics.com\/de\/#\/schema\/logo\/image\/"},"sameAs":["https:\/\/www.facebook.com\/generalkinematics","https:\/\/x.com\/gkvibrating"]}]}},"_links":{"self":[{"href":"https:\/\/www.generalkinematics.com\/de\/wp-json\/wp\/v2\/product\/39076","targetHints":{"allow":["GET"]}}],"collection":[{"href":"https:\/\/www.generalkinematics.com\/de\/wp-json\/wp\/v2\/product"}],"about":[{"href":"https:\/\/www.generalkinematics.com\/de\/wp-json\/wp\/v2\/types\/product"}],"replies":[{"embeddable":true,"href":"https:\/\/www.generalkinematics.com\/de\/wp-json\/wp\/v2\/comments?post=39076"}],"wp:featuredmedia":[{"embeddable":true,"href":"https:\/\/www.generalkinematics.com\/de\/wp-json\/wp\/v2\/media\/28383"}],"wp:attachment":[{"href":"https:\/\/www.generalkinematics.com\/de\/wp-json\/wp\/v2\/media?parent=39076"}],"wp:term":[{"taxonomy":"product_brand","embeddable":true,"href":"https:\/\/www.generalkinematics.com\/de\/wp-json\/wp\/v2\/product_brand?post=39076"},{"taxonomy":"product_cat","embeddable":true,"href":"https:\/\/www.generalkinematics.com\/de\/wp-json\/wp\/v2\/product_cat?post=39076"},{"taxonomy":"product_tag","embeddable":true,"href":"https:\/\/www.generalkinematics.com\/de\/wp-json\/wp\/v2\/product_tag?post=39076"}],"curies":[{"name":"wp","href":"https:\/\/api.w.org\/{rel}","templated":true}]}}