{"id":39114,"date":"2015-05-12T12:07:48","date_gmt":"2015-05-12T17:07:48","guid":{"rendered":"https:\/\/www.generalkinematics.com\/product\/drahtloser-tragbarer-hubmonitor\/"},"modified":"2024-06-26T15:08:23","modified_gmt":"2024-06-26T20:08:23","slug":"kabelloser-tragbarer-schwinungssensor","status":"publish","type":"product","link":"https:\/\/www.generalkinematics.com\/de\/produkt\/kabelloser-tragbarer-schwinungssensor\/","title":{"rendered":"Kabelloser Tragbarer Schwinungssensor"},"content":{"rendered":"<div class=\"wpb-content-wrapper\"><p>[vc_row][vc_column][vc_column_text]<\/p>\n<p>Der Kabelloser Tragbarer Schwinungssensor von General Kinematics wird mit unserer kostenlosen Smartphone-App verbunden und kann in unserem Werkzeug-Shop erworben werden. Mit der neuesten Version des GK-Beschleunigungsmessers k\u00f6nnen Sie die Leistung Ihres Vibrations-Equipments messen und mehrere Teile des Equipments \u00fcber die Zeit \u00fcberwachen.<\/p>\n<ul>\n<li>Misst 3 Achsen (X, Y und Z)<\/li>\n<li>Abmessungen: 89 mm x 58,5 mm x 15,2 mm<\/li>\n<\/ul>\n<p><img decoding=\"async\" class=\"size-full wp-image-33819 aligncenter\" src=\"https:\/\/www.generalkinematics.com\/wp-content\/uploads\/2018\/01\/Apex.png\" alt=\"apex logo\" width=\"190\" height=\"49\" \/><\/p>\n<h3>EIGENSCHAFTEN DES NEUEN BESCHLEUNIGUNGSMESSERS DER 2. GENERATION\u2026<\/h3>\n<ul>\n<li>Mit dem Triaxial-Beschleunigungssensor k\u00f6nnen Sie den Sensor an einer beliebigen Stelle, ohne ihn auszurichten, anbringen.<\/li>\n<li>Leistungsstarke Magnete sorgen daf\u00fcr, dass der Sensor auch den st\u00e4rksten G-Kr\u00e4ften an Maschinen standh\u00e4lt.<\/li>\n<li>Der Hauptbildschirm der mobilen App zeigt den Gesamthub und Drehzahl an (siehe Abbildungen unten).<\/li>\n<li>Der detaillierte Bildschirm in der App zeigt die X-, Y- und Z-H\u00fcbe unabh\u00e4ngig voneinander an.<\/li>\n<li>Die E-Mail-Sendefunktion erfasst die Datenpunkte f\u00fcr X-, Y- und Z-Hub, Gesamthub und Drehzahl.<\/li>\n<li>Sie k\u00f6nnen benutzerdefinierte Namen f\u00fcr jedes zu \u00fcberwachende Equipment anlegen.<\/li>\n<\/ul>\n<h3><b>JEDES PAKET ENTH\u00c4LT:<\/b><\/h3>\n<ul>\n<li>GK-Wireless Bluetooth-Beschleunigungsmesser<\/li>\n<li>Tragetasche<\/li>\n<li>USB-Ladekabel \u2013 2. Generation verf\u00fcgt \u00fcber einen Akku!<\/li>\n<li><a href=\"https:\/\/greenhatgk-wpengine.netdna-ssl.com\/wp-content\/uploads\/2017\/10\/APEX-Manual_Web-1.pdf\">Handbuch<\/a><\/li>\n<\/ul>\n<h3><b>MOBILE APP:<\/b><\/h3>\n<p><b>Apple iOS-Kompatibilit\u00e4t:<\/b><span style=\"font-weight: 400;\"> F\u00fcr Bluetooth 4.0 Low-Energy sind die folgenden Ger\u00e4te kompatibel: iPhone 5, iPhone 4S, iPod Touch 5. Generation, iPad 3, iPad 4, iPad Mini oder neuer.<\/span><\/p>\n<p><b>Android-Kompatibilit\u00e4t:<\/b><span style=\"font-weight: 400;\"> F\u00fcr Bluetooth 4.0 Low-Energy sind die folgenden Ger\u00e4te kompatibel: Samsung Galaxy S2, S3, S4, Note und Tab, HTC One und das Google (LG) Nexus 4 oder neuer.<\/span><\/p>\n<h3>LADEN SIE DIE KOSTENLOSE APP HIER HERUNTER.<\/h3>\n<p>[\/vc_column_text][\/vc_column][\/vc_row][vc_row][vc_column width=&#8220;1\/4&#8243;][vc_column_text]<\/p>\n<p style=\"text-align: center;\"><a href=\"https:\/\/itunes.apple.com\/us\/app\/gk-stroke-monitor\/id819606985?mt=8\"><img decoding=\"async\" class=\"aligncenter size-full wp-image-7602\" src=\"https:\/\/www.generalkinematics.com\/wp-content\/uploads\/_d_improd_\/download-app-store_f_improf_135x40.png\" alt=\"download-app-store\" width=\"135\" height=\"40\" \/><\/a><\/p>\n<p>[\/vc_column_text][\/vc_column][vc_column width=&#8220;1\/4&#8243;][vc_column_text]<\/p>\n<p style=\"text-align: center;\"><a href=\"https:\/\/play.google.com\/store\/apps\/details?id=generalkinematics.com.vibration_tool&amp;hl=en\"><img decoding=\"async\" class=\"aligncenter wp-image-8015 size-full\" src=\"https:\/\/www.generalkinematics.com\/wp-content\/uploads\/android_badge11.png\" alt=\"android_badge1\" width=\"135\" height=\"45\" \/><\/a><\/p>\n<p>[\/vc_column_text][\/vc_column][vc_column width=&#8220;1\/4&#8243;][\/vc_column][vc_column width=&#8220;1\/4&#8243;][\/vc_column][\/vc_row][vc_row][vc_column][vc_column_text](Hinweis: Mobile Apps unterst\u00fctzen den drahtloser Beschleunigungsmesser (Wireless Accelerometer) der 1. und 2. Generation)[\/vc_column_text][\/vc_column][\/vc_row]<\/p>\n<\/div>","protected":false},"excerpt":{"rendered":"<p>Der Kabelloser Tragbarer Schwinungssensor von General Kinematics wird mit unserer kostenlosen Smartphone-App verbunden und kann in unserem Werkzeug-Shop erworben werden. Mit der neuesten Version des GK-Beschleunigungsmessers k\u00f6nnen Sie die Leistung Ihres Vibrations-Equipments messen und mehrere Teile des Equipments \u00fcber die Zeit \u00fcberwachen.<\/p>\n","protected":false},"featured_media":54549,"comment_status":"closed","ping_status":"closed","template":"","meta":{"_acf_changed":false,"om_disable_all_campaigns":false,"ep_exclude_from_search":false},"product_brand":[],"product_cat":[1748,1749],"product_tag":[],"class_list":{"0":"post-39114","1":"product","2":"type-product","3":"status-publish","4":"has-post-thumbnail","6":"product_cat-gkparts-com-de","7":"product_cat-steuerung-und-ueberwachung","8":"pa_weight-1-lbs","10":"first","11":"instock","12":"taxable","13":"shipping-taxable","14":"product-type-simple"},"acf":[],"yoast_head":"<!-- This site is optimized with the Yoast SEO plugin v27.2 - https:\/\/yoast.com\/product\/yoast-seo-wordpress\/ -->\n<title>Kabelloser Tragbarer Schwinungssensor | General Kinematics<\/title>\n<meta name=\"robots\" content=\"index, follow, max-snippet:-1, max-image-preview:large, max-video-preview:-1\" \/>\n<link rel=\"canonical\" href=\"https:\/\/www.generalkinematics.com\/de\/produkt\/kabelloser-tragbarer-schwinungssensor\/\" \/>\n<meta property=\"og:locale\" content=\"de_DE\" \/>\n<meta property=\"og:type\" content=\"article\" \/>\n<meta property=\"og:title\" content=\"Kabelloser Tragbarer Schwinungssensor | General Kinematics\" \/>\n<meta property=\"og:description\" content=\"Der Kabelloser Tragbarer Schwinungssensor von General Kinematics wird mit unserer kostenlosen Smartphone-App verbunden und kann in unserem Werkzeug-Shop erworben werden. Mit der neuesten Version des GK-Beschleunigungsmessers k\u00f6nnen Sie die Leistung Ihres Vibrations-Equipments messen und mehrere Teile des Equipments \u00fcber die Zeit \u00fcberwachen.\" \/>\n<meta property=\"og:url\" content=\"https:\/\/www.generalkinematics.com\/de\/produkt\/kabelloser-tragbarer-schwinungssensor\/\" \/>\n<meta property=\"og:site_name\" content=\"General Kinematics\" \/>\n<meta property=\"article:publisher\" content=\"https:\/\/www.facebook.com\/generalkinematics\" \/>\n<meta property=\"article:modified_time\" content=\"2024-06-26T20:08:23+00:00\" \/>\n<meta property=\"og:image\" content=\"https:\/\/media.generalkinematics.com\/wp-content\/uploads\/2015\/05\/Apex-Product-image-angle.jpg\" \/>\n\t<meta property=\"og:image:width\" content=\"3704\" \/>\n\t<meta property=\"og:image:height\" content=\"2847\" \/>\n\t<meta property=\"og:image:type\" content=\"image\/jpeg\" \/>\n<meta name=\"twitter:card\" content=\"summary_large_image\" \/>\n<meta name=\"twitter:site\" content=\"@gkvibrating\" \/>\n<meta name=\"twitter:label1\" content=\"Gesch\u00e4tzte Lesezeit\" \/>\n\t<meta name=\"twitter:data1\" content=\"2 Minuten\" \/>\n<!-- \/ Yoast SEO plugin. -->","yoast_head_json":{"title":"Kabelloser Tragbarer Schwinungssensor | General Kinematics","robots":{"index":"index","follow":"follow","max-snippet":"max-snippet:-1","max-image-preview":"max-image-preview:large","max-video-preview":"max-video-preview:-1"},"canonical":"https:\/\/www.generalkinematics.com\/de\/produkt\/kabelloser-tragbarer-schwinungssensor\/","og_locale":"de_DE","og_type":"article","og_title":"Kabelloser Tragbarer Schwinungssensor | General Kinematics","og_description":"Der Kabelloser Tragbarer Schwinungssensor von General Kinematics wird mit unserer kostenlosen Smartphone-App verbunden und kann in unserem Werkzeug-Shop erworben werden. Mit der neuesten Version des GK-Beschleunigungsmessers k\u00f6nnen Sie die Leistung Ihres Vibrations-Equipments messen und mehrere Teile des Equipments \u00fcber die Zeit \u00fcberwachen.","og_url":"https:\/\/www.generalkinematics.com\/de\/produkt\/kabelloser-tragbarer-schwinungssensor\/","og_site_name":"General Kinematics","article_publisher":"https:\/\/www.facebook.com\/generalkinematics","article_modified_time":"2024-06-26T20:08:23+00:00","og_image":[{"width":3704,"height":2847,"url":"https:\/\/media.generalkinematics.com\/wp-content\/uploads\/2015\/05\/Apex-Product-image-angle.jpg","type":"image\/jpeg"}],"twitter_card":"summary_large_image","twitter_site":"@gkvibrating","twitter_misc":{"Gesch\u00e4tzte Lesezeit":"2 Minuten"},"schema":{"@context":"https:\/\/schema.org","@graph":[{"@type":"WebPage","@id":"https:\/\/www.generalkinematics.com\/de\/produkt\/kabelloser-tragbarer-schwinungssensor\/","url":"https:\/\/www.generalkinematics.com\/de\/produkt\/kabelloser-tragbarer-schwinungssensor\/","name":"Kabelloser Tragbarer Schwinungssensor | General Kinematics","isPartOf":{"@id":"https:\/\/www.generalkinematics.com\/de\/#website"},"primaryImageOfPage":{"@id":"https:\/\/www.generalkinematics.com\/de\/produkt\/kabelloser-tragbarer-schwinungssensor\/#primaryimage"},"image":{"@id":"https:\/\/www.generalkinematics.com\/de\/produkt\/kabelloser-tragbarer-schwinungssensor\/#primaryimage"},"thumbnailUrl":"https:\/\/media.generalkinematics.com\/wp-content\/uploads\/2025\/04\/APEX-2025-Edit.jpg","datePublished":"2015-05-12T17:07:48+00:00","dateModified":"2024-06-26T20:08:23+00:00","breadcrumb":{"@id":"https:\/\/www.generalkinematics.com\/de\/produkt\/kabelloser-tragbarer-schwinungssensor\/#breadcrumb"},"inLanguage":"de-DE","potentialAction":[{"@type":"ReadAction","target":["https:\/\/www.generalkinematics.com\/de\/produkt\/kabelloser-tragbarer-schwinungssensor\/"]}]},{"@type":"ImageObject","inLanguage":"de-DE","@id":"https:\/\/www.generalkinematics.com\/de\/produkt\/kabelloser-tragbarer-schwinungssensor\/#primaryimage","url":"https:\/\/media.generalkinematics.com\/wp-content\/uploads\/2025\/04\/APEX-2025-Edit.jpg","contentUrl":"https:\/\/media.generalkinematics.com\/wp-content\/uploads\/2025\/04\/APEX-2025-Edit.jpg","width":1500,"height":998},{"@type":"BreadcrumbList","@id":"https:\/\/www.generalkinematics.com\/de\/produkt\/kabelloser-tragbarer-schwinungssensor\/#breadcrumb","itemListElement":[{"@type":"ListItem","position":1,"name":"GK Home","item":"https:\/\/www.generalkinematics.com\/de\/"},{"@type":"ListItem","position":2,"name":"Shop","item":"https:\/\/www.generalkinematics.com\/shop\/"},{"@type":"ListItem","position":3,"name":"Kabelloser Tragbarer Schwinungssensor"}]},{"@type":"WebSite","@id":"https:\/\/www.generalkinematics.com\/de\/#website","url":"https:\/\/www.generalkinematics.com\/de\/","name":"General Kinematics","description":"","publisher":{"@id":"https:\/\/www.generalkinematics.com\/de\/#organization"},"potentialAction":[{"@type":"SearchAction","target":{"@type":"EntryPoint","urlTemplate":"https:\/\/www.generalkinematics.com\/de\/?s={search_term_string}"},"query-input":{"@type":"PropertyValueSpecification","valueRequired":true,"valueName":"search_term_string"}}],"inLanguage":"de-DE"},{"@type":"Organization","@id":"https:\/\/www.generalkinematics.com\/de\/#organization","name":"General Kinematics","url":"https:\/\/www.generalkinematics.com\/de\/","logo":{"@type":"ImageObject","inLanguage":"de-DE","@id":"https:\/\/www.generalkinematics.com\/de\/#\/schema\/logo\/image\/","url":"https:\/\/media.generalkinematics.com\/wp-content\/uploads\/2018\/03\/logo.png","contentUrl":"https:\/\/media.generalkinematics.com\/wp-content\/uploads\/2018\/03\/logo.png","width":313,"height":100,"caption":"General Kinematics"},"image":{"@id":"https:\/\/www.generalkinematics.com\/de\/#\/schema\/logo\/image\/"},"sameAs":["https:\/\/www.facebook.com\/generalkinematics","https:\/\/x.com\/gkvibrating"]}]}},"_links":{"self":[{"href":"https:\/\/www.generalkinematics.com\/de\/wp-json\/wp\/v2\/product\/39114","targetHints":{"allow":["GET"]}}],"collection":[{"href":"https:\/\/www.generalkinematics.com\/de\/wp-json\/wp\/v2\/product"}],"about":[{"href":"https:\/\/www.generalkinematics.com\/de\/wp-json\/wp\/v2\/types\/product"}],"replies":[{"embeddable":true,"href":"https:\/\/www.generalkinematics.com\/de\/wp-json\/wp\/v2\/comments?post=39114"}],"wp:featuredmedia":[{"embeddable":true,"href":"https:\/\/www.generalkinematics.com\/de\/wp-json\/wp\/v2\/media\/54549"}],"wp:attachment":[{"href":"https:\/\/www.generalkinematics.com\/de\/wp-json\/wp\/v2\/media?parent=39114"}],"wp:term":[{"taxonomy":"product_brand","embeddable":true,"href":"https:\/\/www.generalkinematics.com\/de\/wp-json\/wp\/v2\/product_brand?post=39114"},{"taxonomy":"product_cat","embeddable":true,"href":"https:\/\/www.generalkinematics.com\/de\/wp-json\/wp\/v2\/product_cat?post=39114"},{"taxonomy":"product_tag","embeddable":true,"href":"https:\/\/www.generalkinematics.com\/de\/wp-json\/wp\/v2\/product_tag?post=39114"}],"curies":[{"name":"wp","href":"https:\/\/api.w.org\/{rel}","templated":true}]}}