{"id":39133,"date":"2015-07-26T10:04:48","date_gmt":"2015-07-26T15:04:48","guid":{"rendered":"https:\/\/www.generalkinematics.com\/product\/schwerstlast-direktantrieb-trennanlagen\/"},"modified":"2018-08-31T07:47:32","modified_gmt":"2018-08-31T12:47:32","slug":"schwerstlast-trennanlagen","status":"publish","type":"product","link":"https:\/\/www.generalkinematics.com\/de\/produkt\/schwerstlast-trennanlagen\/","title":{"rendered":"Schwerstlast \/ Direktantrieb Trennanlagen"},"content":{"rendered":"<p>Von Beginn der Verwendung von Vibration bis zum Trennen von Gussteilen wurden <strong>Schwerstlast-Trennanlagen<\/strong> als kosteng\u00fcnstige L\u00f6sung zum Entfernen von Sand aus Gussteilen eingesetzt. Seit mehr als 50 Jahren perfektioniert GK diese Ausf\u00fchrungen und liefert eine verfeinerte Maschine, die bereit ist, f\u00fcr Sie zu arbeiten, sobald sie installiert ist.<\/p>\n<p>In der Einfachheit der Befestigung von zwei exzentrisch beschwerten Motoren, die direkt an der Vibrationsmasse montiert sind, macht General Kinematics Schwerstlast-Trennanlage Ihren Antrieb so einfach wie m\u00f6glich. F\u00fcr Systeme mit gr\u00f6\u00dferer Kapazit\u00e4t ist auch die Zwei-Massen-Trenn-Technologie verf\u00fcgbar.<\/p>\n<p>&nbsp;<\/p>\n<h2>Eigenschaften:<\/h2>\n<ul>\n<li>Heavy Duty-Ausf\u00fchrung f\u00fcr lange Standzeit.<\/li>\n<li>Es ist eine Reihe von Deckoptionen verf\u00fcgbar, die bestens f\u00fcr Ihren Prozess geeignet sind.<\/li>\n<li>Entwickelt f\u00fcr einfachen Betrieb und wenig Instandhaltung.<\/li>\n<li>Erh\u00e4ltlich in verschiedenen Breiten und L\u00e4ngen &#8211; <a href=\"https:\/\/www.generalkinematics.com\/de\/kontakt-general-kinematics\/\" target=\"_blank\" rel=\"noopener\">wenden Sie sich an unseren Gie\u00dfereifachmann<\/a>, um die f\u00fcr Ihren Prozess optimale Trennanlage zu finden.<\/li>\n<\/ul>\n","protected":false},"excerpt":{"rendered":"<p>Von Beginn der Verwendung von Vibration bis zum Trennen von Gussteilen wurden Schwerstlast-Trennanlagen als kosteng\u00fcnstige L\u00f6sung zum Entfernen von Sand aus Gussteilen eingesetzt. Seit mehr als 50 Jahren perfektioniert GK diese Ausf\u00fchrungen und liefert eine verfeinerte Maschine, die bereit ist, f\u00fcr Sie zu arbeiten, sobald sie installiert ist. In der Einfachheit der Befestigung von zwei [&hellip;]<\/p>\n","protected":false},"featured_media":17735,"comment_status":"closed","ping_status":"closed","template":"","meta":{"_acf_changed":false,"om_disable_all_campaigns":false,"ep_exclude_from_search":false},"product_brand":[],"product_cat":[1769,1790,1787],"product_tag":[],"class_list":{"0":"post-39133","1":"product","2":"type-product","3":"status-publish","4":"has-post-thumbnail","6":"product_cat-lordungen-fuer-giesserei-und-metallguss","7":"product_cat-vibrations-und-rotationsseparation","8":"product_cat-vibrationstrommeln-und-trennrinnen","10":"first","11":"instock","12":"taxable","13":"shipping-taxable","14":"product-type-simple"},"acf":[],"yoast_head":"<!-- This site is optimized with the Yoast SEO plugin v27.2 - https:\/\/yoast.com\/product\/yoast-seo-wordpress\/ -->\n<title>Schwerstlast \/ Direktantrieb Trennanlagen | General Kinematics<\/title>\n<meta name=\"robots\" content=\"index, follow, max-snippet:-1, max-image-preview:large, max-video-preview:-1\" \/>\n<link rel=\"canonical\" href=\"https:\/\/www.generalkinematics.com\/de\/produkt\/schwerstlast-trennanlagen\/\" \/>\n<meta property=\"og:locale\" content=\"de_DE\" \/>\n<meta property=\"og:type\" content=\"article\" \/>\n<meta property=\"og:title\" content=\"Schwerstlast \/ Direktantrieb Trennanlagen | General Kinematics\" \/>\n<meta property=\"og:description\" content=\"Von Beginn der Verwendung von Vibration bis zum Trennen von Gussteilen wurden Schwerstlast-Trennanlagen als kosteng\u00fcnstige L\u00f6sung zum Entfernen von Sand aus Gussteilen eingesetzt. Seit mehr als 50 Jahren perfektioniert GK diese Ausf\u00fchrungen und liefert eine verfeinerte Maschine, die bereit ist, f\u00fcr Sie zu arbeiten, sobald sie installiert ist. In der Einfachheit der Befestigung von zwei [&hellip;]\" \/>\n<meta property=\"og:url\" content=\"https:\/\/www.generalkinematics.com\/de\/produkt\/schwerstlast-trennanlagen\/\" \/>\n<meta property=\"og:site_name\" content=\"General Kinematics\" \/>\n<meta property=\"article:publisher\" content=\"https:\/\/www.facebook.com\/generalkinematics\" \/>\n<meta property=\"article:modified_time\" content=\"2018-08-31T12:47:32+00:00\" \/>\n<meta property=\"og:image\" content=\"https:\/\/media.generalkinematics.com\/wp-content\/uploads\/21-1.jpg\" \/>\n\t<meta property=\"og:image:width\" content=\"1053\" \/>\n\t<meta property=\"og:image:height\" content=\"736\" \/>\n\t<meta property=\"og:image:type\" content=\"image\/jpeg\" \/>\n<meta name=\"twitter:card\" content=\"summary_large_image\" \/>\n<meta name=\"twitter:site\" content=\"@gkvibrating\" \/>\n<meta name=\"twitter:label1\" content=\"Gesch\u00e4tzte Lesezeit\" \/>\n\t<meta name=\"twitter:data1\" content=\"1 Minute\" \/>\n<!-- \/ Yoast SEO plugin. -->","yoast_head_json":{"title":"Schwerstlast \/ Direktantrieb Trennanlagen | General Kinematics","robots":{"index":"index","follow":"follow","max-snippet":"max-snippet:-1","max-image-preview":"max-image-preview:large","max-video-preview":"max-video-preview:-1"},"canonical":"https:\/\/www.generalkinematics.com\/de\/produkt\/schwerstlast-trennanlagen\/","og_locale":"de_DE","og_type":"article","og_title":"Schwerstlast \/ Direktantrieb Trennanlagen | General Kinematics","og_description":"Von Beginn der Verwendung von Vibration bis zum Trennen von Gussteilen wurden Schwerstlast-Trennanlagen als kosteng\u00fcnstige L\u00f6sung zum Entfernen von Sand aus Gussteilen eingesetzt. Seit mehr als 50 Jahren perfektioniert GK diese Ausf\u00fchrungen und liefert eine verfeinerte Maschine, die bereit ist, f\u00fcr Sie zu arbeiten, sobald sie installiert ist. In der Einfachheit der Befestigung von zwei [&hellip;]","og_url":"https:\/\/www.generalkinematics.com\/de\/produkt\/schwerstlast-trennanlagen\/","og_site_name":"General Kinematics","article_publisher":"https:\/\/www.facebook.com\/generalkinematics","article_modified_time":"2018-08-31T12:47:32+00:00","og_image":[{"width":1053,"height":736,"url":"https:\/\/media.generalkinematics.com\/wp-content\/uploads\/21-1.jpg","type":"image\/jpeg"}],"twitter_card":"summary_large_image","twitter_site":"@gkvibrating","twitter_misc":{"Gesch\u00e4tzte Lesezeit":"1 Minute"},"schema":{"@context":"https:\/\/schema.org","@graph":[{"@type":"WebPage","@id":"https:\/\/www.generalkinematics.com\/de\/produkt\/schwerstlast-trennanlagen\/","url":"https:\/\/www.generalkinematics.com\/de\/produkt\/schwerstlast-trennanlagen\/","name":"Schwerstlast \/ Direktantrieb Trennanlagen | General Kinematics","isPartOf":{"@id":"https:\/\/www.generalkinematics.com\/de\/#website"},"primaryImageOfPage":{"@id":"https:\/\/www.generalkinematics.com\/de\/produkt\/schwerstlast-trennanlagen\/#primaryimage"},"image":{"@id":"https:\/\/www.generalkinematics.com\/de\/produkt\/schwerstlast-trennanlagen\/#primaryimage"},"thumbnailUrl":"https:\/\/media.generalkinematics.com\/wp-content\/uploads\/2023\/10\/21-1.jpg","datePublished":"2015-07-26T15:04:48+00:00","dateModified":"2018-08-31T12:47:32+00:00","breadcrumb":{"@id":"https:\/\/www.generalkinematics.com\/de\/produkt\/schwerstlast-trennanlagen\/#breadcrumb"},"inLanguage":"de-DE","potentialAction":[{"@type":"ReadAction","target":["https:\/\/www.generalkinematics.com\/de\/produkt\/schwerstlast-trennanlagen\/"]}]},{"@type":"ImageObject","inLanguage":"de-DE","@id":"https:\/\/www.generalkinematics.com\/de\/produkt\/schwerstlast-trennanlagen\/#primaryimage","url":"https:\/\/media.generalkinematics.com\/wp-content\/uploads\/2023\/10\/21-1.jpg","contentUrl":"https:\/\/media.generalkinematics.com\/wp-content\/uploads\/2023\/10\/21-1.jpg","width":1053,"height":736,"caption":"general-kinematics-brute-force-shakeout"},{"@type":"BreadcrumbList","@id":"https:\/\/www.generalkinematics.com\/de\/produkt\/schwerstlast-trennanlagen\/#breadcrumb","itemListElement":[{"@type":"ListItem","position":1,"name":"GK Home","item":"https:\/\/www.generalkinematics.com\/de\/"},{"@type":"ListItem","position":2,"name":"Shop","item":"https:\/\/www.generalkinematics.com\/shop\/"},{"@type":"ListItem","position":3,"name":"Schwerstlast \/ Direktantrieb Trennanlagen"}]},{"@type":"WebSite","@id":"https:\/\/www.generalkinematics.com\/de\/#website","url":"https:\/\/www.generalkinematics.com\/de\/","name":"General Kinematics","description":"","publisher":{"@id":"https:\/\/www.generalkinematics.com\/de\/#organization"},"potentialAction":[{"@type":"SearchAction","target":{"@type":"EntryPoint","urlTemplate":"https:\/\/www.generalkinematics.com\/de\/?s={search_term_string}"},"query-input":{"@type":"PropertyValueSpecification","valueRequired":true,"valueName":"search_term_string"}}],"inLanguage":"de-DE"},{"@type":"Organization","@id":"https:\/\/www.generalkinematics.com\/de\/#organization","name":"General Kinematics","url":"https:\/\/www.generalkinematics.com\/de\/","logo":{"@type":"ImageObject","inLanguage":"de-DE","@id":"https:\/\/www.generalkinematics.com\/de\/#\/schema\/logo\/image\/","url":"https:\/\/media.generalkinematics.com\/wp-content\/uploads\/2018\/03\/logo.png","contentUrl":"https:\/\/media.generalkinematics.com\/wp-content\/uploads\/2018\/03\/logo.png","width":313,"height":100,"caption":"General Kinematics"},"image":{"@id":"https:\/\/www.generalkinematics.com\/de\/#\/schema\/logo\/image\/"},"sameAs":["https:\/\/www.facebook.com\/generalkinematics","https:\/\/x.com\/gkvibrating"]}]}},"_links":{"self":[{"href":"https:\/\/www.generalkinematics.com\/de\/wp-json\/wp\/v2\/product\/39133","targetHints":{"allow":["GET"]}}],"collection":[{"href":"https:\/\/www.generalkinematics.com\/de\/wp-json\/wp\/v2\/product"}],"about":[{"href":"https:\/\/www.generalkinematics.com\/de\/wp-json\/wp\/v2\/types\/product"}],"replies":[{"embeddable":true,"href":"https:\/\/www.generalkinematics.com\/de\/wp-json\/wp\/v2\/comments?post=39133"}],"wp:featuredmedia":[{"embeddable":true,"href":"https:\/\/www.generalkinematics.com\/de\/wp-json\/wp\/v2\/media\/17735"}],"wp:attachment":[{"href":"https:\/\/www.generalkinematics.com\/de\/wp-json\/wp\/v2\/media?parent=39133"}],"wp:term":[{"taxonomy":"product_brand","embeddable":true,"href":"https:\/\/www.generalkinematics.com\/de\/wp-json\/wp\/v2\/product_brand?post=39133"},{"taxonomy":"product_cat","embeddable":true,"href":"https:\/\/www.generalkinematics.com\/de\/wp-json\/wp\/v2\/product_cat?post=39133"},{"taxonomy":"product_tag","embeddable":true,"href":"https:\/\/www.generalkinematics.com\/de\/wp-json\/wp\/v2\/product_tag?post=39133"}],"curies":[{"name":"wp","href":"https:\/\/api.w.org\/{rel}","templated":true}]}}