{"id":39163,"date":"2015-07-26T10:21:00","date_gmt":"2015-07-26T15:21:00","guid":{"rendered":"https:\/\/www.generalkinematics.com\/product\/ducta-claim-klumpen-drehbrecher-sand-wiederaufbereitungsanlage\/"},"modified":"2018-08-31T08:19:56","modified_gmt":"2018-08-31T13:19:56","slug":"ducta-claim-klumpen-drehbrecher-sand-wiederaufbereitungsanlage","status":"publish","type":"product","link":"https:\/\/www.generalkinematics.com\/de\/produkt\/ducta-claim-klumpen-drehbrecher-sand-wiederaufbereitungsanlage\/","title":{"rendered":"DUCTA-CLAIM\u2122-Klumpen-Drehbrecher \/ Sand-Wiederaufbereitungsanlage"},"content":{"rendered":"<p>General Kinematics <strong>DUCTA-CLAIM\u2122-Dreh-Sandwiederaufbereitungsanlage<\/strong> klassifiziert, trennt, zerkleinert und filtert Sand zur effizienten R\u00fcckgewinnung von Sand entsprechend der Korngr\u00f6\u00dfe. Extra-Heavy Duty-Ausf\u00fchrung, kombiniert mit innovativem Maschinenkonzept, bietet Ihnen eine leistungsstarke Sandwiederaufbereitungsanlage in einem zuverl\u00e4ssigen, wartungsarmen Paket. Der DUCTA-CLAIM\u2122 ist in ma\u00dfgeschneiderten L\u00e4ngen, Durchmessern und Durchs\u00e4tzen erh\u00e4ltlich und kann f\u00fcr den Dauer- oder Chargenbetrieb ausgef\u00fchrt werden.<\/p>\n<h2>Eigenschaften:<\/h2>\n<ul>\n<li>Sand in einer effizienten Drehtrommel klassifizieren, trennen, zerkleinern und filtern.<\/li>\n<li>Verf\u00fcgbar in Standard- und ma\u00dfgeschneiderten Gr\u00f6\u00dfen, um Ihrem Prozessdesign und -durchsatz zu entsprechen.<\/li>\n<li>Heavy Duty-Konstruktion sorgt f\u00fcr einen st\u00f6rungsfreien Betrieb f\u00fcr maximale Verf\u00fcgbarkeit.<\/li>\n<\/ul>\n","protected":false},"excerpt":{"rendered":"<p>General Kinematics DUCTA-CLAIM\u2122-Dreh-Sandwiederaufbereitungsanlage klassifiziert, trennt, zerkleinert und filtert Sand zur effizienten R\u00fcckgewinnung von Sand entsprechend der Korngr\u00f6\u00dfe. Extra-Heavy Duty-Ausf\u00fchrung, kombiniert mit innovativem Maschinenkonzept, bietet Ihnen eine leistungsstarke Sandwiederaufbereitungsanlage in einem zuverl\u00e4ssigen, wartungsarmen Paket. Der DUCTA-CLAIM\u2122 ist in ma\u00dfgeschneiderten L\u00e4ngen, Durchmessern und Durchs\u00e4tzen erh\u00e4ltlich und kann f\u00fcr den Dauer- oder Chargenbetrieb ausgef\u00fchrt werden. Eigenschaften: Sand in [&hellip;]<\/p>\n","protected":false},"featured_media":27471,"comment_status":"closed","ping_status":"closed","template":"","meta":{"_acf_changed":false,"om_disable_all_campaigns":false,"ep_exclude_from_search":false},"product_brand":[],"product_cat":[1778,1769,1777,1779,1780],"product_tag":[],"class_list":{"0":"post-39163","1":"product","2":"type-product","3":"status-publish","4":"has-post-thumbnail","6":"product_cat-ducta-series-modelle","7":"product_cat-lordungen-fuer-giesserei-und-metallguss","8":"product_cat-rotierende-trommeln-und-trennrinnen","9":"product_cat-sandsysteme-sandaufbereitung","10":"product_cat-sandzerkleinerer","12":"first","13":"instock","14":"taxable","15":"shipping-taxable","16":"product-type-simple"},"acf":[],"yoast_head":"<!-- This site is optimized with the Yoast SEO plugin v27.2 - https:\/\/yoast.com\/product\/yoast-seo-wordpress\/ -->\n<title>DUCTA-CLAIM\u2122-Klumpen-Drehbrecher \/ Sand-Wiederaufbereitungsanlage | General Kinematics<\/title>\n<meta name=\"robots\" content=\"index, follow, max-snippet:-1, max-image-preview:large, max-video-preview:-1\" \/>\n<link rel=\"canonical\" href=\"https:\/\/www.generalkinematics.com\/de\/produkt\/ducta-claim-klumpen-drehbrecher-sand-wiederaufbereitungsanlage\/\" \/>\n<meta property=\"og:locale\" content=\"de_DE\" \/>\n<meta property=\"og:type\" content=\"article\" \/>\n<meta property=\"og:title\" content=\"DUCTA-CLAIM\u2122-Klumpen-Drehbrecher \/ Sand-Wiederaufbereitungsanlage | General Kinematics\" \/>\n<meta property=\"og:description\" content=\"General Kinematics DUCTA-CLAIM\u2122-Dreh-Sandwiederaufbereitungsanlage klassifiziert, trennt, zerkleinert und filtert Sand zur effizienten R\u00fcckgewinnung von Sand entsprechend der Korngr\u00f6\u00dfe. Extra-Heavy Duty-Ausf\u00fchrung, kombiniert mit innovativem Maschinenkonzept, bietet Ihnen eine leistungsstarke Sandwiederaufbereitungsanlage in einem zuverl\u00e4ssigen, wartungsarmen Paket. Der DUCTA-CLAIM\u2122 ist in ma\u00dfgeschneiderten L\u00e4ngen, Durchmessern und Durchs\u00e4tzen erh\u00e4ltlich und kann f\u00fcr den Dauer- oder Chargenbetrieb ausgef\u00fchrt werden. Eigenschaften: Sand in [&hellip;]\" \/>\n<meta property=\"og:url\" content=\"https:\/\/www.generalkinematics.com\/de\/produkt\/ducta-claim-klumpen-drehbrecher-sand-wiederaufbereitungsanlage\/\" \/>\n<meta property=\"og:site_name\" content=\"General Kinematics\" \/>\n<meta property=\"article:publisher\" content=\"https:\/\/www.facebook.com\/generalkinematics\" \/>\n<meta property=\"article:modified_time\" content=\"2018-08-31T13:19:56+00:00\" \/>\n<meta property=\"og:image\" content=\"https:\/\/media.generalkinematics.com\/wp-content\/uploads\/2015\/07\/IMG_2952.jpg\" \/>\n\t<meta property=\"og:image:width\" content=\"3264\" \/>\n\t<meta property=\"og:image:height\" content=\"2448\" \/>\n\t<meta property=\"og:image:type\" content=\"image\/jpeg\" \/>\n<meta name=\"twitter:card\" content=\"summary_large_image\" \/>\n<meta name=\"twitter:site\" content=\"@gkvibrating\" \/>\n<meta name=\"twitter:label1\" content=\"Gesch\u00e4tzte Lesezeit\" \/>\n\t<meta name=\"twitter:data1\" content=\"1 Minute\" \/>\n<!-- \/ Yoast SEO plugin. -->","yoast_head_json":{"title":"DUCTA-CLAIM\u2122-Klumpen-Drehbrecher \/ Sand-Wiederaufbereitungsanlage | General Kinematics","robots":{"index":"index","follow":"follow","max-snippet":"max-snippet:-1","max-image-preview":"max-image-preview:large","max-video-preview":"max-video-preview:-1"},"canonical":"https:\/\/www.generalkinematics.com\/de\/produkt\/ducta-claim-klumpen-drehbrecher-sand-wiederaufbereitungsanlage\/","og_locale":"de_DE","og_type":"article","og_title":"DUCTA-CLAIM\u2122-Klumpen-Drehbrecher \/ Sand-Wiederaufbereitungsanlage | General Kinematics","og_description":"General Kinematics DUCTA-CLAIM\u2122-Dreh-Sandwiederaufbereitungsanlage klassifiziert, trennt, zerkleinert und filtert Sand zur effizienten R\u00fcckgewinnung von Sand entsprechend der Korngr\u00f6\u00dfe. Extra-Heavy Duty-Ausf\u00fchrung, kombiniert mit innovativem Maschinenkonzept, bietet Ihnen eine leistungsstarke Sandwiederaufbereitungsanlage in einem zuverl\u00e4ssigen, wartungsarmen Paket. Der DUCTA-CLAIM\u2122 ist in ma\u00dfgeschneiderten L\u00e4ngen, Durchmessern und Durchs\u00e4tzen erh\u00e4ltlich und kann f\u00fcr den Dauer- oder Chargenbetrieb ausgef\u00fchrt werden. Eigenschaften: Sand in [&hellip;]","og_url":"https:\/\/www.generalkinematics.com\/de\/produkt\/ducta-claim-klumpen-drehbrecher-sand-wiederaufbereitungsanlage\/","og_site_name":"General Kinematics","article_publisher":"https:\/\/www.facebook.com\/generalkinematics","article_modified_time":"2018-08-31T13:19:56+00:00","og_image":[{"width":3264,"height":2448,"url":"https:\/\/media.generalkinematics.com\/wp-content\/uploads\/2015\/07\/IMG_2952.jpg","type":"image\/jpeg"}],"twitter_card":"summary_large_image","twitter_site":"@gkvibrating","twitter_misc":{"Gesch\u00e4tzte Lesezeit":"1 Minute"},"schema":{"@context":"https:\/\/schema.org","@graph":[{"@type":"WebPage","@id":"https:\/\/www.generalkinematics.com\/de\/produkt\/ducta-claim-klumpen-drehbrecher-sand-wiederaufbereitungsanlage\/","url":"https:\/\/www.generalkinematics.com\/de\/produkt\/ducta-claim-klumpen-drehbrecher-sand-wiederaufbereitungsanlage\/","name":"DUCTA-CLAIM\u2122-Klumpen-Drehbrecher \/ Sand-Wiederaufbereitungsanlage | General Kinematics","isPartOf":{"@id":"https:\/\/www.generalkinematics.com\/de\/#website"},"primaryImageOfPage":{"@id":"https:\/\/www.generalkinematics.com\/de\/produkt\/ducta-claim-klumpen-drehbrecher-sand-wiederaufbereitungsanlage\/#primaryimage"},"image":{"@id":"https:\/\/www.generalkinematics.com\/de\/produkt\/ducta-claim-klumpen-drehbrecher-sand-wiederaufbereitungsanlage\/#primaryimage"},"thumbnailUrl":"https:\/\/media.generalkinematics.com\/wp-content\/uploads\/2015\/07\/IMG_2952.jpg","datePublished":"2015-07-26T15:21:00+00:00","dateModified":"2018-08-31T13:19:56+00:00","breadcrumb":{"@id":"https:\/\/www.generalkinematics.com\/de\/produkt\/ducta-claim-klumpen-drehbrecher-sand-wiederaufbereitungsanlage\/#breadcrumb"},"inLanguage":"de-DE","potentialAction":[{"@type":"ReadAction","target":["https:\/\/www.generalkinematics.com\/de\/produkt\/ducta-claim-klumpen-drehbrecher-sand-wiederaufbereitungsanlage\/"]}]},{"@type":"ImageObject","inLanguage":"de-DE","@id":"https:\/\/www.generalkinematics.com\/de\/produkt\/ducta-claim-klumpen-drehbrecher-sand-wiederaufbereitungsanlage\/#primaryimage","url":"https:\/\/media.generalkinematics.com\/wp-content\/uploads\/2015\/07\/IMG_2952.jpg","contentUrl":"https:\/\/media.generalkinematics.com\/wp-content\/uploads\/2015\/07\/IMG_2952.jpg","width":3264,"height":2448,"caption":"general-kinematics-lump-crusher"},{"@type":"BreadcrumbList","@id":"https:\/\/www.generalkinematics.com\/de\/produkt\/ducta-claim-klumpen-drehbrecher-sand-wiederaufbereitungsanlage\/#breadcrumb","itemListElement":[{"@type":"ListItem","position":1,"name":"GK Home","item":"https:\/\/www.generalkinematics.com\/de\/"},{"@type":"ListItem","position":2,"name":"Shop","item":"https:\/\/www.generalkinematics.com\/shop\/"},{"@type":"ListItem","position":3,"name":"DUCTA-CLAIM\u2122-Klumpen-Drehbrecher \/ Sand-Wiederaufbereitungsanlage"}]},{"@type":"WebSite","@id":"https:\/\/www.generalkinematics.com\/de\/#website","url":"https:\/\/www.generalkinematics.com\/de\/","name":"General Kinematics","description":"","publisher":{"@id":"https:\/\/www.generalkinematics.com\/de\/#organization"},"potentialAction":[{"@type":"SearchAction","target":{"@type":"EntryPoint","urlTemplate":"https:\/\/www.generalkinematics.com\/de\/?s={search_term_string}"},"query-input":{"@type":"PropertyValueSpecification","valueRequired":true,"valueName":"search_term_string"}}],"inLanguage":"de-DE"},{"@type":"Organization","@id":"https:\/\/www.generalkinematics.com\/de\/#organization","name":"General Kinematics","url":"https:\/\/www.generalkinematics.com\/de\/","logo":{"@type":"ImageObject","inLanguage":"de-DE","@id":"https:\/\/www.generalkinematics.com\/de\/#\/schema\/logo\/image\/","url":"https:\/\/media.generalkinematics.com\/wp-content\/uploads\/2018\/03\/logo.png","contentUrl":"https:\/\/media.generalkinematics.com\/wp-content\/uploads\/2018\/03\/logo.png","width":313,"height":100,"caption":"General Kinematics"},"image":{"@id":"https:\/\/www.generalkinematics.com\/de\/#\/schema\/logo\/image\/"},"sameAs":["https:\/\/www.facebook.com\/generalkinematics","https:\/\/x.com\/gkvibrating"]}]}},"_links":{"self":[{"href":"https:\/\/www.generalkinematics.com\/de\/wp-json\/wp\/v2\/product\/39163","targetHints":{"allow":["GET"]}}],"collection":[{"href":"https:\/\/www.generalkinematics.com\/de\/wp-json\/wp\/v2\/product"}],"about":[{"href":"https:\/\/www.generalkinematics.com\/de\/wp-json\/wp\/v2\/types\/product"}],"replies":[{"embeddable":true,"href":"https:\/\/www.generalkinematics.com\/de\/wp-json\/wp\/v2\/comments?post=39163"}],"wp:featuredmedia":[{"embeddable":true,"href":"https:\/\/www.generalkinematics.com\/de\/wp-json\/wp\/v2\/media\/27471"}],"wp:attachment":[{"href":"https:\/\/www.generalkinematics.com\/de\/wp-json\/wp\/v2\/media?parent=39163"}],"wp:term":[{"taxonomy":"product_brand","embeddable":true,"href":"https:\/\/www.generalkinematics.com\/de\/wp-json\/wp\/v2\/product_brand?post=39163"},{"taxonomy":"product_cat","embeddable":true,"href":"https:\/\/www.generalkinematics.com\/de\/wp-json\/wp\/v2\/product_cat?post=39163"},{"taxonomy":"product_tag","embeddable":true,"href":"https:\/\/www.generalkinematics.com\/de\/wp-json\/wp\/v2\/product_tag?post=39163"}],"curies":[{"name":"wp","href":"https:\/\/api.w.org\/{rel}","templated":true}]}}