{"id":39173,"date":"2015-07-26T10:36:04","date_gmt":"2015-07-26T15:36:04","guid":{"rendered":"https:\/\/www.generalkinematics.com\/product\/ducta-cool-drehtrockner-und-drehkuhltrommel\/"},"modified":"2019-07-30T11:43:10","modified_gmt":"2019-07-30T16:43:10","slug":"ducta-cool-drehtrockner-drehkuhltrommel","status":"publish","type":"product","link":"https:\/\/www.generalkinematics.com\/de\/produkt\/ducta-cool-drehtrockner-drehkuhltrommel\/","title":{"rendered":"DUCTA-COOL\u2122-Drehtrockner und Drehk\u00fchltrommel"},"content":{"rendered":"<p>GKs <strong>DUCTA-COOL\u2122-Drehtrommel<\/strong> kombiniert Sandk\u00fchlung, Sand- und Gussteiltrennung und Gussteilk\u00fchlung in einer effizienten Drehtrommel. Die sanfte Taumelbewegung in Verbindung mit der Luftzirkulation erzeugen einen Verdunstungsk\u00fchleffekt, wodurch die Gussteiltemperaturen w\u00e4hrend der Verarbeitung reduziert werden. Sandklumpen werden vor dem Sieben am Ende der Trommel zerkleinert und gemischt und danach in das Sandsystem zur\u00fcckgef\u00fchrt. Alles in Einem erhalten Sie eine Drehtrocknermaschine mit mehreren Funktionen in einem einfach zu installierenden und zu wartenden Equipment-Paket.<\/p>\n<h2>Eigenschaften:<\/h2>\n<ul>\n<li>Sandk\u00fchlung, Sand- und Gussteiltrennung und Gussteilk\u00fchlung in einer effizienten Drehtrommel.<\/li>\n<li>Drehtrockner und -trommeln sind in Standard- und ma\u00dfgeschneiderten Gr\u00f6\u00dfen erh\u00e4ltlich, um zu Ihrem Prozessdesign und Durchsatz zu passen.<\/li>\n<li>Heavy Duty-Konstruktion sorgt f\u00fcr einen st\u00f6rungsfreien Betrieb f\u00fcr maximale Verf\u00fcgbarkeit.<\/li>\n<\/ul>\n","protected":false},"excerpt":{"rendered":"<p>GKs DUCTA-COOL\u2122-Drehtrommel kombiniert Sandk\u00fchlung, Sand- und Gussteiltrennung und Gussteilk\u00fchlung in einer effizienten Drehtrommel. Die sanfte Taumelbewegung in Verbindung mit der Luftzirkulation erzeugen einen Verdunstungsk\u00fchleffekt, wodurch die Gussteiltemperaturen w\u00e4hrend der Verarbeitung reduziert werden. Sandklumpen werden vor dem Sieben am Ende der Trommel zerkleinert und gemischt und danach in das Sandsystem zur\u00fcckgef\u00fchrt. Alles in Einem erhalten Sie [&hellip;]<\/p>\n","protected":false},"featured_media":54490,"comment_status":"closed","ping_status":"closed","template":"","meta":{"_acf_changed":false,"om_disable_all_campaigns":false,"ep_exclude_from_search":false},"product_brand":[],"product_cat":[1778,1791,1769,1777,1779,1790,1787],"product_tag":[],"class_list":{"0":"post-39173","1":"product","2":"type-product","3":"status-publish","4":"has-post-thumbnail","6":"product_cat-ducta-series-modelle","7":"product_cat-gruensandgiesserei","8":"product_cat-lordungen-fuer-giesserei-und-metallguss","9":"product_cat-rotierende-trommeln-und-trennrinnen","10":"product_cat-sandsysteme-sandaufbereitung","11":"product_cat-vibrations-und-rotationsseparation","12":"product_cat-vibrationstrommeln-und-trennrinnen","14":"first","15":"instock","16":"taxable","17":"shipping-taxable","18":"product-type-simple"},"acf":[],"yoast_head":"<!-- This site is optimized with the Yoast SEO plugin v27.2 - https:\/\/yoast.com\/product\/yoast-seo-wordpress\/ -->\n<title>DUCTA-COOL\u2122-Drehtrockner und Drehk\u00fchltrommel | General Kinematics<\/title>\n<meta name=\"robots\" content=\"index, follow, max-snippet:-1, max-image-preview:large, max-video-preview:-1\" \/>\n<link rel=\"canonical\" href=\"https:\/\/www.generalkinematics.com\/de\/produkt\/ducta-cool-drehtrockner-drehkuhltrommel\/\" \/>\n<meta property=\"og:locale\" content=\"de_DE\" \/>\n<meta property=\"og:type\" content=\"article\" \/>\n<meta property=\"og:title\" content=\"DUCTA-COOL\u2122-Drehtrockner und Drehk\u00fchltrommel | General Kinematics\" \/>\n<meta property=\"og:description\" content=\"GKs DUCTA-COOL\u2122-Drehtrommel kombiniert Sandk\u00fchlung, Sand- und Gussteiltrennung und Gussteilk\u00fchlung in einer effizienten Drehtrommel. Die sanfte Taumelbewegung in Verbindung mit der Luftzirkulation erzeugen einen Verdunstungsk\u00fchleffekt, wodurch die Gussteiltemperaturen w\u00e4hrend der Verarbeitung reduziert werden. Sandklumpen werden vor dem Sieben am Ende der Trommel zerkleinert und gemischt und danach in das Sandsystem zur\u00fcckgef\u00fchrt. Alles in Einem erhalten Sie [&hellip;]\" \/>\n<meta property=\"og:url\" content=\"https:\/\/www.generalkinematics.com\/de\/produkt\/ducta-cool-drehtrockner-drehkuhltrommel\/\" \/>\n<meta property=\"og:site_name\" content=\"General Kinematics\" \/>\n<meta property=\"article:publisher\" content=\"https:\/\/www.facebook.com\/generalkinematics\" \/>\n<meta property=\"article:modified_time\" content=\"2019-07-30T16:43:10+00:00\" \/>\n<meta property=\"og:image\" content=\"https:\/\/media.generalkinematics.com\/wp-content\/uploads\/2025\/03\/Image-2025-03-24T082307.945.jpeg\" \/>\n\t<meta property=\"og:image:width\" content=\"482\" \/>\n\t<meta property=\"og:image:height\" content=\"348\" \/>\n\t<meta property=\"og:image:type\" content=\"image\/jpeg\" \/>\n<meta name=\"twitter:card\" content=\"summary_large_image\" \/>\n<meta name=\"twitter:site\" content=\"@gkvibrating\" \/>\n<meta name=\"twitter:label1\" content=\"Gesch\u00e4tzte Lesezeit\" \/>\n\t<meta name=\"twitter:data1\" content=\"1 Minute\" \/>\n<!-- \/ Yoast SEO plugin. -->","yoast_head_json":{"title":"DUCTA-COOL\u2122-Drehtrockner und Drehk\u00fchltrommel | General Kinematics","robots":{"index":"index","follow":"follow","max-snippet":"max-snippet:-1","max-image-preview":"max-image-preview:large","max-video-preview":"max-video-preview:-1"},"canonical":"https:\/\/www.generalkinematics.com\/de\/produkt\/ducta-cool-drehtrockner-drehkuhltrommel\/","og_locale":"de_DE","og_type":"article","og_title":"DUCTA-COOL\u2122-Drehtrockner und Drehk\u00fchltrommel | General Kinematics","og_description":"GKs DUCTA-COOL\u2122-Drehtrommel kombiniert Sandk\u00fchlung, Sand- und Gussteiltrennung und Gussteilk\u00fchlung in einer effizienten Drehtrommel. Die sanfte Taumelbewegung in Verbindung mit der Luftzirkulation erzeugen einen Verdunstungsk\u00fchleffekt, wodurch die Gussteiltemperaturen w\u00e4hrend der Verarbeitung reduziert werden. Sandklumpen werden vor dem Sieben am Ende der Trommel zerkleinert und gemischt und danach in das Sandsystem zur\u00fcckgef\u00fchrt. Alles in Einem erhalten Sie [&hellip;]","og_url":"https:\/\/www.generalkinematics.com\/de\/produkt\/ducta-cool-drehtrockner-drehkuhltrommel\/","og_site_name":"General Kinematics","article_publisher":"https:\/\/www.facebook.com\/generalkinematics","article_modified_time":"2019-07-30T16:43:10+00:00","og_image":[{"width":482,"height":348,"url":"https:\/\/media.generalkinematics.com\/wp-content\/uploads\/2025\/03\/Image-2025-03-24T082307.945.jpeg","type":"image\/jpeg"}],"twitter_card":"summary_large_image","twitter_site":"@gkvibrating","twitter_misc":{"Gesch\u00e4tzte Lesezeit":"1 Minute"},"schema":{"@context":"https:\/\/schema.org","@graph":[{"@type":"WebPage","@id":"https:\/\/www.generalkinematics.com\/de\/produkt\/ducta-cool-drehtrockner-drehkuhltrommel\/","url":"https:\/\/www.generalkinematics.com\/de\/produkt\/ducta-cool-drehtrockner-drehkuhltrommel\/","name":"DUCTA-COOL\u2122-Drehtrockner und Drehk\u00fchltrommel | General Kinematics","isPartOf":{"@id":"https:\/\/www.generalkinematics.com\/de\/#website"},"primaryImageOfPage":{"@id":"https:\/\/www.generalkinematics.com\/de\/produkt\/ducta-cool-drehtrockner-drehkuhltrommel\/#primaryimage"},"image":{"@id":"https:\/\/www.generalkinematics.com\/de\/produkt\/ducta-cool-drehtrockner-drehkuhltrommel\/#primaryimage"},"thumbnailUrl":"https:\/\/media.generalkinematics.com\/wp-content\/uploads\/2025\/03\/Image-2025-03-24T082307.945.jpeg","datePublished":"2015-07-26T15:36:04+00:00","dateModified":"2019-07-30T16:43:10+00:00","breadcrumb":{"@id":"https:\/\/www.generalkinematics.com\/de\/produkt\/ducta-cool-drehtrockner-drehkuhltrommel\/#breadcrumb"},"inLanguage":"de-DE","potentialAction":[{"@type":"ReadAction","target":["https:\/\/www.generalkinematics.com\/de\/produkt\/ducta-cool-drehtrockner-drehkuhltrommel\/"]}]},{"@type":"ImageObject","inLanguage":"de-DE","@id":"https:\/\/www.generalkinematics.com\/de\/produkt\/ducta-cool-drehtrockner-drehkuhltrommel\/#primaryimage","url":"https:\/\/media.generalkinematics.com\/wp-content\/uploads\/2025\/03\/Image-2025-03-24T082307.945.jpeg","contentUrl":"https:\/\/media.generalkinematics.com\/wp-content\/uploads\/2025\/03\/Image-2025-03-24T082307.945.jpeg","width":482,"height":348},{"@type":"BreadcrumbList","@id":"https:\/\/www.generalkinematics.com\/de\/produkt\/ducta-cool-drehtrockner-drehkuhltrommel\/#breadcrumb","itemListElement":[{"@type":"ListItem","position":1,"name":"GK Home","item":"https:\/\/www.generalkinematics.com\/de\/"},{"@type":"ListItem","position":2,"name":"Shop","item":"https:\/\/www.generalkinematics.com\/shop\/"},{"@type":"ListItem","position":3,"name":"DUCTA-COOL\u2122-Drehtrockner und Drehk\u00fchltrommel"}]},{"@type":"WebSite","@id":"https:\/\/www.generalkinematics.com\/de\/#website","url":"https:\/\/www.generalkinematics.com\/de\/","name":"General Kinematics","description":"","publisher":{"@id":"https:\/\/www.generalkinematics.com\/de\/#organization"},"potentialAction":[{"@type":"SearchAction","target":{"@type":"EntryPoint","urlTemplate":"https:\/\/www.generalkinematics.com\/de\/?s={search_term_string}"},"query-input":{"@type":"PropertyValueSpecification","valueRequired":true,"valueName":"search_term_string"}}],"inLanguage":"de-DE"},{"@type":"Organization","@id":"https:\/\/www.generalkinematics.com\/de\/#organization","name":"General Kinematics","url":"https:\/\/www.generalkinematics.com\/de\/","logo":{"@type":"ImageObject","inLanguage":"de-DE","@id":"https:\/\/www.generalkinematics.com\/de\/#\/schema\/logo\/image\/","url":"https:\/\/media.generalkinematics.com\/wp-content\/uploads\/2018\/03\/logo.png","contentUrl":"https:\/\/media.generalkinematics.com\/wp-content\/uploads\/2018\/03\/logo.png","width":313,"height":100,"caption":"General Kinematics"},"image":{"@id":"https:\/\/www.generalkinematics.com\/de\/#\/schema\/logo\/image\/"},"sameAs":["https:\/\/www.facebook.com\/generalkinematics","https:\/\/x.com\/gkvibrating"]}]}},"_links":{"self":[{"href":"https:\/\/www.generalkinematics.com\/de\/wp-json\/wp\/v2\/product\/39173","targetHints":{"allow":["GET"]}}],"collection":[{"href":"https:\/\/www.generalkinematics.com\/de\/wp-json\/wp\/v2\/product"}],"about":[{"href":"https:\/\/www.generalkinematics.com\/de\/wp-json\/wp\/v2\/types\/product"}],"replies":[{"embeddable":true,"href":"https:\/\/www.generalkinematics.com\/de\/wp-json\/wp\/v2\/comments?post=39173"}],"wp:featuredmedia":[{"embeddable":true,"href":"https:\/\/www.generalkinematics.com\/de\/wp-json\/wp\/v2\/media\/54490"}],"wp:attachment":[{"href":"https:\/\/www.generalkinematics.com\/de\/wp-json\/wp\/v2\/media?parent=39173"}],"wp:term":[{"taxonomy":"product_brand","embeddable":true,"href":"https:\/\/www.generalkinematics.com\/de\/wp-json\/wp\/v2\/product_brand?post=39173"},{"taxonomy":"product_cat","embeddable":true,"href":"https:\/\/www.generalkinematics.com\/de\/wp-json\/wp\/v2\/product_cat?post=39173"},{"taxonomy":"product_tag","embeddable":true,"href":"https:\/\/www.generalkinematics.com\/de\/wp-json\/wp\/v2\/product_tag?post=39173"}],"curies":[{"name":"wp","href":"https:\/\/api.w.org\/{rel}","templated":true}]}}