{"id":39183,"date":"2015-07-26T11:12:21","date_gmt":"2015-07-26T16:12:21","guid":{"rendered":"https:\/\/www.generalkinematics.com\/product\/drehkuhltrommeln\/"},"modified":"2018-08-30T00:27:10","modified_gmt":"2018-08-30T05:27:10","slug":"rotary-cooling-drums-2-2","status":"publish","type":"product","link":"https:\/\/www.generalkinematics.com\/de\/produkt\/rotary-cooling-drums-2-2\/","title":{"rendered":"Drehk\u00fchltrommeln"},"content":{"rendered":"<p>General Kinematics Drehk\u00fchltrommeln reduzieren die Produkttemperaturen effizient durch Umw\u00e4lzen des Materials. Drehk\u00fchltrommeln k\u00f6nnen durch direkte K\u00fchlung mit Umgebungsluft oder gek\u00fchlter Luft oder indirekter K\u00fchlung mit gek\u00fchlter Luft oder Fl\u00fcssigkeit zur K\u00fchlung von Material durch die Zylinderwand konstruiert werden. Jede Trommel wird massgeschneidert entwickelt, um Ihre Prozessspezifikationen zu erf\u00fcllen, und kann als einzelne Einheit oder als integriertes Verarbeitungspaket geliefert werden.<\/p>\n<p>&nbsp;<\/p>\n<h2>Eigenschaften:<\/h2>\n<ul>\n<li>Die Trommel kann je nach Anwendung \u00fcber Kette oder Reibantrieb angetrieben werden.<\/li>\n<li>In Baustahl oder Edelstahl erh\u00e4ltlich.<\/li>\n<li>An Ihre Anwendung angepasste Flug- und Hebeabschnitte im Inneren.<\/li>\n<li>Direkte oder indirekte K\u00fchloptionen.<\/li>\n<li>Erh\u00e4ltlich mit zus\u00e4tzlichen Vibrations-Beschickungs- und Abtransportf\u00f6rderern.<\/li>\n<\/ul>\n","protected":false},"excerpt":{"rendered":"<p>General Kinematics Drehk\u00fchltrommeln reduzieren die Produkttemperaturen effizient durch Umw\u00e4lzen des Materials. Drehk\u00fchltrommeln k\u00f6nnen durch direkte K\u00fchlung mit Umgebungsluft oder gek\u00fchlter Luft oder indirekter K\u00fchlung mit gek\u00fchlter Luft oder Fl\u00fcssigkeit zur K\u00fchlung von Material durch die Zylinderwand konstruiert werden. Jede Trommel wird massgeschneidert entwickelt, um Ihre Prozessspezifikationen zu erf\u00fcllen, und kann als einzelne Einheit oder als [&hellip;]<\/p>\n","protected":false},"featured_media":35336,"comment_status":"closed","ping_status":"closed","template":"","meta":{"_acf_changed":false,"om_disable_all_campaigns":false,"ep_exclude_from_search":false},"product_brand":[],"product_cat":[1778,1769,1777],"product_tag":[],"class_list":{"0":"post-39183","1":"product","2":"type-product","3":"status-publish","4":"has-post-thumbnail","6":"product_cat-ducta-series-modelle","7":"product_cat-lordungen-fuer-giesserei-und-metallguss","8":"product_cat-rotierende-trommeln-und-trennrinnen","10":"first","11":"instock","12":"taxable","13":"shipping-taxable","14":"product-type-simple"},"acf":[],"yoast_head":"<!-- This site is optimized with the Yoast SEO plugin v27.2 - https:\/\/yoast.com\/product\/yoast-seo-wordpress\/ -->\n<title>Drehk\u00fchltrommeln | General Kinematics<\/title>\n<meta name=\"robots\" content=\"index, follow, max-snippet:-1, max-image-preview:large, max-video-preview:-1\" \/>\n<link rel=\"canonical\" href=\"https:\/\/www.generalkinematics.com\/de\/produkt\/rotary-cooling-drums-2-2\/\" \/>\n<meta property=\"og:locale\" content=\"de_DE\" \/>\n<meta property=\"og:type\" content=\"article\" \/>\n<meta property=\"og:title\" content=\"Drehk\u00fchltrommeln | General Kinematics\" \/>\n<meta property=\"og:description\" content=\"General Kinematics Drehk\u00fchltrommeln reduzieren die Produkttemperaturen effizient durch Umw\u00e4lzen des Materials. Drehk\u00fchltrommeln k\u00f6nnen durch direkte K\u00fchlung mit Umgebungsluft oder gek\u00fchlter Luft oder indirekter K\u00fchlung mit gek\u00fchlter Luft oder Fl\u00fcssigkeit zur K\u00fchlung von Material durch die Zylinderwand konstruiert werden. Jede Trommel wird massgeschneidert entwickelt, um Ihre Prozessspezifikationen zu erf\u00fcllen, und kann als einzelne Einheit oder als [&hellip;]\" \/>\n<meta property=\"og:url\" content=\"https:\/\/www.generalkinematics.com\/de\/produkt\/rotary-cooling-drums-2-2\/\" \/>\n<meta property=\"og:site_name\" content=\"General Kinematics\" \/>\n<meta property=\"article:publisher\" content=\"https:\/\/www.facebook.com\/generalkinematics\" \/>\n<meta property=\"article:modified_time\" content=\"2018-08-30T05:27:10+00:00\" \/>\n<meta property=\"og:image\" content=\"https:\/\/www.generalkinematics.com\/wp-content\/uploads\/2015\/07\/cooling-drum.jpg\" \/>\n\t<meta property=\"og:image:width\" content=\"2560\" \/>\n\t<meta property=\"og:image:height\" content=\"1495\" \/>\n\t<meta property=\"og:image:type\" content=\"image\/jpeg\" \/>\n<meta name=\"twitter:card\" content=\"summary_large_image\" \/>\n<meta name=\"twitter:site\" content=\"@gkvibrating\" \/>\n<meta name=\"twitter:label1\" content=\"Gesch\u00e4tzte Lesezeit\" \/>\n\t<meta name=\"twitter:data1\" content=\"1 Minute\" \/>\n<!-- \/ Yoast SEO plugin. -->","yoast_head_json":{"title":"Drehk\u00fchltrommeln | General Kinematics","robots":{"index":"index","follow":"follow","max-snippet":"max-snippet:-1","max-image-preview":"max-image-preview:large","max-video-preview":"max-video-preview:-1"},"canonical":"https:\/\/www.generalkinematics.com\/de\/produkt\/rotary-cooling-drums-2-2\/","og_locale":"de_DE","og_type":"article","og_title":"Drehk\u00fchltrommeln | General Kinematics","og_description":"General Kinematics Drehk\u00fchltrommeln reduzieren die Produkttemperaturen effizient durch Umw\u00e4lzen des Materials. Drehk\u00fchltrommeln k\u00f6nnen durch direkte K\u00fchlung mit Umgebungsluft oder gek\u00fchlter Luft oder indirekter K\u00fchlung mit gek\u00fchlter Luft oder Fl\u00fcssigkeit zur K\u00fchlung von Material durch die Zylinderwand konstruiert werden. Jede Trommel wird massgeschneidert entwickelt, um Ihre Prozessspezifikationen zu erf\u00fcllen, und kann als einzelne Einheit oder als [&hellip;]","og_url":"https:\/\/www.generalkinematics.com\/de\/produkt\/rotary-cooling-drums-2-2\/","og_site_name":"General Kinematics","article_publisher":"https:\/\/www.facebook.com\/generalkinematics","article_modified_time":"2018-08-30T05:27:10+00:00","og_image":[{"width":2560,"height":1495,"url":"https:\/\/www.generalkinematics.com\/wp-content\/uploads\/2015\/07\/cooling-drum.jpg","type":"image\/jpeg"}],"twitter_card":"summary_large_image","twitter_site":"@gkvibrating","twitter_misc":{"Gesch\u00e4tzte Lesezeit":"1 Minute"},"schema":{"@context":"https:\/\/schema.org","@graph":[{"@type":"WebPage","@id":"https:\/\/www.generalkinematics.com\/de\/produkt\/rotary-cooling-drums-2-2\/","url":"https:\/\/www.generalkinematics.com\/de\/produkt\/rotary-cooling-drums-2-2\/","name":"Drehk\u00fchltrommeln | General Kinematics","isPartOf":{"@id":"https:\/\/www.generalkinematics.com\/de\/#website"},"primaryImageOfPage":{"@id":"https:\/\/www.generalkinematics.com\/de\/produkt\/rotary-cooling-drums-2-2\/#primaryimage"},"image":{"@id":"https:\/\/www.generalkinematics.com\/de\/produkt\/rotary-cooling-drums-2-2\/#primaryimage"},"thumbnailUrl":"https:\/\/media.generalkinematics.com\/wp-content\/uploads\/2015\/07\/cooling-drum.jpg","datePublished":"2015-07-26T16:12:21+00:00","dateModified":"2018-08-30T05:27:10+00:00","breadcrumb":{"@id":"https:\/\/www.generalkinematics.com\/de\/produkt\/rotary-cooling-drums-2-2\/#breadcrumb"},"inLanguage":"de-DE","potentialAction":[{"@type":"ReadAction","target":["https:\/\/www.generalkinematics.com\/de\/produkt\/rotary-cooling-drums-2-2\/"]}]},{"@type":"ImageObject","inLanguage":"de-DE","@id":"https:\/\/www.generalkinematics.com\/de\/produkt\/rotary-cooling-drums-2-2\/#primaryimage","url":"https:\/\/media.generalkinematics.com\/wp-content\/uploads\/2015\/07\/cooling-drum.jpg","contentUrl":"https:\/\/media.generalkinematics.com\/wp-content\/uploads\/2015\/07\/cooling-drum.jpg","width":2560,"height":1495,"caption":"Rotary Cooling Drum"},{"@type":"BreadcrumbList","@id":"https:\/\/www.generalkinematics.com\/de\/produkt\/rotary-cooling-drums-2-2\/#breadcrumb","itemListElement":[{"@type":"ListItem","position":1,"name":"GK Home","item":"https:\/\/www.generalkinematics.com\/de\/"},{"@type":"ListItem","position":2,"name":"Shop","item":"https:\/\/www.generalkinematics.com\/shop\/"},{"@type":"ListItem","position":3,"name":"Drehk\u00fchltrommeln"}]},{"@type":"WebSite","@id":"https:\/\/www.generalkinematics.com\/de\/#website","url":"https:\/\/www.generalkinematics.com\/de\/","name":"General Kinematics","description":"","publisher":{"@id":"https:\/\/www.generalkinematics.com\/de\/#organization"},"potentialAction":[{"@type":"SearchAction","target":{"@type":"EntryPoint","urlTemplate":"https:\/\/www.generalkinematics.com\/de\/?s={search_term_string}"},"query-input":{"@type":"PropertyValueSpecification","valueRequired":true,"valueName":"search_term_string"}}],"inLanguage":"de-DE"},{"@type":"Organization","@id":"https:\/\/www.generalkinematics.com\/de\/#organization","name":"General Kinematics","url":"https:\/\/www.generalkinematics.com\/de\/","logo":{"@type":"ImageObject","inLanguage":"de-DE","@id":"https:\/\/www.generalkinematics.com\/de\/#\/schema\/logo\/image\/","url":"https:\/\/media.generalkinematics.com\/wp-content\/uploads\/2018\/03\/logo.png","contentUrl":"https:\/\/media.generalkinematics.com\/wp-content\/uploads\/2018\/03\/logo.png","width":313,"height":100,"caption":"General Kinematics"},"image":{"@id":"https:\/\/www.generalkinematics.com\/de\/#\/schema\/logo\/image\/"},"sameAs":["https:\/\/www.facebook.com\/generalkinematics","https:\/\/x.com\/gkvibrating"]}]}},"_links":{"self":[{"href":"https:\/\/www.generalkinematics.com\/de\/wp-json\/wp\/v2\/product\/39183","targetHints":{"allow":["GET"]}}],"collection":[{"href":"https:\/\/www.generalkinematics.com\/de\/wp-json\/wp\/v2\/product"}],"about":[{"href":"https:\/\/www.generalkinematics.com\/de\/wp-json\/wp\/v2\/types\/product"}],"replies":[{"embeddable":true,"href":"https:\/\/www.generalkinematics.com\/de\/wp-json\/wp\/v2\/comments?post=39183"}],"wp:featuredmedia":[{"embeddable":true,"href":"https:\/\/www.generalkinematics.com\/de\/wp-json\/wp\/v2\/media\/35336"}],"wp:attachment":[{"href":"https:\/\/www.generalkinematics.com\/de\/wp-json\/wp\/v2\/media?parent=39183"}],"wp:term":[{"taxonomy":"product_brand","embeddable":true,"href":"https:\/\/www.generalkinematics.com\/de\/wp-json\/wp\/v2\/product_brand?post=39183"},{"taxonomy":"product_cat","embeddable":true,"href":"https:\/\/www.generalkinematics.com\/de\/wp-json\/wp\/v2\/product_cat?post=39183"},{"taxonomy":"product_tag","embeddable":true,"href":"https:\/\/www.generalkinematics.com\/de\/wp-json\/wp\/v2\/product_tag?post=39183"}],"curies":[{"name":"wp","href":"https:\/\/api.w.org\/{rel}","templated":true}]}}