{"id":39192,"date":"2015-07-26T11:16:39","date_gmt":"2015-07-26T16:16:39","guid":{"rendered":"https:\/\/www.generalkinematics.com\/product\/drehsandsieb\/"},"modified":"2018-08-31T09:18:33","modified_gmt":"2018-08-31T14:18:33","slug":"drehsandsieb","status":"publish","type":"product","link":"https:\/\/www.generalkinematics.com\/de\/produkt\/drehsandsieb\/","title":{"rendered":"Drehsandsieb"},"content":{"rendered":"<p>General Kinematics <strong>DUCTA-SCREEN\u2122-Drehsandsieb<\/strong> mischt und bereitet Sand auf und entfernt gleichzeitig Fremdmetall und Kernst\u00fcmpfe f\u00fcr eine sauberere Sandr\u00fcckf\u00fchrung in Ihr Sandsystem. Zerkleinerter Sand verl\u00e4sst das rotierende Geh\u00e4use und wird auf GKs Vibrations-Sandabnahmeband \u00fcbergeben. Die Entfernung von Sand aus dem Drehgeh\u00e4use erm\u00f6glicht k\u00fchlere Equipment-Temperaturen, was eine erh\u00f6hte Standzeit vom Equipment und den Komponenten bedeutet.<\/p>\n<h2>Eigenschaften:<\/h2>\n<ul>\n<li>GKs Auskleidungen sind einfacher und sicherer zu ersetzen und kosten bis zu 75 % weniger als gegossene Rostsysteme.<\/li>\n<li>Das Trommelgeh\u00e4use ist kein Verschlei\u00dfartikel und erspart Ihnen erhebliche Wartungskosten und Kopfschmerzen.<\/li>\n<li>Die Trommeln werden mit einfach im Handel erh\u00e4ltlichen Komponenten ausgestattet.<\/li>\n<li>Verf\u00fcgbar in Standard- und ma\u00dfgeschneiderten Gr\u00f6\u00dfen, um Ihrem Prozessdesign und -durchsatz zu entsprechen.<\/li>\n<\/ul>\n","protected":false},"excerpt":{"rendered":"<p>General Kinematics DUCTA-SCREEN\u2122-Drehsandsieb mischt und bereitet Sand auf und entfernt gleichzeitig Fremdmetall und Kernst\u00fcmpfe f\u00fcr eine sauberere Sandr\u00fcckf\u00fchrung in Ihr Sandsystem. Zerkleinerter Sand verl\u00e4sst das rotierende Geh\u00e4use und wird auf GKs Vibrations-Sandabnahmeband \u00fcbergeben. Die Entfernung von Sand aus dem Drehgeh\u00e4use erm\u00f6glicht k\u00fchlere Equipment-Temperaturen, was eine erh\u00f6hte Standzeit vom Equipment und den Komponenten bedeutet. Eigenschaften: GKs [&hellip;]<\/p>\n","protected":false},"featured_media":54383,"comment_status":"closed","ping_status":"closed","template":"","meta":{"_acf_changed":false,"om_disable_all_campaigns":false,"ep_exclude_from_search":false},"product_brand":[],"product_cat":[1769,1782,1781,1779],"product_tag":[],"class_list":{"0":"post-39192","1":"product","2":"type-product","3":"status-publish","4":"has-post-thumbnail","6":"product_cat-lordungen-fuer-giesserei-und-metallguss","7":"product_cat-sand-verarbeitung-und-handhabung","8":"product_cat-sandfoerder-und-siebanlagen","9":"product_cat-sandsysteme-sandaufbereitung","11":"first","12":"instock","13":"taxable","14":"shipping-taxable","15":"product-type-simple"},"acf":[],"yoast_head":"<!-- This site is optimized with the Yoast SEO plugin v27.5 - https:\/\/yoast.com\/product\/yoast-seo-wordpress\/ -->\n<title>Drehsandsieb | General Kinematics<\/title>\n<meta name=\"robots\" content=\"index, follow, max-snippet:-1, max-image-preview:large, max-video-preview:-1\" \/>\n<link rel=\"canonical\" href=\"https:\/\/www.generalkinematics.com\/de\/produkt\/drehsandsieb\/\" \/>\n<meta property=\"og:locale\" content=\"de_DE\" \/>\n<meta property=\"og:type\" content=\"article\" \/>\n<meta property=\"og:title\" content=\"Drehsandsieb | General Kinematics\" \/>\n<meta property=\"og:description\" content=\"General Kinematics DUCTA-SCREEN\u2122-Drehsandsieb mischt und bereitet Sand auf und entfernt gleichzeitig Fremdmetall und Kernst\u00fcmpfe f\u00fcr eine sauberere Sandr\u00fcckf\u00fchrung in Ihr Sandsystem. Zerkleinerter Sand verl\u00e4sst das rotierende Geh\u00e4use und wird auf GKs Vibrations-Sandabnahmeband \u00fcbergeben. Die Entfernung von Sand aus dem Drehgeh\u00e4use erm\u00f6glicht k\u00fchlere Equipment-Temperaturen, was eine erh\u00f6hte Standzeit vom Equipment und den Komponenten bedeutet. Eigenschaften: GKs [&hellip;]\" \/>\n<meta property=\"og:url\" content=\"https:\/\/www.generalkinematics.com\/de\/produkt\/drehsandsieb\/\" \/>\n<meta property=\"og:site_name\" content=\"General Kinematics\" \/>\n<meta property=\"article:publisher\" content=\"https:\/\/www.facebook.com\/generalkinematics\" \/>\n<meta property=\"article:modified_time\" content=\"2018-08-31T14:18:33+00:00\" \/>\n<meta property=\"og:image\" content=\"https:\/\/media.generalkinematics.com\/wp-content\/uploads\/2025\/02\/Rotary-Screen_3.png\" \/>\n\t<meta property=\"og:image:width\" content=\"2000\" \/>\n\t<meta property=\"og:image:height\" content=\"1500\" \/>\n\t<meta property=\"og:image:type\" content=\"image\/png\" \/>\n<meta name=\"twitter:card\" content=\"summary_large_image\" \/>\n<meta name=\"twitter:site\" content=\"@gkvibrating\" \/>\n<meta name=\"twitter:label1\" content=\"Gesch\u00e4tzte Lesezeit\" \/>\n\t<meta name=\"twitter:data1\" content=\"1 Minute\" \/>\n<!-- \/ Yoast SEO plugin. -->","yoast_head_json":{"title":"Drehsandsieb | General Kinematics","robots":{"index":"index","follow":"follow","max-snippet":"max-snippet:-1","max-image-preview":"max-image-preview:large","max-video-preview":"max-video-preview:-1"},"canonical":"https:\/\/www.generalkinematics.com\/de\/produkt\/drehsandsieb\/","og_locale":"de_DE","og_type":"article","og_title":"Drehsandsieb | General Kinematics","og_description":"General Kinematics DUCTA-SCREEN\u2122-Drehsandsieb mischt und bereitet Sand auf und entfernt gleichzeitig Fremdmetall und Kernst\u00fcmpfe f\u00fcr eine sauberere Sandr\u00fcckf\u00fchrung in Ihr Sandsystem. Zerkleinerter Sand verl\u00e4sst das rotierende Geh\u00e4use und wird auf GKs Vibrations-Sandabnahmeband \u00fcbergeben. Die Entfernung von Sand aus dem Drehgeh\u00e4use erm\u00f6glicht k\u00fchlere Equipment-Temperaturen, was eine erh\u00f6hte Standzeit vom Equipment und den Komponenten bedeutet. Eigenschaften: GKs [&hellip;]","og_url":"https:\/\/www.generalkinematics.com\/de\/produkt\/drehsandsieb\/","og_site_name":"General Kinematics","article_publisher":"https:\/\/www.facebook.com\/generalkinematics","article_modified_time":"2018-08-31T14:18:33+00:00","og_image":[{"width":2000,"height":1500,"url":"https:\/\/media.generalkinematics.com\/wp-content\/uploads\/2025\/02\/Rotary-Screen_3.png","type":"image\/png"}],"twitter_card":"summary_large_image","twitter_site":"@gkvibrating","twitter_misc":{"Gesch\u00e4tzte Lesezeit":"1 Minute"},"schema":{"@context":"https:\/\/schema.org","@graph":[{"@type":"WebPage","@id":"https:\/\/www.generalkinematics.com\/de\/produkt\/drehsandsieb\/","url":"https:\/\/www.generalkinematics.com\/de\/produkt\/drehsandsieb\/","name":"Drehsandsieb | General Kinematics","isPartOf":{"@id":"https:\/\/www.generalkinematics.com\/de\/#website"},"primaryImageOfPage":{"@id":"https:\/\/www.generalkinematics.com\/de\/produkt\/drehsandsieb\/#primaryimage"},"image":{"@id":"https:\/\/www.generalkinematics.com\/de\/produkt\/drehsandsieb\/#primaryimage"},"thumbnailUrl":"https:\/\/media.generalkinematics.com\/wp-content\/uploads\/2025\/02\/Rotary-Sand-Screener.jpg","datePublished":"2015-07-26T16:16:39+00:00","dateModified":"2018-08-31T14:18:33+00:00","breadcrumb":{"@id":"https:\/\/www.generalkinematics.com\/de\/produkt\/drehsandsieb\/#breadcrumb"},"inLanguage":"de-DE","potentialAction":[{"@type":"ReadAction","target":["https:\/\/www.generalkinematics.com\/de\/produkt\/drehsandsieb\/"]}]},{"@type":"ImageObject","inLanguage":"de-DE","@id":"https:\/\/www.generalkinematics.com\/de\/produkt\/drehsandsieb\/#primaryimage","url":"https:\/\/media.generalkinematics.com\/wp-content\/uploads\/2025\/02\/Rotary-Sand-Screener.jpg","contentUrl":"https:\/\/media.generalkinematics.com\/wp-content\/uploads\/2025\/02\/Rotary-Sand-Screener.jpg","width":2000,"height":1500},{"@type":"BreadcrumbList","@id":"https:\/\/www.generalkinematics.com\/de\/produkt\/drehsandsieb\/#breadcrumb","itemListElement":[{"@type":"ListItem","position":1,"name":"GK Home","item":"https:\/\/www.generalkinematics.com\/de\/"},{"@type":"ListItem","position":2,"name":"Shop","item":"https:\/\/www.generalkinematics.com\/shop\/"},{"@type":"ListItem","position":3,"name":"Drehsandsieb"}]},{"@type":"WebSite","@id":"https:\/\/www.generalkinematics.com\/de\/#website","url":"https:\/\/www.generalkinematics.com\/de\/","name":"General Kinematics","description":"","publisher":{"@id":"https:\/\/www.generalkinematics.com\/de\/#organization"},"potentialAction":[{"@type":"SearchAction","target":{"@type":"EntryPoint","urlTemplate":"https:\/\/www.generalkinematics.com\/de\/?s={search_term_string}"},"query-input":{"@type":"PropertyValueSpecification","valueRequired":true,"valueName":"search_term_string"}}],"inLanguage":"de-DE"},{"@type":"Organization","@id":"https:\/\/www.generalkinematics.com\/de\/#organization","name":"General Kinematics","url":"https:\/\/www.generalkinematics.com\/de\/","logo":{"@type":"ImageObject","inLanguage":"de-DE","@id":"https:\/\/www.generalkinematics.com\/de\/#\/schema\/logo\/image\/","url":"https:\/\/media.generalkinematics.com\/wp-content\/uploads\/2018\/03\/logo.png","contentUrl":"https:\/\/media.generalkinematics.com\/wp-content\/uploads\/2018\/03\/logo.png","width":313,"height":100,"caption":"General Kinematics"},"image":{"@id":"https:\/\/www.generalkinematics.com\/de\/#\/schema\/logo\/image\/"},"sameAs":["https:\/\/www.facebook.com\/generalkinematics","https:\/\/x.com\/gkvibrating"]}]}},"_links":{"self":[{"href":"https:\/\/www.generalkinematics.com\/de\/wp-json\/wp\/v2\/product\/39192","targetHints":{"allow":["GET"]}}],"collection":[{"href":"https:\/\/www.generalkinematics.com\/de\/wp-json\/wp\/v2\/product"}],"about":[{"href":"https:\/\/www.generalkinematics.com\/de\/wp-json\/wp\/v2\/types\/product"}],"replies":[{"embeddable":true,"href":"https:\/\/www.generalkinematics.com\/de\/wp-json\/wp\/v2\/comments?post=39192"}],"wp:featuredmedia":[{"embeddable":true,"href":"https:\/\/www.generalkinematics.com\/de\/wp-json\/wp\/v2\/media\/54383"}],"wp:attachment":[{"href":"https:\/\/www.generalkinematics.com\/de\/wp-json\/wp\/v2\/media?parent=39192"}],"wp:term":[{"taxonomy":"product_brand","embeddable":true,"href":"https:\/\/www.generalkinematics.com\/de\/wp-json\/wp\/v2\/product_brand?post=39192"},{"taxonomy":"product_cat","embeddable":true,"href":"https:\/\/www.generalkinematics.com\/de\/wp-json\/wp\/v2\/product_cat?post=39192"},{"taxonomy":"product_tag","embeddable":true,"href":"https:\/\/www.generalkinematics.com\/de\/wp-json\/wp\/v2\/product_tag?post=39192"}],"curies":[{"name":"wp","href":"https:\/\/api.w.org\/{rel}","templated":true}]}}