{"id":39202,"date":"2015-07-26T11:24:09","date_gmt":"2015-07-26T16:24:09","guid":{"rendered":"https:\/\/www.generalkinematics.com\/product\/sandklassifizieranlagen\/"},"modified":"2018-08-31T08:01:30","modified_gmt":"2018-08-31T13:01:30","slug":"sandklassifizieranlagen","status":"publish","type":"product","link":"https:\/\/www.generalkinematics.com\/de\/produkt\/sandklassifizieranlagen\/","title":{"rendered":"Sandklassifizieranlagen"},"content":{"rendered":"<p>General Kinematics <strong>Sandklassifizieranlagen<\/strong> sortieren Sand nach Korngr\u00f6\u00dfe. Klassifizierungseinheiten trennen Sand nach G\u00fcten, entfernen Staub und entsorgen Abfallsand. Der verbleibende \u201egute\u201c Sand wird gem\u00e4\u00df Korngr\u00f6\u00dfe sortiert und kann dann wieder in das f\u00fcr Ihren Prozess ben\u00f6tigte AFS gemischt werden. Die Luftstr\u00f6mung ist umlaufend, wodurch die Anforderungen an den Beutelraum reduziert werden.<\/p>\n<h2>Eigenschaften:<\/h2>\n<ul>\n<li>Klassifiziert k\u00f6rniges Material gem\u00e4\u00df Gr\u00f6\u00dfe und Dichte.<\/li>\n<li>Stellt eine Produktverteilung aus einem dosierten Fluss bereit.<\/li>\n<li>Mehrfachentladungen erm\u00f6glichen, dass das Produkt in das jeweils erforderliche AFS neu gemischt wird.<\/li>\n<li>Schwerste und Leichtere k\u00f6nnen aus dem Materialstrom entfernt werden.<\/li>\n<li>Die Luft wird umgew\u00e4lzt, so dass nur ein minimales Beutelgeh\u00e4use erforderlich ist.<\/li>\n<li>Kann mit Sandk\u00fchlung und -sieben kombiniert werden.<\/li>\n<\/ul>\n","protected":false},"excerpt":{"rendered":"<p>General Kinematics Sandklassifizieranlagen sortieren Sand nach Korngr\u00f6\u00dfe. Klassifizierungseinheiten trennen Sand nach G\u00fcten, entfernen Staub und entsorgen Abfallsand. Der verbleibende \u201egute\u201c Sand wird gem\u00e4\u00df Korngr\u00f6\u00dfe sortiert und kann dann wieder in das f\u00fcr Ihren Prozess ben\u00f6tigte AFS gemischt werden. Die Luftstr\u00f6mung ist umlaufend, wodurch die Anforderungen an den Beutelraum reduziert werden. Eigenschaften: Klassifiziert k\u00f6rniges Material gem\u00e4\u00df [&hellip;]<\/p>\n","protected":false},"featured_media":22103,"comment_status":"closed","ping_status":"closed","template":"","meta":{"_acf_changed":false,"om_disable_all_campaigns":false,"ep_exclude_from_search":false},"product_brand":[],"product_cat":[1772,1769,1771,1781,1779],"product_tag":[],"class_list":{"0":"post-39202","1":"product","2":"type-product","3":"status-publish","4":"has-post-thumbnail","6":"product_cat-andere-loesungen","7":"product_cat-lordungen-fuer-giesserei-und-metallguss","8":"product_cat-materielhandling","9":"product_cat-sandfoerder-und-siebanlagen","10":"product_cat-sandsysteme-sandaufbereitung","12":"first","13":"instock","14":"taxable","15":"shipping-taxable","16":"product-type-simple"},"acf":[],"yoast_head":"<!-- This site is optimized with the Yoast SEO plugin v27.2 - https:\/\/yoast.com\/product\/yoast-seo-wordpress\/ -->\n<title>Sandklassifizieranlagen | General Kinematics<\/title>\n<meta name=\"robots\" content=\"index, follow, max-snippet:-1, max-image-preview:large, max-video-preview:-1\" \/>\n<link rel=\"canonical\" href=\"https:\/\/www.generalkinematics.com\/de\/produkt\/sandklassifizieranlagen\/\" \/>\n<meta property=\"og:locale\" content=\"de_DE\" \/>\n<meta property=\"og:type\" content=\"article\" \/>\n<meta property=\"og:title\" content=\"Sandklassifizieranlagen | General Kinematics\" \/>\n<meta property=\"og:description\" content=\"General Kinematics Sandklassifizieranlagen sortieren Sand nach Korngr\u00f6\u00dfe. Klassifizierungseinheiten trennen Sand nach G\u00fcten, entfernen Staub und entsorgen Abfallsand. Der verbleibende \u201egute\u201c Sand wird gem\u00e4\u00df Korngr\u00f6\u00dfe sortiert und kann dann wieder in das f\u00fcr Ihren Prozess ben\u00f6tigte AFS gemischt werden. Die Luftstr\u00f6mung ist umlaufend, wodurch die Anforderungen an den Beutelraum reduziert werden. Eigenschaften: Klassifiziert k\u00f6rniges Material gem\u00e4\u00df [&hellip;]\" \/>\n<meta property=\"og:url\" content=\"https:\/\/www.generalkinematics.com\/de\/produkt\/sandklassifizieranlagen\/\" \/>\n<meta property=\"og:site_name\" content=\"General Kinematics\" \/>\n<meta property=\"article:publisher\" content=\"https:\/\/www.facebook.com\/generalkinematics\" \/>\n<meta property=\"article:modified_time\" content=\"2018-08-31T13:01:30+00:00\" \/>\n<meta property=\"og:image\" content=\"https:\/\/media.generalkinematics.com\/wp-content\/uploads\/2015\/07\/sand-classifier-1-1.jpg\" \/>\n\t<meta property=\"og:image:width\" content=\"360\" \/>\n\t<meta property=\"og:image:height\" content=\"402\" \/>\n\t<meta property=\"og:image:type\" content=\"image\/jpeg\" \/>\n<meta name=\"twitter:card\" content=\"summary_large_image\" \/>\n<meta name=\"twitter:site\" content=\"@gkvibrating\" \/>\n<meta name=\"twitter:label1\" content=\"Gesch\u00e4tzte Lesezeit\" \/>\n\t<meta name=\"twitter:data1\" content=\"1 Minute\" \/>\n<!-- \/ Yoast SEO plugin. -->","yoast_head_json":{"title":"Sandklassifizieranlagen | General Kinematics","robots":{"index":"index","follow":"follow","max-snippet":"max-snippet:-1","max-image-preview":"max-image-preview:large","max-video-preview":"max-video-preview:-1"},"canonical":"https:\/\/www.generalkinematics.com\/de\/produkt\/sandklassifizieranlagen\/","og_locale":"de_DE","og_type":"article","og_title":"Sandklassifizieranlagen | General Kinematics","og_description":"General Kinematics Sandklassifizieranlagen sortieren Sand nach Korngr\u00f6\u00dfe. Klassifizierungseinheiten trennen Sand nach G\u00fcten, entfernen Staub und entsorgen Abfallsand. Der verbleibende \u201egute\u201c Sand wird gem\u00e4\u00df Korngr\u00f6\u00dfe sortiert und kann dann wieder in das f\u00fcr Ihren Prozess ben\u00f6tigte AFS gemischt werden. Die Luftstr\u00f6mung ist umlaufend, wodurch die Anforderungen an den Beutelraum reduziert werden. Eigenschaften: Klassifiziert k\u00f6rniges Material gem\u00e4\u00df [&hellip;]","og_url":"https:\/\/www.generalkinematics.com\/de\/produkt\/sandklassifizieranlagen\/","og_site_name":"General Kinematics","article_publisher":"https:\/\/www.facebook.com\/generalkinematics","article_modified_time":"2018-08-31T13:01:30+00:00","og_image":[{"width":360,"height":402,"url":"https:\/\/media.generalkinematics.com\/wp-content\/uploads\/2015\/07\/sand-classifier-1-1.jpg","type":"image\/jpeg"}],"twitter_card":"summary_large_image","twitter_site":"@gkvibrating","twitter_misc":{"Gesch\u00e4tzte Lesezeit":"1 Minute"},"schema":{"@context":"https:\/\/schema.org","@graph":[{"@type":"WebPage","@id":"https:\/\/www.generalkinematics.com\/de\/produkt\/sandklassifizieranlagen\/","url":"https:\/\/www.generalkinematics.com\/de\/produkt\/sandklassifizieranlagen\/","name":"Sandklassifizieranlagen | General Kinematics","isPartOf":{"@id":"https:\/\/www.generalkinematics.com\/de\/#website"},"primaryImageOfPage":{"@id":"https:\/\/www.generalkinematics.com\/de\/produkt\/sandklassifizieranlagen\/#primaryimage"},"image":{"@id":"https:\/\/www.generalkinematics.com\/de\/produkt\/sandklassifizieranlagen\/#primaryimage"},"thumbnailUrl":"https:\/\/media.generalkinematics.com\/wp-content\/uploads\/2015\/07\/sand-classifier-1-1.jpg","datePublished":"2015-07-26T16:24:09+00:00","dateModified":"2018-08-31T13:01:30+00:00","breadcrumb":{"@id":"https:\/\/www.generalkinematics.com\/de\/produkt\/sandklassifizieranlagen\/#breadcrumb"},"inLanguage":"de-DE","potentialAction":[{"@type":"ReadAction","target":["https:\/\/www.generalkinematics.com\/de\/produkt\/sandklassifizieranlagen\/"]}]},{"@type":"ImageObject","inLanguage":"de-DE","@id":"https:\/\/www.generalkinematics.com\/de\/produkt\/sandklassifizieranlagen\/#primaryimage","url":"https:\/\/media.generalkinematics.com\/wp-content\/uploads\/2015\/07\/sand-classifier-1-1.jpg","contentUrl":"https:\/\/media.generalkinematics.com\/wp-content\/uploads\/2015\/07\/sand-classifier-1-1.jpg","width":360,"height":402,"caption":"general-kinematics-sand-classifier"},{"@type":"BreadcrumbList","@id":"https:\/\/www.generalkinematics.com\/de\/produkt\/sandklassifizieranlagen\/#breadcrumb","itemListElement":[{"@type":"ListItem","position":1,"name":"GK Home","item":"https:\/\/www.generalkinematics.com\/de\/"},{"@type":"ListItem","position":2,"name":"Shop","item":"https:\/\/www.generalkinematics.com\/shop\/"},{"@type":"ListItem","position":3,"name":"Sandklassifizieranlagen"}]},{"@type":"WebSite","@id":"https:\/\/www.generalkinematics.com\/de\/#website","url":"https:\/\/www.generalkinematics.com\/de\/","name":"General Kinematics","description":"","publisher":{"@id":"https:\/\/www.generalkinematics.com\/de\/#organization"},"potentialAction":[{"@type":"SearchAction","target":{"@type":"EntryPoint","urlTemplate":"https:\/\/www.generalkinematics.com\/de\/?s={search_term_string}"},"query-input":{"@type":"PropertyValueSpecification","valueRequired":true,"valueName":"search_term_string"}}],"inLanguage":"de-DE"},{"@type":"Organization","@id":"https:\/\/www.generalkinematics.com\/de\/#organization","name":"General Kinematics","url":"https:\/\/www.generalkinematics.com\/de\/","logo":{"@type":"ImageObject","inLanguage":"de-DE","@id":"https:\/\/www.generalkinematics.com\/de\/#\/schema\/logo\/image\/","url":"https:\/\/media.generalkinematics.com\/wp-content\/uploads\/2018\/03\/logo.png","contentUrl":"https:\/\/media.generalkinematics.com\/wp-content\/uploads\/2018\/03\/logo.png","width":313,"height":100,"caption":"General Kinematics"},"image":{"@id":"https:\/\/www.generalkinematics.com\/de\/#\/schema\/logo\/image\/"},"sameAs":["https:\/\/www.facebook.com\/generalkinematics","https:\/\/x.com\/gkvibrating"]}]}},"_links":{"self":[{"href":"https:\/\/www.generalkinematics.com\/de\/wp-json\/wp\/v2\/product\/39202","targetHints":{"allow":["GET"]}}],"collection":[{"href":"https:\/\/www.generalkinematics.com\/de\/wp-json\/wp\/v2\/product"}],"about":[{"href":"https:\/\/www.generalkinematics.com\/de\/wp-json\/wp\/v2\/types\/product"}],"replies":[{"embeddable":true,"href":"https:\/\/www.generalkinematics.com\/de\/wp-json\/wp\/v2\/comments?post=39202"}],"wp:featuredmedia":[{"embeddable":true,"href":"https:\/\/www.generalkinematics.com\/de\/wp-json\/wp\/v2\/media\/22103"}],"wp:attachment":[{"href":"https:\/\/www.generalkinematics.com\/de\/wp-json\/wp\/v2\/media?parent=39202"}],"wp:term":[{"taxonomy":"product_brand","embeddable":true,"href":"https:\/\/www.generalkinematics.com\/de\/wp-json\/wp\/v2\/product_brand?post=39202"},{"taxonomy":"product_cat","embeddable":true,"href":"https:\/\/www.generalkinematics.com\/de\/wp-json\/wp\/v2\/product_cat?post=39202"},{"taxonomy":"product_tag","embeddable":true,"href":"https:\/\/www.generalkinematics.com\/de\/wp-json\/wp\/v2\/product_tag?post=39202"}],"curies":[{"name":"wp","href":"https:\/\/api.w.org\/{rel}","templated":true}]}}