{"id":39221,"date":"2015-07-26T11:37:34","date_gmt":"2015-07-26T16:37:34","guid":{"rendered":"https:\/\/www.generalkinematics.com\/product\/sortierforderer\/"},"modified":"2018-08-31T07:54:49","modified_gmt":"2018-08-31T12:54:49","slug":"sortierforderer","status":"publish","type":"product","link":"https:\/\/www.generalkinematics.com\/de\/produkt\/sortierforderer\/","title":{"rendered":"Sortierf\u00f6rderer"},"content":{"rendered":"<p>General Kinematics <strong>Vibrationssortierf\u00f6rderer<\/strong> f\u00fcr die Verarbeitung nach dem Strahlen bereiten die Gussst\u00fccke f\u00fcr den einfachen Zugriff und das Sortieren vor. GKs patentierte Flachhub-F\u00f6rdertechnik kombiniert mit schallged\u00e4mpften Tr\u00f6gen mit mehreren Bahnen beugt der Erm\u00fcdung der Arbeiter vor und erh\u00f6ht den Gussteildurchsatz.<\/p>\n<p>GKs Vibrationssortierf\u00f6rderer k\u00f6nnen in bestehende Strahlsysteme integriert oder mit unseren kompletten Strahlautomatisierungsl\u00f6sungen f\u00fcr ein schl\u00fcsselfertiges Gussteilsortiersystempaket kombiniert werden, wodurch der Aussto\u00df und die Leistung der Gie\u00dferei garantiert gesteigert werden.<\/p>\n<h2>Vorteile:<\/h2>\n<ul>\n<li>Flache Hubkonstruktionen und schallged\u00e4mpfte Tr\u00f6ge beugen der Erm\u00fcdung der Arbeiter vor.<\/li>\n<li>F\u00f6rdertr\u00f6ge k\u00f6nnen mit mehreren Bahnen konstruiert werden, um Fertigprodukt und Schrott an verschiedene Orte zu verteilen.<\/li>\n<li>Ma\u00dfgeschneiderte Systeme k\u00f6nnen f\u00fcr eine einfache Prozessintegration um bestehende Einrichtungen entworfen werden.<\/li>\n<\/ul>\n","protected":false},"excerpt":{"rendered":"<p>General Kinematics Vibrationssortierf\u00f6rderer f\u00fcr die Verarbeitung nach dem Strahlen bereiten die Gussst\u00fccke f\u00fcr den einfachen Zugriff und das Sortieren vor. GKs patentierte Flachhub-F\u00f6rdertechnik kombiniert mit schallged\u00e4mpften Tr\u00f6gen mit mehreren Bahnen beugt der Erm\u00fcdung der Arbeiter vor und erh\u00f6ht den Gussteildurchsatz. GKs Vibrationssortierf\u00f6rderer k\u00f6nnen in bestehende Strahlsysteme integriert oder mit unseren kompletten Strahlautomatisierungsl\u00f6sungen f\u00fcr ein schl\u00fcsselfertiges [&hellip;]<\/p>\n","protected":false},"featured_media":23163,"comment_status":"closed","ping_status":"closed","template":"","meta":{"_acf_changed":false,"om_disable_all_campaigns":false,"ep_exclude_from_search":false},"product_brand":[],"product_cat":[1791,1774,1769],"product_tag":[],"class_list":{"0":"post-39221","1":"product","2":"type-product","3":"status-publish","4":"has-post-thumbnail","6":"product_cat-gruensandgiesserei","7":"product_cat-loesungen-fuer-die-putzerei","8":"product_cat-lordungen-fuer-giesserei-und-metallguss","10":"first","11":"instock","12":"taxable","13":"shipping-taxable","14":"product-type-simple"},"acf":[],"yoast_head":"<!-- This site is optimized with the Yoast SEO plugin v27.2 - https:\/\/yoast.com\/product\/yoast-seo-wordpress\/ -->\n<title>Sortierf\u00f6rderer | General Kinematics<\/title>\n<meta name=\"robots\" content=\"index, follow, max-snippet:-1, max-image-preview:large, max-video-preview:-1\" \/>\n<link rel=\"canonical\" href=\"https:\/\/www.generalkinematics.com\/de\/produkt\/sortierforderer\/\" \/>\n<meta property=\"og:locale\" content=\"de_DE\" \/>\n<meta property=\"og:type\" content=\"article\" \/>\n<meta property=\"og:title\" content=\"Sortierf\u00f6rderer | General Kinematics\" \/>\n<meta property=\"og:description\" content=\"General Kinematics Vibrationssortierf\u00f6rderer f\u00fcr die Verarbeitung nach dem Strahlen bereiten die Gussst\u00fccke f\u00fcr den einfachen Zugriff und das Sortieren vor. GKs patentierte Flachhub-F\u00f6rdertechnik kombiniert mit schallged\u00e4mpften Tr\u00f6gen mit mehreren Bahnen beugt der Erm\u00fcdung der Arbeiter vor und erh\u00f6ht den Gussteildurchsatz. GKs Vibrationssortierf\u00f6rderer k\u00f6nnen in bestehende Strahlsysteme integriert oder mit unseren kompletten Strahlautomatisierungsl\u00f6sungen f\u00fcr ein schl\u00fcsselfertiges [&hellip;]\" \/>\n<meta property=\"og:url\" content=\"https:\/\/www.generalkinematics.com\/de\/produkt\/sortierforderer\/\" \/>\n<meta property=\"og:site_name\" content=\"General Kinematics\" \/>\n<meta property=\"article:publisher\" content=\"https:\/\/www.facebook.com\/generalkinematics\" \/>\n<meta property=\"article:modified_time\" content=\"2018-08-31T12:54:49+00:00\" \/>\n<meta property=\"og:image\" content=\"https:\/\/www.generalkinematics.com\/wp-content\/uploads\/2015\/07\/IMG_5320.jpg\" \/>\n\t<meta property=\"og:image:width\" content=\"3264\" \/>\n\t<meta property=\"og:image:height\" content=\"2448\" \/>\n\t<meta property=\"og:image:type\" content=\"image\/jpeg\" \/>\n<meta name=\"twitter:card\" content=\"summary_large_image\" \/>\n<meta name=\"twitter:site\" content=\"@gkvibrating\" \/>\n<meta name=\"twitter:label1\" content=\"Gesch\u00e4tzte Lesezeit\" \/>\n\t<meta name=\"twitter:data1\" content=\"1 Minute\" \/>\n<!-- \/ Yoast SEO plugin. -->","yoast_head_json":{"title":"Sortierf\u00f6rderer | General Kinematics","robots":{"index":"index","follow":"follow","max-snippet":"max-snippet:-1","max-image-preview":"max-image-preview:large","max-video-preview":"max-video-preview:-1"},"canonical":"https:\/\/www.generalkinematics.com\/de\/produkt\/sortierforderer\/","og_locale":"de_DE","og_type":"article","og_title":"Sortierf\u00f6rderer | General Kinematics","og_description":"General Kinematics Vibrationssortierf\u00f6rderer f\u00fcr die Verarbeitung nach dem Strahlen bereiten die Gussst\u00fccke f\u00fcr den einfachen Zugriff und das Sortieren vor. GKs patentierte Flachhub-F\u00f6rdertechnik kombiniert mit schallged\u00e4mpften Tr\u00f6gen mit mehreren Bahnen beugt der Erm\u00fcdung der Arbeiter vor und erh\u00f6ht den Gussteildurchsatz. GKs Vibrationssortierf\u00f6rderer k\u00f6nnen in bestehende Strahlsysteme integriert oder mit unseren kompletten Strahlautomatisierungsl\u00f6sungen f\u00fcr ein schl\u00fcsselfertiges [&hellip;]","og_url":"https:\/\/www.generalkinematics.com\/de\/produkt\/sortierforderer\/","og_site_name":"General Kinematics","article_publisher":"https:\/\/www.facebook.com\/generalkinematics","article_modified_time":"2018-08-31T12:54:49+00:00","og_image":[{"width":3264,"height":2448,"url":"https:\/\/www.generalkinematics.com\/wp-content\/uploads\/2015\/07\/IMG_5320.jpg","type":"image\/jpeg"}],"twitter_card":"summary_large_image","twitter_site":"@gkvibrating","twitter_misc":{"Gesch\u00e4tzte Lesezeit":"1 Minute"},"schema":{"@context":"https:\/\/schema.org","@graph":[{"@type":"WebPage","@id":"https:\/\/www.generalkinematics.com\/de\/produkt\/sortierforderer\/","url":"https:\/\/www.generalkinematics.com\/de\/produkt\/sortierforderer\/","name":"Sortierf\u00f6rderer | General Kinematics","isPartOf":{"@id":"https:\/\/www.generalkinematics.com\/de\/#website"},"primaryImageOfPage":{"@id":"https:\/\/www.generalkinematics.com\/de\/produkt\/sortierforderer\/#primaryimage"},"image":{"@id":"https:\/\/www.generalkinematics.com\/de\/produkt\/sortierforderer\/#primaryimage"},"thumbnailUrl":"https:\/\/media.generalkinematics.com\/wp-content\/uploads\/2015\/07\/IMG_5320.jpg","datePublished":"2015-07-26T16:37:34+00:00","dateModified":"2018-08-31T12:54:49+00:00","breadcrumb":{"@id":"https:\/\/www.generalkinematics.com\/de\/produkt\/sortierforderer\/#breadcrumb"},"inLanguage":"de-DE","potentialAction":[{"@type":"ReadAction","target":["https:\/\/www.generalkinematics.com\/de\/produkt\/sortierforderer\/"]}]},{"@type":"ImageObject","inLanguage":"de-DE","@id":"https:\/\/www.generalkinematics.com\/de\/produkt\/sortierforderer\/#primaryimage","url":"https:\/\/media.generalkinematics.com\/wp-content\/uploads\/2015\/07\/IMG_5320.jpg","contentUrl":"https:\/\/media.generalkinematics.com\/wp-content\/uploads\/2015\/07\/IMG_5320.jpg","width":3264,"height":2448,"caption":"general-kinematics-sorting-conveyor"},{"@type":"BreadcrumbList","@id":"https:\/\/www.generalkinematics.com\/de\/produkt\/sortierforderer\/#breadcrumb","itemListElement":[{"@type":"ListItem","position":1,"name":"GK Home","item":"https:\/\/www.generalkinematics.com\/de\/"},{"@type":"ListItem","position":2,"name":"Shop","item":"https:\/\/www.generalkinematics.com\/shop\/"},{"@type":"ListItem","position":3,"name":"Sortierf\u00f6rderer"}]},{"@type":"WebSite","@id":"https:\/\/www.generalkinematics.com\/de\/#website","url":"https:\/\/www.generalkinematics.com\/de\/","name":"General Kinematics","description":"","publisher":{"@id":"https:\/\/www.generalkinematics.com\/de\/#organization"},"potentialAction":[{"@type":"SearchAction","target":{"@type":"EntryPoint","urlTemplate":"https:\/\/www.generalkinematics.com\/de\/?s={search_term_string}"},"query-input":{"@type":"PropertyValueSpecification","valueRequired":true,"valueName":"search_term_string"}}],"inLanguage":"de-DE"},{"@type":"Organization","@id":"https:\/\/www.generalkinematics.com\/de\/#organization","name":"General Kinematics","url":"https:\/\/www.generalkinematics.com\/de\/","logo":{"@type":"ImageObject","inLanguage":"de-DE","@id":"https:\/\/www.generalkinematics.com\/de\/#\/schema\/logo\/image\/","url":"https:\/\/media.generalkinematics.com\/wp-content\/uploads\/2018\/03\/logo.png","contentUrl":"https:\/\/media.generalkinematics.com\/wp-content\/uploads\/2018\/03\/logo.png","width":313,"height":100,"caption":"General Kinematics"},"image":{"@id":"https:\/\/www.generalkinematics.com\/de\/#\/schema\/logo\/image\/"},"sameAs":["https:\/\/www.facebook.com\/generalkinematics","https:\/\/x.com\/gkvibrating"]}]}},"_links":{"self":[{"href":"https:\/\/www.generalkinematics.com\/de\/wp-json\/wp\/v2\/product\/39221","targetHints":{"allow":["GET"]}}],"collection":[{"href":"https:\/\/www.generalkinematics.com\/de\/wp-json\/wp\/v2\/product"}],"about":[{"href":"https:\/\/www.generalkinematics.com\/de\/wp-json\/wp\/v2\/types\/product"}],"replies":[{"embeddable":true,"href":"https:\/\/www.generalkinematics.com\/de\/wp-json\/wp\/v2\/comments?post=39221"}],"wp:featuredmedia":[{"embeddable":true,"href":"https:\/\/www.generalkinematics.com\/de\/wp-json\/wp\/v2\/media\/23163"}],"wp:attachment":[{"href":"https:\/\/www.generalkinematics.com\/de\/wp-json\/wp\/v2\/media?parent=39221"}],"wp:term":[{"taxonomy":"product_brand","embeddable":true,"href":"https:\/\/www.generalkinematics.com\/de\/wp-json\/wp\/v2\/product_brand?post=39221"},{"taxonomy":"product_cat","embeddable":true,"href":"https:\/\/www.generalkinematics.com\/de\/wp-json\/wp\/v2\/product_cat?post=39221"},{"taxonomy":"product_tag","embeddable":true,"href":"https:\/\/www.generalkinematics.com\/de\/wp-json\/wp\/v2\/product_tag?post=39221"}],"curies":[{"name":"wp","href":"https:\/\/api.w.org\/{rel}","templated":true}]}}