{"id":39231,"date":"2015-07-26T12:09:37","date_gmt":"2015-07-26T17:09:37","guid":{"rendered":"https:\/\/www.generalkinematics.com\/product\/spira-flow-wendelforderer\/"},"modified":"2018-08-31T08:00:32","modified_gmt":"2018-08-31T13:00:32","slug":"wendelforderer","status":"publish","type":"product","link":"https:\/\/www.generalkinematics.com\/de\/produkt\/wendelforderer\/","title":{"rendered":"SPIRA-FLOW\u2122-Wendelf\u00f6rderer"},"content":{"rendered":"<p>General Kinematics <strong>SPIRA-FLOW\u2122-Vibrationswendelf\u00f6rderer<\/strong> bieten eine un\u00fcbertroffene Leistung mit zus\u00e4tzlichen Prozesseigenschaften. GK-Wendelf\u00f6rderer sind in unendlichen L\u00e4ngen und H\u00f6hen erh\u00e4ltlich und werden f\u00fcr Ihre spezifische Anwendung ma\u00dfgeschneidert.<\/p>\n<p>Technisch fortschrittliche Vibrationswendelf\u00f6rderer sind mehr als nur ein Aufzug f\u00fcr Ihr Produkt. SPIRA-FLOW\u2122-Vibrationswendelf\u00f6rderer k\u00f6nnen f\u00fcr direktes oder indirektes Trocknen, direkte oder indirekte K\u00fchlung, Beschichtung und Materialtransport nach oben oder unten ausgef\u00fchrt werden. Verf\u00fcgbar in Edelstahl oder Baustahl, offen oder geschlossen, sind der GK-Wendel keine Grenzen gesetzt.<\/p>\n<p>Die Gie\u00dferei-Anwendungen umfassen Sand, kleine Gussst\u00fccke, Strahlgut, Anguss, Kerne, Medien und vieles mehr.<\/p>\n<h2>Vorteile:<\/h2>\n<ul>\n<li>Variabler Force-Antrieb erm\u00f6glicht eine einfache Anpassung der Geschwindigkeit und der Verweilzeit.<\/li>\n<li>Die Wendeln k\u00f6nnen, abh\u00e4ngig von Ihren Produkt- und Umweltanforderungen, offen oder ganz geschlossen sein.<\/li>\n<li>Optionale Verarbeitungsfunktionen wie Erhitzen, K\u00fchlen, Trocknen, Beschichten und vieles mehr erm\u00f6glichen die Verarbeitung mehrerer Materialien in einer kompakten Maschine.<\/li>\n<\/ul>\n","protected":false},"excerpt":{"rendered":"<p>General Kinematics SPIRA-FLOW\u2122-Vibrationswendelf\u00f6rderer bieten eine un\u00fcbertroffene Leistung mit zus\u00e4tzlichen Prozesseigenschaften. GK-Wendelf\u00f6rderer sind in unendlichen L\u00e4ngen und H\u00f6hen erh\u00e4ltlich und werden f\u00fcr Ihre spezifische Anwendung ma\u00dfgeschneidert. Technisch fortschrittliche Vibrationswendelf\u00f6rderer sind mehr als nur ein Aufzug f\u00fcr Ihr Produkt. SPIRA-FLOW\u2122-Vibrationswendelf\u00f6rderer k\u00f6nnen f\u00fcr direktes oder indirektes Trocknen, direkte oder indirekte K\u00fchlung, Beschichtung und Materialtransport nach oben oder unten [&hellip;]<\/p>\n","protected":false},"featured_media":23171,"comment_status":"closed","ping_status":"closed","template":"","meta":{"_acf_changed":false,"om_disable_all_campaigns":false,"ep_exclude_from_search":false},"product_brand":[],"product_cat":[1791,1769,1771],"product_tag":[],"class_list":{"0":"post-39231","1":"product","2":"type-product","3":"status-publish","4":"has-post-thumbnail","6":"product_cat-gruensandgiesserei","7":"product_cat-lordungen-fuer-giesserei-und-metallguss","8":"product_cat-materielhandling","10":"first","11":"instock","12":"taxable","13":"shipping-taxable","14":"product-type-simple"},"acf":[],"yoast_head":"<!-- This site is optimized with the Yoast SEO plugin v27.2 - https:\/\/yoast.com\/product\/yoast-seo-wordpress\/ -->\n<title>SPIRA-FLOW\u2122-Wendelf\u00f6rderer | General Kinematics<\/title>\n<meta name=\"robots\" content=\"index, follow, max-snippet:-1, max-image-preview:large, max-video-preview:-1\" \/>\n<link rel=\"canonical\" href=\"https:\/\/www.generalkinematics.com\/de\/produkt\/wendelforderer\/\" \/>\n<meta property=\"og:locale\" content=\"de_DE\" \/>\n<meta property=\"og:type\" content=\"article\" \/>\n<meta property=\"og:title\" content=\"SPIRA-FLOW\u2122-Wendelf\u00f6rderer | General Kinematics\" \/>\n<meta property=\"og:description\" content=\"General Kinematics SPIRA-FLOW\u2122-Vibrationswendelf\u00f6rderer bieten eine un\u00fcbertroffene Leistung mit zus\u00e4tzlichen Prozesseigenschaften. GK-Wendelf\u00f6rderer sind in unendlichen L\u00e4ngen und H\u00f6hen erh\u00e4ltlich und werden f\u00fcr Ihre spezifische Anwendung ma\u00dfgeschneidert. Technisch fortschrittliche Vibrationswendelf\u00f6rderer sind mehr als nur ein Aufzug f\u00fcr Ihr Produkt. SPIRA-FLOW\u2122-Vibrationswendelf\u00f6rderer k\u00f6nnen f\u00fcr direktes oder indirektes Trocknen, direkte oder indirekte K\u00fchlung, Beschichtung und Materialtransport nach oben oder unten [&hellip;]\" \/>\n<meta property=\"og:url\" content=\"https:\/\/www.generalkinematics.com\/de\/produkt\/wendelforderer\/\" \/>\n<meta property=\"og:site_name\" content=\"General Kinematics\" \/>\n<meta property=\"article:publisher\" content=\"https:\/\/www.facebook.com\/generalkinematics\" \/>\n<meta property=\"article:modified_time\" content=\"2018-08-31T13:00:32+00:00\" \/>\n<meta property=\"og:image\" content=\"https:\/\/media.generalkinematics.com\/wp-content\/uploads\/2015\/07\/spiral-1.png\" \/>\n\t<meta property=\"og:image:width\" content=\"640\" \/>\n\t<meta property=\"og:image:height\" content=\"480\" \/>\n\t<meta property=\"og:image:type\" content=\"image\/jpeg\" \/>\n<meta name=\"twitter:card\" content=\"summary_large_image\" \/>\n<meta name=\"twitter:site\" content=\"@gkvibrating\" \/>\n<meta name=\"twitter:label1\" content=\"Gesch\u00e4tzte Lesezeit\" \/>\n\t<meta name=\"twitter:data1\" content=\"1 Minute\" \/>\n<!-- \/ Yoast SEO plugin. -->","yoast_head_json":{"title":"SPIRA-FLOW\u2122-Wendelf\u00f6rderer | General Kinematics","robots":{"index":"index","follow":"follow","max-snippet":"max-snippet:-1","max-image-preview":"max-image-preview:large","max-video-preview":"max-video-preview:-1"},"canonical":"https:\/\/www.generalkinematics.com\/de\/produkt\/wendelforderer\/","og_locale":"de_DE","og_type":"article","og_title":"SPIRA-FLOW\u2122-Wendelf\u00f6rderer | General Kinematics","og_description":"General Kinematics SPIRA-FLOW\u2122-Vibrationswendelf\u00f6rderer bieten eine un\u00fcbertroffene Leistung mit zus\u00e4tzlichen Prozesseigenschaften. GK-Wendelf\u00f6rderer sind in unendlichen L\u00e4ngen und H\u00f6hen erh\u00e4ltlich und werden f\u00fcr Ihre spezifische Anwendung ma\u00dfgeschneidert. Technisch fortschrittliche Vibrationswendelf\u00f6rderer sind mehr als nur ein Aufzug f\u00fcr Ihr Produkt. SPIRA-FLOW\u2122-Vibrationswendelf\u00f6rderer k\u00f6nnen f\u00fcr direktes oder indirektes Trocknen, direkte oder indirekte K\u00fchlung, Beschichtung und Materialtransport nach oben oder unten [&hellip;]","og_url":"https:\/\/www.generalkinematics.com\/de\/produkt\/wendelforderer\/","og_site_name":"General Kinematics","article_publisher":"https:\/\/www.facebook.com\/generalkinematics","article_modified_time":"2018-08-31T13:00:32+00:00","og_image":[{"width":640,"height":480,"url":"https:\/\/media.generalkinematics.com\/wp-content\/uploads\/2015\/07\/spiral-1.png","type":"image\/jpeg"}],"twitter_card":"summary_large_image","twitter_site":"@gkvibrating","twitter_misc":{"Gesch\u00e4tzte Lesezeit":"1 Minute"},"schema":{"@context":"https:\/\/schema.org","@graph":[{"@type":"WebPage","@id":"https:\/\/www.generalkinematics.com\/de\/produkt\/wendelforderer\/","url":"https:\/\/www.generalkinematics.com\/de\/produkt\/wendelforderer\/","name":"SPIRA-FLOW\u2122-Wendelf\u00f6rderer | General Kinematics","isPartOf":{"@id":"https:\/\/www.generalkinematics.com\/de\/#website"},"primaryImageOfPage":{"@id":"https:\/\/www.generalkinematics.com\/de\/produkt\/wendelforderer\/#primaryimage"},"image":{"@id":"https:\/\/www.generalkinematics.com\/de\/produkt\/wendelforderer\/#primaryimage"},"thumbnailUrl":"https:\/\/media.generalkinematics.com\/wp-content\/uploads\/2015\/07\/spiral-1.png","datePublished":"2015-07-26T17:09:37+00:00","dateModified":"2018-08-31T13:00:32+00:00","breadcrumb":{"@id":"https:\/\/www.generalkinematics.com\/de\/produkt\/wendelforderer\/#breadcrumb"},"inLanguage":"de-DE","potentialAction":[{"@type":"ReadAction","target":["https:\/\/www.generalkinematics.com\/de\/produkt\/wendelforderer\/"]}]},{"@type":"ImageObject","inLanguage":"de-DE","@id":"https:\/\/www.generalkinematics.com\/de\/produkt\/wendelforderer\/#primaryimage","url":"https:\/\/media.generalkinematics.com\/wp-content\/uploads\/2015\/07\/spiral-1.png","contentUrl":"https:\/\/media.generalkinematics.com\/wp-content\/uploads\/2015\/07\/spiral-1.png","width":640,"height":480,"caption":"general-kinematics-spiral-conveyor"},{"@type":"BreadcrumbList","@id":"https:\/\/www.generalkinematics.com\/de\/produkt\/wendelforderer\/#breadcrumb","itemListElement":[{"@type":"ListItem","position":1,"name":"GK Home","item":"https:\/\/www.generalkinematics.com\/de\/"},{"@type":"ListItem","position":2,"name":"Shop","item":"https:\/\/www.generalkinematics.com\/shop\/"},{"@type":"ListItem","position":3,"name":"SPIRA-FLOW\u2122-Wendelf\u00f6rderer"}]},{"@type":"WebSite","@id":"https:\/\/www.generalkinematics.com\/de\/#website","url":"https:\/\/www.generalkinematics.com\/de\/","name":"General Kinematics","description":"","publisher":{"@id":"https:\/\/www.generalkinematics.com\/de\/#organization"},"potentialAction":[{"@type":"SearchAction","target":{"@type":"EntryPoint","urlTemplate":"https:\/\/www.generalkinematics.com\/de\/?s={search_term_string}"},"query-input":{"@type":"PropertyValueSpecification","valueRequired":true,"valueName":"search_term_string"}}],"inLanguage":"de-DE"},{"@type":"Organization","@id":"https:\/\/www.generalkinematics.com\/de\/#organization","name":"General Kinematics","url":"https:\/\/www.generalkinematics.com\/de\/","logo":{"@type":"ImageObject","inLanguage":"de-DE","@id":"https:\/\/www.generalkinematics.com\/de\/#\/schema\/logo\/image\/","url":"https:\/\/media.generalkinematics.com\/wp-content\/uploads\/2018\/03\/logo.png","contentUrl":"https:\/\/media.generalkinematics.com\/wp-content\/uploads\/2018\/03\/logo.png","width":313,"height":100,"caption":"General Kinematics"},"image":{"@id":"https:\/\/www.generalkinematics.com\/de\/#\/schema\/logo\/image\/"},"sameAs":["https:\/\/www.facebook.com\/generalkinematics","https:\/\/x.com\/gkvibrating"]}]}},"_links":{"self":[{"href":"https:\/\/www.generalkinematics.com\/de\/wp-json\/wp\/v2\/product\/39231","targetHints":{"allow":["GET"]}}],"collection":[{"href":"https:\/\/www.generalkinematics.com\/de\/wp-json\/wp\/v2\/product"}],"about":[{"href":"https:\/\/www.generalkinematics.com\/de\/wp-json\/wp\/v2\/types\/product"}],"replies":[{"embeddable":true,"href":"https:\/\/www.generalkinematics.com\/de\/wp-json\/wp\/v2\/comments?post=39231"}],"wp:featuredmedia":[{"embeddable":true,"href":"https:\/\/www.generalkinematics.com\/de\/wp-json\/wp\/v2\/media\/23171"}],"wp:attachment":[{"href":"https:\/\/www.generalkinematics.com\/de\/wp-json\/wp\/v2\/media?parent=39231"}],"wp:term":[{"taxonomy":"product_brand","embeddable":true,"href":"https:\/\/www.generalkinematics.com\/de\/wp-json\/wp\/v2\/product_brand?post=39231"},{"taxonomy":"product_cat","embeddable":true,"href":"https:\/\/www.generalkinematics.com\/de\/wp-json\/wp\/v2\/product_cat?post=39231"},{"taxonomy":"product_tag","embeddable":true,"href":"https:\/\/www.generalkinematics.com\/de\/wp-json\/wp\/v2\/product_tag?post=39231"}],"curies":[{"name":"wp","href":"https:\/\/api.w.org\/{rel}","templated":true}]}}