{"id":39259,"date":"2015-07-26T12:44:29","date_gmt":"2015-07-26T17:44:29","guid":{"rendered":"https:\/\/www.generalkinematics.com\/product\/gussteilkuhl-vibrationsforderer\/"},"modified":"2019-02-05T22:40:08","modified_gmt":"2019-02-06T04:40:08","slug":"gussteilkuhl-vibrationsforderer","status":"publish","type":"product","link":"https:\/\/www.generalkinematics.com\/de\/produkt\/gussteilkuhl-vibrationsforderer\/","title":{"rendered":"Gussteilk\u00fchl-Vibrationsf\u00f6rderer"},"content":{"rendered":"<p><strong>Gussteilk\u00fchl-Vibrationsf\u00f6rderer<\/strong> von General Kinematics f\u00f6rdern und k\u00fchlen Gussteile schonend. Ma\u00dfgeschneiderte K\u00fchlf\u00f6rderer k\u00f6nnen komplette Abdeckungen, Luftbehandlungssysteme, Hubsteuerung und mehr vieles beinhalten. General Kinematics Vibrationsf\u00f6rderer wurden speziell entwickelt und abgestimmt, um in der N\u00e4he ihrer Eigenfrequenz zu laufen. Durch diese Bauweise k\u00f6nnen die Vibrationseinheiten so betrieben werden, dass 90 % der Kraft, die f\u00fcr die Bewegung Ihres Produkts erforderlich ist, auf nat\u00fcrliche Art und Weise erzeugt wird. Die restlichen 10 % werden mit einem leistungsf\u00e4higen Antriebssystem von General Kinematics mit geringer Leistung geliefert.<\/p>\n<p>Gussteil-Vibrationsk\u00fchlf\u00f6rderer k\u00f6nnen in unendlichen L\u00e4ngen und Breiten hergestellt werden. F\u00fcr Anwendungen mit eingeschr\u00e4nktem Platzangebot, sehen Sie sich unsere <a href=\"https:\/\/www.generalkinematics.com\/de\/produkt\/gussteil-kuhlspiralen\/\" target=\"_blank\" rel=\"noopener\">SPIRA-COOL\u00ae-Gussteil-K\u00fchlspiralen<\/a> an.<\/p>\n<h2>Eigenschaften:<\/h2>\n<ul>\n<li>Ma\u00dfgeschneidert gebaut, um Ihre Prozessziele zu erf\u00fcllen.<\/li>\n<li>Ausgewogene oder unsymmetrische Ausf\u00fchrungen verf\u00fcgbar.<\/li>\n<li>Extra-Heavy Duty Bauweise f\u00fcr jahrelangen problemlosen Betrieb.<\/li>\n<\/ul>\n","protected":false},"excerpt":{"rendered":"<p>Gussteilk\u00fchl-Vibrationsf\u00f6rderer von General Kinematics f\u00f6rdern und k\u00fchlen Gussteile schonend. Ma\u00dfgeschneiderte K\u00fchlf\u00f6rderer k\u00f6nnen komplette Abdeckungen, Luftbehandlungssysteme, Hubsteuerung und mehr vieles beinhalten. General Kinematics Vibrationsf\u00f6rderer wurden speziell entwickelt und abgestimmt, um in der N\u00e4he ihrer Eigenfrequenz zu laufen. Durch diese Bauweise k\u00f6nnen die Vibrationseinheiten so betrieben werden, dass 90 % der Kraft, die f\u00fcr die Bewegung Ihres [&hellip;]<\/p>\n","protected":false},"featured_media":19423,"comment_status":"closed","ping_status":"closed","template":"","meta":{"_acf_changed":false,"om_disable_all_campaigns":false,"ep_exclude_from_search":false},"product_brand":[],"product_cat":[1773,1770,1769],"product_tag":[],"class_list":{"0":"post-39259","1":"product","2":"type-product","3":"status-publish","4":"has-post-thumbnail","6":"casestudytag-casting-cooling-conveyor-de","7":"product_cat-gusskuehlausruestung","8":"product_cat-gusskuehlung","9":"product_cat-lordungen-fuer-giesserei-und-metallguss","11":"first","12":"instock","13":"taxable","14":"shipping-taxable","15":"product-type-simple"},"acf":[],"yoast_head":"<!-- This site is optimized with the Yoast SEO plugin v27.2 - https:\/\/yoast.com\/product\/yoast-seo-wordpress\/ -->\n<title>Gussteilk\u00fchl-Vibrationsf\u00f6rderer | General Kinematics<\/title>\n<meta name=\"robots\" content=\"index, follow, max-snippet:-1, max-image-preview:large, max-video-preview:-1\" \/>\n<link rel=\"canonical\" href=\"https:\/\/www.generalkinematics.com\/de\/produkt\/gussteilkuhl-vibrationsforderer\/\" \/>\n<meta property=\"og:locale\" content=\"de_DE\" \/>\n<meta property=\"og:type\" content=\"article\" \/>\n<meta property=\"og:title\" content=\"Gussteilk\u00fchl-Vibrationsf\u00f6rderer | General Kinematics\" \/>\n<meta property=\"og:description\" content=\"Gussteilk\u00fchl-Vibrationsf\u00f6rderer von General Kinematics f\u00f6rdern und k\u00fchlen Gussteile schonend. Ma\u00dfgeschneiderte K\u00fchlf\u00f6rderer k\u00f6nnen komplette Abdeckungen, Luftbehandlungssysteme, Hubsteuerung und mehr vieles beinhalten. General Kinematics Vibrationsf\u00f6rderer wurden speziell entwickelt und abgestimmt, um in der N\u00e4he ihrer Eigenfrequenz zu laufen. Durch diese Bauweise k\u00f6nnen die Vibrationseinheiten so betrieben werden, dass 90 % der Kraft, die f\u00fcr die Bewegung Ihres [&hellip;]\" \/>\n<meta property=\"og:url\" content=\"https:\/\/www.generalkinematics.com\/de\/produkt\/gussteilkuhl-vibrationsforderer\/\" \/>\n<meta property=\"og:site_name\" content=\"General Kinematics\" \/>\n<meta property=\"article:publisher\" content=\"https:\/\/www.facebook.com\/generalkinematics\" \/>\n<meta property=\"article:modified_time\" content=\"2019-02-06T04:40:08+00:00\" \/>\n<meta property=\"og:image\" content=\"https:\/\/media.generalkinematics.com\/wp-content\/uploads\/casting-cooling-1-e1594916860119.jpg\" \/>\n\t<meta property=\"og:image:width\" content=\"390\" \/>\n\t<meta property=\"og:image:height\" content=\"263\" \/>\n\t<meta property=\"og:image:type\" content=\"image\/jpeg\" \/>\n<meta name=\"twitter:card\" content=\"summary_large_image\" \/>\n<meta name=\"twitter:site\" content=\"@gkvibrating\" \/>\n<meta name=\"twitter:label1\" content=\"Gesch\u00e4tzte Lesezeit\" \/>\n\t<meta name=\"twitter:data1\" content=\"1 Minute\" \/>\n<!-- \/ Yoast SEO plugin. -->","yoast_head_json":{"title":"Gussteilk\u00fchl-Vibrationsf\u00f6rderer | General Kinematics","robots":{"index":"index","follow":"follow","max-snippet":"max-snippet:-1","max-image-preview":"max-image-preview:large","max-video-preview":"max-video-preview:-1"},"canonical":"https:\/\/www.generalkinematics.com\/de\/produkt\/gussteilkuhl-vibrationsforderer\/","og_locale":"de_DE","og_type":"article","og_title":"Gussteilk\u00fchl-Vibrationsf\u00f6rderer | General Kinematics","og_description":"Gussteilk\u00fchl-Vibrationsf\u00f6rderer von General Kinematics f\u00f6rdern und k\u00fchlen Gussteile schonend. Ma\u00dfgeschneiderte K\u00fchlf\u00f6rderer k\u00f6nnen komplette Abdeckungen, Luftbehandlungssysteme, Hubsteuerung und mehr vieles beinhalten. General Kinematics Vibrationsf\u00f6rderer wurden speziell entwickelt und abgestimmt, um in der N\u00e4he ihrer Eigenfrequenz zu laufen. Durch diese Bauweise k\u00f6nnen die Vibrationseinheiten so betrieben werden, dass 90 % der Kraft, die f\u00fcr die Bewegung Ihres [&hellip;]","og_url":"https:\/\/www.generalkinematics.com\/de\/produkt\/gussteilkuhl-vibrationsforderer\/","og_site_name":"General Kinematics","article_publisher":"https:\/\/www.facebook.com\/generalkinematics","article_modified_time":"2019-02-06T04:40:08+00:00","og_image":[{"width":390,"height":263,"url":"https:\/\/media.generalkinematics.com\/wp-content\/uploads\/casting-cooling-1-e1594916860119.jpg","type":"image\/jpeg"}],"twitter_card":"summary_large_image","twitter_site":"@gkvibrating","twitter_misc":{"Gesch\u00e4tzte Lesezeit":"1 Minute"},"schema":{"@context":"https:\/\/schema.org","@graph":[{"@type":"WebPage","@id":"https:\/\/www.generalkinematics.com\/de\/produkt\/gussteilkuhl-vibrationsforderer\/","url":"https:\/\/www.generalkinematics.com\/de\/produkt\/gussteilkuhl-vibrationsforderer\/","name":"Gussteilk\u00fchl-Vibrationsf\u00f6rderer | General Kinematics","isPartOf":{"@id":"https:\/\/www.generalkinematics.com\/de\/#website"},"primaryImageOfPage":{"@id":"https:\/\/www.generalkinematics.com\/de\/produkt\/gussteilkuhl-vibrationsforderer\/#primaryimage"},"image":{"@id":"https:\/\/www.generalkinematics.com\/de\/produkt\/gussteilkuhl-vibrationsforderer\/#primaryimage"},"thumbnailUrl":"https:\/\/media.generalkinematics.com\/wp-content\/uploads\/2020\/07\/casting-cooling-1-e1594916860119.jpg","datePublished":"2015-07-26T17:44:29+00:00","dateModified":"2019-02-06T04:40:08+00:00","breadcrumb":{"@id":"https:\/\/www.generalkinematics.com\/de\/produkt\/gussteilkuhl-vibrationsforderer\/#breadcrumb"},"inLanguage":"de-DE","potentialAction":[{"@type":"ReadAction","target":["https:\/\/www.generalkinematics.com\/de\/produkt\/gussteilkuhl-vibrationsforderer\/"]}]},{"@type":"ImageObject","inLanguage":"de-DE","@id":"https:\/\/www.generalkinematics.com\/de\/produkt\/gussteilkuhl-vibrationsforderer\/#primaryimage","url":"https:\/\/media.generalkinematics.com\/wp-content\/uploads\/2020\/07\/casting-cooling-1-e1594916860119.jpg","contentUrl":"https:\/\/media.generalkinematics.com\/wp-content\/uploads\/2020\/07\/casting-cooling-1-e1594916860119.jpg","width":390,"height":263,"caption":"general-kinematics-casting-cooling"},{"@type":"BreadcrumbList","@id":"https:\/\/www.generalkinematics.com\/de\/produkt\/gussteilkuhl-vibrationsforderer\/#breadcrumb","itemListElement":[{"@type":"ListItem","position":1,"name":"GK Home","item":"https:\/\/www.generalkinematics.com\/de\/"},{"@type":"ListItem","position":2,"name":"Shop","item":"https:\/\/www.generalkinematics.com\/shop\/"},{"@type":"ListItem","position":3,"name":"Gussteilk\u00fchl-Vibrationsf\u00f6rderer"}]},{"@type":"WebSite","@id":"https:\/\/www.generalkinematics.com\/de\/#website","url":"https:\/\/www.generalkinematics.com\/de\/","name":"General Kinematics","description":"","publisher":{"@id":"https:\/\/www.generalkinematics.com\/de\/#organization"},"potentialAction":[{"@type":"SearchAction","target":{"@type":"EntryPoint","urlTemplate":"https:\/\/www.generalkinematics.com\/de\/?s={search_term_string}"},"query-input":{"@type":"PropertyValueSpecification","valueRequired":true,"valueName":"search_term_string"}}],"inLanguage":"de-DE"},{"@type":"Organization","@id":"https:\/\/www.generalkinematics.com\/de\/#organization","name":"General Kinematics","url":"https:\/\/www.generalkinematics.com\/de\/","logo":{"@type":"ImageObject","inLanguage":"de-DE","@id":"https:\/\/www.generalkinematics.com\/de\/#\/schema\/logo\/image\/","url":"https:\/\/media.generalkinematics.com\/wp-content\/uploads\/2018\/03\/logo.png","contentUrl":"https:\/\/media.generalkinematics.com\/wp-content\/uploads\/2018\/03\/logo.png","width":313,"height":100,"caption":"General Kinematics"},"image":{"@id":"https:\/\/www.generalkinematics.com\/de\/#\/schema\/logo\/image\/"},"sameAs":["https:\/\/www.facebook.com\/generalkinematics","https:\/\/x.com\/gkvibrating"]}]}},"_links":{"self":[{"href":"https:\/\/www.generalkinematics.com\/de\/wp-json\/wp\/v2\/product\/39259","targetHints":{"allow":["GET"]}}],"collection":[{"href":"https:\/\/www.generalkinematics.com\/de\/wp-json\/wp\/v2\/product"}],"about":[{"href":"https:\/\/www.generalkinematics.com\/de\/wp-json\/wp\/v2\/types\/product"}],"replies":[{"embeddable":true,"href":"https:\/\/www.generalkinematics.com\/de\/wp-json\/wp\/v2\/comments?post=39259"}],"wp:featuredmedia":[{"embeddable":true,"href":"https:\/\/www.generalkinematics.com\/de\/wp-json\/wp\/v2\/media\/19423"}],"wp:attachment":[{"href":"https:\/\/www.generalkinematics.com\/de\/wp-json\/wp\/v2\/media?parent=39259"}],"wp:term":[{"taxonomy":"product_brand","embeddable":true,"href":"https:\/\/www.generalkinematics.com\/de\/wp-json\/wp\/v2\/product_brand?post=39259"},{"taxonomy":"product_cat","embeddable":true,"href":"https:\/\/www.generalkinematics.com\/de\/wp-json\/wp\/v2\/product_cat?post=39259"},{"taxonomy":"product_tag","embeddable":true,"href":"https:\/\/www.generalkinematics.com\/de\/wp-json\/wp\/v2\/product_tag?post=39259"}],"curies":[{"name":"wp","href":"https:\/\/api.w.org\/{rel}","templated":true}]}}