{"id":39278,"date":"2015-07-26T12:55:58","date_gmt":"2015-07-26T17:55:58","guid":{"rendered":"https:\/\/www.generalkinematics.com\/product\/bodenasche-forderer\/"},"modified":"2018-08-31T10:17:21","modified_gmt":"2018-08-31T15:17:21","slug":"bodenasche-forderer","status":"publish","type":"product","link":"https:\/\/www.generalkinematics.com\/de\/produkt\/bodenasche-forderer\/","title":{"rendered":"Bodenasche-F\u00f6rderer"},"content":{"rendered":"<p>General Kinematics <strong>SYNCRO-COIL\u00ae-Bodenasche-Vibrationsf\u00f6rderer<\/strong> sind f\u00fcr den Betrieb unter den widrigsten, nassesten, korrosivsten und anspruchsvollsten Bedingungen bei der Handhabung von Bodenasche in M\u00fcllheizkraftwerken ausgelegt. Das ausgewogene Design, die robuste Konstruktion und die ausgekl\u00fcgelte Technik sorgen daf\u00fcr, dass GKs Bodenaschenf\u00f6rderer rund um die Uhr in Betrieb sind.<\/p>\n<p>Ein bew\u00e4hrtes Design f\u00fcr M\u00fcllheizkraftwerke. Es gibt Installationen mit GKs Bodenasche-F\u00f6rderer, die seit \u00fcber drei\u00dfig Jahren in Betrieb sind.<\/p>\n<h2>Eigenschaften:<\/h2>\n<ul>\n<li>Geringer Wartungsaufwand, maximale Verf\u00fcgbarkeit f\u00fcr zuverl\u00e4ssige Leistung.<\/li>\n<li>Heavy Duty-Austausch-Trog aus Stahllegierung widersteht hohen Belastungen und variablen Lastbedingungen.<\/li>\n<li>Korrosionsbest\u00e4ndige Spiralarbeitsfedern aus galvanisiertem Stahl.<\/li>\n<li>Das ausgleichende Auswuchtsystem, das vollst\u00e4ndig auf die Materialbeladung reagiert, gew\u00e4hrleistet eine vibrationsfreie Installation und minimiert die Kr\u00e4fte, die durch vom Materialaufprall beim Beladen auftretende Sto\u00dfbelastung \u00fcbertragen werden.<\/li>\n<li>Der SYNCRO-CUSHION\u2122-Exzenterantrieb mit Eigenfrequenz reduziert das Anlaufmoment, beseitigt hohe Spannungskonzentrationen an der Antriebsverbindung und erm\u00f6glicht den Start unter Volllast.<\/li>\n<li>Die Einheiten arbeiten mit niedriger erforderlicher Leistung f\u00fcr maximale Energieeffizienz.<\/li>\n<\/ul>\n","protected":false},"excerpt":{"rendered":"<p>General Kinematics SYNCRO-COIL\u00ae-Bodenasche-Vibrationsf\u00f6rderer sind f\u00fcr den Betrieb unter den widrigsten, nassesten, korrosivsten und anspruchsvollsten Bedingungen bei der Handhabung von Bodenasche in M\u00fcllheizkraftwerken ausgelegt. Das ausgewogene Design, die robuste Konstruktion und die ausgekl\u00fcgelte Technik sorgen daf\u00fcr, dass GKs Bodenaschenf\u00f6rderer rund um die Uhr in Betrieb sind. Ein bew\u00e4hrtes Design f\u00fcr M\u00fcllheizkraftwerke. Es gibt Installationen mit GKs [&hellip;]<\/p>\n","protected":false},"featured_media":24887,"comment_status":"closed","ping_status":"closed","template":"","meta":{"_acf_changed":false,"om_disable_all_campaigns":false,"ep_exclude_from_search":false},"product_brand":[],"product_cat":[1814,1798],"product_tag":[],"class_list":{"0":"post-39278","1":"product","2":"type-product","3":"status-publish","4":"has-post-thumbnail","6":"product_cat-ausruestung-zur-ernergiegewinnung-aus-abfall","7":"product_cat-recycling-loesungen","9":"first","10":"instock","11":"taxable","12":"shipping-taxable","13":"product-type-simple"},"acf":[],"yoast_head":"<!-- This site is optimized with the Yoast SEO plugin v27.2 - https:\/\/yoast.com\/product\/yoast-seo-wordpress\/ -->\n<title>Bodenasche-F\u00f6rderer | General Kinematics<\/title>\n<meta name=\"robots\" content=\"index, follow, max-snippet:-1, max-image-preview:large, max-video-preview:-1\" \/>\n<link rel=\"canonical\" href=\"https:\/\/www.generalkinematics.com\/de\/produkt\/bodenasche-forderer\/\" \/>\n<meta property=\"og:locale\" content=\"de_DE\" \/>\n<meta property=\"og:type\" content=\"article\" \/>\n<meta property=\"og:title\" content=\"Bodenasche-F\u00f6rderer | General Kinematics\" \/>\n<meta property=\"og:description\" content=\"General Kinematics SYNCRO-COIL\u00ae-Bodenasche-Vibrationsf\u00f6rderer sind f\u00fcr den Betrieb unter den widrigsten, nassesten, korrosivsten und anspruchsvollsten Bedingungen bei der Handhabung von Bodenasche in M\u00fcllheizkraftwerken ausgelegt. Das ausgewogene Design, die robuste Konstruktion und die ausgekl\u00fcgelte Technik sorgen daf\u00fcr, dass GKs Bodenaschenf\u00f6rderer rund um die Uhr in Betrieb sind. Ein bew\u00e4hrtes Design f\u00fcr M\u00fcllheizkraftwerke. Es gibt Installationen mit GKs [&hellip;]\" \/>\n<meta property=\"og:url\" content=\"https:\/\/www.generalkinematics.com\/de\/produkt\/bodenasche-forderer\/\" \/>\n<meta property=\"og:site_name\" content=\"General Kinematics\" \/>\n<meta property=\"article:publisher\" content=\"https:\/\/www.facebook.com\/generalkinematics\" \/>\n<meta property=\"article:modified_time\" content=\"2018-08-31T15:17:21+00:00\" \/>\n<meta property=\"og:image\" content=\"https:\/\/www.generalkinematics.com\/wp-content\/uploads\/2015\/07\/IMGA0893.jpg\" \/>\n\t<meta property=\"og:image:width\" content=\"3264\" \/>\n\t<meta property=\"og:image:height\" content=\"2448\" \/>\n\t<meta property=\"og:image:type\" content=\"image\/jpeg\" \/>\n<meta name=\"twitter:card\" content=\"summary_large_image\" \/>\n<meta name=\"twitter:site\" content=\"@gkvibrating\" \/>\n<meta name=\"twitter:label1\" content=\"Gesch\u00e4tzte Lesezeit\" \/>\n\t<meta name=\"twitter:data1\" content=\"1 Minute\" \/>\n<!-- \/ Yoast SEO plugin. -->","yoast_head_json":{"title":"Bodenasche-F\u00f6rderer | General Kinematics","robots":{"index":"index","follow":"follow","max-snippet":"max-snippet:-1","max-image-preview":"max-image-preview:large","max-video-preview":"max-video-preview:-1"},"canonical":"https:\/\/www.generalkinematics.com\/de\/produkt\/bodenasche-forderer\/","og_locale":"de_DE","og_type":"article","og_title":"Bodenasche-F\u00f6rderer | General Kinematics","og_description":"General Kinematics SYNCRO-COIL\u00ae-Bodenasche-Vibrationsf\u00f6rderer sind f\u00fcr den Betrieb unter den widrigsten, nassesten, korrosivsten und anspruchsvollsten Bedingungen bei der Handhabung von Bodenasche in M\u00fcllheizkraftwerken ausgelegt. Das ausgewogene Design, die robuste Konstruktion und die ausgekl\u00fcgelte Technik sorgen daf\u00fcr, dass GKs Bodenaschenf\u00f6rderer rund um die Uhr in Betrieb sind. Ein bew\u00e4hrtes Design f\u00fcr M\u00fcllheizkraftwerke. Es gibt Installationen mit GKs [&hellip;]","og_url":"https:\/\/www.generalkinematics.com\/de\/produkt\/bodenasche-forderer\/","og_site_name":"General Kinematics","article_publisher":"https:\/\/www.facebook.com\/generalkinematics","article_modified_time":"2018-08-31T15:17:21+00:00","og_image":[{"width":3264,"height":2448,"url":"https:\/\/www.generalkinematics.com\/wp-content\/uploads\/2015\/07\/IMGA0893.jpg","type":"image\/jpeg"}],"twitter_card":"summary_large_image","twitter_site":"@gkvibrating","twitter_misc":{"Gesch\u00e4tzte Lesezeit":"1 Minute"},"schema":{"@context":"https:\/\/schema.org","@graph":[{"@type":"WebPage","@id":"https:\/\/www.generalkinematics.com\/de\/produkt\/bodenasche-forderer\/","url":"https:\/\/www.generalkinematics.com\/de\/produkt\/bodenasche-forderer\/","name":"Bodenasche-F\u00f6rderer | General Kinematics","isPartOf":{"@id":"https:\/\/www.generalkinematics.com\/de\/#website"},"primaryImageOfPage":{"@id":"https:\/\/www.generalkinematics.com\/de\/produkt\/bodenasche-forderer\/#primaryimage"},"image":{"@id":"https:\/\/www.generalkinematics.com\/de\/produkt\/bodenasche-forderer\/#primaryimage"},"thumbnailUrl":"https:\/\/media.generalkinematics.com\/wp-content\/uploads\/2015\/07\/IMGA0893.jpg","datePublished":"2015-07-26T17:55:58+00:00","dateModified":"2018-08-31T15:17:21+00:00","breadcrumb":{"@id":"https:\/\/www.generalkinematics.com\/de\/produkt\/bodenasche-forderer\/#breadcrumb"},"inLanguage":"de-DE","potentialAction":[{"@type":"ReadAction","target":["https:\/\/www.generalkinematics.com\/de\/produkt\/bodenasche-forderer\/"]}]},{"@type":"ImageObject","inLanguage":"de-DE","@id":"https:\/\/www.generalkinematics.com\/de\/produkt\/bodenasche-forderer\/#primaryimage","url":"https:\/\/media.generalkinematics.com\/wp-content\/uploads\/2015\/07\/IMGA0893.jpg","contentUrl":"https:\/\/media.generalkinematics.com\/wp-content\/uploads\/2015\/07\/IMGA0893.jpg","width":3264,"height":2448,"caption":"general-kinematics-bottom-ash-conveyor"},{"@type":"BreadcrumbList","@id":"https:\/\/www.generalkinematics.com\/de\/produkt\/bodenasche-forderer\/#breadcrumb","itemListElement":[{"@type":"ListItem","position":1,"name":"GK Home","item":"https:\/\/www.generalkinematics.com\/de\/"},{"@type":"ListItem","position":2,"name":"Shop","item":"https:\/\/www.generalkinematics.com\/shop\/"},{"@type":"ListItem","position":3,"name":"Bodenasche-F\u00f6rderer"}]},{"@type":"WebSite","@id":"https:\/\/www.generalkinematics.com\/de\/#website","url":"https:\/\/www.generalkinematics.com\/de\/","name":"General Kinematics","description":"","publisher":{"@id":"https:\/\/www.generalkinematics.com\/de\/#organization"},"potentialAction":[{"@type":"SearchAction","target":{"@type":"EntryPoint","urlTemplate":"https:\/\/www.generalkinematics.com\/de\/?s={search_term_string}"},"query-input":{"@type":"PropertyValueSpecification","valueRequired":true,"valueName":"search_term_string"}}],"inLanguage":"de-DE"},{"@type":"Organization","@id":"https:\/\/www.generalkinematics.com\/de\/#organization","name":"General Kinematics","url":"https:\/\/www.generalkinematics.com\/de\/","logo":{"@type":"ImageObject","inLanguage":"de-DE","@id":"https:\/\/www.generalkinematics.com\/de\/#\/schema\/logo\/image\/","url":"https:\/\/media.generalkinematics.com\/wp-content\/uploads\/2018\/03\/logo.png","contentUrl":"https:\/\/media.generalkinematics.com\/wp-content\/uploads\/2018\/03\/logo.png","width":313,"height":100,"caption":"General Kinematics"},"image":{"@id":"https:\/\/www.generalkinematics.com\/de\/#\/schema\/logo\/image\/"},"sameAs":["https:\/\/www.facebook.com\/generalkinematics","https:\/\/x.com\/gkvibrating"]}]}},"_links":{"self":[{"href":"https:\/\/www.generalkinematics.com\/de\/wp-json\/wp\/v2\/product\/39278","targetHints":{"allow":["GET"]}}],"collection":[{"href":"https:\/\/www.generalkinematics.com\/de\/wp-json\/wp\/v2\/product"}],"about":[{"href":"https:\/\/www.generalkinematics.com\/de\/wp-json\/wp\/v2\/types\/product"}],"replies":[{"embeddable":true,"href":"https:\/\/www.generalkinematics.com\/de\/wp-json\/wp\/v2\/comments?post=39278"}],"wp:featuredmedia":[{"embeddable":true,"href":"https:\/\/www.generalkinematics.com\/de\/wp-json\/wp\/v2\/media\/24887"}],"wp:attachment":[{"href":"https:\/\/www.generalkinematics.com\/de\/wp-json\/wp\/v2\/media?parent=39278"}],"wp:term":[{"taxonomy":"product_brand","embeddable":true,"href":"https:\/\/www.generalkinematics.com\/de\/wp-json\/wp\/v2\/product_brand?post=39278"},{"taxonomy":"product_cat","embeddable":true,"href":"https:\/\/www.generalkinematics.com\/de\/wp-json\/wp\/v2\/product_cat?post=39278"},{"taxonomy":"product_tag","embeddable":true,"href":"https:\/\/www.generalkinematics.com\/de\/wp-json\/wp\/v2\/product_tag?post=39278"}],"curies":[{"name":"wp","href":"https:\/\/api.w.org\/{rel}","templated":true}]}}