{"id":39317,"date":"2015-07-26T13:22:03","date_gmt":"2015-07-26T18:22:03","guid":{"rendered":"https:\/\/www.generalkinematics.com\/product\/de-stoner-luftsichter-fur-siedlungsabfall\/"},"modified":"2025-06-19T14:02:39","modified_gmt":"2025-06-19T19:02:39","slug":"destoner-luftsichter-fur-siedlungsabfall","status":"publish","type":"product","link":"https:\/\/www.generalkinematics.com\/de\/produkt\/destoner-luftsichter-fur-siedlungsabfall\/","title":{"rendered":"DE-STONER\u00ae-Luftsichter f\u00fcr Siedlungsabfall"},"content":{"rendered":"<p>General Kinematics <strong>DE-STONER\u00ae<\/strong> ist mit seiner bew\u00e4hrten Trenn- und Klassifizierungsmethode f\u00fcr eine Vielzahl von Materialien geeignet.<\/p>\n<h2>Die Funktionsweise des DE-STONER\u00ae<\/h2>\n<p>Energieeffiziente Vibrationswirkung und Luftstr\u00f6mungen mit hoher Geschwindigkeit und niedrigem Druck arbeiten im Tandem, um vermischte Materialien gem\u00e4\u00df den unterschiedlichen Endgeschwindigkeiten der Teile zu verwirbeln und zu schichten. Viele DE-STONER\u00ae-Systeme sind mit \u201eLuftmessern\u201c ausgestattet, um nach dem anf\u00e4nglichen Schneiden von \u201eSchwersten\u201c eine weitere Trennung zu erm\u00f6glichen. Das Ergebnis ist eine schnelle und effiziente Entfernung schwerer Materialien wie Steine, Metalle und Glas aus leichten Materialien wie Aluminium, Papier, Kunststoff und Holz.<\/p>\n<h2>Einfaches, zuverl\u00e4ssiges Trocknungssystem<\/h2>\n<p>Unser wirtschaftliches, vollst\u00e4ndig trocken arbeitendes DE-STONER\u00ae-System erfordert keine Wasserversorgung und beseitigt andere, damit verbundene \u201enasse\u201c Systemprobleme. Der DE-STONER\u00ae kann jedoch feuchte Materialien problemlos handhaben.<\/p>\n<h2>Eigenschaften:<\/h2>\n<ul>\n<li>Der DE-STONER\u00ae verwendet Luft anstelle von Wasser, um schweres Material von leichtem zu trennen.<\/li>\n<li>Praktisch ausfallsichere Ausf\u00fchrung ohne bewegliche Trennelemente.<\/li>\n<li>Einfache, vollst\u00e4ndig isolierte Ausf\u00fchrung minimiert die Anforderungen an die Fundamente.<\/li>\n<li>Das vielseitige Design trennt Material unterschiedlicher Dichte oder gleicher Dichte mit unterschiedlichen Teilegr\u00f6\u00dfen.<\/li>\n<li>Der DE-STONER\u00ae wird von einem energieeffizienten Motor mit geringer Leistung angetrieben.<\/li>\n<li>Die robuste, hochbelastbare Bauweise h\u00e4lt dem Dauerbetrieb stand.<\/li>\n<\/ul>\n","protected":false},"excerpt":{"rendered":"<p>General Kinematics DE-STONER\u00ae ist mit seiner bew\u00e4hrten Trenn- und Klassifizierungsmethode f\u00fcr eine Vielzahl von Materialien geeignet. Die Funktionsweise des DE-STONER\u00ae Energieeffiziente Vibrationswirkung und Luftstr\u00f6mungen mit hoher Geschwindigkeit und niedrigem Druck arbeiten im Tandem, um vermischte Materialien gem\u00e4\u00df den unterschiedlichen Endgeschwindigkeiten der Teile zu verwirbeln und zu schichten. Viele DE-STONER\u00ae-Systeme sind mit \u201eLuftmessern\u201c ausgestattet, um nach [&hellip;]<\/p>\n","protected":false},"featured_media":27551,"comment_status":"closed","ping_status":"closed","template":"","meta":{"_acf_changed":false,"om_disable_all_campaigns":false,"ep_exclude_from_search":false},"product_brand":[],"product_cat":[1798,1812],"product_tag":[],"class_list":{"0":"post-39317","1":"product","2":"type-product","3":"status-publish","4":"has-post-thumbnail","6":"casestudytag-destoner-de","7":"product_cat-recycling-loesungen","8":"product_cat-sortierloesungen-fuer-hausmuell-msw","10":"first","11":"instock","12":"taxable","13":"shipping-taxable","14":"product-type-simple"},"acf":[],"yoast_head":"<!-- This site is optimized with the Yoast SEO plugin v27.2 - https:\/\/yoast.com\/product\/yoast-seo-wordpress\/ -->\n<title>DE-STONER\u00ae-Luftsichter f\u00fcr Siedlungsabfall | General Kinematics<\/title>\n<meta name=\"robots\" content=\"index, follow, max-snippet:-1, max-image-preview:large, max-video-preview:-1\" \/>\n<link rel=\"canonical\" href=\"https:\/\/www.generalkinematics.com\/de\/produkt\/destoner-luftsichter-fur-siedlungsabfall\/\" \/>\n<meta property=\"og:locale\" content=\"de_DE\" \/>\n<meta property=\"og:type\" content=\"article\" \/>\n<meta property=\"og:title\" content=\"DE-STONER\u00ae-Luftsichter f\u00fcr Siedlungsabfall | General Kinematics\" \/>\n<meta property=\"og:description\" content=\"General Kinematics DE-STONER\u00ae ist mit seiner bew\u00e4hrten Trenn- und Klassifizierungsmethode f\u00fcr eine Vielzahl von Materialien geeignet. Die Funktionsweise des DE-STONER\u00ae Energieeffiziente Vibrationswirkung und Luftstr\u00f6mungen mit hoher Geschwindigkeit und niedrigem Druck arbeiten im Tandem, um vermischte Materialien gem\u00e4\u00df den unterschiedlichen Endgeschwindigkeiten der Teile zu verwirbeln und zu schichten. Viele DE-STONER\u00ae-Systeme sind mit \u201eLuftmessern\u201c ausgestattet, um nach [&hellip;]\" \/>\n<meta property=\"og:url\" content=\"https:\/\/www.generalkinematics.com\/de\/produkt\/destoner-luftsichter-fur-siedlungsabfall\/\" \/>\n<meta property=\"og:site_name\" content=\"General Kinematics\" \/>\n<meta property=\"article:publisher\" content=\"https:\/\/www.facebook.com\/generalkinematics\" \/>\n<meta property=\"article:modified_time\" content=\"2025-06-19T19:02:39+00:00\" \/>\n<meta property=\"og:image\" content=\"https:\/\/media.generalkinematics.com\/wp-content\/uploads\/2015\/07\/Destoner-MSW21-scaled.jpg\" \/>\n\t<meta property=\"og:image:width\" content=\"5184\" \/>\n\t<meta property=\"og:image:height\" content=\"3456\" \/>\n\t<meta property=\"og:image:type\" content=\"image\/jpeg\" \/>\n<meta name=\"twitter:card\" content=\"summary_large_image\" \/>\n<meta name=\"twitter:site\" content=\"@gkvibrating\" \/>\n<meta name=\"twitter:label1\" content=\"Gesch\u00e4tzte Lesezeit\" \/>\n\t<meta name=\"twitter:data1\" content=\"1 Minute\" \/>\n<!-- \/ Yoast SEO plugin. -->","yoast_head_json":{"title":"DE-STONER\u00ae-Luftsichter f\u00fcr Siedlungsabfall | General Kinematics","robots":{"index":"index","follow":"follow","max-snippet":"max-snippet:-1","max-image-preview":"max-image-preview:large","max-video-preview":"max-video-preview:-1"},"canonical":"https:\/\/www.generalkinematics.com\/de\/produkt\/destoner-luftsichter-fur-siedlungsabfall\/","og_locale":"de_DE","og_type":"article","og_title":"DE-STONER\u00ae-Luftsichter f\u00fcr Siedlungsabfall | General Kinematics","og_description":"General Kinematics DE-STONER\u00ae ist mit seiner bew\u00e4hrten Trenn- und Klassifizierungsmethode f\u00fcr eine Vielzahl von Materialien geeignet. Die Funktionsweise des DE-STONER\u00ae Energieeffiziente Vibrationswirkung und Luftstr\u00f6mungen mit hoher Geschwindigkeit und niedrigem Druck arbeiten im Tandem, um vermischte Materialien gem\u00e4\u00df den unterschiedlichen Endgeschwindigkeiten der Teile zu verwirbeln und zu schichten. Viele DE-STONER\u00ae-Systeme sind mit \u201eLuftmessern\u201c ausgestattet, um nach [&hellip;]","og_url":"https:\/\/www.generalkinematics.com\/de\/produkt\/destoner-luftsichter-fur-siedlungsabfall\/","og_site_name":"General Kinematics","article_publisher":"https:\/\/www.facebook.com\/generalkinematics","article_modified_time":"2025-06-19T19:02:39+00:00","og_image":[{"width":5184,"height":3456,"url":"https:\/\/media.generalkinematics.com\/wp-content\/uploads\/2015\/07\/Destoner-MSW21-scaled.jpg","type":"image\/jpeg"}],"twitter_card":"summary_large_image","twitter_site":"@gkvibrating","twitter_misc":{"Gesch\u00e4tzte Lesezeit":"1 Minute"},"schema":{"@context":"https:\/\/schema.org","@graph":[{"@type":"WebPage","@id":"https:\/\/www.generalkinematics.com\/de\/produkt\/destoner-luftsichter-fur-siedlungsabfall\/","url":"https:\/\/www.generalkinematics.com\/de\/produkt\/destoner-luftsichter-fur-siedlungsabfall\/","name":"DE-STONER\u00ae-Luftsichter f\u00fcr Siedlungsabfall | General Kinematics","isPartOf":{"@id":"https:\/\/www.generalkinematics.com\/de\/#website"},"primaryImageOfPage":{"@id":"https:\/\/www.generalkinematics.com\/de\/produkt\/destoner-luftsichter-fur-siedlungsabfall\/#primaryimage"},"image":{"@id":"https:\/\/www.generalkinematics.com\/de\/produkt\/destoner-luftsichter-fur-siedlungsabfall\/#primaryimage"},"thumbnailUrl":"https:\/\/media.generalkinematics.com\/wp-content\/uploads\/2015\/07\/Destoner-MSW21-scaled.jpg","datePublished":"2015-07-26T18:22:03+00:00","dateModified":"2025-06-19T19:02:39+00:00","breadcrumb":{"@id":"https:\/\/www.generalkinematics.com\/de\/produkt\/destoner-luftsichter-fur-siedlungsabfall\/#breadcrumb"},"inLanguage":"de-DE","potentialAction":[{"@type":"ReadAction","target":["https:\/\/www.generalkinematics.com\/de\/produkt\/destoner-luftsichter-fur-siedlungsabfall\/"]}]},{"@type":"ImageObject","inLanguage":"de-DE","@id":"https:\/\/www.generalkinematics.com\/de\/produkt\/destoner-luftsichter-fur-siedlungsabfall\/#primaryimage","url":"https:\/\/media.generalkinematics.com\/wp-content\/uploads\/2015\/07\/Destoner-MSW21-scaled.jpg","contentUrl":"https:\/\/media.generalkinematics.com\/wp-content\/uploads\/2015\/07\/Destoner-MSW21-scaled.jpg","width":5184,"height":3456},{"@type":"BreadcrumbList","@id":"https:\/\/www.generalkinematics.com\/de\/produkt\/destoner-luftsichter-fur-siedlungsabfall\/#breadcrumb","itemListElement":[{"@type":"ListItem","position":1,"name":"GK Home","item":"https:\/\/www.generalkinematics.com\/de\/"},{"@type":"ListItem","position":2,"name":"Shop","item":"https:\/\/www.generalkinematics.com\/shop\/"},{"@type":"ListItem","position":3,"name":"DE-STONER\u00ae-Luftsichter f\u00fcr Siedlungsabfall"}]},{"@type":"WebSite","@id":"https:\/\/www.generalkinematics.com\/de\/#website","url":"https:\/\/www.generalkinematics.com\/de\/","name":"General Kinematics","description":"","publisher":{"@id":"https:\/\/www.generalkinematics.com\/de\/#organization"},"potentialAction":[{"@type":"SearchAction","target":{"@type":"EntryPoint","urlTemplate":"https:\/\/www.generalkinematics.com\/de\/?s={search_term_string}"},"query-input":{"@type":"PropertyValueSpecification","valueRequired":true,"valueName":"search_term_string"}}],"inLanguage":"de-DE"},{"@type":"Organization","@id":"https:\/\/www.generalkinematics.com\/de\/#organization","name":"General Kinematics","url":"https:\/\/www.generalkinematics.com\/de\/","logo":{"@type":"ImageObject","inLanguage":"de-DE","@id":"https:\/\/www.generalkinematics.com\/de\/#\/schema\/logo\/image\/","url":"https:\/\/media.generalkinematics.com\/wp-content\/uploads\/2018\/03\/logo.png","contentUrl":"https:\/\/media.generalkinematics.com\/wp-content\/uploads\/2018\/03\/logo.png","width":313,"height":100,"caption":"General Kinematics"},"image":{"@id":"https:\/\/www.generalkinematics.com\/de\/#\/schema\/logo\/image\/"},"sameAs":["https:\/\/www.facebook.com\/generalkinematics","https:\/\/x.com\/gkvibrating"]}]}},"_links":{"self":[{"href":"https:\/\/www.generalkinematics.com\/de\/wp-json\/wp\/v2\/product\/39317","targetHints":{"allow":["GET"]}}],"collection":[{"href":"https:\/\/www.generalkinematics.com\/de\/wp-json\/wp\/v2\/product"}],"about":[{"href":"https:\/\/www.generalkinematics.com\/de\/wp-json\/wp\/v2\/types\/product"}],"replies":[{"embeddable":true,"href":"https:\/\/www.generalkinematics.com\/de\/wp-json\/wp\/v2\/comments?post=39317"}],"wp:featuredmedia":[{"embeddable":true,"href":"https:\/\/www.generalkinematics.com\/de\/wp-json\/wp\/v2\/media\/27551"}],"wp:attachment":[{"href":"https:\/\/www.generalkinematics.com\/de\/wp-json\/wp\/v2\/media?parent=39317"}],"wp:term":[{"taxonomy":"product_brand","embeddable":true,"href":"https:\/\/www.generalkinematics.com\/de\/wp-json\/wp\/v2\/product_brand?post=39317"},{"taxonomy":"product_cat","embeddable":true,"href":"https:\/\/www.generalkinematics.com\/de\/wp-json\/wp\/v2\/product_cat?post=39317"},{"taxonomy":"product_tag","embeddable":true,"href":"https:\/\/www.generalkinematics.com\/de\/wp-json\/wp\/v2\/product_tag?post=39317"}],"curies":[{"name":"wp","href":"https:\/\/api.w.org\/{rel}","templated":true}]}}