{"id":39325,"date":"2015-07-26T13:27:13","date_gmt":"2015-07-26T18:27:13","guid":{"rendered":"https:\/\/www.generalkinematics.com\/product\/de-stoner-luftsichter-fur-holz\/"},"modified":"2018-08-31T09:56:03","modified_gmt":"2018-08-31T14:56:03","slug":"de-stoner-luftsichter-fur-holz","status":"publish","type":"product","link":"https:\/\/www.generalkinematics.com\/de\/produkt\/de-stoner-luftsichter-fur-holz\/","title":{"rendered":"DE-STONER\u00ae-Luftsichter f\u00fcr Holz"},"content":{"rendered":"<p>Der GK-<strong>DE-STONER\u00ae-Luftsichter<\/strong> f\u00fcr Holz trennt schwere Materialien f\u00fcr die maximale Verarbeitung und maximale Gewinne.<\/p>\n<p>Der DE-STONER\u00ae-Luftsichter kombiniert Vibration mit Luftstr\u00f6men, um hochvolumige Produktionsraten von bis zu 150 m\u00b3\/h effektiv zu trennen. Die Str\u00f6me mit hoher Geschwindigkeit\/niedrigem Druck verwirbeln und schichten Material entsprechend der unterschiedlichen Endgeschwindigkeiten der Teile. Schwere Teile wie Glas, Metall und Steine werden von leichten Gegenst\u00e4nden wie Holz, Mulch oder Pellets getrennt. Der DE-STONER\u00ae-Luftsichter ist in Standardgr\u00f6\u00dfen mit einer Breite von bis zu 1.800 mm und in ma\u00dfgeschneiderten Gr\u00f6\u00dfen, die auf Ihre Anwendung abgestimmt sind, erh\u00e4ltlich.<\/p>\n<p>GKs DE-STONER\u00ae-Luftsichter f\u00fcr Holz sind mit einem Siebabschnitt am Eingang der Einheit zur verbesserten Gr\u00f6\u00dfenklassifizierung und Trennung ausgestattet. Das Material wird mit Vibrationswirkung durch den DE-STONER\u00ae-Luftsichter gef\u00f6rdert, um das Material auseinander zu rei\u00dfen und gleichm\u00e4\u00dfig \u00fcber die Breite zu verteilen. Die Verwirbelungszone leitet Luft durch den Materialstrom, erzeugt Turbulenzen und unterst\u00fctzt die Schichtung von leichten und schweren Materialien. Das Material wird zum Luftmesser gef\u00fchrt, wo schwere Materialien durch den Luftstrom in den Auswurfschacht fallen. Das Material mit einer Dichte im Grenzbereich landet auf einer einstellbaren Landeplatte und wird dem schweren Material neu zugef\u00fchrt. Leichte Holzteile werden \u00fcber die Landeplatte und zur Entladung am Ende des DE-STONER\u00ae Luftsichters gef\u00f6rdert. Die ultraleichten Holzteile werden aus dem DE-STONER\u00ae geblasen und zum Bereich mit sauberem Holz gef\u00fchrt.<\/p>\n<h2>Erfolgreiche Trenn- und Klassifizierungsanwendungen schlie\u00dfen ein:<\/h2>\n<ul>\n<li>Hog-Kraftstoff<\/li>\n<li>Biomassenkraftstoff<\/li>\n<li>Holzpellets<\/li>\n<li>Mulch<\/li>\n<\/ul>\n<p>&nbsp;<\/p>\n<h2>Eigenschaften:<\/h2>\n<ul>\n<li>Der DE-STONER\u00ae-Luftsichter verwendet Luft, um schwere Produkte von leichten Produkten zu trennen.<\/li>\n<li>Die mit der Wasserabscheidung verbundenen Umweltgefahren werden somit zusammen mit der damit verbundenen Unordnung beseitigt.<\/li>\n<li>Leicht einstellbar, um unterschiedliche Abscheidegrade zu erhalten.<\/li>\n<li>An eine Vielzahl von Produkten anpassungsf\u00e4hig.<\/li>\n<li>Praktisch ausfallsicher. Es kommen keine beweglichen Teile in Kontakt mit dem Materialfluss.<\/li>\n<li>Geringer Energiebedarf durch Motor mit geringer Leistung und GKs bew\u00e4hrtem Zwei-Massen-Ausf\u00fchrung.<\/li>\n<li>Vollst\u00e4ndig isolierte Ausf\u00fchrung minimiert die Anforderungen an die Fundamente.<\/li>\n<li>Hochbelastbar, gebaut, um lange zu halten.<\/li>\n<\/ul>\n","protected":false},"excerpt":{"rendered":"<p>Der GK-DE-STONER\u00ae-Luftsichter f\u00fcr Holz trennt schwere Materialien f\u00fcr die maximale Verarbeitung und maximale Gewinne. Der DE-STONER\u00ae-Luftsichter kombiniert Vibration mit Luftstr\u00f6men, um hochvolumige Produktionsraten von bis zu 150 m\u00b3\/h effektiv zu trennen. Die Str\u00f6me mit hoher Geschwindigkeit\/niedrigem Druck verwirbeln und schichten Material entsprechend der unterschiedlichen Endgeschwindigkeiten der Teile. Schwere Teile wie Glas, Metall und Steine werden [&hellip;]<\/p>\n","protected":false},"featured_media":24847,"comment_status":"closed","ping_status":"closed","template":"","meta":{"_acf_changed":false,"om_disable_all_campaigns":false,"ep_exclude_from_search":false},"product_brand":[],"product_cat":[1810,1798],"product_tag":[],"class_list":{"0":"post-39325","1":"product","2":"type-product","3":"status-publish","4":"has-post-thumbnail","6":"casestudytag-destoner-for-wood-de","7":"product_cat-ausruestung-forstwirtschaft-holz-und-biomasse","8":"product_cat-recycling-loesungen","10":"first","11":"instock","12":"taxable","13":"shipping-taxable","14":"product-type-simple"},"acf":[],"yoast_head":"<!-- This site is optimized with the Yoast SEO plugin v27.2 - https:\/\/yoast.com\/product\/yoast-seo-wordpress\/ -->\n<title>DE-STONER\u00ae-Luftsichter f\u00fcr Holz | General Kinematics<\/title>\n<meta name=\"robots\" content=\"index, follow, max-snippet:-1, max-image-preview:large, max-video-preview:-1\" \/>\n<link rel=\"canonical\" href=\"https:\/\/www.generalkinematics.com\/de\/produkt\/de-stoner-luftsichter-fur-holz\/\" \/>\n<meta property=\"og:locale\" content=\"de_DE\" \/>\n<meta property=\"og:type\" content=\"article\" \/>\n<meta property=\"og:title\" content=\"DE-STONER\u00ae-Luftsichter f\u00fcr Holz | General Kinematics\" \/>\n<meta property=\"og:description\" content=\"Der GK-DE-STONER\u00ae-Luftsichter f\u00fcr Holz trennt schwere Materialien f\u00fcr die maximale Verarbeitung und maximale Gewinne. Der DE-STONER\u00ae-Luftsichter kombiniert Vibration mit Luftstr\u00f6men, um hochvolumige Produktionsraten von bis zu 150 m\u00b3\/h effektiv zu trennen. Die Str\u00f6me mit hoher Geschwindigkeit\/niedrigem Druck verwirbeln und schichten Material entsprechend der unterschiedlichen Endgeschwindigkeiten der Teile. Schwere Teile wie Glas, Metall und Steine werden [&hellip;]\" \/>\n<meta property=\"og:url\" content=\"https:\/\/www.generalkinematics.com\/de\/produkt\/de-stoner-luftsichter-fur-holz\/\" \/>\n<meta property=\"og:site_name\" content=\"General Kinematics\" \/>\n<meta property=\"article:publisher\" content=\"https:\/\/www.facebook.com\/generalkinematics\" \/>\n<meta property=\"article:modified_time\" content=\"2018-08-31T14:56:03+00:00\" \/>\n<meta property=\"og:image\" content=\"https:\/\/media.generalkinematics.com\/wp-content\/uploads\/2015\/07\/IMG_3031-450x4501.jpg\" \/>\n\t<meta property=\"og:image:width\" content=\"3264\" \/>\n\t<meta property=\"og:image:height\" content=\"2448\" \/>\n\t<meta property=\"og:image:type\" content=\"image\/jpeg\" \/>\n<meta name=\"twitter:card\" content=\"summary_large_image\" \/>\n<meta name=\"twitter:site\" content=\"@gkvibrating\" \/>\n<meta name=\"twitter:label1\" content=\"Gesch\u00e4tzte Lesezeit\" \/>\n\t<meta name=\"twitter:data1\" content=\"2 Minuten\" \/>\n<!-- \/ Yoast SEO plugin. -->","yoast_head_json":{"title":"DE-STONER\u00ae-Luftsichter f\u00fcr Holz | General Kinematics","robots":{"index":"index","follow":"follow","max-snippet":"max-snippet:-1","max-image-preview":"max-image-preview:large","max-video-preview":"max-video-preview:-1"},"canonical":"https:\/\/www.generalkinematics.com\/de\/produkt\/de-stoner-luftsichter-fur-holz\/","og_locale":"de_DE","og_type":"article","og_title":"DE-STONER\u00ae-Luftsichter f\u00fcr Holz | General Kinematics","og_description":"Der GK-DE-STONER\u00ae-Luftsichter f\u00fcr Holz trennt schwere Materialien f\u00fcr die maximale Verarbeitung und maximale Gewinne. Der DE-STONER\u00ae-Luftsichter kombiniert Vibration mit Luftstr\u00f6men, um hochvolumige Produktionsraten von bis zu 150 m\u00b3\/h effektiv zu trennen. Die Str\u00f6me mit hoher Geschwindigkeit\/niedrigem Druck verwirbeln und schichten Material entsprechend der unterschiedlichen Endgeschwindigkeiten der Teile. Schwere Teile wie Glas, Metall und Steine werden [&hellip;]","og_url":"https:\/\/www.generalkinematics.com\/de\/produkt\/de-stoner-luftsichter-fur-holz\/","og_site_name":"General Kinematics","article_publisher":"https:\/\/www.facebook.com\/generalkinematics","article_modified_time":"2018-08-31T14:56:03+00:00","og_image":[{"width":3264,"height":2448,"url":"https:\/\/media.generalkinematics.com\/wp-content\/uploads\/2015\/07\/IMG_3031-450x4501.jpg","type":"image\/jpeg"}],"twitter_card":"summary_large_image","twitter_site":"@gkvibrating","twitter_misc":{"Gesch\u00e4tzte Lesezeit":"2 Minuten"},"schema":{"@context":"https:\/\/schema.org","@graph":[{"@type":"WebPage","@id":"https:\/\/www.generalkinematics.com\/de\/produkt\/de-stoner-luftsichter-fur-holz\/","url":"https:\/\/www.generalkinematics.com\/de\/produkt\/de-stoner-luftsichter-fur-holz\/","name":"DE-STONER\u00ae-Luftsichter f\u00fcr Holz | General Kinematics","isPartOf":{"@id":"https:\/\/www.generalkinematics.com\/de\/#website"},"primaryImageOfPage":{"@id":"https:\/\/www.generalkinematics.com\/de\/produkt\/de-stoner-luftsichter-fur-holz\/#primaryimage"},"image":{"@id":"https:\/\/www.generalkinematics.com\/de\/produkt\/de-stoner-luftsichter-fur-holz\/#primaryimage"},"thumbnailUrl":"https:\/\/media.generalkinematics.com\/wp-content\/uploads\/2015\/07\/IMG_3031-450x4501.jpg","datePublished":"2015-07-26T18:27:13+00:00","dateModified":"2018-08-31T14:56:03+00:00","breadcrumb":{"@id":"https:\/\/www.generalkinematics.com\/de\/produkt\/de-stoner-luftsichter-fur-holz\/#breadcrumb"},"inLanguage":"de-DE","potentialAction":[{"@type":"ReadAction","target":["https:\/\/www.generalkinematics.com\/de\/produkt\/de-stoner-luftsichter-fur-holz\/"]}]},{"@type":"ImageObject","inLanguage":"de-DE","@id":"https:\/\/www.generalkinematics.com\/de\/produkt\/de-stoner-luftsichter-fur-holz\/#primaryimage","url":"https:\/\/media.generalkinematics.com\/wp-content\/uploads\/2015\/07\/IMG_3031-450x4501.jpg","contentUrl":"https:\/\/media.generalkinematics.com\/wp-content\/uploads\/2015\/07\/IMG_3031-450x4501.jpg","width":3264,"height":2448,"caption":"general-kinematics-destoner"},{"@type":"BreadcrumbList","@id":"https:\/\/www.generalkinematics.com\/de\/produkt\/de-stoner-luftsichter-fur-holz\/#breadcrumb","itemListElement":[{"@type":"ListItem","position":1,"name":"GK Home","item":"https:\/\/www.generalkinematics.com\/de\/"},{"@type":"ListItem","position":2,"name":"Shop","item":"https:\/\/www.generalkinematics.com\/shop\/"},{"@type":"ListItem","position":3,"name":"DE-STONER\u00ae-Luftsichter f\u00fcr Holz"}]},{"@type":"WebSite","@id":"https:\/\/www.generalkinematics.com\/de\/#website","url":"https:\/\/www.generalkinematics.com\/de\/","name":"General Kinematics","description":"","publisher":{"@id":"https:\/\/www.generalkinematics.com\/de\/#organization"},"potentialAction":[{"@type":"SearchAction","target":{"@type":"EntryPoint","urlTemplate":"https:\/\/www.generalkinematics.com\/de\/?s={search_term_string}"},"query-input":{"@type":"PropertyValueSpecification","valueRequired":true,"valueName":"search_term_string"}}],"inLanguage":"de-DE"},{"@type":"Organization","@id":"https:\/\/www.generalkinematics.com\/de\/#organization","name":"General Kinematics","url":"https:\/\/www.generalkinematics.com\/de\/","logo":{"@type":"ImageObject","inLanguage":"de-DE","@id":"https:\/\/www.generalkinematics.com\/de\/#\/schema\/logo\/image\/","url":"https:\/\/media.generalkinematics.com\/wp-content\/uploads\/2018\/03\/logo.png","contentUrl":"https:\/\/media.generalkinematics.com\/wp-content\/uploads\/2018\/03\/logo.png","width":313,"height":100,"caption":"General Kinematics"},"image":{"@id":"https:\/\/www.generalkinematics.com\/de\/#\/schema\/logo\/image\/"},"sameAs":["https:\/\/www.facebook.com\/generalkinematics","https:\/\/x.com\/gkvibrating"]}]}},"_links":{"self":[{"href":"https:\/\/www.generalkinematics.com\/de\/wp-json\/wp\/v2\/product\/39325","targetHints":{"allow":["GET"]}}],"collection":[{"href":"https:\/\/www.generalkinematics.com\/de\/wp-json\/wp\/v2\/product"}],"about":[{"href":"https:\/\/www.generalkinematics.com\/de\/wp-json\/wp\/v2\/types\/product"}],"replies":[{"embeddable":true,"href":"https:\/\/www.generalkinematics.com\/de\/wp-json\/wp\/v2\/comments?post=39325"}],"wp:featuredmedia":[{"embeddable":true,"href":"https:\/\/www.generalkinematics.com\/de\/wp-json\/wp\/v2\/media\/24847"}],"wp:attachment":[{"href":"https:\/\/www.generalkinematics.com\/de\/wp-json\/wp\/v2\/media?parent=39325"}],"wp:term":[{"taxonomy":"product_brand","embeddable":true,"href":"https:\/\/www.generalkinematics.com\/de\/wp-json\/wp\/v2\/product_brand?post=39325"},{"taxonomy":"product_cat","embeddable":true,"href":"https:\/\/www.generalkinematics.com\/de\/wp-json\/wp\/v2\/product_cat?post=39325"},{"taxonomy":"product_tag","embeddable":true,"href":"https:\/\/www.generalkinematics.com\/de\/wp-json\/wp\/v2\/product_tag?post=39325"}],"curies":[{"name":"wp","href":"https:\/\/api.w.org\/{rel}","templated":true}]}}