{"id":39337,"date":"2015-07-26T21:06:58","date_gmt":"2015-07-27T02:06:58","guid":{"rendered":"https:\/\/www.generalkinematics.com\/product\/de-stoner-auswurfbehalter\/"},"modified":"2018-08-30T00:26:08","modified_gmt":"2018-08-30T05:26:08","slug":"de-stoner-air-recirculating-systems-2","status":"publish","type":"product","link":"https:\/\/www.generalkinematics.com\/de\/produkt\/de-stoner-air-recirculating-systems-2\/","title":{"rendered":"DE-STONER\u00ae-Auswurfbeh\u00e4lter"},"content":{"rendered":"<p>Steigern Sie die Leistung Ihres DE-STONER\u00ae-Luftsichters mit GKs Auswurfbeh\u00e4ltern und Luftr\u00fcckf\u00fchrungssystemen. Durch die Kombination dieser Eigenschaften entsteht ein Nahe-Null-Austragsystem.<\/p>\n<p>Dieses Nahe-Null-Austragsystem f\u00e4ngt die am Austragsende des DE-STONER\u00ae austretende Luft auf und f\u00fchrt sie durch die Maschine zur\u00fcck, um das Austreten von Material und Staubemissionen zu reduzieren. Es sind standardm\u00e4\u00dfige und ma\u00dfgeschneiderte Ausf\u00fchrungen f\u00fcr alle Modelle der GK-DE-STONER\u00ae-Luftsichter passend f\u00fcr die jeweilige Anwendung verf\u00fcgbar.<\/p>\n<p>&nbsp;<\/p>\n<h2>Eigenschaften:<\/h2>\n<ul>\n<li>Nahezu keine Emissionen f\u00fcr eine sauberere Einrichtung und Umwelt.<\/li>\n<li>Leitet das Material an einen einzigen Ort.<\/li>\n<li>Heavy Duty, gebaut, um lange zu halten.<\/li>\n<li>Funktioniert mit allen neuen und vorhandenen DE-STONER\u00ae-Luftsichtern.<\/li>\n<\/ul>\n","protected":false},"excerpt":{"rendered":"<p>Steigern Sie die Leistung Ihres DE-STONER\u00ae-Luftsichters mit GKs Auswurfbeh\u00e4ltern und Luftr\u00fcckf\u00fchrungssystemen. Durch die Kombination dieser Eigenschaften entsteht ein Nahe-Null-Austragsystem. Dieses Nahe-Null-Austragsystem f\u00e4ngt die am Austragsende des DE-STONER\u00ae austretende Luft auf und f\u00fchrt sie durch die Maschine zur\u00fcck, um das Austreten von Material und Staubemissionen zu reduzieren. Es sind standardm\u00e4\u00dfige und ma\u00dfgeschneiderte Ausf\u00fchrungen f\u00fcr alle Modelle [&hellip;]<\/p>\n","protected":false},"featured_media":23699,"comment_status":"closed","ping_status":"closed","template":"","meta":{"_acf_changed":false,"om_disable_all_campaigns":false,"ep_exclude_from_search":false},"product_brand":[],"product_cat":[1804,1806,1803,1798],"product_tag":[],"class_list":{"0":"post-39337","1":"product","2":"type-product","3":"status-publish","4":"has-post-thumbnail","6":"product_cat-de-stoner-luftklassifizierer-dichte-separatoren","7":"product_cat-de-stoner-optionale-ausstattungen","8":"product_cat-gk-technologie-fuer-recyclingsiebe","9":"product_cat-recycling-loesungen","11":"first","12":"instock","13":"taxable","14":"shipping-taxable","15":"product-type-simple"},"acf":[],"yoast_head":"<!-- This site is optimized with the Yoast SEO plugin v27.2 - https:\/\/yoast.com\/product\/yoast-seo-wordpress\/ -->\n<title>DE-STONER\u00ae-Auswurfbeh\u00e4lter | General Kinematics<\/title>\n<meta name=\"robots\" content=\"index, follow, max-snippet:-1, max-image-preview:large, max-video-preview:-1\" \/>\n<link rel=\"canonical\" href=\"https:\/\/www.generalkinematics.com\/de\/produkt\/de-stoner-air-recirculating-systems-2\/\" \/>\n<meta property=\"og:locale\" content=\"de_DE\" \/>\n<meta property=\"og:type\" content=\"article\" \/>\n<meta property=\"og:title\" content=\"DE-STONER\u00ae-Auswurfbeh\u00e4lter | General Kinematics\" \/>\n<meta property=\"og:description\" content=\"Steigern Sie die Leistung Ihres DE-STONER\u00ae-Luftsichters mit GKs Auswurfbeh\u00e4ltern und Luftr\u00fcckf\u00fchrungssystemen. Durch die Kombination dieser Eigenschaften entsteht ein Nahe-Null-Austragsystem. Dieses Nahe-Null-Austragsystem f\u00e4ngt die am Austragsende des DE-STONER\u00ae austretende Luft auf und f\u00fchrt sie durch die Maschine zur\u00fcck, um das Austreten von Material und Staubemissionen zu reduzieren. Es sind standardm\u00e4\u00dfige und ma\u00dfgeschneiderte Ausf\u00fchrungen f\u00fcr alle Modelle [&hellip;]\" \/>\n<meta property=\"og:url\" content=\"https:\/\/www.generalkinematics.com\/de\/produkt\/de-stoner-air-recirculating-systems-2\/\" \/>\n<meta property=\"og:site_name\" content=\"General Kinematics\" \/>\n<meta property=\"article:publisher\" content=\"https:\/\/www.facebook.com\/generalkinematics\" \/>\n<meta property=\"article:modified_time\" content=\"2018-08-30T05:26:08+00:00\" \/>\n<meta property=\"og:image\" content=\"https:\/\/www.generalkinematics.com\/wp-content\/uploads\/2015\/07\/DeStoner.jpg\" \/>\n\t<meta property=\"og:image:width\" content=\"3072\" \/>\n\t<meta property=\"og:image:height\" content=\"2304\" \/>\n\t<meta property=\"og:image:type\" content=\"image\/jpeg\" \/>\n<meta name=\"twitter:card\" content=\"summary_large_image\" \/>\n<meta name=\"twitter:site\" content=\"@gkvibrating\" \/>\n<meta name=\"twitter:label1\" content=\"Gesch\u00e4tzte Lesezeit\" \/>\n\t<meta name=\"twitter:data1\" content=\"1 Minute\" \/>\n<!-- \/ Yoast SEO plugin. -->","yoast_head_json":{"title":"DE-STONER\u00ae-Auswurfbeh\u00e4lter | General Kinematics","robots":{"index":"index","follow":"follow","max-snippet":"max-snippet:-1","max-image-preview":"max-image-preview:large","max-video-preview":"max-video-preview:-1"},"canonical":"https:\/\/www.generalkinematics.com\/de\/produkt\/de-stoner-air-recirculating-systems-2\/","og_locale":"de_DE","og_type":"article","og_title":"DE-STONER\u00ae-Auswurfbeh\u00e4lter | General Kinematics","og_description":"Steigern Sie die Leistung Ihres DE-STONER\u00ae-Luftsichters mit GKs Auswurfbeh\u00e4ltern und Luftr\u00fcckf\u00fchrungssystemen. Durch die Kombination dieser Eigenschaften entsteht ein Nahe-Null-Austragsystem. Dieses Nahe-Null-Austragsystem f\u00e4ngt die am Austragsende des DE-STONER\u00ae austretende Luft auf und f\u00fchrt sie durch die Maschine zur\u00fcck, um das Austreten von Material und Staubemissionen zu reduzieren. Es sind standardm\u00e4\u00dfige und ma\u00dfgeschneiderte Ausf\u00fchrungen f\u00fcr alle Modelle [&hellip;]","og_url":"https:\/\/www.generalkinematics.com\/de\/produkt\/de-stoner-air-recirculating-systems-2\/","og_site_name":"General Kinematics","article_publisher":"https:\/\/www.facebook.com\/generalkinematics","article_modified_time":"2018-08-30T05:26:08+00:00","og_image":[{"width":3072,"height":2304,"url":"https:\/\/www.generalkinematics.com\/wp-content\/uploads\/2015\/07\/DeStoner.jpg","type":"image\/jpeg"}],"twitter_card":"summary_large_image","twitter_site":"@gkvibrating","twitter_misc":{"Gesch\u00e4tzte Lesezeit":"1 Minute"},"schema":{"@context":"https:\/\/schema.org","@graph":[{"@type":"WebPage","@id":"https:\/\/www.generalkinematics.com\/de\/produkt\/de-stoner-air-recirculating-systems-2\/","url":"https:\/\/www.generalkinematics.com\/de\/produkt\/de-stoner-air-recirculating-systems-2\/","name":"DE-STONER\u00ae-Auswurfbeh\u00e4lter | General Kinematics","isPartOf":{"@id":"https:\/\/www.generalkinematics.com\/de\/#website"},"primaryImageOfPage":{"@id":"https:\/\/www.generalkinematics.com\/de\/produkt\/de-stoner-air-recirculating-systems-2\/#primaryimage"},"image":{"@id":"https:\/\/www.generalkinematics.com\/de\/produkt\/de-stoner-air-recirculating-systems-2\/#primaryimage"},"thumbnailUrl":"https:\/\/media.generalkinematics.com\/wp-content\/uploads\/2015\/07\/DeStoner.jpg","datePublished":"2015-07-27T02:06:58+00:00","dateModified":"2018-08-30T05:26:08+00:00","breadcrumb":{"@id":"https:\/\/www.generalkinematics.com\/de\/produkt\/de-stoner-air-recirculating-systems-2\/#breadcrumb"},"inLanguage":"de-DE","potentialAction":[{"@type":"ReadAction","target":["https:\/\/www.generalkinematics.com\/de\/produkt\/de-stoner-air-recirculating-systems-2\/"]}]},{"@type":"ImageObject","inLanguage":"de-DE","@id":"https:\/\/www.generalkinematics.com\/de\/produkt\/de-stoner-air-recirculating-systems-2\/#primaryimage","url":"https:\/\/media.generalkinematics.com\/wp-content\/uploads\/2015\/07\/DeStoner.jpg","contentUrl":"https:\/\/media.generalkinematics.com\/wp-content\/uploads\/2015\/07\/DeStoner.jpg","width":3072,"height":2304,"caption":"general-kinematics-destoner"},{"@type":"BreadcrumbList","@id":"https:\/\/www.generalkinematics.com\/de\/produkt\/de-stoner-air-recirculating-systems-2\/#breadcrumb","itemListElement":[{"@type":"ListItem","position":1,"name":"GK Home","item":"https:\/\/www.generalkinematics.com\/de\/"},{"@type":"ListItem","position":2,"name":"Shop","item":"https:\/\/www.generalkinematics.com\/shop\/"},{"@type":"ListItem","position":3,"name":"DE-STONER\u00ae-Auswurfbeh\u00e4lter"}]},{"@type":"WebSite","@id":"https:\/\/www.generalkinematics.com\/de\/#website","url":"https:\/\/www.generalkinematics.com\/de\/","name":"General Kinematics","description":"","publisher":{"@id":"https:\/\/www.generalkinematics.com\/de\/#organization"},"potentialAction":[{"@type":"SearchAction","target":{"@type":"EntryPoint","urlTemplate":"https:\/\/www.generalkinematics.com\/de\/?s={search_term_string}"},"query-input":{"@type":"PropertyValueSpecification","valueRequired":true,"valueName":"search_term_string"}}],"inLanguage":"de-DE"},{"@type":"Organization","@id":"https:\/\/www.generalkinematics.com\/de\/#organization","name":"General Kinematics","url":"https:\/\/www.generalkinematics.com\/de\/","logo":{"@type":"ImageObject","inLanguage":"de-DE","@id":"https:\/\/www.generalkinematics.com\/de\/#\/schema\/logo\/image\/","url":"https:\/\/media.generalkinematics.com\/wp-content\/uploads\/2018\/03\/logo.png","contentUrl":"https:\/\/media.generalkinematics.com\/wp-content\/uploads\/2018\/03\/logo.png","width":313,"height":100,"caption":"General Kinematics"},"image":{"@id":"https:\/\/www.generalkinematics.com\/de\/#\/schema\/logo\/image\/"},"sameAs":["https:\/\/www.facebook.com\/generalkinematics","https:\/\/x.com\/gkvibrating"]}]}},"_links":{"self":[{"href":"https:\/\/www.generalkinematics.com\/de\/wp-json\/wp\/v2\/product\/39337","targetHints":{"allow":["GET"]}}],"collection":[{"href":"https:\/\/www.generalkinematics.com\/de\/wp-json\/wp\/v2\/product"}],"about":[{"href":"https:\/\/www.generalkinematics.com\/de\/wp-json\/wp\/v2\/types\/product"}],"replies":[{"embeddable":true,"href":"https:\/\/www.generalkinematics.com\/de\/wp-json\/wp\/v2\/comments?post=39337"}],"wp:featuredmedia":[{"embeddable":true,"href":"https:\/\/www.generalkinematics.com\/de\/wp-json\/wp\/v2\/media\/23699"}],"wp:attachment":[{"href":"https:\/\/www.generalkinematics.com\/de\/wp-json\/wp\/v2\/media?parent=39337"}],"wp:term":[{"taxonomy":"product_brand","embeddable":true,"href":"https:\/\/www.generalkinematics.com\/de\/wp-json\/wp\/v2\/product_brand?post=39337"},{"taxonomy":"product_cat","embeddable":true,"href":"https:\/\/www.generalkinematics.com\/de\/wp-json\/wp\/v2\/product_cat?post=39337"},{"taxonomy":"product_tag","embeddable":true,"href":"https:\/\/www.generalkinematics.com\/de\/wp-json\/wp\/v2\/product_tag?post=39337"}],"curies":[{"name":"wp","href":"https:\/\/api.w.org\/{rel}","templated":true}]}}