{"id":39397,"date":"2015-07-26T21:43:49","date_gmt":"2015-07-27T02:43:49","guid":{"rendered":"https:\/\/www.generalkinematics.com\/product\/finger-screen-sonder-stabdecks\/"},"modified":"2018-08-31T15:58:28","modified_gmt":"2018-08-31T20:58:28","slug":"finger-screen-sonder-stabdecks","status":"publish","type":"product","link":"https:\/\/www.generalkinematics.com\/de\/produkt\/finger-screen-sonder-stabdecks\/","title":{"rendered":"FINGER-SCREEN\u2122-Sonder-Stabdecks"},"content":{"rendered":"<p>General Kinematics <strong>FINGER-SCREEN\u2122-Stabdecks<\/strong> wurden f\u00fcr die Trennung von schwierigem Material entwickelt, das bei herk\u00f6mmlichen Siebanwendungen anf\u00e4llig f\u00fcr Verklebungen oder Verstopfungen ist. Das Geheimnis der Leistungsf\u00e4higkeit der Stabdecks liegt unter Beibehaltung der geplanten Siebtoleranz in der Flexibilit\u00e4t der einzelnen St\u00e4be innerhalb des Deckabschnittes.<\/p>\n<p>Die robuste Ausf\u00fchrung von GKs Stabdecks erm\u00f6glicht es, abrasives, schweres, nasses oder anderweitig schwierig handzuhabendes Material leicht im kaskadenf\u00f6rmigen Trog des Sortierbereichs zu verarbeiten.<\/p>\n<p>Die Langhub-F\u00e4higkeiten von GKs F\u00e4higkeiten in Kombination mit der Flexibilit\u00e4t der Stabdeck-Abschnitte ergeben eine vielseitige und leistungsstarke Siebl\u00f6sung zur Maximierung der Sortierung in Ihrer Prozessanwendung.<\/p>\n<h2>Eigenschaften:<\/h2>\n<ul>\n<li>Trennt Material, das auf herk\u00f6mmlichen Siebfl\u00e4chen in seiner Qualit\u00e4t verschlechtert wird.<\/li>\n<li>Erm\u00f6glicht mehr Flexibilit\u00e4t bei gleichzeitiger Einhaltung von Siebtoleranzen.<\/li>\n<li>GKs Stabdecks erm\u00f6glichen es, abrasives, schweres, nasses oder anderweitig schwierig handzuhabendes Material leicht im kaskadenf\u00f6rmigen Trog des Sortierbereichs zu verarbeiten.<\/li>\n<\/ul>\n","protected":false},"excerpt":{"rendered":"<p>General Kinematics FINGER-SCREEN\u2122-Stabdecks wurden f\u00fcr die Trennung von schwierigem Material entwickelt, das bei herk\u00f6mmlichen Siebanwendungen anf\u00e4llig f\u00fcr Verklebungen oder Verstopfungen ist. Das Geheimnis der Leistungsf\u00e4higkeit der Stabdecks liegt unter Beibehaltung der geplanten Siebtoleranz in der Flexibilit\u00e4t der einzelnen St\u00e4be innerhalb des Deckabschnittes. Die robuste Ausf\u00fchrung von GKs Stabdecks erm\u00f6glicht es, abrasives, schweres, nasses oder anderweitig [&hellip;]<\/p>\n","protected":false},"featured_media":23791,"comment_status":"closed","ping_status":"closed","template":"","meta":{"_acf_changed":false,"om_disable_all_campaigns":false,"ep_exclude_from_search":false},"product_brand":[],"product_cat":[1761,1765],"product_tag":[],"class_list":{"0":"post-39397","1":"product","2":"type-product","3":"status-publish","4":"has-post-thumbnail","6":"product_cat-loesungen-fuer-schuettgutverarbeitung","7":"product_cat-sieben-und-klassifizieren","9":"first","10":"instock","11":"taxable","12":"shipping-taxable","13":"product-type-simple"},"acf":[],"yoast_head":"<!-- This site is optimized with the Yoast SEO plugin v27.2 - https:\/\/yoast.com\/product\/yoast-seo-wordpress\/ -->\n<title>FINGER-SCREEN\u2122-Sonder-Stabdecks | General Kinematics<\/title>\n<meta name=\"robots\" content=\"index, follow, max-snippet:-1, max-image-preview:large, max-video-preview:-1\" \/>\n<link rel=\"canonical\" href=\"https:\/\/www.generalkinematics.com\/de\/produkt\/finger-screen-sonder-stabdecks\/\" \/>\n<meta property=\"og:locale\" content=\"de_DE\" \/>\n<meta property=\"og:type\" content=\"article\" \/>\n<meta property=\"og:title\" content=\"FINGER-SCREEN\u2122-Sonder-Stabdecks | General Kinematics\" \/>\n<meta property=\"og:description\" content=\"General Kinematics FINGER-SCREEN\u2122-Stabdecks wurden f\u00fcr die Trennung von schwierigem Material entwickelt, das bei herk\u00f6mmlichen Siebanwendungen anf\u00e4llig f\u00fcr Verklebungen oder Verstopfungen ist. Das Geheimnis der Leistungsf\u00e4higkeit der Stabdecks liegt unter Beibehaltung der geplanten Siebtoleranz in der Flexibilit\u00e4t der einzelnen St\u00e4be innerhalb des Deckabschnittes. Die robuste Ausf\u00fchrung von GKs Stabdecks erm\u00f6glicht es, abrasives, schweres, nasses oder anderweitig [&hellip;]\" \/>\n<meta property=\"og:url\" content=\"https:\/\/www.generalkinematics.com\/de\/produkt\/finger-screen-sonder-stabdecks\/\" \/>\n<meta property=\"og:site_name\" content=\"General Kinematics\" \/>\n<meta property=\"article:publisher\" content=\"https:\/\/www.facebook.com\/generalkinematics\" \/>\n<meta property=\"article:modified_time\" content=\"2018-08-31T20:58:28+00:00\" \/>\n<meta property=\"og:image\" content=\"https:\/\/www.generalkinematics.com\/wp-content\/uploads\/2015\/07\/IMG_1447.jpg\" \/>\n\t<meta property=\"og:image:width\" content=\"5184\" \/>\n\t<meta property=\"og:image:height\" content=\"3456\" \/>\n\t<meta property=\"og:image:type\" content=\"image\/jpeg\" \/>\n<meta name=\"twitter:card\" content=\"summary_large_image\" \/>\n<meta name=\"twitter:site\" content=\"@gkvibrating\" \/>\n<meta name=\"twitter:label1\" content=\"Gesch\u00e4tzte Lesezeit\" \/>\n\t<meta name=\"twitter:data1\" content=\"1 Minute\" \/>\n<!-- \/ Yoast SEO plugin. -->","yoast_head_json":{"title":"FINGER-SCREEN\u2122-Sonder-Stabdecks | General Kinematics","robots":{"index":"index","follow":"follow","max-snippet":"max-snippet:-1","max-image-preview":"max-image-preview:large","max-video-preview":"max-video-preview:-1"},"canonical":"https:\/\/www.generalkinematics.com\/de\/produkt\/finger-screen-sonder-stabdecks\/","og_locale":"de_DE","og_type":"article","og_title":"FINGER-SCREEN\u2122-Sonder-Stabdecks | General Kinematics","og_description":"General Kinematics FINGER-SCREEN\u2122-Stabdecks wurden f\u00fcr die Trennung von schwierigem Material entwickelt, das bei herk\u00f6mmlichen Siebanwendungen anf\u00e4llig f\u00fcr Verklebungen oder Verstopfungen ist. Das Geheimnis der Leistungsf\u00e4higkeit der Stabdecks liegt unter Beibehaltung der geplanten Siebtoleranz in der Flexibilit\u00e4t der einzelnen St\u00e4be innerhalb des Deckabschnittes. Die robuste Ausf\u00fchrung von GKs Stabdecks erm\u00f6glicht es, abrasives, schweres, nasses oder anderweitig [&hellip;]","og_url":"https:\/\/www.generalkinematics.com\/de\/produkt\/finger-screen-sonder-stabdecks\/","og_site_name":"General Kinematics","article_publisher":"https:\/\/www.facebook.com\/generalkinematics","article_modified_time":"2018-08-31T20:58:28+00:00","og_image":[{"width":5184,"height":3456,"url":"https:\/\/www.generalkinematics.com\/wp-content\/uploads\/2015\/07\/IMG_1447.jpg","type":"image\/jpeg"}],"twitter_card":"summary_large_image","twitter_site":"@gkvibrating","twitter_misc":{"Gesch\u00e4tzte Lesezeit":"1 Minute"},"schema":{"@context":"https:\/\/schema.org","@graph":[{"@type":"WebPage","@id":"https:\/\/www.generalkinematics.com\/de\/produkt\/finger-screen-sonder-stabdecks\/","url":"https:\/\/www.generalkinematics.com\/de\/produkt\/finger-screen-sonder-stabdecks\/","name":"FINGER-SCREEN\u2122-Sonder-Stabdecks | General Kinematics","isPartOf":{"@id":"https:\/\/www.generalkinematics.com\/de\/#website"},"primaryImageOfPage":{"@id":"https:\/\/www.generalkinematics.com\/de\/produkt\/finger-screen-sonder-stabdecks\/#primaryimage"},"image":{"@id":"https:\/\/www.generalkinematics.com\/de\/produkt\/finger-screen-sonder-stabdecks\/#primaryimage"},"thumbnailUrl":"https:\/\/media.generalkinematics.com\/wp-content\/uploads\/2015\/07\/IMG_1447.jpg","datePublished":"2015-07-27T02:43:49+00:00","dateModified":"2018-08-31T20:58:28+00:00","breadcrumb":{"@id":"https:\/\/www.generalkinematics.com\/de\/produkt\/finger-screen-sonder-stabdecks\/#breadcrumb"},"inLanguage":"de-DE","potentialAction":[{"@type":"ReadAction","target":["https:\/\/www.generalkinematics.com\/de\/produkt\/finger-screen-sonder-stabdecks\/"]}]},{"@type":"ImageObject","inLanguage":"de-DE","@id":"https:\/\/www.generalkinematics.com\/de\/produkt\/finger-screen-sonder-stabdecks\/#primaryimage","url":"https:\/\/media.generalkinematics.com\/wp-content\/uploads\/2015\/07\/IMG_1447.jpg","contentUrl":"https:\/\/media.generalkinematics.com\/wp-content\/uploads\/2015\/07\/IMG_1447.jpg","width":5184,"height":3456,"caption":"general-kinematics-rod-deck"},{"@type":"BreadcrumbList","@id":"https:\/\/www.generalkinematics.com\/de\/produkt\/finger-screen-sonder-stabdecks\/#breadcrumb","itemListElement":[{"@type":"ListItem","position":1,"name":"GK Home","item":"https:\/\/www.generalkinematics.com\/de\/"},{"@type":"ListItem","position":2,"name":"Shop","item":"https:\/\/www.generalkinematics.com\/shop\/"},{"@type":"ListItem","position":3,"name":"FINGER-SCREEN\u2122-Sonder-Stabdecks"}]},{"@type":"WebSite","@id":"https:\/\/www.generalkinematics.com\/de\/#website","url":"https:\/\/www.generalkinematics.com\/de\/","name":"General Kinematics","description":"","publisher":{"@id":"https:\/\/www.generalkinematics.com\/de\/#organization"},"potentialAction":[{"@type":"SearchAction","target":{"@type":"EntryPoint","urlTemplate":"https:\/\/www.generalkinematics.com\/de\/?s={search_term_string}"},"query-input":{"@type":"PropertyValueSpecification","valueRequired":true,"valueName":"search_term_string"}}],"inLanguage":"de-DE"},{"@type":"Organization","@id":"https:\/\/www.generalkinematics.com\/de\/#organization","name":"General Kinematics","url":"https:\/\/www.generalkinematics.com\/de\/","logo":{"@type":"ImageObject","inLanguage":"de-DE","@id":"https:\/\/www.generalkinematics.com\/de\/#\/schema\/logo\/image\/","url":"https:\/\/media.generalkinematics.com\/wp-content\/uploads\/2018\/03\/logo.png","contentUrl":"https:\/\/media.generalkinematics.com\/wp-content\/uploads\/2018\/03\/logo.png","width":313,"height":100,"caption":"General Kinematics"},"image":{"@id":"https:\/\/www.generalkinematics.com\/de\/#\/schema\/logo\/image\/"},"sameAs":["https:\/\/www.facebook.com\/generalkinematics","https:\/\/x.com\/gkvibrating"]}]}},"_links":{"self":[{"href":"https:\/\/www.generalkinematics.com\/de\/wp-json\/wp\/v2\/product\/39397","targetHints":{"allow":["GET"]}}],"collection":[{"href":"https:\/\/www.generalkinematics.com\/de\/wp-json\/wp\/v2\/product"}],"about":[{"href":"https:\/\/www.generalkinematics.com\/de\/wp-json\/wp\/v2\/types\/product"}],"replies":[{"embeddable":true,"href":"https:\/\/www.generalkinematics.com\/de\/wp-json\/wp\/v2\/comments?post=39397"}],"wp:featuredmedia":[{"embeddable":true,"href":"https:\/\/www.generalkinematics.com\/de\/wp-json\/wp\/v2\/media\/23791"}],"wp:attachment":[{"href":"https:\/\/www.generalkinematics.com\/de\/wp-json\/wp\/v2\/media?parent=39397"}],"wp:term":[{"taxonomy":"product_brand","embeddable":true,"href":"https:\/\/www.generalkinematics.com\/de\/wp-json\/wp\/v2\/product_brand?post=39397"},{"taxonomy":"product_cat","embeddable":true,"href":"https:\/\/www.generalkinematics.com\/de\/wp-json\/wp\/v2\/product_cat?post=39397"},{"taxonomy":"product_tag","embeddable":true,"href":"https:\/\/www.generalkinematics.com\/de\/wp-json\/wp\/v2\/product_tag?post=39397"}],"curies":[{"name":"wp","href":"https:\/\/api.w.org\/{rel}","templated":true}]}}