{"id":39413,"date":"2015-07-26T21:47:32","date_gmt":"2015-07-27T02:47:32","guid":{"rendered":"https:\/\/www.generalkinematics.com\/product\/finger-screen-vibrationssiebe\/"},"modified":"2018-08-31T16:26:42","modified_gmt":"2018-08-31T21:26:42","slug":"finger-screen-vibrationssiebe-bauweise","status":"publish","type":"product","link":"https:\/\/www.generalkinematics.com\/de\/produkt\/finger-screen-vibrationssiebe-bauweise\/","title":{"rendered":"FINGER-SCREEN\u2122-Vibrationssiebe"},"content":{"rendered":"<p>General Kinematics patentierte, nicht bindende <strong>FINGER-SCREEN\u2122<\/strong>-Bauweise f\u00fcr das Recycling von Rohmaterialen hat sich in einer Vielzahl von Anwendungen, bei der Probleme mit herk\u00f6mmlichen Drahtgitter-Sieboberfl\u00e4chen auftreten, als sehr erfolgreich erwiesen.<\/p>\n<p><u><strong>Funktionsweise<\/strong><\/u><\/p>\n<p>Die \u00fcberragende Leistung des Vibrationsverfahrens und die einfache Bewegung zur Verhinderung von Verstopfungen auf unserem einzigartigen FINGER-SCREEN\u2122 erm\u00f6glicht eine hocheffiziente Trennung und Klassifizierung. Die Vibrationsbewegung der Einheiten verteilt das Material f\u00fcr maximale Trenneffizienz gleichm\u00e4\u00dfig auf dem Deck. Trenndecks mit mehreren Gr\u00f6\u00dfen verbessern die Klassifizierung, w\u00e4hrend gestaffelte Fingerpositionen helfen, Materialumgehungen zu verhindern. Die Trennleistung wird verbessert, wenn Material kaskadenartig frei durch die Einheit gef\u00f6rdert wird &#8211; mit weniger \u201eVerfangen\u201c. Das Ergebnis ist ein schneller, gleichm\u00e4\u00dfiger und kontinuierlicher Materialfluss \u00fcber den gesamten Trenn- und Klassifizierungsprozess hinweg.<\/p>\n<h2>Eigenschaften:<\/h2>\n<ul>\n<li>Die Vibrationsbewegung verteilt das Material gleichm\u00e4\u00dfig f\u00fcr eine maximale effiziente Klassifizierung.<\/li>\n<li>Gestaffelte Finger verhindern Materialumgehung.<\/li>\n<li>Der kaskadenartige Materialfluss hilft eingeschlossene Objekte zu trennen.<\/li>\n<li>Die einzigartige Nockenoberfl\u00e4che verhindert das Verfangen und Anhaften.<\/li>\n<li>Sich verj\u00fcngende Finger klassifizieren und befreien die verhedderten Materialien.<\/li>\n<li>Eine offene Bauweise unter dem Deck erm\u00f6glicht den \u201efreien Fall\u201c von Material auf das untere Sammeldeck.<\/li>\n<li>An Ihre spezifischen Klassifizierungsanforderungen angepasste Bauweise<\/li>\n<li>Die modulare Deckkonstruktion erm\u00f6glicht einen einfachen Deckaustausch.<\/li>\n<\/ul>\n","protected":false},"excerpt":{"rendered":"<p>General Kinematics patentierte, nicht bindende FINGER-SCREEN\u2122-Bauweise f\u00fcr das Recycling von Rohmaterialen hat sich in einer Vielzahl von Anwendungen, bei der Probleme mit herk\u00f6mmlichen Drahtgitter-Sieboberfl\u00e4chen auftreten, als sehr erfolgreich erwiesen. Funktionsweise Die \u00fcberragende Leistung des Vibrationsverfahrens und die einfache Bewegung zur Verhinderung von Verstopfungen auf unserem einzigartigen FINGER-SCREEN\u2122 erm\u00f6glicht eine hocheffiziente Trennung und Klassifizierung. Die Vibrationsbewegung [&hellip;]<\/p>\n","protected":false},"featured_media":24107,"comment_status":"closed","ping_status":"closed","template":"","meta":{"_acf_changed":false,"om_disable_all_campaigns":false,"ep_exclude_from_search":false},"product_brand":[],"product_cat":[1761,1765],"product_tag":[],"class_list":{"0":"post-39413","1":"product","2":"type-product","3":"status-publish","4":"has-post-thumbnail","6":"product_cat-loesungen-fuer-schuettgutverarbeitung","7":"product_cat-sieben-und-klassifizieren","9":"first","10":"instock","11":"taxable","12":"shipping-taxable","13":"product-type-simple"},"acf":[],"yoast_head":"<!-- This site is optimized with the Yoast SEO plugin v27.2 - https:\/\/yoast.com\/product\/yoast-seo-wordpress\/ -->\n<title>FINGER-SCREEN\u2122-Vibrationssiebe | General Kinematics<\/title>\n<meta name=\"robots\" content=\"index, follow, max-snippet:-1, max-image-preview:large, max-video-preview:-1\" \/>\n<link rel=\"canonical\" href=\"https:\/\/www.generalkinematics.com\/de\/produkt\/finger-screen-vibrationssiebe-bauweise\/\" \/>\n<meta property=\"og:locale\" content=\"de_DE\" \/>\n<meta property=\"og:type\" content=\"article\" \/>\n<meta property=\"og:title\" content=\"FINGER-SCREEN\u2122-Vibrationssiebe | General Kinematics\" \/>\n<meta property=\"og:description\" content=\"General Kinematics patentierte, nicht bindende FINGER-SCREEN\u2122-Bauweise f\u00fcr das Recycling von Rohmaterialen hat sich in einer Vielzahl von Anwendungen, bei der Probleme mit herk\u00f6mmlichen Drahtgitter-Sieboberfl\u00e4chen auftreten, als sehr erfolgreich erwiesen. Funktionsweise Die \u00fcberragende Leistung des Vibrationsverfahrens und die einfache Bewegung zur Verhinderung von Verstopfungen auf unserem einzigartigen FINGER-SCREEN\u2122 erm\u00f6glicht eine hocheffiziente Trennung und Klassifizierung. Die Vibrationsbewegung [&hellip;]\" \/>\n<meta property=\"og:url\" content=\"https:\/\/www.generalkinematics.com\/de\/produkt\/finger-screen-vibrationssiebe-bauweise\/\" \/>\n<meta property=\"og:site_name\" content=\"General Kinematics\" \/>\n<meta property=\"article:publisher\" content=\"https:\/\/www.facebook.com\/generalkinematics\" \/>\n<meta property=\"article:modified_time\" content=\"2018-08-31T21:26:42+00:00\" \/>\n<meta property=\"og:image\" content=\"https:\/\/media.generalkinematics.com\/wp-content\/uploads\/2015\/07\/Finger-Screen-to-Platform1.jpg\" \/>\n\t<meta property=\"og:image:width\" content=\"2304\" \/>\n\t<meta property=\"og:image:height\" content=\"3072\" \/>\n\t<meta property=\"og:image:type\" content=\"image\/jpeg\" \/>\n<meta name=\"twitter:card\" content=\"summary_large_image\" \/>\n<meta name=\"twitter:site\" content=\"@gkvibrating\" \/>\n<meta name=\"twitter:label1\" content=\"Gesch\u00e4tzte Lesezeit\" \/>\n\t<meta name=\"twitter:data1\" content=\"1 Minute\" \/>\n<!-- \/ Yoast SEO plugin. -->","yoast_head_json":{"title":"FINGER-SCREEN\u2122-Vibrationssiebe | General Kinematics","robots":{"index":"index","follow":"follow","max-snippet":"max-snippet:-1","max-image-preview":"max-image-preview:large","max-video-preview":"max-video-preview:-1"},"canonical":"https:\/\/www.generalkinematics.com\/de\/produkt\/finger-screen-vibrationssiebe-bauweise\/","og_locale":"de_DE","og_type":"article","og_title":"FINGER-SCREEN\u2122-Vibrationssiebe | General Kinematics","og_description":"General Kinematics patentierte, nicht bindende FINGER-SCREEN\u2122-Bauweise f\u00fcr das Recycling von Rohmaterialen hat sich in einer Vielzahl von Anwendungen, bei der Probleme mit herk\u00f6mmlichen Drahtgitter-Sieboberfl\u00e4chen auftreten, als sehr erfolgreich erwiesen. Funktionsweise Die \u00fcberragende Leistung des Vibrationsverfahrens und die einfache Bewegung zur Verhinderung von Verstopfungen auf unserem einzigartigen FINGER-SCREEN\u2122 erm\u00f6glicht eine hocheffiziente Trennung und Klassifizierung. Die Vibrationsbewegung [&hellip;]","og_url":"https:\/\/www.generalkinematics.com\/de\/produkt\/finger-screen-vibrationssiebe-bauweise\/","og_site_name":"General Kinematics","article_publisher":"https:\/\/www.facebook.com\/generalkinematics","article_modified_time":"2018-08-31T21:26:42+00:00","og_image":[{"width":2304,"height":3072,"url":"https:\/\/media.generalkinematics.com\/wp-content\/uploads\/2015\/07\/Finger-Screen-to-Platform1.jpg","type":"image\/jpeg"}],"twitter_card":"summary_large_image","twitter_site":"@gkvibrating","twitter_misc":{"Gesch\u00e4tzte Lesezeit":"1 Minute"},"schema":{"@context":"https:\/\/schema.org","@graph":[{"@type":"WebPage","@id":"https:\/\/www.generalkinematics.com\/de\/produkt\/finger-screen-vibrationssiebe-bauweise\/","url":"https:\/\/www.generalkinematics.com\/de\/produkt\/finger-screen-vibrationssiebe-bauweise\/","name":"FINGER-SCREEN\u2122-Vibrationssiebe | General Kinematics","isPartOf":{"@id":"https:\/\/www.generalkinematics.com\/de\/#website"},"primaryImageOfPage":{"@id":"https:\/\/www.generalkinematics.com\/de\/produkt\/finger-screen-vibrationssiebe-bauweise\/#primaryimage"},"image":{"@id":"https:\/\/www.generalkinematics.com\/de\/produkt\/finger-screen-vibrationssiebe-bauweise\/#primaryimage"},"thumbnailUrl":"https:\/\/media.generalkinematics.com\/wp-content\/uploads\/2015\/07\/Finger-Screen-to-Platform1.jpg","datePublished":"2015-07-27T02:47:32+00:00","dateModified":"2018-08-31T21:26:42+00:00","breadcrumb":{"@id":"https:\/\/www.generalkinematics.com\/de\/produkt\/finger-screen-vibrationssiebe-bauweise\/#breadcrumb"},"inLanguage":"de-DE","potentialAction":[{"@type":"ReadAction","target":["https:\/\/www.generalkinematics.com\/de\/produkt\/finger-screen-vibrationssiebe-bauweise\/"]}]},{"@type":"ImageObject","inLanguage":"de-DE","@id":"https:\/\/www.generalkinematics.com\/de\/produkt\/finger-screen-vibrationssiebe-bauweise\/#primaryimage","url":"https:\/\/media.generalkinematics.com\/wp-content\/uploads\/2015\/07\/Finger-Screen-to-Platform1.jpg","contentUrl":"https:\/\/media.generalkinematics.com\/wp-content\/uploads\/2015\/07\/Finger-Screen-to-Platform1.jpg","width":2304,"height":3072,"caption":"general-kinematics-finger-screen"},{"@type":"BreadcrumbList","@id":"https:\/\/www.generalkinematics.com\/de\/produkt\/finger-screen-vibrationssiebe-bauweise\/#breadcrumb","itemListElement":[{"@type":"ListItem","position":1,"name":"GK Home","item":"https:\/\/www.generalkinematics.com\/de\/"},{"@type":"ListItem","position":2,"name":"Shop","item":"https:\/\/www.generalkinematics.com\/shop\/"},{"@type":"ListItem","position":3,"name":"FINGER-SCREEN\u2122-Vibrationssiebe"}]},{"@type":"WebSite","@id":"https:\/\/www.generalkinematics.com\/de\/#website","url":"https:\/\/www.generalkinematics.com\/de\/","name":"General Kinematics","description":"","publisher":{"@id":"https:\/\/www.generalkinematics.com\/de\/#organization"},"potentialAction":[{"@type":"SearchAction","target":{"@type":"EntryPoint","urlTemplate":"https:\/\/www.generalkinematics.com\/de\/?s={search_term_string}"},"query-input":{"@type":"PropertyValueSpecification","valueRequired":true,"valueName":"search_term_string"}}],"inLanguage":"de-DE"},{"@type":"Organization","@id":"https:\/\/www.generalkinematics.com\/de\/#organization","name":"General Kinematics","url":"https:\/\/www.generalkinematics.com\/de\/","logo":{"@type":"ImageObject","inLanguage":"de-DE","@id":"https:\/\/www.generalkinematics.com\/de\/#\/schema\/logo\/image\/","url":"https:\/\/media.generalkinematics.com\/wp-content\/uploads\/2018\/03\/logo.png","contentUrl":"https:\/\/media.generalkinematics.com\/wp-content\/uploads\/2018\/03\/logo.png","width":313,"height":100,"caption":"General Kinematics"},"image":{"@id":"https:\/\/www.generalkinematics.com\/de\/#\/schema\/logo\/image\/"},"sameAs":["https:\/\/www.facebook.com\/generalkinematics","https:\/\/x.com\/gkvibrating"]}]}},"_links":{"self":[{"href":"https:\/\/www.generalkinematics.com\/de\/wp-json\/wp\/v2\/product\/39413","targetHints":{"allow":["GET"]}}],"collection":[{"href":"https:\/\/www.generalkinematics.com\/de\/wp-json\/wp\/v2\/product"}],"about":[{"href":"https:\/\/www.generalkinematics.com\/de\/wp-json\/wp\/v2\/types\/product"}],"replies":[{"embeddable":true,"href":"https:\/\/www.generalkinematics.com\/de\/wp-json\/wp\/v2\/comments?post=39413"}],"wp:featuredmedia":[{"embeddable":true,"href":"https:\/\/www.generalkinematics.com\/de\/wp-json\/wp\/v2\/media\/24107"}],"wp:attachment":[{"href":"https:\/\/www.generalkinematics.com\/de\/wp-json\/wp\/v2\/media?parent=39413"}],"wp:term":[{"taxonomy":"product_brand","embeddable":true,"href":"https:\/\/www.generalkinematics.com\/de\/wp-json\/wp\/v2\/product_brand?post=39413"},{"taxonomy":"product_cat","embeddable":true,"href":"https:\/\/www.generalkinematics.com\/de\/wp-json\/wp\/v2\/product_cat?post=39413"},{"taxonomy":"product_tag","embeddable":true,"href":"https:\/\/www.generalkinematics.com\/de\/wp-json\/wp\/v2\/product_tag?post=39413"}],"curies":[{"name":"wp","href":"https:\/\/api.w.org\/{rel}","templated":true}]}}