{"id":39524,"date":"2015-07-26T21:54:36","date_gmt":"2015-07-27T02:54:36","guid":{"rendered":"https:\/\/www.generalkinematics.com\/product\/omni-screener\/"},"modified":"2018-08-31T16:01:47","modified_gmt":"2018-08-31T21:01:47","slug":"omni-screener-gk","status":"publish","type":"product","link":"https:\/\/www.generalkinematics.com\/de\/produkt\/omni-screener-gk\/","title":{"rendered":"OMNI-SCREENER\u2122"},"content":{"rendered":"<p>General Kinematics <strong>Vibrations-OMNI-SCREENER\u2122<\/strong> liefert \u00fcberlegene Kontroll- und Klassifizierungsergebnisse bei der Verarbeitung von Sch\u00fcttgut. Die Einheiten k\u00f6nnen mehrere Deckoberfl\u00e4chen f\u00fcr variables Sieben haben. Durch die quadratische Form wird die Auswechselung von Sieben durch das einfache Spannverfahren quasi zum Kinderspiel.<\/p>\n<h2>Eigenschaften:<\/h2>\n<ul>\n<li>Der wendelf\u00f6rmige Produktfluss von der zentralen Einspeisestelle entwickelt eine verl\u00e4ngerte Verweilzeit der Teile in der ungef\u00e4hren Gr\u00f6\u00dfe.<\/li>\n<li>Einfacher, in sich geschlossener, motorisierter Antrieb mit variabler Schwingungsamplitude und einstellbarem Anstellwinkel erm\u00f6glicht schnelle Anpassungen, um eine optimale Siebwirkung zu erzielen.<\/li>\n<li>Die Konstruktion mit geringer Bauh\u00f6he kann bei Bedarf vollst\u00e4ndig geschlossen werden.<\/li>\n<li>Erh\u00e4ltlich in Kohlenstoffstahl, Edelstahl und Lebensmittelqualit\u00e4t.<\/li>\n<\/ul>\n","protected":false},"excerpt":{"rendered":"<p>General Kinematics Vibrations-OMNI-SCREENER\u2122 liefert \u00fcberlegene Kontroll- und Klassifizierungsergebnisse bei der Verarbeitung von Sch\u00fcttgut. Die Einheiten k\u00f6nnen mehrere Deckoberfl\u00e4chen f\u00fcr variables Sieben haben. Durch die quadratische Form wird die Auswechselung von Sieben durch das einfache Spannverfahren quasi zum Kinderspiel. Eigenschaften: Der wendelf\u00f6rmige Produktfluss von der zentralen Einspeisestelle entwickelt eine verl\u00e4ngerte Verweilzeit der Teile in der ungef\u00e4hren [&hellip;]<\/p>\n","protected":false},"featured_media":29123,"comment_status":"closed","ping_status":"closed","template":"","meta":{"_acf_changed":false,"om_disable_all_campaigns":false,"ep_exclude_from_search":false},"product_brand":[],"product_cat":[1761,1765],"product_tag":[],"class_list":{"0":"post-39524","1":"product","2":"type-product","3":"status-publish","4":"has-post-thumbnail","6":"product_cat-loesungen-fuer-schuettgutverarbeitung","7":"product_cat-sieben-und-klassifizieren","9":"first","10":"instock","11":"taxable","12":"shipping-taxable","13":"product-type-simple"},"acf":[],"yoast_head":"<!-- This site is optimized with the Yoast SEO plugin v27.2 - https:\/\/yoast.com\/product\/yoast-seo-wordpress\/ -->\n<title>OMNI-SCREENER\u2122 | General Kinematics<\/title>\n<meta name=\"robots\" content=\"index, follow, max-snippet:-1, max-image-preview:large, max-video-preview:-1\" \/>\n<link rel=\"canonical\" href=\"https:\/\/www.generalkinematics.com\/de\/produkt\/omni-screener-gk\/\" \/>\n<meta property=\"og:locale\" content=\"de_DE\" \/>\n<meta property=\"og:type\" content=\"article\" \/>\n<meta property=\"og:title\" content=\"OMNI-SCREENER\u2122 | General Kinematics\" \/>\n<meta property=\"og:description\" content=\"General Kinematics Vibrations-OMNI-SCREENER\u2122 liefert \u00fcberlegene Kontroll- und Klassifizierungsergebnisse bei der Verarbeitung von Sch\u00fcttgut. Die Einheiten k\u00f6nnen mehrere Deckoberfl\u00e4chen f\u00fcr variables Sieben haben. Durch die quadratische Form wird die Auswechselung von Sieben durch das einfache Spannverfahren quasi zum Kinderspiel. Eigenschaften: Der wendelf\u00f6rmige Produktfluss von der zentralen Einspeisestelle entwickelt eine verl\u00e4ngerte Verweilzeit der Teile in der ungef\u00e4hren [&hellip;]\" \/>\n<meta property=\"og:url\" content=\"https:\/\/www.generalkinematics.com\/de\/produkt\/omni-screener-gk\/\" \/>\n<meta property=\"og:site_name\" content=\"General Kinematics\" \/>\n<meta property=\"article:publisher\" content=\"https:\/\/www.facebook.com\/generalkinematics\" \/>\n<meta property=\"article:modified_time\" content=\"2018-08-31T21:01:47+00:00\" \/>\n<meta property=\"og:image\" content=\"https:\/\/www.generalkinematics.com\/wp-content\/uploads\/2015\/07\/Omni-Screener.png\" \/>\n\t<meta property=\"og:image:width\" content=\"800\" \/>\n\t<meta property=\"og:image:height\" content=\"600\" \/>\n\t<meta property=\"og:image:type\" content=\"image\/jpeg\" \/>\n<meta name=\"twitter:card\" content=\"summary_large_image\" \/>\n<meta name=\"twitter:site\" content=\"@gkvibrating\" \/>\n<meta name=\"twitter:label1\" content=\"Gesch\u00e4tzte Lesezeit\" \/>\n\t<meta name=\"twitter:data1\" content=\"1 Minute\" \/>\n<!-- \/ Yoast SEO plugin. -->","yoast_head_json":{"title":"OMNI-SCREENER\u2122 | General Kinematics","robots":{"index":"index","follow":"follow","max-snippet":"max-snippet:-1","max-image-preview":"max-image-preview:large","max-video-preview":"max-video-preview:-1"},"canonical":"https:\/\/www.generalkinematics.com\/de\/produkt\/omni-screener-gk\/","og_locale":"de_DE","og_type":"article","og_title":"OMNI-SCREENER\u2122 | General Kinematics","og_description":"General Kinematics Vibrations-OMNI-SCREENER\u2122 liefert \u00fcberlegene Kontroll- und Klassifizierungsergebnisse bei der Verarbeitung von Sch\u00fcttgut. Die Einheiten k\u00f6nnen mehrere Deckoberfl\u00e4chen f\u00fcr variables Sieben haben. Durch die quadratische Form wird die Auswechselung von Sieben durch das einfache Spannverfahren quasi zum Kinderspiel. Eigenschaften: Der wendelf\u00f6rmige Produktfluss von der zentralen Einspeisestelle entwickelt eine verl\u00e4ngerte Verweilzeit der Teile in der ungef\u00e4hren [&hellip;]","og_url":"https:\/\/www.generalkinematics.com\/de\/produkt\/omni-screener-gk\/","og_site_name":"General Kinematics","article_publisher":"https:\/\/www.facebook.com\/generalkinematics","article_modified_time":"2018-08-31T21:01:47+00:00","og_image":[{"width":800,"height":600,"url":"https:\/\/www.generalkinematics.com\/wp-content\/uploads\/2015\/07\/Omni-Screener.png","type":"image\/jpeg"}],"twitter_card":"summary_large_image","twitter_site":"@gkvibrating","twitter_misc":{"Gesch\u00e4tzte Lesezeit":"1 Minute"},"schema":{"@context":"https:\/\/schema.org","@graph":[{"@type":"WebPage","@id":"https:\/\/www.generalkinematics.com\/de\/produkt\/omni-screener-gk\/","url":"https:\/\/www.generalkinematics.com\/de\/produkt\/omni-screener-gk\/","name":"OMNI-SCREENER\u2122 | General Kinematics","isPartOf":{"@id":"https:\/\/www.generalkinematics.com\/de\/#website"},"primaryImageOfPage":{"@id":"https:\/\/www.generalkinematics.com\/de\/produkt\/omni-screener-gk\/#primaryimage"},"image":{"@id":"https:\/\/www.generalkinematics.com\/de\/produkt\/omni-screener-gk\/#primaryimage"},"thumbnailUrl":"https:\/\/media.generalkinematics.com\/wp-content\/uploads\/2015\/07\/Omni-Screener.png","datePublished":"2015-07-27T02:54:36+00:00","dateModified":"2018-08-31T21:01:47+00:00","breadcrumb":{"@id":"https:\/\/www.generalkinematics.com\/de\/produkt\/omni-screener-gk\/#breadcrumb"},"inLanguage":"de-DE","potentialAction":[{"@type":"ReadAction","target":["https:\/\/www.generalkinematics.com\/de\/produkt\/omni-screener-gk\/"]}]},{"@type":"ImageObject","inLanguage":"de-DE","@id":"https:\/\/www.generalkinematics.com\/de\/produkt\/omni-screener-gk\/#primaryimage","url":"https:\/\/media.generalkinematics.com\/wp-content\/uploads\/2015\/07\/Omni-Screener.png","contentUrl":"https:\/\/media.generalkinematics.com\/wp-content\/uploads\/2015\/07\/Omni-Screener.png","width":800,"height":600,"caption":"general-kinematics-omni-screener"},{"@type":"BreadcrumbList","@id":"https:\/\/www.generalkinematics.com\/de\/produkt\/omni-screener-gk\/#breadcrumb","itemListElement":[{"@type":"ListItem","position":1,"name":"GK Home","item":"https:\/\/www.generalkinematics.com\/de\/"},{"@type":"ListItem","position":2,"name":"Shop","item":"https:\/\/www.generalkinematics.com\/shop\/"},{"@type":"ListItem","position":3,"name":"OMNI-SCREENER\u2122"}]},{"@type":"WebSite","@id":"https:\/\/www.generalkinematics.com\/de\/#website","url":"https:\/\/www.generalkinematics.com\/de\/","name":"General Kinematics","description":"","publisher":{"@id":"https:\/\/www.generalkinematics.com\/de\/#organization"},"potentialAction":[{"@type":"SearchAction","target":{"@type":"EntryPoint","urlTemplate":"https:\/\/www.generalkinematics.com\/de\/?s={search_term_string}"},"query-input":{"@type":"PropertyValueSpecification","valueRequired":true,"valueName":"search_term_string"}}],"inLanguage":"de-DE"},{"@type":"Organization","@id":"https:\/\/www.generalkinematics.com\/de\/#organization","name":"General Kinematics","url":"https:\/\/www.generalkinematics.com\/de\/","logo":{"@type":"ImageObject","inLanguage":"de-DE","@id":"https:\/\/www.generalkinematics.com\/de\/#\/schema\/logo\/image\/","url":"https:\/\/media.generalkinematics.com\/wp-content\/uploads\/2018\/03\/logo.png","contentUrl":"https:\/\/media.generalkinematics.com\/wp-content\/uploads\/2018\/03\/logo.png","width":313,"height":100,"caption":"General Kinematics"},"image":{"@id":"https:\/\/www.generalkinematics.com\/de\/#\/schema\/logo\/image\/"},"sameAs":["https:\/\/www.facebook.com\/generalkinematics","https:\/\/x.com\/gkvibrating"]}]}},"_links":{"self":[{"href":"https:\/\/www.generalkinematics.com\/de\/wp-json\/wp\/v2\/product\/39524","targetHints":{"allow":["GET"]}}],"collection":[{"href":"https:\/\/www.generalkinematics.com\/de\/wp-json\/wp\/v2\/product"}],"about":[{"href":"https:\/\/www.generalkinematics.com\/de\/wp-json\/wp\/v2\/types\/product"}],"replies":[{"embeddable":true,"href":"https:\/\/www.generalkinematics.com\/de\/wp-json\/wp\/v2\/comments?post=39524"}],"wp:featuredmedia":[{"embeddable":true,"href":"https:\/\/www.generalkinematics.com\/de\/wp-json\/wp\/v2\/media\/29123"}],"wp:attachment":[{"href":"https:\/\/www.generalkinematics.com\/de\/wp-json\/wp\/v2\/media?parent=39524"}],"wp:term":[{"taxonomy":"product_brand","embeddable":true,"href":"https:\/\/www.generalkinematics.com\/de\/wp-json\/wp\/v2\/product_brand?post=39524"},{"taxonomy":"product_cat","embeddable":true,"href":"https:\/\/www.generalkinematics.com\/de\/wp-json\/wp\/v2\/product_cat?post=39524"},{"taxonomy":"product_tag","embeddable":true,"href":"https:\/\/www.generalkinematics.com\/de\/wp-json\/wp\/v2\/product_tag?post=39524"}],"curies":[{"name":"wp","href":"https:\/\/api.w.org\/{rel}","templated":true}]}}