{"id":39597,"date":"2015-07-26T22:06:20","date_gmt":"2015-07-27T03:06:20","guid":{"rendered":"https:\/\/www.generalkinematics.com\/product\/wirbelschicht-vibrationsverarbeitungsanlagen\/"},"modified":"2018-08-31T10:22:04","modified_gmt":"2018-08-31T15:22:04","slug":"wirbelschicht-vibrationsverarbeitungsanlagen","status":"publish","type":"product","link":"https:\/\/www.generalkinematics.com\/de\/produkt\/wirbelschicht-vibrationsverarbeitungsanlagen\/","title":{"rendered":"Wirbelschicht-Vibrationsverarbeitungsanlagen"},"content":{"rendered":"<p>Einzigartig flexibel f\u00fcr eine Vielzahl von Anforderungen, GKs <strong>Wirbelschicht-Vibrationsverarbeitungsanlagen<\/strong> sind bei der kontinuierlichen Verarbeitung ideal zum Erhitzen, Trocknen, K\u00fchlen, Beschichten oder Auswaschen geeignet. GK-Vibrations-Wirbelschichtanlagen sind in einer Vielzahl von Ausf\u00fchrungen erh\u00e4ltlich und nutzen die Vibrationsbewegung, w\u00e4hrend Prozessgas durch das Materialbett geleitet wird, um das Material in einem fluidisierten Zustand zu halten. Dies erh\u00f6ht die verf\u00fcgbare Materialoberfl\u00e4che und erm\u00f6glicht eine schnellere und noch vollst\u00e4ndigere Verarbeitung Ihres Materials.<\/p>\n<h2>Eigenschaften:<\/h2>\n<ul>\n<li>GKs Wirbelschicht-Verarbeitungsanlage k\u00f6nnen in einer Einheit Erhitzen, K\u00fchlen, Trocknen, Beschichten und vieles mehr.<\/li>\n<li>Pr\u00e4zisions-gebohrte Profildraht-, exklusive T-P- und \u201eFeinlochblech\u201c-Verteilerdecks sind verf\u00fcgbar, um Ihre Prozessanforderungen optimal zu erf\u00fcllen.<\/li>\n<li>Konstruktion aus Edelstahl, Nickellegierung und Kohlenstoffstahl erh\u00e4ltlich.<\/li>\n<li>Optionale Antriebe mit sofort einstellbarem Hub und Schwenkwinkel f\u00fcr spezielle Anwendungsanforderungen.<\/li>\n<li>Einstellbare Staubaugruppen f\u00fcr variable Wirbelschichttiefen.<\/li>\n<li>Oberfl\u00e4chengek\u00fchlter Motor und Motor ohne K\u00fchlgebl\u00e4se.<\/li>\n<li>Weiche Vibrationsisolationsfedern erleichtern die Installation der Wirbelschicht von oben.<\/li>\n<li>Komplette Zu- und Abluft-Wirbelschicht-Hilfspakete f\u00fcr Einzelinstallationen.<\/li>\n<li>Die Wirbelschichteinheiten sind speziell auf Ihre spezifischen Durchsatzanforderungen zugeschnitten.<\/li>\n<\/ul>\n","protected":false},"excerpt":{"rendered":"<p>Einzigartig flexibel f\u00fcr eine Vielzahl von Anforderungen, GKs Wirbelschicht-Vibrationsverarbeitungsanlagen sind bei der kontinuierlichen Verarbeitung ideal zum Erhitzen, Trocknen, K\u00fchlen, Beschichten oder Auswaschen geeignet. GK-Vibrations-Wirbelschichtanlagen sind in einer Vielzahl von Ausf\u00fchrungen erh\u00e4ltlich und nutzen die Vibrationsbewegung, w\u00e4hrend Prozessgas durch das Materialbett geleitet wird, um das Material in einem fluidisierten Zustand zu halten. Dies erh\u00f6ht die verf\u00fcgbare [&hellip;]<\/p>\n","protected":false},"featured_media":25247,"comment_status":"closed","ping_status":"closed","template":"","meta":{"_acf_changed":false,"om_disable_all_campaigns":false,"ep_exclude_from_search":false},"product_brand":[],"product_cat":[1762,1761],"product_tag":[],"class_list":{"0":"post-39597","1":"product","2":"type-product","3":"status-publish","4":"has-post-thumbnail","6":"product_cat-gk-wirbelschichtloesungen","7":"product_cat-loesungen-fuer-schuettgutverarbeitung","9":"first","10":"instock","11":"taxable","12":"shipping-taxable","13":"product-type-simple"},"acf":[],"yoast_head":"<!-- This site is optimized with the Yoast SEO plugin v27.2 - https:\/\/yoast.com\/product\/yoast-seo-wordpress\/ -->\n<title>Wirbelschicht-Vibrationsverarbeitungsanlagen | General Kinematics<\/title>\n<meta name=\"robots\" content=\"index, follow, max-snippet:-1, max-image-preview:large, max-video-preview:-1\" \/>\n<link rel=\"canonical\" href=\"https:\/\/www.generalkinematics.com\/de\/produkt\/wirbelschicht-vibrationsverarbeitungsanlagen\/\" \/>\n<meta property=\"og:locale\" content=\"de_DE\" \/>\n<meta property=\"og:type\" content=\"article\" \/>\n<meta property=\"og:title\" content=\"Wirbelschicht-Vibrationsverarbeitungsanlagen | General Kinematics\" \/>\n<meta property=\"og:description\" content=\"Einzigartig flexibel f\u00fcr eine Vielzahl von Anforderungen, GKs Wirbelschicht-Vibrationsverarbeitungsanlagen sind bei der kontinuierlichen Verarbeitung ideal zum Erhitzen, Trocknen, K\u00fchlen, Beschichten oder Auswaschen geeignet. GK-Vibrations-Wirbelschichtanlagen sind in einer Vielzahl von Ausf\u00fchrungen erh\u00e4ltlich und nutzen die Vibrationsbewegung, w\u00e4hrend Prozessgas durch das Materialbett geleitet wird, um das Material in einem fluidisierten Zustand zu halten. Dies erh\u00f6ht die verf\u00fcgbare [&hellip;]\" \/>\n<meta property=\"og:url\" content=\"https:\/\/www.generalkinematics.com\/de\/produkt\/wirbelschicht-vibrationsverarbeitungsanlagen\/\" \/>\n<meta property=\"og:site_name\" content=\"General Kinematics\" \/>\n<meta property=\"article:publisher\" content=\"https:\/\/www.facebook.com\/generalkinematics\" \/>\n<meta property=\"article:modified_time\" content=\"2018-08-31T15:22:04+00:00\" \/>\n<meta property=\"og:image\" content=\"https:\/\/media.generalkinematics.com\/wp-content\/uploads\/2015\/07\/DSC00203.jpg\" \/>\n\t<meta property=\"og:image:width\" content=\"1440\" \/>\n\t<meta property=\"og:image:height\" content=\"1920\" \/>\n\t<meta property=\"og:image:type\" content=\"image\/jpeg\" \/>\n<meta name=\"twitter:card\" content=\"summary_large_image\" \/>\n<meta name=\"twitter:site\" content=\"@gkvibrating\" \/>\n<meta name=\"twitter:label1\" content=\"Gesch\u00e4tzte Lesezeit\" \/>\n\t<meta name=\"twitter:data1\" content=\"1 Minute\" \/>\n<!-- \/ Yoast SEO plugin. -->","yoast_head_json":{"title":"Wirbelschicht-Vibrationsverarbeitungsanlagen | General Kinematics","robots":{"index":"index","follow":"follow","max-snippet":"max-snippet:-1","max-image-preview":"max-image-preview:large","max-video-preview":"max-video-preview:-1"},"canonical":"https:\/\/www.generalkinematics.com\/de\/produkt\/wirbelschicht-vibrationsverarbeitungsanlagen\/","og_locale":"de_DE","og_type":"article","og_title":"Wirbelschicht-Vibrationsverarbeitungsanlagen | General Kinematics","og_description":"Einzigartig flexibel f\u00fcr eine Vielzahl von Anforderungen, GKs Wirbelschicht-Vibrationsverarbeitungsanlagen sind bei der kontinuierlichen Verarbeitung ideal zum Erhitzen, Trocknen, K\u00fchlen, Beschichten oder Auswaschen geeignet. GK-Vibrations-Wirbelschichtanlagen sind in einer Vielzahl von Ausf\u00fchrungen erh\u00e4ltlich und nutzen die Vibrationsbewegung, w\u00e4hrend Prozessgas durch das Materialbett geleitet wird, um das Material in einem fluidisierten Zustand zu halten. Dies erh\u00f6ht die verf\u00fcgbare [&hellip;]","og_url":"https:\/\/www.generalkinematics.com\/de\/produkt\/wirbelschicht-vibrationsverarbeitungsanlagen\/","og_site_name":"General Kinematics","article_publisher":"https:\/\/www.facebook.com\/generalkinematics","article_modified_time":"2018-08-31T15:22:04+00:00","og_image":[{"width":1440,"height":1920,"url":"https:\/\/media.generalkinematics.com\/wp-content\/uploads\/2015\/07\/DSC00203.jpg","type":"image\/jpeg"}],"twitter_card":"summary_large_image","twitter_site":"@gkvibrating","twitter_misc":{"Gesch\u00e4tzte Lesezeit":"1 Minute"},"schema":{"@context":"https:\/\/schema.org","@graph":[{"@type":"WebPage","@id":"https:\/\/www.generalkinematics.com\/de\/produkt\/wirbelschicht-vibrationsverarbeitungsanlagen\/","url":"https:\/\/www.generalkinematics.com\/de\/produkt\/wirbelschicht-vibrationsverarbeitungsanlagen\/","name":"Wirbelschicht-Vibrationsverarbeitungsanlagen | General Kinematics","isPartOf":{"@id":"https:\/\/www.generalkinematics.com\/de\/#website"},"primaryImageOfPage":{"@id":"https:\/\/www.generalkinematics.com\/de\/produkt\/wirbelschicht-vibrationsverarbeitungsanlagen\/#primaryimage"},"image":{"@id":"https:\/\/www.generalkinematics.com\/de\/produkt\/wirbelschicht-vibrationsverarbeitungsanlagen\/#primaryimage"},"thumbnailUrl":"https:\/\/media.generalkinematics.com\/wp-content\/uploads\/2015\/07\/DSC00203.jpg","datePublished":"2015-07-27T03:06:20+00:00","dateModified":"2018-08-31T15:22:04+00:00","breadcrumb":{"@id":"https:\/\/www.generalkinematics.com\/de\/produkt\/wirbelschicht-vibrationsverarbeitungsanlagen\/#breadcrumb"},"inLanguage":"de-DE","potentialAction":[{"@type":"ReadAction","target":["https:\/\/www.generalkinematics.com\/de\/produkt\/wirbelschicht-vibrationsverarbeitungsanlagen\/"]}]},{"@type":"ImageObject","inLanguage":"de-DE","@id":"https:\/\/www.generalkinematics.com\/de\/produkt\/wirbelschicht-vibrationsverarbeitungsanlagen\/#primaryimage","url":"https:\/\/media.generalkinematics.com\/wp-content\/uploads\/2015\/07\/DSC00203.jpg","contentUrl":"https:\/\/media.generalkinematics.com\/wp-content\/uploads\/2015\/07\/DSC00203.jpg","width":1440,"height":1920,"caption":"general-kinematics-fluid-bed-processor"},{"@type":"BreadcrumbList","@id":"https:\/\/www.generalkinematics.com\/de\/produkt\/wirbelschicht-vibrationsverarbeitungsanlagen\/#breadcrumb","itemListElement":[{"@type":"ListItem","position":1,"name":"GK Home","item":"https:\/\/www.generalkinematics.com\/de\/"},{"@type":"ListItem","position":2,"name":"Shop","item":"https:\/\/www.generalkinematics.com\/shop\/"},{"@type":"ListItem","position":3,"name":"Wirbelschicht-Vibrationsverarbeitungsanlagen"}]},{"@type":"WebSite","@id":"https:\/\/www.generalkinematics.com\/de\/#website","url":"https:\/\/www.generalkinematics.com\/de\/","name":"General Kinematics","description":"","publisher":{"@id":"https:\/\/www.generalkinematics.com\/de\/#organization"},"potentialAction":[{"@type":"SearchAction","target":{"@type":"EntryPoint","urlTemplate":"https:\/\/www.generalkinematics.com\/de\/?s={search_term_string}"},"query-input":{"@type":"PropertyValueSpecification","valueRequired":true,"valueName":"search_term_string"}}],"inLanguage":"de-DE"},{"@type":"Organization","@id":"https:\/\/www.generalkinematics.com\/de\/#organization","name":"General Kinematics","url":"https:\/\/www.generalkinematics.com\/de\/","logo":{"@type":"ImageObject","inLanguage":"de-DE","@id":"https:\/\/www.generalkinematics.com\/de\/#\/schema\/logo\/image\/","url":"https:\/\/media.generalkinematics.com\/wp-content\/uploads\/2018\/03\/logo.png","contentUrl":"https:\/\/media.generalkinematics.com\/wp-content\/uploads\/2018\/03\/logo.png","width":313,"height":100,"caption":"General Kinematics"},"image":{"@id":"https:\/\/www.generalkinematics.com\/de\/#\/schema\/logo\/image\/"},"sameAs":["https:\/\/www.facebook.com\/generalkinematics","https:\/\/x.com\/gkvibrating"]}]}},"_links":{"self":[{"href":"https:\/\/www.generalkinematics.com\/de\/wp-json\/wp\/v2\/product\/39597","targetHints":{"allow":["GET"]}}],"collection":[{"href":"https:\/\/www.generalkinematics.com\/de\/wp-json\/wp\/v2\/product"}],"about":[{"href":"https:\/\/www.generalkinematics.com\/de\/wp-json\/wp\/v2\/types\/product"}],"replies":[{"embeddable":true,"href":"https:\/\/www.generalkinematics.com\/de\/wp-json\/wp\/v2\/comments?post=39597"}],"wp:featuredmedia":[{"embeddable":true,"href":"https:\/\/www.generalkinematics.com\/de\/wp-json\/wp\/v2\/media\/25247"}],"wp:attachment":[{"href":"https:\/\/www.generalkinematics.com\/de\/wp-json\/wp\/v2\/media?parent=39597"}],"wp:term":[{"taxonomy":"product_brand","embeddable":true,"href":"https:\/\/www.generalkinematics.com\/de\/wp-json\/wp\/v2\/product_brand?post=39597"},{"taxonomy":"product_cat","embeddable":true,"href":"https:\/\/www.generalkinematics.com\/de\/wp-json\/wp\/v2\/product_cat?post=39597"},{"taxonomy":"product_tag","embeddable":true,"href":"https:\/\/www.generalkinematics.com\/de\/wp-json\/wp\/v2\/product_tag?post=39597"}],"curies":[{"name":"wp","href":"https:\/\/api.w.org\/{rel}","templated":true}]}}