{"id":39712,"date":"2015-07-26T22:58:48","date_gmt":"2015-07-27T03:58:48","guid":{"rendered":"https:\/\/www.generalkinematics.com\/product\/sekundarsiebe-fur-feinanteile\/"},"modified":"2018-08-31T10:03:35","modified_gmt":"2018-08-31T15:03:35","slug":"sekundarsiebe-fur-feinanteile","status":"publish","type":"product","link":"https:\/\/www.generalkinematics.com\/de\/produkt\/sekundarsiebe-fur-feinanteile\/","title":{"rendered":"Sekund\u00e4rsiebe f\u00fcr Feinanteile"},"content":{"rendered":"<p>General Kinematics <strong>Hochenergie-Sekund\u00e4rsiebe<\/strong> wurden in Verbindung mit GKs FINGER-SCREEN\u2122-Prim\u00e4rsieb f\u00fcr das Recycling von Ressourcen entwickelt und haben sich in einer Vielzahl von Anwendungen, bei denen andere Siebmedientypen schon bei allgemeinen Prozessanforderungen mit Problemen behaftet waren, als sehr erfolgreich erwiesen.<\/p>\n<p>GKs Sekund\u00e4rsiebe nutzen die Vibrationswirkung, um Feinanteile vom sekund\u00e4ren Sortierlinienmaterial zu trennen. Die Zwei-Massen-Ausf\u00fchrung mit niedriger Leistung verf\u00fcgt f\u00fcr minimale Wartung und maximale Betriebszeit \u00fcber wenige bewegliche Teile. Sekund\u00e4rsiebe sind im Vergleich zu Drehtrommeln oder Sternsieben hochbelastbar und weisen eine bessere Verschlei\u00dffestigkeit und Haltbarkeit auf.<\/p>\n<p><u><strong>Das Herz Ihrer Sortieranlage<\/strong><\/u><\/p>\n<p>Erh\u00f6hte Zuverl\u00e4ssigkeit, h\u00f6here Tonnagekapazit\u00e4t und un\u00fcbertroffene Verschlei\u00dffestigkeit machen GKs Sekund\u00e4rsiebe zum Herz von Sortieranlagen auf der ganzen Welt. Die \u00fcberlegene Leistung der Vibrationsverfahren mit GKs einzigartigem FINGER-SCREEN\u2122-Deck erm\u00f6glicht eine hocheffiziente Trennung und Klassifizierung. Die Vibrationswirkung verteilt das Material auf das Deck, wodurch die Betttiefe f\u00fcr eine maximale Ausnutzung der Siebfl\u00e4che verringert wird. Konische Finger mit einzigartigen Nockenoberfl\u00e4chen und versetzten Positionen helfen dabei, eine Materialumgehung zu verhindern. Die Trennleistung wird weiter verbessert, weil das Material frei mit weniger Anhaften, H\u00e4ngenbleiben oder Aneinanderkleben \u00fcber das Deck l\u00e4uft. Das Ergebnis ist ein kontinuierlicher, dynamischer Materialfluss f\u00fcr die Verbesserung und Optimierung von Trennung und Klassifizierung.<\/p>\n<p>GKs Sekund\u00e4rsieb ist in Standardgr\u00f6\u00dfen mit einer Breite von bis zu 1.800 mm und in ma\u00dfgeschneiderten Gr\u00f6\u00dfen, die auf Ihre Anwendung abgestimmt sind, erh\u00e4ltlich. Es ist in der Lage, hohe Volumen von bis zu 345 Kubikmeter pro Stunde zu verarbeiten.<\/p>\n<h2>Eigenschaften:<\/h2>\n<ul>\n<li>Die Vibrationsbewegung verteilt das Material gleichm\u00e4\u00dfig f\u00fcr eine maximale effiziente Klassifizierung.<\/li>\n<li>Gestaffelte Finger verhindern Materialumgehung.<\/li>\n<li>Der kaskadenartige Materialfluss hilft eingeschlossene Objekte zu trennen.<\/li>\n<li>Die einzigartige Nockenoberfl\u00e4che verhindert das Verfangen und Anhaften.<\/li>\n<li>Sich verj\u00fcngende Finger klassifizieren und befreien die verhedderten Materialien.<\/li>\n<li>An Ihre spezifischen Klassifizierungsanforderungen angepasste Bauweise<\/li>\n<li>Die modulare Deckkonstruktion erm\u00f6glicht einen einfachen Deckaustausch.<\/li>\n<\/ul>\n","protected":false},"excerpt":{"rendered":"<p>General Kinematics Hochenergie-Sekund\u00e4rsiebe wurden in Verbindung mit GKs FINGER-SCREEN\u2122-Prim\u00e4rsieb f\u00fcr das Recycling von Ressourcen entwickelt und haben sich in einer Vielzahl von Anwendungen, bei denen andere Siebmedientypen schon bei allgemeinen Prozessanforderungen mit Problemen behaftet waren, als sehr erfolgreich erwiesen. GKs Sekund\u00e4rsiebe nutzen die Vibrationswirkung, um Feinanteile vom sekund\u00e4ren Sortierlinienmaterial zu trennen. Die Zwei-Massen-Ausf\u00fchrung mit niedriger [&hellip;]<\/p>\n","protected":false},"featured_media":53216,"comment_status":"closed","ping_status":"closed","template":"","meta":{"_acf_changed":false,"om_disable_all_campaigns":false,"ep_exclude_from_search":false},"product_brand":[],"product_cat":[1807,1803,1813,1811,1798,1812],"product_tag":[],"class_list":{"0":"post-39712","1":"product","2":"type-product","3":"status-publish","4":"has-post-thumbnail","6":"product_cat-finger-screen-vibrations-siebmaschinen","7":"product_cat-gk-technologie-fuer-recyclingsiebe","8":"product_cat-loesungen-fuer-die-schrottverarbeitung","9":"product_cat-multi-stream-recycling-systeme","10":"product_cat-recycling-loesungen","11":"product_cat-sortierloesungen-fuer-hausmuell-msw","13":"first","14":"instock","15":"taxable","16":"shipping-taxable","17":"product-type-simple"},"acf":[],"yoast_head":"<!-- This site is optimized with the Yoast SEO plugin v27.2 - https:\/\/yoast.com\/product\/yoast-seo-wordpress\/ -->\n<title>Sekund\u00e4rsiebe f\u00fcr Feinanteile | General Kinematics<\/title>\n<meta name=\"robots\" content=\"index, follow, max-snippet:-1, max-image-preview:large, max-video-preview:-1\" \/>\n<link rel=\"canonical\" href=\"https:\/\/www.generalkinematics.com\/de\/produkt\/sekundarsiebe-fur-feinanteile\/\" \/>\n<meta property=\"og:locale\" content=\"de_DE\" \/>\n<meta property=\"og:type\" content=\"article\" \/>\n<meta property=\"og:title\" content=\"Sekund\u00e4rsiebe f\u00fcr Feinanteile | General Kinematics\" \/>\n<meta property=\"og:description\" content=\"General Kinematics Hochenergie-Sekund\u00e4rsiebe wurden in Verbindung mit GKs FINGER-SCREEN\u2122-Prim\u00e4rsieb f\u00fcr das Recycling von Ressourcen entwickelt und haben sich in einer Vielzahl von Anwendungen, bei denen andere Siebmedientypen schon bei allgemeinen Prozessanforderungen mit Problemen behaftet waren, als sehr erfolgreich erwiesen. GKs Sekund\u00e4rsiebe nutzen die Vibrationswirkung, um Feinanteile vom sekund\u00e4ren Sortierlinienmaterial zu trennen. Die Zwei-Massen-Ausf\u00fchrung mit niedriger [&hellip;]\" \/>\n<meta property=\"og:url\" content=\"https:\/\/www.generalkinematics.com\/de\/produkt\/sekundarsiebe-fur-feinanteile\/\" \/>\n<meta property=\"og:site_name\" content=\"General Kinematics\" \/>\n<meta property=\"article:publisher\" content=\"https:\/\/www.facebook.com\/generalkinematics\" \/>\n<meta property=\"article:modified_time\" content=\"2018-08-31T15:03:35+00:00\" \/>\n<meta property=\"og:image\" content=\"https:\/\/media.generalkinematics.com\/wp-content\/uploads\/2015\/07\/FS-for-Metals-2-768x444.png\" \/>\n\t<meta property=\"og:image:width\" content=\"768\" \/>\n\t<meta property=\"og:image:height\" content=\"444\" \/>\n\t<meta property=\"og:image:type\" content=\"image\/png\" \/>\n<meta name=\"twitter:card\" content=\"summary_large_image\" \/>\n<meta name=\"twitter:site\" content=\"@gkvibrating\" \/>\n<meta name=\"twitter:label1\" content=\"Gesch\u00e4tzte Lesezeit\" \/>\n\t<meta name=\"twitter:data1\" content=\"2 Minuten\" \/>\n<!-- \/ Yoast SEO plugin. -->","yoast_head_json":{"title":"Sekund\u00e4rsiebe f\u00fcr Feinanteile | General Kinematics","robots":{"index":"index","follow":"follow","max-snippet":"max-snippet:-1","max-image-preview":"max-image-preview:large","max-video-preview":"max-video-preview:-1"},"canonical":"https:\/\/www.generalkinematics.com\/de\/produkt\/sekundarsiebe-fur-feinanteile\/","og_locale":"de_DE","og_type":"article","og_title":"Sekund\u00e4rsiebe f\u00fcr Feinanteile | General Kinematics","og_description":"General Kinematics Hochenergie-Sekund\u00e4rsiebe wurden in Verbindung mit GKs FINGER-SCREEN\u2122-Prim\u00e4rsieb f\u00fcr das Recycling von Ressourcen entwickelt und haben sich in einer Vielzahl von Anwendungen, bei denen andere Siebmedientypen schon bei allgemeinen Prozessanforderungen mit Problemen behaftet waren, als sehr erfolgreich erwiesen. GKs Sekund\u00e4rsiebe nutzen die Vibrationswirkung, um Feinanteile vom sekund\u00e4ren Sortierlinienmaterial zu trennen. Die Zwei-Massen-Ausf\u00fchrung mit niedriger [&hellip;]","og_url":"https:\/\/www.generalkinematics.com\/de\/produkt\/sekundarsiebe-fur-feinanteile\/","og_site_name":"General Kinematics","article_publisher":"https:\/\/www.facebook.com\/generalkinematics","article_modified_time":"2018-08-31T15:03:35+00:00","og_image":[{"width":768,"height":444,"url":"https:\/\/media.generalkinematics.com\/wp-content\/uploads\/2015\/07\/FS-for-Metals-2-768x444.png","type":"image\/png"}],"twitter_card":"summary_large_image","twitter_site":"@gkvibrating","twitter_misc":{"Gesch\u00e4tzte Lesezeit":"2 Minuten"},"schema":{"@context":"https:\/\/schema.org","@graph":[{"@type":"WebPage","@id":"https:\/\/www.generalkinematics.com\/de\/produkt\/sekundarsiebe-fur-feinanteile\/","url":"https:\/\/www.generalkinematics.com\/de\/produkt\/sekundarsiebe-fur-feinanteile\/","name":"Sekund\u00e4rsiebe f\u00fcr Feinanteile | General Kinematics","isPartOf":{"@id":"https:\/\/www.generalkinematics.com\/de\/#website"},"primaryImageOfPage":{"@id":"https:\/\/www.generalkinematics.com\/de\/produkt\/sekundarsiebe-fur-feinanteile\/#primaryimage"},"image":{"@id":"https:\/\/www.generalkinematics.com\/de\/produkt\/sekundarsiebe-fur-feinanteile\/#primaryimage"},"thumbnailUrl":"https:\/\/media.generalkinematics.com\/wp-content\/uploads\/2015\/07\/FS-for-Metals-2.png","datePublished":"2015-07-27T03:58:48+00:00","dateModified":"2018-08-31T15:03:35+00:00","breadcrumb":{"@id":"https:\/\/www.generalkinematics.com\/de\/produkt\/sekundarsiebe-fur-feinanteile\/#breadcrumb"},"inLanguage":"de-DE","potentialAction":[{"@type":"ReadAction","target":["https:\/\/www.generalkinematics.com\/de\/produkt\/sekundarsiebe-fur-feinanteile\/"]}]},{"@type":"ImageObject","inLanguage":"de-DE","@id":"https:\/\/www.generalkinematics.com\/de\/produkt\/sekundarsiebe-fur-feinanteile\/#primaryimage","url":"https:\/\/media.generalkinematics.com\/wp-content\/uploads\/2015\/07\/FS-for-Metals-2.png","contentUrl":"https:\/\/media.generalkinematics.com\/wp-content\/uploads\/2015\/07\/FS-for-Metals-2.png","width":2166,"height":1252},{"@type":"BreadcrumbList","@id":"https:\/\/www.generalkinematics.com\/de\/produkt\/sekundarsiebe-fur-feinanteile\/#breadcrumb","itemListElement":[{"@type":"ListItem","position":1,"name":"GK Home","item":"https:\/\/www.generalkinematics.com\/de\/"},{"@type":"ListItem","position":2,"name":"Shop","item":"https:\/\/www.generalkinematics.com\/shop\/"},{"@type":"ListItem","position":3,"name":"Sekund\u00e4rsiebe f\u00fcr Feinanteile"}]},{"@type":"WebSite","@id":"https:\/\/www.generalkinematics.com\/de\/#website","url":"https:\/\/www.generalkinematics.com\/de\/","name":"General Kinematics","description":"","publisher":{"@id":"https:\/\/www.generalkinematics.com\/de\/#organization"},"potentialAction":[{"@type":"SearchAction","target":{"@type":"EntryPoint","urlTemplate":"https:\/\/www.generalkinematics.com\/de\/?s={search_term_string}"},"query-input":{"@type":"PropertyValueSpecification","valueRequired":true,"valueName":"search_term_string"}}],"inLanguage":"de-DE"},{"@type":"Organization","@id":"https:\/\/www.generalkinematics.com\/de\/#organization","name":"General Kinematics","url":"https:\/\/www.generalkinematics.com\/de\/","logo":{"@type":"ImageObject","inLanguage":"de-DE","@id":"https:\/\/www.generalkinematics.com\/de\/#\/schema\/logo\/image\/","url":"https:\/\/media.generalkinematics.com\/wp-content\/uploads\/2018\/03\/logo.png","contentUrl":"https:\/\/media.generalkinematics.com\/wp-content\/uploads\/2018\/03\/logo.png","width":313,"height":100,"caption":"General Kinematics"},"image":{"@id":"https:\/\/www.generalkinematics.com\/de\/#\/schema\/logo\/image\/"},"sameAs":["https:\/\/www.facebook.com\/generalkinematics","https:\/\/x.com\/gkvibrating"]}]}},"_links":{"self":[{"href":"https:\/\/www.generalkinematics.com\/de\/wp-json\/wp\/v2\/product\/39712","targetHints":{"allow":["GET"]}}],"collection":[{"href":"https:\/\/www.generalkinematics.com\/de\/wp-json\/wp\/v2\/product"}],"about":[{"href":"https:\/\/www.generalkinematics.com\/de\/wp-json\/wp\/v2\/types\/product"}],"replies":[{"embeddable":true,"href":"https:\/\/www.generalkinematics.com\/de\/wp-json\/wp\/v2\/comments?post=39712"}],"wp:featuredmedia":[{"embeddable":true,"href":"https:\/\/www.generalkinematics.com\/de\/wp-json\/wp\/v2\/media\/53216"}],"wp:attachment":[{"href":"https:\/\/www.generalkinematics.com\/de\/wp-json\/wp\/v2\/media?parent=39712"}],"wp:term":[{"taxonomy":"product_brand","embeddable":true,"href":"https:\/\/www.generalkinematics.com\/de\/wp-json\/wp\/v2\/product_brand?post=39712"},{"taxonomy":"product_cat","embeddable":true,"href":"https:\/\/www.generalkinematics.com\/de\/wp-json\/wp\/v2\/product_cat?post=39712"},{"taxonomy":"product_tag","embeddable":true,"href":"https:\/\/www.generalkinematics.com\/de\/wp-json\/wp\/v2\/product_tag?post=39712"}],"curies":[{"name":"wp","href":"https:\/\/api.w.org\/{rel}","templated":true}]}}